{"id":41990,"date":"2020-08-09T15:35:45","date_gmt":"2020-08-09T13:35:45","guid":{"rendered":"https:\/\/www.climatecoating.com\/produkte\/thermoactive\/"},"modified":"2026-03-13T13:48:24","modified_gmt":"2026-03-13T12:48:24","slug":"thermoactive","status":"publish","type":"product","link":"https:\/\/www.climatecoating.com\/it\/produkt\/thermoactive\/","title":{"rendered":"ThermoActive"},"content":{"rendered":"<p data-pm-slice=\"1 1 []\"><strong>Tecnologia a membrana riflettente: la chiave per la protezione dal calore<\/strong><\/p>\n<p>La formulazione innovativa e le materie prime di alta qualit\u00e0 garantiscono la formazione di una\u00a0<a href=\"https:\/\/www.climatecoating.com\/it\/azienda\/glossario\/\" target=\"_blank\" rel=\"noopener\">membrana flessibile e riflettente<\/a>\u00a0con propriet\u00e0 eccezionali dopo l\u2019applicazione del rivestimento:<\/p>\n<ul>\n<li>Riflessione della luce solare molto elevata<\/li>\n<li>Durata del materiale a lungo termine<\/li>\n<li>Elasticit\u00e0 e robustezza superiori alla media<\/li>\n<li>Impermeabilit\u00e0 all&#8217;acqua e alla pioggia battente<\/li>\n<li>Resistenza alla temperatura da -40\u00b0C a +150\u00b0C<\/li>\n<\/ul>\n<p><strong>Elevati valori di riflessione &#8211; quasi come la neve<\/strong><br \/>\nIl rivestimento per tetti ThermoActive \u00e8 in grado di riflettere oltre il 91% della luce solare &#8211; un valore di picco comprovato. Per fare un paragone: la neve pura raggiunge una riflessione di circa il 100%.<\/p>\n<p>Grazie a questa elevata riflettivit\u00e0, gran parte della radiazione solare viene riflessa sulla superficie. Il tetto si riscalda molto meno e il trasferimento di calore verso l&#8217;interno dell&#8217;edificio si riduce notevolmente. ThermoActive offre quindi un efficace <a href=\"https:\/\/www.climatecoating.com\/it\/azienda\/glossario\/\" target=\"_blank\" rel=\"noopener\">isolamento termico in estate<\/a>: la superficie del tetto rimane fresca anche in presenza di luce solare intensa, le temperature interne si abbassano e il fabbisogno energetico per l&#8217;aria condizionata si riduce in modo sostenibile.<\/p>\n<p><img loading=\"lazy\" decoding=\"async\" class=\"alignnone wp-image-59690 size-full\" title=\"Modalit\u00e0 di funzionamento ThermoActive\" src=\"https:\/\/www.climatecoating.com\/wp-content\/uploads\/2025\/12\/ThermoActive_Funktionsweise_IT.png\" alt=\"Modalit\u00e0 di funzionamento ThermoActive \" width=\"1500\" height=\"1024\" \/><\/p>\n<p><strong>Riduzione dei costi grazie alla climatizzazione passiva<\/strong><\/p>\n<p>Il rivestimento riflettente ThermoActive sfrutta un ulteriore effetto di raffreddamento evaporativo: assorbe l&#8217;umidit\u00e0 che evapora attraverso le radiazioni solari e quindi fornisce un ulteriore raffreddamento al tetto. Il rivestimento non deve essere necessariamente bianco, poich\u00e9 \u00e8 possibile ottenere elevate prestazioni di raffreddamento anche con colori pi\u00f9 scuri.<\/p>\n<p>Il tetto diventa cos\u00ec un sistema di condizionamento passivo che riduce il consumo di energia per il raffreddamento, contribuisce alla riduzione delle emissioni di CO\u2082 e aiuta a garantire l&#8217;efficienza energetica a lungo termine dell&#8217;edificio (vedi <a href=\"https:\/\/www.climatecoating.com\/it\/riferimenti\/riferimenti\/fabbrica-schindler-in-slovacchia\/\" target=\"_blank\" rel=\"noopener\">progetto Schindler<\/a>).<\/p>\n<p><img loading=\"lazy\" decoding=\"async\" class=\"size-full wp-image-44757 alignleft\" title=\"Calcolo\" src=\"https:\/\/www.climatecoating.com\/wp-content\/uploads\/2023\/02\/Calculus_Button_80px.png\" alt=\"Calcolo\" width=\"80\" height=\"80\" \/><\/p>\n<p><a href=\"https:\/\/www.climatecoating.com\/it\/calcolo\/\" target=\"_blank\" rel=\"noopener\"><strong>Alla calcolatrice di temperatura Calculus<\/strong><sup><strong>\u00ae<\/strong>, <\/sup><\/a>lo strumento web basato sull&#8217;intelligenza artificiale per prevedere la differenza di temperatura interna e ricavare il potenziale risparmio energetico quando le pareti e\/o i tetti vengono rivestiti con i prodotti <sup>ClimateCoating\u00ae<\/sup> ThermoProtect e ThermoActive.<\/p>\n<p><strong>Estensione della durata della struttura del tetto<\/strong><br \/>\nL&#8217;eccezionale elasticit\u00e0 di ThermoActive consente di superare facilmente le transizioni di materiale a temperature comprese tra -40\u00b0C e +150\u00b0C. Il tetto rimane impermeabile. Il tetto rimane impermeabile. Il rivestimento \u00e8 estremamente robusto e resistente alle influenze ambientali come acidi, alcali, ozono, ossidi di azoto e di zolfo. Il rivestimento \u00e8 anche estremamente resistente ai raggi UV. Non si infragiliscono, non si sfaldano i colori, non si deteriorano gli agenti atmosferici e tutto questo a lungo termine. Tutto questo allunga la vita utile della struttura del tetto e riduce i costi di manutenzione.<\/p>\n<p><strong>Raffredda i tetti in modo efficiente, risparmia energia ed elettricit\u00e0 &#8211; con ThermoActive, il rivestimento funzionale riflettente per le aree esterne.<\/strong><\/p>\n","protected":false},"excerpt":{"rendered":"<hr \/>\n<p><strong>Protezione a lungo termine per tutti i tipi di tetto<\/strong><\/p>\n<p><a href=\"https:\/\/www.climatecoating.com\/it\/mediateca\/opuscoli\/thermoactive-it\/\" target=\"_blank\" rel=\"noopener\"><img loading=\"lazy\" decoding=\"async\" class=\"size-full wp-image-41337 alignleft\" title=\"Flip ThermoActive IT\" src=\"https:\/\/www.climatecoating.com\/wp-content\/uploads\/2021\/04\/Flip_ThermoActive_IT-e1618394306868.png\" alt=\"\" width=\"80\" height=\"80\" \/><\/a>Il rivestimento per tetti climatizzati ThermoActive trasforma i tetti in efficienti superfici protettive e a risparmio energetico. Fornisce un efficace <a href=\"https:\/\/www.climatecoating.com\/it\/azienda\/glossario\/\" target=\"_blank\" rel=\"noopener\">isolamento termico in estate<\/a>, riducendo in modo significativo il riscaldamento della struttura del tetto e abbassando sensibilmente le temperature interne. ThermoActive prolunga quindi la durata della struttura del tetto e allo stesso tempo riduce il consumo di energia per il condizionamento. ThermoActive soddisfa i requisiti del <a href=\"https:\/\/www.climatecoating.com\/it\/azienda\/premi-e-certificati\/\" target=\"_blank\" rel=\"noopener\">Cool Roof Rating Council (CRRC), vedi Notifica 004450.<\/a><\/p>\n<p><strong>I vantaggi pi\u00f9 importanti in sintesi:<\/strong><\/p>\n<div><img loading=\"lazy\" decoding=\"async\" class=\"alignnone wp-image-60480\" title=\"Icon elastica e robusta verde 2\" src=\"https:\/\/www.climatecoating.com\/wp-content\/uploads\/2020\/08\/Icon_elastic-and-robust_green_2-1.png\" alt=\"Icon elastica e robusta verde 2\" width=\"50\" height=\"50\" srcset=\"https:\/\/www.climatecoating.com\/wp-content\/uploads\/2020\/08\/Icon_elastic-and-robust_green_2-1.png 242w, https:\/\/www.climatecoating.com\/wp-content\/uploads\/2020\/08\/Icon_elastic-and-robust_green_2-1-150x150.png 150w, https:\/\/www.climatecoating.com\/wp-content\/uploads\/2020\/08\/Icon_elastic-and-robust_green_2-1-100x100.png 100w\" sizes=\"auto, (max-width: 50px) 100vw, 50px\" \/> elastico e particolarmente robusto<\/div>\n<div><img loading=\"lazy\" decoding=\"async\" class=\"alignnone wp-image-60478\" title=\"Icon verde resistente alle intemperie 2\" src=\"https:\/\/www.climatecoating.com\/wp-content\/uploads\/2020\/08\/Icon_weather_resistant_green_2.png\" alt=\"Icon verde resistente alle intemperie 2\" width=\"50\" height=\"50\" srcset=\"https:\/\/www.climatecoating.com\/wp-content\/uploads\/2020\/08\/Icon_weather_resistant_green_2.png 242w, https:\/\/www.climatecoating.com\/wp-content\/uploads\/2020\/08\/Icon_weather_resistant_green_2-150x150.png 150w, https:\/\/www.climatecoating.com\/wp-content\/uploads\/2020\/08\/Icon_weather_resistant_green_2-100x100.png 100w\" sizes=\"auto, (max-width: 50px) 100vw, 50px\" \/> resistente all&#8217;acqua e alla pioggia battente<\/div>\n<div><img loading=\"lazy\" decoding=\"async\" class=\"alignnone wp-image-60031\" title=\"L'icona riflette i raggi UV in verde\" src=\"https:\/\/www.climatecoating.com\/wp-content\/uploads\/2020\/05\/Icon_reflects_UV-radiation_green_2.png\" alt=\"L'icona riflette i raggi UV in verde\" width=\"50\" height=\"50\" srcset=\"https:\/\/www.climatecoating.com\/wp-content\/uploads\/2020\/05\/Icon_reflects_UV-radiation_green_2.png 242w, https:\/\/www.climatecoating.com\/wp-content\/uploads\/2020\/05\/Icon_reflects_UV-radiation_green_2-150x150.png 150w, https:\/\/www.climatecoating.com\/wp-content\/uploads\/2020\/05\/Icon_reflects_UV-radiation_green_2-100x100.png 100w\" sizes=\"auto, (max-width: 50px) 100vw, 50px\" \/> resistente ai raggi UV di lunga durata<\/div>\n<div><img loading=\"lazy\" decoding=\"async\" class=\"alignnone wp-image-60505\" title=\"Icona resistente alla temperatura verde 2\" src=\"https:\/\/www.climatecoating.com\/wp-content\/uploads\/2020\/08\/Icon_temperature-resistant_green_2-2.png\" alt=\"Icona resistente alla temperatura verde 2\" width=\"45\" height=\"45\" srcset=\"https:\/\/www.climatecoating.com\/wp-content\/uploads\/2020\/08\/Icon_temperature-resistant_green_2-2.png 242w, https:\/\/www.climatecoating.com\/wp-content\/uploads\/2020\/08\/Icon_temperature-resistant_green_2-2-150x150.png 150w, https:\/\/www.climatecoating.com\/wp-content\/uploads\/2020\/08\/Icon_temperature-resistant_green_2-2-100x100.png 100w\" sizes=\"auto, (max-width: 45px) 100vw, 45px\" \/>\u00a0 resistente alle temperature da -40 \u00b0C a +150 \u00b0C<\/div>\n<div><img loading=\"lazy\" decoding=\"async\" class=\"alignnone wp-image-60500\" title=\"Icon resistant to acids, alkalis, ozone green\" src=\"https:\/\/www.climatecoating.com\/wp-content\/uploads\/2020\/07\/Icon_resistant-to-acids-alkalis-ozone_green.png\" alt=\"Icon resistant to acids, alkalis, ozone green\" width=\"50\" height=\"50\" srcset=\"https:\/\/www.climatecoating.com\/wp-content\/uploads\/2020\/07\/Icon_resistant-to-acids-alkalis-ozone_green.png 242w, https:\/\/www.climatecoating.com\/wp-content\/uploads\/2020\/07\/Icon_resistant-to-acids-alkalis-ozone_green-150x150.png 150w, https:\/\/www.climatecoating.com\/wp-content\/uploads\/2020\/07\/Icon_resistant-to-acids-alkalis-ozone_green-100x100.png 100w\" sizes=\"auto, (max-width: 50px) 100vw, 50px\" \/> robusto contro acidi, alcali, ozono, ossidi di azoto e di zolfo<\/div>\n","protected":false},"featured_media":40880,"template":"","meta":[],"product_brand":[],"product_cat":[2644,2647,2650,2713,2718,2649,2722],"product_tag":[],"class_list":{"0":"post-41990","1":"product","2":"type-product","3":"status-publish","4":"has-post-thumbnail","6":"product_cat-aree-di-applicazione","7":"product_cat-costruire-e-vivere","8":"product_cat-fuori","9":"product_cat-industria-alimentare","10":"product_cat-industria-manifatturiera","11":"product_cat-edifici-pubblici","12":"product_cat-agricoltura-e-zootecnia","14":"first","15":"instock","16":"taxable","17":"shipping-taxable","18":"purchasable","19":"product-type-variable"},"_links":{"self":[{"href":"https:\/\/www.climatecoating.com\/it\/wp-json\/wp\/v2\/product\/41990","targetHints":{"allow":["GET"]}}],"collection":[{"href":"https:\/\/www.climatecoating.com\/it\/wp-json\/wp\/v2\/product"}],"about":[{"href":"https:\/\/www.climatecoating.com\/it\/wp-json\/wp\/v2\/types\/product"}],"wp:featuredmedia":[{"embeddable":true,"href":"https:\/\/www.climatecoating.com\/it\/wp-json\/wp\/v2\/media\/40880"}],"wp:attachment":[{"href":"https:\/\/www.climatecoating.com\/it\/wp-json\/wp\/v2\/media?parent=41990"}],"wp:term":[{"taxonomy":"product_brand","embeddable":true,"href":"https:\/\/www.climatecoating.com\/it\/wp-json\/wp\/v2\/product_brand?post=41990"},{"taxonomy":"product_cat","embeddable":true,"href":"https:\/\/www.climatecoating.com\/it\/wp-json\/wp\/v2\/product_cat?post=41990"},{"taxonomy":"product_tag","embeddable":true,"href":"https:\/\/www.climatecoating.com\/it\/wp-json\/wp\/v2\/product_tag?post=41990"}],"curies":[{"name":"wp","href":"https:\/\/api.w.org\/{rel}","templated":true}]}}