{"id":42023,"date":"2020-08-09T15:39:52","date_gmt":"2020-08-09T13:39:52","guid":{"rendered":"https:\/\/www.climatecoating.com\/produkte\/thermovital\/"},"modified":"2026-03-13T13:42:04","modified_gmt":"2026-03-13T12:42:04","slug":"thermovital","status":"publish","type":"product","link":"https:\/\/www.climatecoating.com\/it\/produkt\/thermovital\/","title":{"rendered":"ThermoVital"},"content":{"rendered":"<p><strong>Contaminazione da muffa: perch\u00e9 la muffa \u00e8 cos\u00ec pericolosa<br \/>\n<\/strong>Le macchie di muffa sulle pareti non sono solo antiestetiche, ma rappresentano anche un pericolo per la salute. Anche piccole quantit\u00e0 di spore di muffa possono scatenare reazioni allergiche, mentre quantit\u00e0 maggiori possono addirittura danneggiare l&#8217;organismo.<\/p>\n<p>I funghi della muffa hanno bisogno di nutrienti e umidit\u00e0 per crescere. Poich\u00e9 i nutrienti sono pi\u00f9 o meno facilmente disponibili negli edifici, l&#8217;umidit\u00e0 \u00e8 di fondamentale importanza. La temperatura e il valore del pH tendono a giocare un ruolo secondario, poich\u00e9 i funghi della muffa possono crescere in un ampio intervallo di temperatura e pH. Se sono gi\u00e0 visibili macchie di muffa nera o muffa bianca, \u00e8 necessario intervenire.<\/p>\n<p style=\"text-align: left;\" data-pm-slice=\"1 1 []\"><strong>1, 2, 3&#8230; senza muffa<\/strong><strong> Rimozione sistematica della muffa<\/strong><\/p>\n<ol>\n<li><strong>Trattamento delle colonie di muffa visibili con <a href=\"https:\/\/www.climatecoating.com\/it\/produkt\/sanosil-s010\/\" target=\"_blank\" rel=\"noopener\">Sanosil S010<\/a>.<\/strong> Tempo di azione: almeno 60 minuti. (Indossare una maschera di protezione respiratoria!)<\/li>\n<li><strong>Trattamento dell&#8217;aria interna e della contaminazione secondaria con <a href=\"https:\/\/www.climatecoating.com\/it\/produkt\/sanosil-s003\/\" target=\"_blank\" rel=\"noopener\">Sanosil S003<\/a>.<\/strong> Tempo di azione: circa 120 minuti.<\/li>\n<li><strong>Applicazione di una mano di ThermoVital<\/strong> all&#8217;interno per una protezione a lungo termine e di tipo puramente fisico contro la ricomparsa della muffa.<\/li>\n<\/ol>\n<p><strong>Effetto fisico &#8211; grandi benefici<br \/>\n<\/strong>ThermoVital \u00e8 un innovativo scudo protettivo a lungo termine contro la muffa e garantisce l&#8217;igiene degli ambienti e una vita sana. L&#8217;esclusiva dispersione favorisce l&#8217;asciugatura delle pareti fino al livello di umidit\u00e0 dell&#8217;edificio e regola l&#8217;umidit\u00e0 della stanza. Il merito \u00e8 di milioni di <a href=\"https:\/\/www.climatecoating.com\/it\/azienda\/glossario\/\" target=\"_blank\" rel=\"noopener\">particelle di vetroceramica cave<\/a> e microscopiche, di una dispersione di poliacrilato appositamente sviluppata e di attivatori di sincronizzazione. Il colore clima-attivo \u00e8 variamente aperto alla diffusione dopo l&#8217;applicazione. Favorisce il trasporto capillare dell&#8217;umidit\u00e0 all&#8217;esterno della parete ed elimina cos\u00ec la base per la formazione di muffe. Un altro effetto positivo \u00e8 la riduzione dei ponti termici e l&#8217;aumento del confort termico nella stanza.<\/p>\n<p><img loading=\"lazy\" decoding=\"async\" class=\"alignnone wp-image-60460 size-full\" title=\"Sezioni di parete ThermoVital\" src=\"https:\/\/www.climatecoating.com\/wp-content\/uploads\/2025\/12\/Wandschnitte_ThermoVital_IT-scaled.png\" alt=\"Sezioni di parete ThermoVital\" width=\"2560\" height=\"2227\" srcset=\"https:\/\/www.climatecoating.com\/wp-content\/uploads\/2025\/12\/Wandschnitte_ThermoVital_IT-scaled.png 2560w, https:\/\/www.climatecoating.com\/wp-content\/uploads\/2025\/12\/Wandschnitte_ThermoVital_IT-300x261.png 300w, https:\/\/www.climatecoating.com\/wp-content\/uploads\/2025\/12\/Wandschnitte_ThermoVital_IT-1024x891.png 1024w, https:\/\/www.climatecoating.com\/wp-content\/uploads\/2025\/12\/Wandschnitte_ThermoVital_IT-768x668.png 768w, https:\/\/www.climatecoating.com\/wp-content\/uploads\/2025\/12\/Wandschnitte_ThermoVital_IT-1536x1336.png 1536w, https:\/\/www.climatecoating.com\/wp-content\/uploads\/2025\/12\/Wandschnitte_ThermoVital_IT-2048x1782.png 2048w, https:\/\/www.climatecoating.com\/wp-content\/uploads\/2025\/12\/Wandschnitte_ThermoVital_IT-700x609.png 700w, https:\/\/www.climatecoating.com\/wp-content\/uploads\/2025\/12\/Wandschnitte_ThermoVital_IT-1100x957.png 1100w, https:\/\/www.climatecoating.com\/wp-content\/uploads\/2025\/12\/Wandschnitte_ThermoVital_IT-600x522.png 600w\" sizes=\"auto, (max-width: 2560px) 100vw, 2560px\" \/><\/p>\n<p><strong>Prevenire \u00e8 meglio che curare &#8211; prevenzione intelligente in ogni colore<br \/>\n<\/strong>Se vuoi prevenire, puoi dipingere con ThermoVital le stanze con un maggiore tasso di umidit\u00e0: Cucina, bagno e cantina o anche l&#8217;intero appartamento o magazzino. Poich\u00e9 ThermoVital \u00e8 un ulteriore sviluppo di <a href=\"https:\/\/www.climatecoating.com\/it\/product\/thermoplus\/\" target=\"_blank\" rel=\"noopener\">ThermoPlus<\/a>, non ci sono limiti alla progettazione dei colori. ThermoVital pu\u00f2 essere miscelato in modo flessibile in base alle tonalit\u00e0 RAL, in modo da rendere possibili progetti cromatici personalizzati. La speciale vernice utilizzata \u00e8 priva di fungicidi e praticamente inodore.<\/p>\n<p><strong>ThermoVital mantiene le pareti asciutte, pulite e prive di muffa, per un clima interno sano e una qualit\u00e0 di vita sostenibile in tutti gli ambienti.<\/strong><\/p>\n","protected":false},"excerpt":{"rendered":"<hr \/>\n<p><strong>ThermoVital &#8211; Nessuna possibilit\u00e0 di muffa!<br \/>\n<\/strong>ThermoVital \u00e8 una protezione a lungo termine efficace dal punto di vista fisico che garantisce l&#8217;igiene degli ambienti e una vita sana. Sia che si tratti di ambienti ad alto tasso di umidit\u00e0 come bagni, cucine e cantine, sia che si tratti di capannoni di produzione e magazzini, ad esempio nell&#8217;industria alimentare, ThermoVital offre una protezione a lungo termine contro la formazione di muffa sulle pareti. La pittura traspirante regola l&#8217;umidit\u00e0 e riduce gli effetti negativi dei ponti termici. Questo la rende ideale anche per chi cerca idee di pittura per il soggiorno con una maggiore protezione della salute.<\/p>\n<p><strong>I vantaggi pi\u00f9 importanti in sintesi:<\/strong><\/p>\n<div>\n<div><img loading=\"lazy\" decoding=\"async\" class=\"alignnone wp-image-59776\" title=\"Icona clima interno sano e verde\" src=\"https:\/\/www.climatecoating.com\/wp-content\/uploads\/2025\/11\/Icon_healthy-indoor-climate_green.png\" alt=\"Icona clima interno sano e verde\" width=\"50\" height=\"50\" srcset=\"https:\/\/www.climatecoating.com\/wp-content\/uploads\/2025\/11\/Icon_healthy-indoor-climate_green.png 242w, https:\/\/www.climatecoating.com\/wp-content\/uploads\/2025\/11\/Icon_healthy-indoor-climate_green-150x150.png 150w, https:\/\/www.climatecoating.com\/wp-content\/uploads\/2025\/11\/Icon_healthy-indoor-climate_green-100x100.png 100w\" sizes=\"auto, (max-width: 50px) 100vw, 50px\" \/> un clima interno sano<\/div>\n<div><img loading=\"lazy\" decoding=\"async\" class=\"alignnone wp-image-60446\" title=\"Icon raffreddamento evaporativo regolazione dell'umidit\u00e0 verde\" src=\"https:\/\/www.climatecoating.com\/wp-content\/uploads\/2020\/08\/Icon_evaporative-cooling_moisture-regulating_green.png\" alt=\"Icon raffreddamento evaporativo regolazione dell'umidit\u00e0 verde\" width=\"50\" height=\"50\" srcset=\"https:\/\/www.climatecoating.com\/wp-content\/uploads\/2020\/08\/Icon_evaporative-cooling_moisture-regulating_green.png 242w, https:\/\/www.climatecoating.com\/wp-content\/uploads\/2020\/08\/Icon_evaporative-cooling_moisture-regulating_green-150x150.png 150w, https:\/\/www.climatecoating.com\/wp-content\/uploads\/2020\/08\/Icon_evaporative-cooling_moisture-regulating_green-100x100.png 100w\" sizes=\"auto, (max-width: 50px) 100vw, 50px\" \/> regolazione dell&#8217;umidit\u00e0<\/div>\n<div><img loading=\"lazy\" decoding=\"async\" class=\"alignnone wp-image-60447\" title=\"Icona sicura per la salute verde\" src=\"https:\/\/www.climatecoating.com\/wp-content\/uploads\/2020\/08\/Icon_safe-for-health_green.png\" alt=\"Icona sicura per la salute verde\" width=\"50\" height=\"50\" srcset=\"https:\/\/www.climatecoating.com\/wp-content\/uploads\/2020\/08\/Icon_safe-for-health_green.png 242w, https:\/\/www.climatecoating.com\/wp-content\/uploads\/2020\/08\/Icon_safe-for-health_green-150x150.png 150w, https:\/\/www.climatecoating.com\/wp-content\/uploads\/2020\/08\/Icon_safe-for-health_green-100x100.png 100w\" sizes=\"auto, (max-width: 50px) 100vw, 50px\" \/> innocuo per la salute<\/div>\n<div><img loading=\"lazy\" decoding=\"async\" class=\"alignnone wp-image-60450\" title=\"Icona efficace a lungo termine\" src=\"https:\/\/www.climatecoating.com\/wp-content\/uploads\/2020\/08\/Icon_long-term-effective.png\" alt=\"Icona efficace a lungo termine\" width=\"50\" height=\"50\" srcset=\"https:\/\/www.climatecoating.com\/wp-content\/uploads\/2020\/08\/Icon_long-term-effective.png 242w, https:\/\/www.climatecoating.com\/wp-content\/uploads\/2020\/08\/Icon_long-term-effective-150x150.png 150w, https:\/\/www.climatecoating.com\/wp-content\/uploads\/2020\/08\/Icon_long-term-effective-100x100.png 100w\" sizes=\"auto, (max-width: 50px) 100vw, 50px\" \/> efficace a lungo termine<\/div>\n<div><img loading=\"lazy\" decoding=\"async\" class=\"alignnone wp-image-60449\" title=\"Stampo di protezione Icon verde\" src=\"https:\/\/www.climatecoating.com\/wp-content\/uploads\/2020\/08\/Icon_protection-mold_green.png\" alt=\"Stampo di protezione Icon verde\" width=\"50\" height=\"50\" srcset=\"https:\/\/www.climatecoating.com\/wp-content\/uploads\/2020\/08\/Icon_protection-mold_green.png 242w, https:\/\/www.climatecoating.com\/wp-content\/uploads\/2020\/08\/Icon_protection-mold_green-150x150.png 150w, https:\/\/www.climatecoating.com\/wp-content\/uploads\/2020\/08\/Icon_protection-mold_green-100x100.png 100w\" sizes=\"auto, (max-width: 50px) 100vw, 50px\" \/> riduce il rischio di formazione di muffa<\/div>\n<\/div>\n","protected":false},"featured_media":41063,"template":"","meta":[],"product_brand":[],"product_cat":[2644,2647,2698,2713,2718,2649,2722,2750,2651],"product_tag":[],"class_list":{"0":"post-42023","1":"product","2":"type-product","3":"status-publish","4":"has-post-thumbnail","6":"product_cat-aree-di-applicazione","7":"product_cat-costruire-e-vivere","8":"product_cat-allinterno-di","9":"product_cat-industria-alimentare","10":"product_cat-industria-manifatturiera","11":"product_cat-edifici-pubblici","12":"product_cat-agricoltura-e-zootecnia","13":"product_cat-sanita","14":"product_cat-industria-alberghiera-e-gastronomia","16":"first","17":"instock","18":"taxable","19":"shipping-taxable","20":"purchasable","21":"product-type-variable"},"_links":{"self":[{"href":"https:\/\/www.climatecoating.com\/it\/wp-json\/wp\/v2\/product\/42023","targetHints":{"allow":["GET"]}}],"collection":[{"href":"https:\/\/www.climatecoating.com\/it\/wp-json\/wp\/v2\/product"}],"about":[{"href":"https:\/\/www.climatecoating.com\/it\/wp-json\/wp\/v2\/types\/product"}],"wp:featuredmedia":[{"embeddable":true,"href":"https:\/\/www.climatecoating.com\/it\/wp-json\/wp\/v2\/media\/41063"}],"wp:attachment":[{"href":"https:\/\/www.climatecoating.com\/it\/wp-json\/wp\/v2\/media?parent=42023"}],"wp:term":[{"taxonomy":"product_brand","embeddable":true,"href":"https:\/\/www.climatecoating.com\/it\/wp-json\/wp\/v2\/product_brand?post=42023"},{"taxonomy":"product_cat","embeddable":true,"href":"https:\/\/www.climatecoating.com\/it\/wp-json\/wp\/v2\/product_cat?post=42023"},{"taxonomy":"product_tag","embeddable":true,"href":"https:\/\/www.climatecoating.com\/it\/wp-json\/wp\/v2\/product_tag?post=42023"}],"curies":[{"name":"wp","href":"https:\/\/api.w.org\/{rel}","templated":true}]}}