{"id":42046,"date":"2020-07-22T23:05:45","date_gmt":"2020-07-22T21:05:45","guid":{"rendered":"https:\/\/www.climatecoating.com\/produkte\/natura\/"},"modified":"2026-02-16T12:51:18","modified_gmt":"2026-02-16T11:51:18","slug":"nature","status":"publish","type":"product","link":"https:\/\/www.climatecoating.com\/it\/produkt\/nature\/","title":{"rendered":"Nature"},"content":{"rendered":"<p><strong>Rivestimento high-tech che mantiene la sua promessa<\/strong><br \/>\nCon ClimateCoating\u00ae-Nature, i componenti in legno sono protetti e rimangono belli per un tempo eccezionalmente lungo. L&#8217;interazione tra adesione, elasticit\u00e0 e resistenza estrema, combinata con la riduzione del comportamento di rigonfiamento e ritiro, ritarda il processo di invecchiamento del legno in modo ideale. Nessuno sfaldamento del colore, nessuna dissolvenza. Promesso!<\/p>\n<p>La tecnologia della membrana riflettente assicura che anche i colori scuri lascino il terreno relativamente fresco alla luce del sole. <strong>Anche in un bungalow di legno dipinto di scuro, rimane piacevolmente temperato in estate, grazie all&#8217;alta riflettenza del rivestimento.<\/strong> Le sfere cave in vetroceramica lo rendono possibile.<\/p>\n<p><strong>Aree di applicazione<\/strong><br \/>\nNature \u00e8 progettato per componenti in legno di dimensioni limitate (tavole a maschio e femmina, capriate, persiane e cancelli) e per componenti in legno non dimensionalmente stabili (parapetti di balconi, tegole, pergolati e recinzioni).<\/p>\n<p>Mentre Nature \u00e8 disponibile come rivestimento opaco in molte tonalit\u00e0 di colore, uno spettro di colori limitato \u00e8 disponibile con la pellicola spessa NatureGlaze. Il primer pronto all&#8217;uso NaturePrimer completa l&#8217;insieme dei prodotti.<\/p>\n","protected":false},"excerpt":{"rendered":"<hr \/>\n<p>Nature \u00e8 un rivestimento high-tech opaco per tutte le dimensioni limitate e<br \/>\ncomponenti in legno non dimensionalmente stabili nelle aree esterne. Altamente resistente alle intemperie e con un&#8217;elasticit\u00e0 duratura, Nature \u00e8 il conservante per legno perfetto per anni!<\/p>\n","protected":false},"featured_media":41030,"template":"","meta":[],"product_brand":[],"product_cat":[2644,2696],"product_tag":[],"class_list":{"0":"post-42046","1":"product","2":"type-product","3":"status-publish","4":"has-post-thumbnail","6":"product_cat-aree-di-applicazione","7":"product_cat-protezione-del-legno","9":"first","10":"instock","11":"taxable","12":"shipping-taxable","13":"purchasable","14":"product-type-variable"},"_links":{"self":[{"href":"https:\/\/www.climatecoating.com\/it\/wp-json\/wp\/v2\/product\/42046","targetHints":{"allow":["GET"]}}],"collection":[{"href":"https:\/\/www.climatecoating.com\/it\/wp-json\/wp\/v2\/product"}],"about":[{"href":"https:\/\/www.climatecoating.com\/it\/wp-json\/wp\/v2\/types\/product"}],"wp:featuredmedia":[{"embeddable":true,"href":"https:\/\/www.climatecoating.com\/it\/wp-json\/wp\/v2\/media\/41030"}],"wp:attachment":[{"href":"https:\/\/www.climatecoating.com\/it\/wp-json\/wp\/v2\/media?parent=42046"}],"wp:term":[{"taxonomy":"product_brand","embeddable":true,"href":"https:\/\/www.climatecoating.com\/it\/wp-json\/wp\/v2\/product_brand?post=42046"},{"taxonomy":"product_cat","embeddable":true,"href":"https:\/\/www.climatecoating.com\/it\/wp-json\/wp\/v2\/product_cat?post=42046"},{"taxonomy":"product_tag","embeddable":true,"href":"https:\/\/www.climatecoating.com\/it\/wp-json\/wp\/v2\/product_tag?post=42046"}],"curies":[{"name":"wp","href":"https:\/\/api.w.org\/{rel}","templated":true}]}}