{"id":42072,"date":"2020-07-22T23:13:11","date_gmt":"2020-07-22T21:13:11","guid":{"rendered":"https:\/\/www.climatecoating.com\/produkte\/natureglaze\/"},"modified":"2026-02-16T12:52:19","modified_gmt":"2026-02-16T11:52:19","slug":"natureglaze","status":"publish","type":"product","link":"https:\/\/www.climatecoating.com\/it\/produkt\/natureglaze\/","title":{"rendered":"NatureGlaze"},"content":{"rendered":"<p><strong>Rivestimento high-tech che mantiene la sua promessa<\/strong><br \/>\nCon ClimateCoating\u00ae NatureGlaze, i componenti in legno sono protetti e rimangono belli per un tempo eccezionalmente lungo. L&#8217;interazione tra adesione, elasticit\u00e0 e resistenza estrema, combinata con la riduzione del comportamento di rigonfiamento e ritiro, ritarda il processo di invecchiamento del legno in modo ideale. Nessuno sfaldamento del colore, nessuna dissolvenza. Promesso!<\/p>\n<p><strong>Aree di applicazione<\/strong><br \/>\nNatureGlaze \u00e8 progettato per componenti in legno a stabilit\u00e0 dimensionale limitata (tavole a maschio e femmina, capriate, persiane e cancelli) e per componenti in legno a stabilit\u00e0 non dimensionale (parapetti dei balconi, scandole, pergolati e recinzioni).<\/p>\n<p>Mentre lo smalto a film spesso NatureGlaze offre uno spettro di colori gestibile, il rivestimento opaco Nature \u00e8 disponibile in molte sfumature di colore. Il primer pronto all&#8217;uso NaturePrimer completa l&#8217;insieme dei prodotti.<\/p>\n","protected":false},"excerpt":{"rendered":"<hr \/>\n<p>NatureGlaze \u00e8 un rivestimento high-tech smaltato per tutti i componenti esterni in legno dimensionalmente stabili e non dimensionalmente stabili. Altamente resistente alle intemperie e con un&#8217;elasticit\u00e0 duratura, Nature \u00e8 la protezione del legno perfetta per anni!<\/p>\n","protected":false},"featured_media":41029,"template":"","meta":[],"product_brand":[],"product_cat":[2644,2696],"product_tag":[],"class_list":{"0":"post-42072","1":"product","2":"type-product","3":"status-publish","4":"has-post-thumbnail","6":"product_cat-aree-di-applicazione","7":"product_cat-protezione-del-legno","9":"first","10":"instock","11":"taxable","12":"shipping-taxable","13":"product-type-variable"},"_links":{"self":[{"href":"https:\/\/www.climatecoating.com\/it\/wp-json\/wp\/v2\/product\/42072","targetHints":{"allow":["GET"]}}],"collection":[{"href":"https:\/\/www.climatecoating.com\/it\/wp-json\/wp\/v2\/product"}],"about":[{"href":"https:\/\/www.climatecoating.com\/it\/wp-json\/wp\/v2\/types\/product"}],"wp:featuredmedia":[{"embeddable":true,"href":"https:\/\/www.climatecoating.com\/it\/wp-json\/wp\/v2\/media\/41029"}],"wp:attachment":[{"href":"https:\/\/www.climatecoating.com\/it\/wp-json\/wp\/v2\/media?parent=42072"}],"wp:term":[{"taxonomy":"product_brand","embeddable":true,"href":"https:\/\/www.climatecoating.com\/it\/wp-json\/wp\/v2\/product_brand?post=42072"},{"taxonomy":"product_cat","embeddable":true,"href":"https:\/\/www.climatecoating.com\/it\/wp-json\/wp\/v2\/product_cat?post=42072"},{"taxonomy":"product_tag","embeddable":true,"href":"https:\/\/www.climatecoating.com\/it\/wp-json\/wp\/v2\/product_tag?post=42072"}],"curies":[{"name":"wp","href":"https:\/\/api.w.org\/{rel}","templated":true}]}}