{"id":42322,"date":"2020-08-09T15:35:45","date_gmt":"2020-08-09T13:35:45","guid":{"rendered":"https:\/\/www.climatecoating.com\/produkte\/industriaspeciale\/"},"modified":"2026-02-19T10:02:48","modified_gmt":"2026-02-19T09:02:48","slug":"industryspecial","status":"publish","type":"product","link":"https:\/\/www.climatecoating.com\/it\/produkt\/industryspecial\/","title":{"rendered":"IndustrySpecial"},"content":{"rendered":"<p><strong>Il tuttofare<\/strong><br \/>\nI molti usi possibili di IndustrySpecial iniziano con il semplice rivestimento del serbatoio del silo per la stabilizzazione della temperatura e si estendono alla protezione contro l&#8217;umidit\u00e0 e la condensa, all&#8217;antielettrostatica e alla schermatura, all&#8217;isolamento termico e acustico, all&#8217;ampliamento della superficie e alla riflessione della luce. IndustrySpecial \u00e8 un vero multitalento!<\/p>\n<p><strong>Estremamente elastico<\/strong><br \/>\nIl rivestimento IndustrySpecial pu\u00f2 sopportare un bel po&#8217; di stress meccanico. La banda perforata di metallo larga 17 mm in una delle foto a sinistra pu\u00f2 essere piegata o anche attorcigliata pi\u00f9 volte. Il rivestimento non mostra crepe. IndustrySpecial \u00e8 estremamente estensibile, pu\u00f2 fare da ponte tra diversi materiali e nascondere permanentemente le crepe pi\u00f9 sottili.<\/p>\n<p><strong>Campo di applicazione tipico tra -40\u00b0C e +150\u00b0C<\/strong><\/p>\n<p>La resistenza alle alte temperature di IndustrySpecial e la sua resistenza alle influenze ambientali aggressive sono apprezzate dai nostri clienti in tutto il mondo. Rivestito finora:<\/p>\n<ul>\n<li>Serbatoi, silos, grandi contenitori<\/li>\n<li>Tubazioni, aste<\/li>\n<li>Contenitori, scatole di metallo<\/li>\n<li>Rivestimento della sala<\/li>\n<li>Tendoni<\/li>\n<li>superfici in plastica flessibile<\/li>\n<\/ul>\n<p>Volete risolvere un problema molto specifico per mezzo del rivestimento?<br \/>\nAllora saremo felici di trovare una <a href=\"https:\/\/www.climatecoating.com\/it\/aree-di-applicazione\/industria-e-soluzioni-speciali\/\">SpecialSolution<\/a> insieme a voi.<\/p>\n","protected":false},"excerpt":{"rendered":"<hr \/>\n<p>IndustrySpecial \u00e8 un rivestimento protettivo resistente con una resistenza alla temperatura da -40\u00b0C a +150\u00b0C.<\/p>\n<p>Tutti i rivestimenti e i colori ClimateCoating\u00a9 si basano sulla tecnologia delle membrane riflettenti e hanno un effetto puramente fisico. I rivestimenti ecologici e ad alte prestazioni impressionano gli utenti di tutto il mondo dal 2003 con le loro propriet\u00e0 speciali e l&#8217;alta redditivit\u00e0.<\/p>\n","protected":false},"featured_media":40899,"template":"","meta":[],"product_brand":[],"product_cat":[2644,2647,2713,2718,2830,2832,2722,2831],"product_tag":[],"class_list":{"0":"post-42322","1":"product","2":"type-product","3":"status-publish","4":"has-post-thumbnail","6":"product_cat-aree-di-applicazione","7":"product_cat-costruire-e-vivere","8":"product_cat-industria-alimentare","9":"product_cat-industria-manifatturiera","10":"product_cat-trasporto-e-traffico","11":"product_cat-applicazioni-industriali","12":"product_cat-agricoltura-e-zootecnia","13":"product_cat-costruzioni-tecniche","15":"first","16":"instock","17":"taxable","18":"shipping-taxable","19":"product-type-variable"},"_links":{"self":[{"href":"https:\/\/www.climatecoating.com\/it\/wp-json\/wp\/v2\/product\/42322","targetHints":{"allow":["GET"]}}],"collection":[{"href":"https:\/\/www.climatecoating.com\/it\/wp-json\/wp\/v2\/product"}],"about":[{"href":"https:\/\/www.climatecoating.com\/it\/wp-json\/wp\/v2\/types\/product"}],"wp:featuredmedia":[{"embeddable":true,"href":"https:\/\/www.climatecoating.com\/it\/wp-json\/wp\/v2\/media\/40899"}],"wp:attachment":[{"href":"https:\/\/www.climatecoating.com\/it\/wp-json\/wp\/v2\/media?parent=42322"}],"wp:term":[{"taxonomy":"product_brand","embeddable":true,"href":"https:\/\/www.climatecoating.com\/it\/wp-json\/wp\/v2\/product_brand?post=42322"},{"taxonomy":"product_cat","embeddable":true,"href":"https:\/\/www.climatecoating.com\/it\/wp-json\/wp\/v2\/product_cat?post=42322"},{"taxonomy":"product_tag","embeddable":true,"href":"https:\/\/www.climatecoating.com\/it\/wp-json\/wp\/v2\/product_tag?post=42322"}],"curies":[{"name":"wp","href":"https:\/\/api.w.org\/{rel}","templated":true}]}}