{"id":54222,"date":"2020-05-27T11:58:52","date_gmt":"2020-05-27T09:58:52","guid":{"rendered":"https:\/\/www.climatecoating.com\/?post_type=product&#038;p=54222"},"modified":"2026-03-16T11:25:07","modified_gmt":"2026-03-16T10:25:07","slug":"isotex-r70","status":"publish","type":"product","link":"https:\/\/www.climatecoating.com\/it\/produkt\/isotex-r70\/","title":{"rendered":"IsoTex R70"},"content":{"rendered":"<p><strong>Ben isolato con facilit\u00e0 <\/strong><\/p>\n<p>Grazie alla sua particolare granulometria, IsoTex R70 \u00e8 un intonaco relativamente morbido. Con un consumo di soli 4,0-4,5 kg\/m\u00b2, \u00e8 molto leggero e non richiede ulteriori supporti di ancoraggio. L&#8217;intonaco termoisolante \u00e8 facile da applicare sia meccanicamente che manualmente e pu\u00f2 essere applicato senza problemi con una cazzuola o uno spruzzatore. \u00c8 adatto per l&#8217;intonacatura di mattoni, cemento, cemento armato, cemento cellulare, legno e supporti metallici in interni ed esterni.<\/p>\n<p>Per il livellamento e la finitura della superficie, IsoTex R70 pu\u00f2 essere rivestito con l&#8217;intonaco minerale fine e liscio <a href=\"https:\/\/www.climatecoating.com\/it\/?attachment_id=55941\" target=\"_blank\" rel=\"noopener\">IsoTex F50<\/a>, adatto al sistema. In questo modo si ottiene una superficie liscia e omogenea, base ideale per i rivestimenti successivi.<\/p>\n<p><strong>Sistema ClimateCoating\u00ae IsoTex &#8211; Il trio a risparmio energetico per la facciata<\/strong><\/p>\n<p><strong>Il problema: le<\/strong> pareti esterne, con o senza vernice, assorbono l&#8217;acqua quando piove. Pi\u00f9 la pioggia dura, pi\u00f9 l&#8217;acqua viene assorbita. L&#8217;acqua deve evaporare di nuovo dal muro. Questo crea un raffreddamento per evaporazione, che assorbe notevoli quantit\u00e0 di energia dall&#8217;edificio. Questo deve essere compensato dal riscaldamento o dall&#8217;aria condizionata.<\/p>\n<p><strong>La soluzione:<\/strong> un sistema di isolamento termico con <a href=\"https:\/\/youtu.be\/wZovk682oss\" target=\"_blank\" rel=\"noopener\">tecnologia a membrana riflettente<\/a><br \/>\nDopo l&#8217;applicazione, il leggero intonaco termoisolante IsoTex R70 viene livellato con l&#8217;intonaco liscio <a href=\"https:\/\/www.climatecoating.com\/it\/?attachment_id=55941\" target=\"_blank\" rel=\"noopener\">IsoTex F50<\/a> e poi rivestito con due mani della pittura funzionale <a href=\"https:\/\/www.climatecoating.com\/it\/product\/thermoprotect\/\" target=\"_blank\" rel=\"noopener\">ThermoProtect<\/a> di ClimateCoating\u00ae per esterni. La vernice agisce come una membrana: assorbe solo piccole quantit\u00e0 d&#8217;acqua quando piove, senza che questa penetri nel substrato di intonaco. Non appena la membrana \u00e8 satura, non assorbe pi\u00f9 acqua, anche se continua a piovere. Dopo la pioggia, l&#8217;acqua evapora dallo strato di pittura, mentre l&#8217;umidit\u00e0 residua viene rimossa dall&#8217;intonaco grazie all&#8217;azione capillare della pittura funzionale e rilasciata rapidamente. Questo riduce al minimo l&#8217;evaporazione e il rivestimento della facciata soddisfa i requisiti della norma EN 998-1 come &#8220;idrorepellente&#8221;.<\/p>\n<p><img loading=\"lazy\" decoding=\"async\" class=\"aligncenter wp-image-62220 size-full\" title=\"Funzionalit\u00e0 del sistema IsoText\" src=\"https:\/\/www.climatecoating.com\/wp-content\/uploads\/2026\/01\/IsoTex-System_Funktionsweise_IT.png\" alt=\"Funzionalit\u00e0 del sistema IsoText\" width=\"1600\" height=\"1150\" \/><\/p>\n<p>ThermoProtect \u00e8 anche molto resistente alle influenze ambientali, come i raggi UV o gli acidi dell&#8217;acqua piovana. L&#8217;effetto antistatico riduce notevolmente l&#8217;adesione della polvere. Sono stati documentati casi di facciate rivestite in cui il rivestimento simile a una membrana \u00e8 ancora intatto e privo di crepe anche dopo pi\u00f9 di 20 anni, in modo da garantire l&#8217;effetto di risparmio energetico. Guarda l&#8217;esempio del progetto <a href=\"https:\/\/www.climatecoating.com\/it\/riferimenti\/riferimenti\/appartamenti-a-perleberg\/\" target=\"_blank\" rel=\"noopener\">Perleberg &#8211; rivestimento della facciata con ThermoProtect<\/a> e il relativo <a href=\"https:\/\/www.climatecoating.com\/pressemitteilung-innovative-fassadenbeschichtung-hilft-beim-sparen\/\" target=\"_blank\" rel=\"noopener\">comunicato stampa<\/a>.<\/p>\n<p><strong>Vantaggi del sistema IsoTex<\/strong><\/p>\n<p>La combinazione dell&#8217;intonaco termoisolante IsoTex R70, dello strato livellante opzionale IsoTex F50 e della pittura funzionale ThermoProtect forma un sistema di facciata durevole e ad alte prestazioni. Offre una protezione affidabile contro tutti gli agenti atmosferici e, allo stesso tempo, contribuisce a ridurre in modo significativo i costi di riscaldamento e condizionamento. L&#8217;efficace gestione dell&#8217;umidit\u00e0 e del calore migliora anche il clima interno e aiuta a mantenere il valore del tessuto edilizio a lungo termine.<\/p>\n<p><strong>PS: Ridurre l&#8217;umidit\u00e0 nella muratura di appena l&#8217;1% pu\u00f2 ridurre i costi di riscaldamento fino al 10%.<\/strong><\/p>\n","protected":false},"excerpt":{"rendered":"<hr \/>\n<p><strong>Intonaco isolante minerale leggero<\/strong><\/p>\n<p>IsoTex R70 \u00e8 un intonaco termoisolante a base minerale molto leggero per interni ed esterni. Grazie alla sua elevata resistenza termica strutturale, riduce efficacemente la dispersione di calore dall&#8217;edificio e contribuisce quindi a un notevole risparmio energetico. Grazie alla sua gestione intelligente dell&#8217;umidit\u00e0, i costi di riscaldamento e condizionamento possono essere ridotti di circa il 15-40%. Con una conducibilit\u00e0 termica molto bassa, pari a 0,077 W\/mK, IsoTex R70 protegge in modo affidabile gli edifici dalle perdite di calore in inverno e garantisce un clima interno piacevolmente fresco in estate. Il basso assorbimento capillare dell&#8217;acqua garantisce che la muratura rimanga asciutta: un fattore decisivo per l&#8217;effetto isolante a lungo termine e la conservazione del valore del tessuto edilizio.<\/p>\n<p><strong>I vantaggi pi\u00f9 importanti in sintesi:<\/strong><\/p>\n<div><img loading=\"lazy\" decoding=\"async\" class=\"alignnone wp-image-60501\" title=\"Icon lightweight facade plaster 2 green\" src=\"https:\/\/www.climatecoating.com\/wp-content\/uploads\/2020\/07\/Icon_lightweight-facade-plaster_2_green.png\" alt=\"Icon lightweight facade plaster 2 green\" width=\"50\" height=\"50\" srcset=\"https:\/\/www.climatecoating.com\/wp-content\/uploads\/2020\/07\/Icon_lightweight-facade-plaster_2_green.png 242w, https:\/\/www.climatecoating.com\/wp-content\/uploads\/2020\/07\/Icon_lightweight-facade-plaster_2_green-150x150.png 150w, https:\/\/www.climatecoating.com\/wp-content\/uploads\/2020\/07\/Icon_lightweight-facade-plaster_2_green-100x100.png 100w\" sizes=\"auto, (max-width: 50px) 100vw, 50px\" \/>\u00a0 intonaco termoisolante minerale molto leggero per esterni e interni<\/div>\n<div><img loading=\"lazy\" decoding=\"async\" class=\"alignnone wp-image-62161\" title=\"Icon mineral grain green\" src=\"https:\/\/www.climatecoating.com\/wp-content\/uploads\/2020\/05\/Icon_mineral-grain_green.png\" alt=\"Icon mineral grain green\" width=\"50\" height=\"50\" srcset=\"https:\/\/www.climatecoating.com\/wp-content\/uploads\/2020\/05\/Icon_mineral-grain_green.png 242w, https:\/\/www.climatecoating.com\/wp-content\/uploads\/2020\/05\/Icon_mineral-grain_green-150x150.png 150w, https:\/\/www.climatecoating.com\/wp-content\/uploads\/2020\/05\/Icon_mineral-grain_green-100x100.png 100w\" sizes=\"auto, (max-width: 50px) 100vw, 50px\" \/>\u00a0 grana minerale fino a 2 mm<\/div>\n<div><img loading=\"lazy\" decoding=\"async\" class=\"alignnone wp-image-59778\" title=\"Icona risparmio energetico verde\" src=\"https:\/\/www.climatecoating.com\/wp-content\/uploads\/2025\/11\/Icon_energy-saving_green-1.png\" alt=\"Icona risparmio energetico verde\" width=\"50\" height=\"50\" srcset=\"https:\/\/www.climatecoating.com\/wp-content\/uploads\/2025\/11\/Icon_energy-saving_green-1.png 242w, https:\/\/www.climatecoating.com\/wp-content\/uploads\/2025\/11\/Icon_energy-saving_green-1-150x150.png 150w, https:\/\/www.climatecoating.com\/wp-content\/uploads\/2025\/11\/Icon_energy-saving_green-1-100x100.png 100w\" sizes=\"auto, (max-width: 50px) 100vw, 50px\" \/>\u00a0 efficienza energetica e risparmio economico<\/div>\n<div><img loading=\"lazy\" decoding=\"async\" class=\"alignnone wp-image-60446\" title=\"Icon raffreddamento evaporativo regolazione dell'umidit\u00e0 verde\" src=\"https:\/\/www.climatecoating.com\/wp-content\/uploads\/2020\/08\/Icon_evaporative-cooling_moisture-regulating_green.png\" alt=\"Icon raffreddamento evaporativo regolazione dell'umidit\u00e0 verde\" width=\"50\" height=\"50\" srcset=\"https:\/\/www.climatecoating.com\/wp-content\/uploads\/2020\/08\/Icon_evaporative-cooling_moisture-regulating_green.png 242w, https:\/\/www.climatecoating.com\/wp-content\/uploads\/2020\/08\/Icon_evaporative-cooling_moisture-regulating_green-150x150.png 150w, https:\/\/www.climatecoating.com\/wp-content\/uploads\/2020\/08\/Icon_evaporative-cooling_moisture-regulating_green-100x100.png 100w\" sizes=\"auto, (max-width: 50px) 100vw, 50px\" \/>\u00a0 regolazione dell&#8217;umidit\u00e0<\/div>\n<div><img loading=\"lazy\" decoding=\"async\" class=\"alignnone wp-image-59755\" title=\"in estate: sensibilmente fresca\" src=\"https:\/\/www.climatecoating.com\/wp-content\/uploads\/2025\/11\/Icon_summer-heat-protection_green.png\" alt=\"in estate: sensibilmente fresca\" width=\"57\" height=\"57\" srcset=\"https:\/\/www.climatecoating.com\/wp-content\/uploads\/2025\/11\/Icon_summer-heat-protection_green.png 242w, https:\/\/www.climatecoating.com\/wp-content\/uploads\/2025\/11\/Icon_summer-heat-protection_green-150x150.png 150w, https:\/\/www.climatecoating.com\/wp-content\/uploads\/2025\/11\/Icon_summer-heat-protection_green-100x100.png 100w\" sizes=\"auto, (max-width: 57px) 100vw, 57px\" \/> elevata resistenza termica strutturale<\/div>\n","protected":false},"featured_media":54310,"template":"","meta":[],"product_brand":[],"product_cat":[4321,2851,2644,2647,2650,2698,2859,2649,2651],"product_tag":[],"class_list":{"0":"post-54222","1":"product","2":"type-product","3":"status-publish","4":"has-post-thumbnail","6":"product_cat-intonaci-esterni-interni","7":"product_cat-esterno-delledificio","8":"product_cat-aree-di-applicazione","9":"product_cat-costruire-e-vivere","10":"product_cat-fuori","11":"product_cat-allinterno-di","12":"product_cat-applicazioni-allesterno-it-2","13":"product_cat-edifici-pubblici","14":"product_cat-industria-alberghiera-e-gastronomia","16":"first","17":"instock","18":"taxable","19":"shipping-taxable","20":"purchasable","21":"product-type-variable"},"_links":{"self":[{"href":"https:\/\/www.climatecoating.com\/it\/wp-json\/wp\/v2\/product\/54222","targetHints":{"allow":["GET"]}}],"collection":[{"href":"https:\/\/www.climatecoating.com\/it\/wp-json\/wp\/v2\/product"}],"about":[{"href":"https:\/\/www.climatecoating.com\/it\/wp-json\/wp\/v2\/types\/product"}],"wp:featuredmedia":[{"embeddable":true,"href":"https:\/\/www.climatecoating.com\/it\/wp-json\/wp\/v2\/media\/54310"}],"wp:attachment":[{"href":"https:\/\/www.climatecoating.com\/it\/wp-json\/wp\/v2\/media?parent=54222"}],"wp:term":[{"taxonomy":"product_brand","embeddable":true,"href":"https:\/\/www.climatecoating.com\/it\/wp-json\/wp\/v2\/product_brand?post=54222"},{"taxonomy":"product_cat","embeddable":true,"href":"https:\/\/www.climatecoating.com\/it\/wp-json\/wp\/v2\/product_cat?post=54222"},{"taxonomy":"product_tag","embeddable":true,"href":"https:\/\/www.climatecoating.com\/it\/wp-json\/wp\/v2\/product_tag?post=54222"}],"curies":[{"name":"wp","href":"https:\/\/api.w.org\/{rel}","templated":true}]}}