{"id":63656,"date":"2025-08-06T17:33:46","date_gmt":"2025-08-06T15:33:46","guid":{"rendered":"https:\/\/www.climatecoating.com\/produkt\/isotex-f50\/"},"modified":"2026-03-17T09:14:45","modified_gmt":"2026-03-17T08:14:45","slug":"isotex-f50","status":"publish","type":"product","link":"https:\/\/www.climatecoating.com\/it\/produkt\/isotex-f50\/","title":{"rendered":"IsoTex F50"},"content":{"rendered":"<p><strong>Intonacare liscio con leggerezza<\/strong><\/p>\n<p data-start=\"385\" data-end=\"663\">Grazie alla sua granulometria fine e alla bassa densit\u00e0 apparente, IsoTex F50 \u00e8 uno degli intonaci di finitura pi\u00f9 facili da applicare. Con un consumo di soli 0,65 kg\/m\u00b2 per mm di spessore dello strato, si applica facilmente e consente di ottenere una superficie omogenea e liscia. L\u2019intonaco pu\u00f2 essere applicato manualmente con la cazzuola o meccanicamente mediante spruzzatura. IsoTex F50 \u00e8 adatto per supporti in laterizio, calcestruzzo, cemento armato, calcestruzzo cellulare, legno e metallo, sia per interni che per esterni.<\/p>\n<p><strong>Sistema ClimateCoating<sup>\u00ae<\/sup> IsoTex &#8211; Il trio a risparmio energetico per le facciate lisce<\/strong><\/p>\n<p>IsoTex F50 viene applicato sull&#8217;intonaco termoisolante <a href=\"https:\/\/www.climatecoating.com\/it\/produkt\/isotex-r70\/\" target=\"_blank\" rel=\"noopener\">IsoTex R70<\/a> e forma lo strato finale di intonaco liscio. Dopo l&#8217;asciugatura, la superficie pu\u00f2 essere rivestita con le vernici funzionali ClimateCoating<sup>\u00ae<\/sup>, come <a href=\"https:\/\/www.climatecoating.com\/it\/produkt\/thermoprotect\/\" target=\"_blank\" rel=\"noopener\">ThermoProtect<\/a> per le facciate. Con questa combinazione di sistemi \u00e8 possibile ottenere un risparmio energetico dal 15 al 40% per il riscaldamento e il condizionamento.<\/p>\n<p><img loading=\"lazy\" decoding=\"async\" class=\"alignnone wp-image-62220 size-full\" title=\"Funzionalit\u00e0 del sistema IsoText\" src=\"https:\/\/www.climatecoating.com\/wp-content\/uploads\/2026\/01\/IsoTex-System_Funktionsweise_IT.png\" alt=\"Funzionalit\u00e0 del sistema IsoText\" width=\"1600\" height=\"1150\" \/><\/p>\n<p>Questo \u00e8 possibile grazie alla combinazione dell&#8217;intonaco termoisolante e della <a href=\"https:\/\/youtu.be\/wZovk682oss\" target=\"_blank\" rel=\"noopener\">tecnologia della membrana riflettente<\/a> contenuta nella pittura funzionale ClimateCoating<sup>\u00ae<\/sup>. Il rivestimento della facciata agisce come una membrana intelligente: quando piove, assorbe solo una quantit\u00e0 limitata di acqua senza trasmetterla alla muratura retrostante. Dopo un breve periodo di saturazione, la membrana si blocca e non assorbe pi\u00f9 acqua, indipendentemente dalla durata della precipitazione. In questo modo si mantiene bassa l&#8217;evaporazione. Analogo agli intonaci per esterni secondo la norma EN 998-1, il rivestimento pu\u00f2 essere classificato come idrorepellente.<\/p>\n<p>La pittura per facciate ThermoProtect \u00e8 inoltre estremamente resistente agli agenti ambientali come i raggi UV e le piogge acide. Il suo effetto antistatico riduce notevolmente l\u2019adesione della polvere. Esistono facciate documentate in cui, anche dopo oltre 20 anni, il rivestimento di tipo membranoso \u00e8 rimasto integro, privo di crepe e pienamente funzionale \u2013 mantenendo cos\u00ec nel tempo l\u2019effetto di risparmio energetico (vedi l&#8217;esempio del progetto <a href=\"https:\/\/www.climatecoating.com\/it\/riferimenti\/riferimenti\/appartamenti-a-perleberg\/\" target=\"_blank\" rel=\"noopener\">Perleberg &#8211; rivestimento della facciata con ThermoProtect<\/a> e il <a href=\"https:\/\/www.climatecoating.com\/pressemitteilung-mehrfamilienhaus-in-spremberg-fassade-nach-25-jahren-noch-wie-neu\/\" target=\"_blank\" rel=\"noopener\">rapporto stampa).<\/a><\/p>\n<p>La combinazione della pittura per facciate <a href=\"https:\/\/www.climatecoating.com\/it\/produkt\/thermoprotect\/\" target=\"_blank\" rel=\"noopener\">ThermoProtect<\/a> con l&#8217;intonaco termoisolante <a href=\"https:\/\/www.climatecoating.com\/it\/produkt\/isotex-r70\/\" target=\"_blank\" rel=\"noopener\">IsoTex R70<\/a> R70 e l\u2019intonaco di stucco IsoTex F50 evidenzia chiaramente i vantaggi del rivoluzionario sistema di isolamento termico IsoTex: lunga durata, protezione completa dagli agenti atmosferici e riduzione sostenibile dei costi di riscaldamento e climatizzazione.<\/p>\n<p><strong>PS: Riducendo l\u2019umidit\u00e0 nella muratura dell\u20191%, \u00e8 possibile risparmiare fino al 10% sui costi di riscaldamento! <\/strong><\/p>\n","protected":false},"excerpt":{"rendered":"<hr \/>\n<p><strong>Intonaco minerale liscio di finitura <\/strong><\/p>\n<p>IsoTex F50 \u00e8 un intonaco di finitura minerale fine per applicazioni interne ed esterne. Viene utilizzato come strato finale di superficie e di livellamento nel sistema ClimateCoating<sup>\u00ae<\/sup> IsoTex \u2013 in particolare sull\u2019intonaco termoisolante <a href=\"https:\/\/www.climatecoating.com\/it\/produkt\/isotex-r70\/\" target=\"_blank\" rel=\"noopener\">IsoTex R70<\/a>.<\/p>\n<p>Grazie alla sua granulometria fine e alla bassa densit\u00e0 apparente, IsoTex F50 crea una superficie liscia, uniforme e priva di tensioni. Le irregolarit\u00e0 dell\u2019intonaco isolante vengono compensate in modo affidabile. Allo stesso tempo, IsoTex F50 costituisce la base ideale per le successive pitture ClimateCoating<sup>\u00ae<\/sup> \u2013 ad esempio la pittura per per facciate <a href=\"https:\/\/www.climatecoating.com\/it\/product\/thermoprotect\/\" target=\"_blank\" rel=\"noopener\">ThermoProtect<\/a> o rivestimenti murali interni di alta qualit\u00e0 come <a href=\"https:\/\/www.climatecoating.com\/it\/produkt\/thermoplus\/\" target=\"_blank\" rel=\"noopener\">ThermoPlus<\/a>, <a href=\"https:\/\/www.climatecoating.com\/it\/produkt\/lumen\/\" target=\"_blank\" rel=\"noopener\">Lumen<\/a> o <a href=\"https:\/\/www.climatecoating.com\/it\/produkt\/thermovital\/\" target=\"_blank\" rel=\"noopener\">Thermovital<\/a>.<\/p>\n<p>In combinazione con IsoTex R70 e la pittura per facciate ThermoProtect, IsoTex F50 favorisce una gestione fisicamente efficace dell\u2019umidit\u00e0, che pu\u00f2 ridurre in modo dimostrabile i costi di riscaldamento e climatizzazione dal 15 al 40%.<\/p>\n<p><strong>I principali vantaggi in sintesi:<\/strong><\/p>\n<div><img loading=\"lazy\" decoding=\"async\" class=\"alignnone wp-image-60501\" title=\"Icon lightweight facade plaster 2 green\" src=\"https:\/\/www.climatecoating.com\/wp-content\/uploads\/2020\/07\/Icon_lightweight-facade-plaster_2_green.png\" alt=\"Icon lightweight facade plaster 2 green\" width=\"50\" height=\"50\" srcset=\"https:\/\/www.climatecoating.com\/wp-content\/uploads\/2020\/07\/Icon_lightweight-facade-plaster_2_green.png 242w, https:\/\/www.climatecoating.com\/wp-content\/uploads\/2020\/07\/Icon_lightweight-facade-plaster_2_green-150x150.png 150w, https:\/\/www.climatecoating.com\/wp-content\/uploads\/2020\/07\/Icon_lightweight-facade-plaster_2_green-100x100.png 100w\" sizes=\"auto, (max-width: 50px) 100vw, 50px\" \/> intonaco di finitura minerale molto leggero per esterni e interni<\/div>\n<div><img loading=\"lazy\" decoding=\"async\" class=\"alignnone wp-image-62138\" title=\"Icon fine grained green\" src=\"https:\/\/www.climatecoating.com\/wp-content\/uploads\/2025\/08\/Icon_fine-grained_green_.png\" alt=\"Icon fine grained green\" width=\"50\" height=\"50\" srcset=\"https:\/\/www.climatecoating.com\/wp-content\/uploads\/2025\/08\/Icon_fine-grained_green_.png 242w, https:\/\/www.climatecoating.com\/wp-content\/uploads\/2025\/08\/Icon_fine-grained_green_-150x150.png 150w, https:\/\/www.climatecoating.com\/wp-content\/uploads\/2025\/08\/Icon_fine-grained_green_-100x100.png 100w\" sizes=\"auto, (max-width: 50px) 100vw, 50px\" \/> granulometria fine (fino a 0,03 mm) per superfici particolarmente lisce<\/div>\n<div><img loading=\"lazy\" decoding=\"async\" class=\"alignnone wp-image-59778\" title=\"Icona risparmio energetico verde\" src=\"https:\/\/www.climatecoating.com\/wp-content\/uploads\/2025\/11\/Icon_energy-saving_green-1.png\" alt=\"Icona risparmio energetico verde\" width=\"50\" height=\"50\" srcset=\"https:\/\/www.climatecoating.com\/wp-content\/uploads\/2025\/11\/Icon_energy-saving_green-1.png 242w, https:\/\/www.climatecoating.com\/wp-content\/uploads\/2025\/11\/Icon_energy-saving_green-1-150x150.png 150w, https:\/\/www.climatecoating.com\/wp-content\/uploads\/2025\/11\/Icon_energy-saving_green-1-100x100.png 100w\" sizes=\"auto, (max-width: 50px) 100vw, 50px\" \/> efficienza energetica nella struttura del sistema<\/div>\n<div><img loading=\"lazy\" decoding=\"async\" class=\"alignnone wp-image-60446\" title=\"Icon raffreddamento evaporativo regolazione dell'umidit\u00e0 verde\" src=\"https:\/\/www.climatecoating.com\/wp-content\/uploads\/2020\/08\/Icon_evaporative-cooling_moisture-regulating_green.png\" alt=\"Icon raffreddamento evaporativo regolazione dell'umidit\u00e0 verde\" width=\"50\" height=\"50\" srcset=\"https:\/\/www.climatecoating.com\/wp-content\/uploads\/2020\/08\/Icon_evaporative-cooling_moisture-regulating_green.png 242w, https:\/\/www.climatecoating.com\/wp-content\/uploads\/2020\/08\/Icon_evaporative-cooling_moisture-regulating_green-150x150.png 150w, https:\/\/www.climatecoating.com\/wp-content\/uploads\/2020\/08\/Icon_evaporative-cooling_moisture-regulating_green-100x100.png 100w\" sizes=\"auto, (max-width: 50px) 100vw, 50px\" \/> regolazione dell\u2019umidit\u00e0 &amp; permeabile al vapore<\/div>\n<div><img loading=\"lazy\" decoding=\"async\" class=\"alignnone wp-image-62166\" title=\"Icon low stress &amp; crack minimizing green\" src=\"https:\/\/www.climatecoating.com\/wp-content\/uploads\/2025\/08\/Icon_low-stress-crack-minimizing_green-2.png\" alt=\"Icon low stress &amp; crack minimizing green\" width=\"50\" height=\"50\" srcset=\"https:\/\/www.climatecoating.com\/wp-content\/uploads\/2025\/08\/Icon_low-stress-crack-minimizing_green-2.png 242w, https:\/\/www.climatecoating.com\/wp-content\/uploads\/2025\/08\/Icon_low-stress-crack-minimizing_green-2-150x150.png 150w, https:\/\/www.climatecoating.com\/wp-content\/uploads\/2025\/08\/Icon_low-stress-crack-minimizing_green-2-100x100.png 100w\" sizes=\"auto, (max-width: 50px) 100vw, 50px\" \/> privo di tensioni &amp; riduzione del rischio di fessurazioni<\/div>\n","protected":false},"featured_media":63653,"template":"","meta":[],"product_brand":[],"product_cat":[4321,2650,2644,2851,2647,2856,2698,2835,2859,2843,2649,2651],"product_tag":[],"class_list":{"0":"post-63656","1":"product","2":"type-product","3":"status-publish","4":"has-post-thumbnail","6":"product_cat-intonaci-esterni-interni","7":"product_cat-fuori","8":"product_cat-aree-di-applicazione","9":"product_cat-esterno-delledificio","10":"product_cat-costruire-e-vivere","11":"product_cat-applicazioni-allinterno-it-3","12":"product_cat-allinterno-di","13":"product_cat-applicazioni-allesterno-it","14":"product_cat-applicazioni-allesterno-it-2","15":"product_cat-applicazioni-allinterno-it","16":"product_cat-edifici-pubblici","17":"product_cat-industria-alberghiera-e-gastronomia","19":"first","20":"instock","21":"taxable","22":"shipping-taxable","23":"purchasable","24":"product-type-variable"},"_links":{"self":[{"href":"https:\/\/www.climatecoating.com\/it\/wp-json\/wp\/v2\/product\/63656","targetHints":{"allow":["GET"]}}],"collection":[{"href":"https:\/\/www.climatecoating.com\/it\/wp-json\/wp\/v2\/product"}],"about":[{"href":"https:\/\/www.climatecoating.com\/it\/wp-json\/wp\/v2\/types\/product"}],"wp:featuredmedia":[{"embeddable":true,"href":"https:\/\/www.climatecoating.com\/it\/wp-json\/wp\/v2\/media\/63653"}],"wp:attachment":[{"href":"https:\/\/www.climatecoating.com\/it\/wp-json\/wp\/v2\/media?parent=63656"}],"wp:term":[{"taxonomy":"product_brand","embeddable":true,"href":"https:\/\/www.climatecoating.com\/it\/wp-json\/wp\/v2\/product_brand?post=63656"},{"taxonomy":"product_cat","embeddable":true,"href":"https:\/\/www.climatecoating.com\/it\/wp-json\/wp\/v2\/product_cat?post=63656"},{"taxonomy":"product_tag","embeddable":true,"href":"https:\/\/www.climatecoating.com\/it\/wp-json\/wp\/v2\/product_tag?post=63656"}],"curies":[{"name":"wp","href":"https:\/\/api.w.org\/{rel}","templated":true}]}}