{"id":27684,"date":"2021-06-08T12:07:34","date_gmt":"2021-06-08T10:07:34","guid":{"rendered":"https:\/\/www.climatecoating.com\/kontakt-2\/"},"modified":"2025-07-16T14:14:02","modified_gmt":"2025-07-16T12:14:02","slug":"kontakt","status":"publish","type":"page","link":"https:\/\/www.climatecoating.com\/pl\/kontakt\/","title":{"rendered":"Kontakt"},"content":{"rendered":"<div class=\"wpb-content-wrapper\"><p>[vc_row row_type=&#8221;row&#8221; use_row_as_full_screen_section=&#8221;no&#8221; type=&#8221;full_width&#8221; text_align=&#8221;left&#8221; background_animation=&#8221;none&#8221; padding_bottom=&#8221;45&#8243; css_animation=&#8221;&#8221;][vc_column][vc_column_text css=&#8221;.vc_custom_1752668026777{padding-bottom: 30px !important;}&#8221;]<\/p>\n<h1 style=\"margin-bottom: 15px;\">Kontakt<\/h1>\n<h3>Skontaktuj si\u0119 z naszym partnerem w Polsce<\/h3>\n<p><strong>ClimateCoating Polska Sp. z o.o.<br \/>\n<\/strong><strong>Biuro Handlowe\/magazyn:<\/strong><\/p>\n<p>ul. Lipowa 2<br \/>\n55-080 K\u0105ty Wroc\u0142awskie<br \/>\nNIP: 8961645475<br \/>\nDaniel Iwankiewicz<br \/>\nKom.: +48 794 414 064<\/p>\n<p><a href=\"https:\/\/www.climatecoating.com\/pl\/\">www.climatecoating.com\/pl<\/a><br \/>\n<a href=\"https:\/\/climatecoating.pl\/\" target=\"_blank\" rel=\"noopener\">climatecoating.pl<\/a>[\/vc_column_text][vc_separator type=&#8221;transparent&#8221; border_style=&#8221;&#8221; up=&#8221;49&#8243; down=&#8221;0&#8243;][vc_column_text css=&#8221;.vc_custom_1723638903869{padding-bottom: 30px !important;}&#8221;]<\/p>\n<h2>Kontakt SICC Coatings GmbH<\/h2>\n<p>Wackenbergstra\u00dfe 78-82, 13156 Berlin, Niemcy<br \/>\n<a href=\"tel:0049305001960\">+49 30 500196-0<\/a> (dost\u0119pno\u015b\u0107: poniedzia\u0142ek-czwartek 8-15:30, pi\u0105tek 8-13:30)[\/vc_column_text][vc_row_inner row_type=&#8221;row&#8221; type=&#8221;full_width&#8221; use_row_as_full_screen_section_slide=&#8221;no&#8221; text_align=&#8221;left&#8221; css_animation=&#8221;&#8221;][vc_column_inner width=&#8221;1\/4&#8243;][vc_single_image image=&#8221;45053&#8243; img_size=&#8221;full&#8221; alignment=&#8221;center&#8221; qode_css_animation=&#8221;&#8221;][vc_column_text css=&#8221;&#8221;]<strong><span class=\"HwtZe\" lang=\"pl\"><span class=\"jCAhz ChMk0b\"><span class=\"ryNqvb\">Rozw\u00f3j:<\/span><\/span><\/span><\/strong><br \/>\nPan Sprenger<br \/>\n<i class=\"fa fa-envelope\" style=\"color: #7b7b7b;\"><\/i> <a href=\"mailto:sprenger@sicc.de\">sprenger@sicc.de<\/a>[\/vc_column_text][\/vc_column_inner][vc_column_inner width=&#8221;1\/4&#8243;][vc_single_image image=&#8221;45062&#8243; img_size=&#8221;full&#8221; alignment=&#8221;center&#8221; qode_css_animation=&#8221;&#8221;][vc_column_text]<strong>Sprzeda\u017c i dystrybucja:<\/strong><br \/>\nPani Riehle<br \/>\n<i class=\"fa fa-envelope\" style=\"color: #7b7b7b;\"><\/i> <a href=\"mailto:riehle@sicc.de\">riehle@sicc.de<\/a>[\/vc_column_text][\/vc_column_inner][vc_column_inner width=&#8221;1\/4&#8243;][vc_single_image image=&#8221;45074&#8243; img_size=&#8221;full&#8221; qode_css_animation=&#8221;&#8221;][vc_column_text]<strong>Zarz\u0105dzanie:<\/strong><br \/>\nPan Walczok<br \/>\n<i class=\"fa fa-envelope\" style=\"color: #7b7b7b;\"><\/i> <a href=\"mailto:info@sicc.de\">info@sicc.de<\/a>[\/vc_column_text][\/vc_column_inner][\/vc_row_inner][vc_column_text]W przypadku pyta\u0144 og\u00f3lnych prosimy o skorzystanie z formularza kontaktowego.<\/p>\n<div class=\"wpcf7 no-js\" id=\"wpcf7-f28789-o1\" lang=\"pl-PL\" dir=\"ltr\" data-wpcf7-id=\"28789\">\n<div class=\"screen-reader-response\"><p role=\"status\" aria-live=\"polite\" aria-atomic=\"true\"><\/p> <ul><\/ul><\/div>\n<form action=\"\/pl\/wp-json\/wp\/v2\/pages\/27684#wpcf7-f28789-o1\" method=\"post\" class=\"wpcf7-form init wpcf7-acceptance-as-validation\" aria-label=\"Formularz kontaktowy\" novalidate=\"novalidate\" data-status=\"init\">\n<fieldset class=\"hidden-fields-container\"><input type=\"hidden\" name=\"_wpcf7\" value=\"28789\" \/><input type=\"hidden\" name=\"_wpcf7_version\" value=\"6.1.5\" \/><input type=\"hidden\" name=\"_wpcf7_locale\" value=\"pl_PL\" \/><input type=\"hidden\" name=\"_wpcf7_unit_tag\" value=\"wpcf7-f28789-o1\" \/><input type=\"hidden\" name=\"_wpcf7_container_post\" value=\"0\" \/><input type=\"hidden\" name=\"_wpcf7_posted_data_hash\" value=\"\" \/><input type=\"hidden\" name=\"_wpcf7_recaptcha_response\" value=\"\" \/>\n<\/fieldset>\n<p><label>Twoje imi\u0119 i nazwisko (pole obowi\u0105zkowe)<br \/>\n<span class=\"wpcf7-form-control-wrap\" data-name=\"your-name\"><input size=\"40\" maxlength=\"400\" class=\"wpcf7-form-control wpcf7-text wpcf7-validates-as-required\" aria-required=\"true\" aria-invalid=\"false\" value=\"\" type=\"text\" name=\"your-name\" \/><\/span> <\/label>\n<\/p>\n<p><label>Tw\u00f3j adres e-mail (pole obowi\u0105zkowe)<br \/>\n<span class=\"wpcf7-form-control-wrap\" data-name=\"your-email\"><input size=\"40\" maxlength=\"400\" class=\"wpcf7-form-control wpcf7-email wpcf7-validates-as-required wpcf7-text wpcf7-validates-as-email\" aria-required=\"true\" aria-invalid=\"false\" value=\"\" type=\"email\" name=\"your-email\" \/><\/span> <\/label>\n<\/p>\n<p><label>Przedmiot:<br \/>\n<span class=\"wpcf7-form-control-wrap\" data-name=\"your-subject\"><input size=\"40\" maxlength=\"400\" class=\"wpcf7-form-control wpcf7-text\" aria-invalid=\"false\" value=\"\" type=\"text\" name=\"your-subject\" \/><\/span> <\/label>\n<\/p>\n<p><label>twoja wiadomo\u015b\u0107<br \/>\n<span class=\"wpcf7-form-control-wrap\" data-name=\"your-message\"><textarea cols=\"40\" rows=\"10\" maxlength=\"2000\" class=\"wpcf7-form-control wpcf7-textarea\" aria-invalid=\"false\" name=\"your-message\"><\/textarea><\/span> <\/label>\n<\/p>\n<p><span id=\"wpcf7-69e097034e407-wrapper\" class=\"wpcf7-form-control-wrap Lieblingsfarbe-wrap\" style=\"display:none !important; visibility:hidden !important;\"><label for=\"lieblingsfarbe\" class=\"hp-message\">Please leave this field empty.<\/label><input id=\"lieblingsfarbe\"  class=\"wpcf7-form-control wpcf7-text\" type=\"text\" name=\"Lieblingsfarbe\" value=\"\" size=\"40\" tabindex=\"-1\" autocomplete=\"new-password\" \/><\/span><br \/>\n<span class=\"wpcf7-form-control-wrap\" data-name=\"cmplz-acceptance\"><span class=\"wpcf7-form-control wpcf7-acceptance\"><span class=\"wpcf7-list-item\"><label><input type=\"checkbox\" name=\"cmplz-acceptance\" value=\"1\" aria-invalid=\"false\" \/><span class=\"wpcf7-list-item-label\">Aby wys\u0142a\u0107 ten formularz musisz zaakceptowa\u0107 nasz\u0105 <a href=\"#?cmplz_region_redirect=true\">polityk\u0119 prywatno\u015bci<\/a>.<\/span><\/label><\/span><\/span><\/span>\n<\/p>\n<p><input class=\"wpcf7-form-control wpcf7-submit has-spinner\" type=\"submit\" value=\"Senden\" \/>\n<\/p><div class=\"wpcf7-response-output\" aria-hidden=\"true\"><\/div>\n<\/form>\n<\/div>\n[\/vc_column_text][vc_separator type=&#8221;transparent&#8221; border_style=&#8221;&#8221; up=&#8221;49&#8243; down=&#8221;0&#8243;][vc_column_text css=&#8221;.vc_custom_1645003791698{padding-bottom: 40px !important;}&#8221;]<\/p>\n<h2>Nasza sie\u0107 partnerska<\/h2>\n<p>\r\n            \r\n            \r\n            \r\n            <a name='map1'><\/a>\r\n            \r\n            \r\n            \r\n            \r\n            <div class=\"wpgmza_map \"  id=\"wpgmza_map_1\" style=\"display:block; overflow:auto; width:100%; height:400px; margin-left:auto !important; margin-right:auto !important; align:center;\" data-settings='{\"id\":\"1\",\"map_title\":\"Unser internationales Partnernetzwerk\",\"map_width\":\"100\",\"map_height\":\"400\",\"map_start_lat\":\"46.545204299999995\",\"map_start_lng\":\"14.925164499999996\",\"map_start_location\":\"62.039604,13.418006\",\"map_start_zoom\":\"2\",\"default_marker\":\"\\\/\\\/www.climatecoating.com\\\/wp-content\\\/plugins\\\/wp-google-maps\\\/images\\\/spotlight-poi2.png\",\"type\":\"1\",\"alignment\":\"4\",\"directions_enabled\":\"0\",\"styling_enabled\":\"0\",\"styling_json\":\"\",\"active\":\"0\",\"kml\":\"\",\"bicycle\":\"0\",\"traffic\":\"0\",\"dbox\":\"1\",\"dbox_width\":\"100\",\"listmarkers\":\"0\",\"listmarkers_advanced\":\"0\",\"filterbycat\":\"0\",\"ugm_enabled\":\"0\",\"ugm_category_enabled\":\"0\",\"fusion\":\"\",\"map_width_type\":\"%\",\"map_height_type\":\"px\",\"mass_marker_support\":\"1\",\"ugm_access\":\"0\",\"order_markers_by\":\"2\",\"order_markers_choice\":\"2\",\"show_user_location\":\"0\",\"default_to\":\"\",\"other_settings\":{\"store_locator_style\":\"legacy\",\"wpgmza_store_locator_radius_style\":\"legacy\",\"directions_box_style\":\"modern\",\"show_distance_from_location\":false,\"map_max_zoom\":\"1\",\"map_min_zoom\":\"21\",\"sl_stroke_color\":\"#000000\",\"sl_stroke_opacity\":\"\",\"sl_fill_color\":\"#000000\",\"sl_fill_opacity\":\"\",\"jump_to_nearest_marker_on_initialization\":false,\"automatically_pan_to_users_location\":false,\"override_users_location_zoom_level\":false,\"click_open_link\":false,\"hide_point_of_interest\":false,\"fit_maps_bounds_to_markers\":true,\"fit_maps_bounds_to_markers_after_filtering\":false,\"wpgmza_auto_night\":0,\"transport_layer\":false,\"polygon_labels\":false,\"enable_marker_ratings\":false,\"iw_primary_color\":\"#000000\",\"iw_accent_color\":\"#000000\",\"iw_text_color\":\"#000000\",\"wpgmza_iw_type\":\"0\",\"list_markers_by\":\"0\",\"push_in_map\":\"\",\"push_in_map_placement\":\"9\",\"wpgmza_push_in_map_width\":\"\",\"wpgmza_push_in_map_height\":\"\",\"wpgmza_theme_data\":\"[{\\\"featureType\\\":\\\"landscape\\\",\\\"stylers\\\":[{\\\"saturation\\\":-100},{\\\"lightness\\\":65},{\\\"visibility\\\":\\\"on\\\"}]},{\\\"featureType\\\":\\\"poi\\\",\\\"stylers\\\":[{\\\"saturation\\\":-100},{\\\"lightness\\\":51},{\\\"visibility\\\":\\\"simplified\\\"}]},{\\\"featureType\\\":\\\"road.highway\\\",\\\"stylers\\\":[{\\\"saturation\\\":-100},{\\\"visibility\\\":\\\"simplified\\\"}]},{\\\"featureType\\\":\\\"road.arterial\\\",\\\"stylers\\\":[{\\\"saturation\\\":-100},{\\\"lightness\\\":30},{\\\"visibility\\\":\\\"on\\\"}]},{\\\"featureType\\\":\\\"road.local\\\",\\\"stylers\\\":[{\\\"saturation\\\":-100},{\\\"lightness\\\":40},{\\\"visibility\\\":\\\"on\\\"}]},{\\\"featureType\\\":\\\"transit\\\",\\\"stylers\\\":[{\\\"saturation\\\":-100},{\\\"visibility\\\":\\\"simplified\\\"}]},{\\\"featureType\\\":\\\"administrative.province\\\",\\\"stylers\\\":[{\\\"visibility\\\":\\\"off\\\"}]},{\\\"featureType\\\":\\\"water\\\",\\\"elementType\\\":\\\"labels\\\",\\\"stylers\\\":[{\\\"visibility\\\":\\\"on\\\"},{\\\"lightness\\\":-25},{\\\"saturation\\\":-100}]},{\\\"featureType\\\":\\\"water\\\",\\\"elementType\\\":\\\"geometry\\\",\\\"stylers\\\":[{\\\"hue\\\":\\\"#ffff00\\\"},{\\\"lightness\\\":-25},{\\\"saturation\\\":-97}]}]\",\"upload_default_ul_marker\":\"\",\"upload_default_sl_marker\":\"\",\"wpgmza_dbox_width_type\":\"%\",\"default_from\":\"\",\"directions_behaviour\":\"default\",\"force_google_directions_app\":false,\"directions_route_origin_icon\":\"https:\\\/\\\/www.climatecoating.com\\\/wp-content\\\/plugins\\\/wp-google-maps\\\/images\\\/spotlight-poi2.png\",\"retina\":false,\"directions_route_destination_icon\":\"https:\\\/\\\/www.climatecoating.com\\\/wp-content\\\/plugins\\\/wp-google-maps\\\/images\\\/spotlight-poi2.png\",\"directions_route_stroke_color\":\"#4f8df5\",\"directions_route_stroke_weight\":\"4\",\"directions_route_stroke_opacity\":\"0.8\",\"enable_advanced_custom_fields_integration\":false,\"enable_toolset_woocommerce_integration\":false,\"shortcodeAttributes\":{\"id\":\"1\"},\"action\":\"wpgmza_save_map\",\"redirect_to\":\"\\\/wp-admin\\\/admin-post.php\",\"map_id\":\"1\",\"http_referer\":\"\\\/wp-admin\\\/admin.php?page=wp-google-maps-menu&amp;amp;action=edit&amp;amp;map_id=1\",\"wpgmza_id\":\"1\",\"wpgmza_start_location\":\"46.545204299999995,14.925164499999996\",\"wpgmza_start_zoom\":\"2\",\"directions_origin_retina\":false,\"directions_destination_retina\":false,\"directions_fit_bounds_to_route\":false,\"store_locator_enabled\":false,\"store_locator_search_area\":\"radial\",\"wpgmza_store_locator_default_radius\":\"10\",\"store_locator_auto_area_max_zoom\":\"\",\"wpgmza_store_locator_restrict\":\"\",\"store_locator_distance\":false,\"wpgmza_store_locator_position\":false,\"store_locator_show_distance\":false,\"store_locator_category\":false,\"wpgmza_store_locator_use_their_location\":false,\"wpgmza_store_locator_bounce\":false,\"wpgmza_sl_animation\":\"0\",\"wpgmza_store_locator_hide_before_search\":false,\"store_locator_query_string\":\"\",\"store_locator_default_address\":\"\",\"store_locator_name_search\":false,\"store_locator_name_string\":\"\",\"store_locator_not_found_message\":\"\",\"wpgmza_map_align\":\"2\",\"override_users_location_zoom_levels\":\"\",\"wpgmza_zoom_on_marker_click\":true,\"wpgmza_zoom_on_marker_click_slider\":\"5\",\"close_infowindow_on_map_click\":true,\"disable_lightbox_images\":false,\"use_Raw_Jpeg_Coordinates\":false,\"disable_polygon_info_windows\":false,\"only_load_markers_within_viewport\":false,\"wpgmza_listmarkers_by\":\"0\",\"wpgmza_marker_listing_position\":false,\"wpgmza_push_in_map\":false,\"wpgmza_push_in_map_placement\":\"1\",\"datatable_no_result_message\":\"\",\"remove_search_box_datables\":false,\"dataTable_pagination_style\":\"default\",\"datatable_search_string\":\"\",\"datatable_result_start\":\"\",\"datatable_result_of\":\"\",\"datatable_result_to\":\"\",\"datatable_result_total\":\"\",\"datatable_result_show\":\"\",\"datatable_result_entries\":\"\",\"wpgmza_savemap\":\"Karte speichern \\u00bb\",\"upload_default_sl_marker_retina\":false,\"upload_default_ul_marker_retina\":false,\"zoom_level_on_marker_listing_override\":false,\"zoom_level_on_marker_listing_click\":\"\",\"wpgmza_theme\":\"3\",\"store_locator_location_placeholder\":\"\",\"marker_listing_disable_zoom\":false,\"enable_marker_labels\":false,\"zoom_level_mobile_override_enabled\":false,\"zoom_level_mobile_override\":\"\"}}' data-map-id='1' data-shortcode-attributes='{\"id\":\"1\"}'> <\/div>\r\n            \r\n               \r\n        [\/vc_column_text][vc_separator type=&#8221;transparent&#8221; border_style=&#8221;&#8221; up=&#8221;49&#8243; down=&#8221;40&#8243;][vc_column_text css=&#8221;.vc_custom_1610581058902{padding-top: 40px !important;}&#8221;]<\/p>\n<h2>Podej\u015bcie<\/h2>\n<p>SICC Coatings GmbH, Wackenbergstra\u00dfe 78-82, 13156 Berlin, Niemcy[\/vc_column_text][\/vc_column][\/vc_row]<\/p>\n<\/div>","protected":false},"excerpt":{"rendered":"<p>[vc_row row_type=&#8221;row&#8221; use_row_as_full_screen_section=&#8221;no&#8221; type=&#8221;full_width&#8221; text_align=&#8221;left&#8221; background_animation=&#8221;none&#8221; padding_bottom=&#8221;45&#8243; css_animation=&#8221;&#8221;][vc_column][vc_column_text css=&#8221;.vc_custom_1752668026777{padding-bottom: 30px !important;}&#8221;] Kontakt Skontaktuj si\u0119 z naszym partnerem w Polsce ClimateCoating Polska Sp. z o.o. Biuro Handlowe\/magazyn: ul. Lipowa 2 55-080 K\u0105ty Wroc\u0142awskie NIP: 8961645475 Daniel Iwankiewicz Kom.: +48 794 414 064 www.climatecoating.com\/pl climatecoating.pl[\/vc_column_text][vc_separator type=&#8221;transparent&#8221; border_style=&#8221;&#8221;&#8230;<\/p>\n","protected":false},"author":1,"featured_media":0,"parent":0,"menu_order":700,"comment_status":"closed","ping_status":"closed","template":"","meta":{"footnotes":""},"class_list":["post-27684","page","type-page","status-publish","hentry"],"_links":{"self":[{"href":"https:\/\/www.climatecoating.com\/pl\/wp-json\/wp\/v2\/pages\/27684","targetHints":{"allow":["GET"]}}],"collection":[{"href":"https:\/\/www.climatecoating.com\/pl\/wp-json\/wp\/v2\/pages"}],"about":[{"href":"https:\/\/www.climatecoating.com\/pl\/wp-json\/wp\/v2\/types\/page"}],"author":[{"embeddable":true,"href":"https:\/\/www.climatecoating.com\/pl\/wp-json\/wp\/v2\/users\/1"}],"replies":[{"embeddable":true,"href":"https:\/\/www.climatecoating.com\/pl\/wp-json\/wp\/v2\/comments?post=27684"}],"version-history":[{"count":0,"href":"https:\/\/www.climatecoating.com\/pl\/wp-json\/wp\/v2\/pages\/27684\/revisions"}],"wp:attachment":[{"href":"https:\/\/www.climatecoating.com\/pl\/wp-json\/wp\/v2\/media?parent=27684"}],"curies":[{"name":"wp","href":"https:\/\/api.w.org\/{rel}","templated":true}]}}