{"id":27732,"date":"2021-06-08T12:09:21","date_gmt":"2021-06-08T10:09:21","guid":{"rendered":"https:\/\/www.climatecoating.com\/serwis\/"},"modified":"2023-04-26T22:55:19","modified_gmt":"2023-04-26T20:55:19","slug":"serwis","status":"publish","type":"page","link":"https:\/\/www.climatecoating.com\/pl\/firma\/serwis\/","title":{"rendered":"Serwis"},"content":{"rendered":"<div class=\"wpb-content-wrapper\"><p>[vc_row row_type=&#8221;row&#8221; use_row_as_full_screen_section=&#8221;no&#8221; type=&#8221;full_width&#8221; text_align=&#8221;left&#8221; background_animation=&#8221;none&#8221; padding_bottom=&#8221;45&#8243; css_animation=&#8221;&#8221;][vc_column][vc_single_image image=&#8221;28232&#8243; img_size=&#8221;full&#8221; qode_css_animation=&#8221;&#8221; css=&#8221;.vc_custom_1604618064781{padding-bottom: 30px !important;}&#8221;][\/vc_column][\/vc_row][vc_row row_type=&#8221;row&#8221; use_row_as_full_screen_section=&#8221;no&#8221; type=&#8221;full_width&#8221; text_align=&#8221;left&#8221; background_animation=&#8221;none&#8221; css_animation=&#8221;&#8221;][vc_column width=&#8221;1\/4&#8243; el_class=&#8221;serviceboxes&#8221;]<div class=\"templatera_shortcode\"><div     class=\"vc_row wpb_row section vc_row-fluid backlink\" style=' text-align:left;'><div class=\" full_section_inner clearfix\"><div class=\"wpb_column vc_column_container vc_col-sm-12\"><div class=\"vc_column-inner\"><div class=\"wpb_wrapper\"><div class=\"ult_row_spacer\"><div class=\"ult-sticky-anchor\"><div class=\"ult-sticky-section ult-sticky \"  data-gutter= '100' data-stick_behaviour= 'stick_with_scroll_row'  data-sticky_position= 'top' data-mobile='no' data-support='no'><div  class=\"wpb_widgetised_column wpb_content_element\">\n\t\t<div class=\"wpb_wrapper\">\n\t\t\t\n\t\t\t\n\t\t<\/div>\n\t<\/div>\n<\/div><div class=\"ult-space\"><\/div><\/div><\/div><\/div><\/div><\/div><\/div><\/div><\/div>[\/vc_column][vc_column width=&#8221;3\/4&#8243;][vc_column_text css=&#8221;.vc_custom_1610449799770{padding-bottom: 20px !important;}&#8221;]<\/p>\n<h1>Serwis<\/h1>\n<p>[\/vc_column_text][vc_row_inner row_type=&#8221;row&#8221; type=&#8221;full_width&#8221; use_row_as_full_screen_section_slide=&#8221;no&#8221; text_align=&#8221;left&#8221; css_animation=&#8221;&#8221; css=&#8221;.vc_custom_1610450945201{padding-bottom: 30px !important;}&#8221;][vc_column_inner width=&#8221;1\/3&#8243;]<div class=\"image_with_text\"><img decoding=\"async\" src=\"https:\/\/www.climatecoating.com\/wp-content\/uploads\/2020\/12\/service_Planer-Beratung.jpg\" alt=\"Service - Planer Beratung\" \/><h2 >Beratung f\u00fcr Planer<\/h2><span style=\"margin: 6px 0px;\" class=\"separator transparent\"><\/span>Pa\u0144stwa projekty to nasza codzienna praca. Wspieramy Pa\u0144stwa w powlekaniu zada\u0144 od planowania do realizacji.<\/div>[\/vc_column_inner][vc_column_inner width=&#8221;1\/3&#8243;]<div class=\"image_with_text\"><img decoding=\"async\" src=\"https:\/\/www.climatecoating.com\/wp-content\/uploads\/2020\/12\/service_Farbfaecher.jpg\" alt=\"Service - Farbf\u00e4cher\" \/><h2 >Farbenvielfalt f\u00fcr Ihr Projekt<\/h2><span style=\"margin: 6px 0px;\" class=\"separator transparent\"><\/span>To oni nadaj\u0105 ton. Spe\u0142niamy Pa\u0144stwa marzenia o kolorze &#8211; z ponad 100.000 odcieni kolor\u00f3w, ch\u0119tnie tak\u017ce wed\u0142ug RAL, NCS lub innych popularnych system\u00f3w kolorystycznych.<\/div>[\/vc_column_inner][vc_column_inner width=&#8221;1\/3&#8243;]<div class=\"image_with_text\"><img decoding=\"async\" src=\"https:\/\/www.climatecoating.com\/wp-content\/uploads\/2020\/12\/service_Broschuere-Werbemittel.jpg\" alt=\"Service - Brosch\u00fcre Werbemittel\" \/><h2 >Spezielle Produktinfos<\/h2><span style=\"margin: 6px 0px;\" class=\"separator transparent\"><\/span>Dowiedz si\u0119. <a href=\"https:\/\/www.climatecoating.com\/pl\/biblioteka-multimediow\/\">Tutaj znajd\u0105 Pa\u0144stwo aktualne informacje o produktach w formie plik\u00f3w do pobrania lub interaktywnej.<\/a><\/div>[\/vc_column_inner][\/vc_row_inner][vc_row_inner row_type=&#8221;row&#8221; type=&#8221;full_width&#8221; use_row_as_full_screen_section_slide=&#8221;no&#8221; text_align=&#8221;left&#8221; css_animation=&#8221;&#8221; css=&#8221;.vc_custom_1610451346022{padding-bottom: 20px !important;}&#8221;][vc_column_inner width=&#8221;1\/3&#8243;]<div class=\"image_with_text\"><img decoding=\"async\" src=\"https:\/\/www.climatecoating.com\/wp-content\/uploads\/2020\/12\/service_Versand.jpg\" alt=\"Service - Versand\" \/><h2 >Globaler Versand<\/h2><span style=\"margin: 6px 0px;\" class=\"separator transparent\"><\/span>Potrzebujecie Pa\u0144stwo w kr\u00f3tkim czasie r\u00f3\u017cnych asortyment\u00f3w kontener\u00f3w w Azji? Zorganizujemy dla Pa\u0144stwa ka\u017cdy transport, zgodnie z Pa\u0144stwa \u017cyczeniem.<\/div>[\/vc_column_inner][vc_column_inner width=&#8221;1\/3&#8243;]<div class=\"image_with_text\"><img decoding=\"async\" src=\"https:\/\/www.climatecoating.com\/wp-content\/uploads\/2020\/12\/service_Referenzen.jpg\" alt=\"Service - Referenzen\" \/><h2 >Weltweite Referenzen<\/h2><span style=\"margin: 6px 0px;\" class=\"separator transparent\"><\/span>Przekonaj si\u0119 o rozwi\u0105zaniach pow\u0142ok i opanowanych wyzwaniach. <a href=\"https:\/\/www.climatecoating.com\/pl\/referencje\/\">Zanurz si\u0119 w naszych referencjach.<\/a><\/div>[\/vc_column_inner][vc_column_inner width=&#8221;1\/3&#8243;]<div class=\"image_with_text\"><img decoding=\"async\" src=\"https:\/\/www.climatecoating.com\/wp-content\/uploads\/2020\/12\/service_SocialMedia.jpg\" alt=\"Service - SocialMedia\" \/><h2 >Social Media<\/h2><span style=\"margin: 6px 0px;\" class=\"separator transparent\"><\/span>Tutaj znajd\u0105 Pa\u0144stwo nas i naszych partner\u00f3w:<\/p>\n<ul>\n<li><a href=\"https:\/\/www.facebook.com\/climatecoating\">Facebook<\/a><\/li>\n<li><a href=\"https:\/\/www.youtube.com\/channel\/UCSMRr-e31t2xlUXyIAlmw-Q\">YouTube<\/a><\/li>\n<\/ul>\n<p><\/div>[\/vc_column_inner][\/vc_row_inner][vc_column_text css=&#8221;.vc_custom_1610451352838{padding-bottom: 30px !important;}&#8221;]Ch\u0119tnie wesprzemy Pa\u0144stwa naszym do\u015bwiadczeniem i nasz\u0105 \u015bwiatow\u0105 sieci\u0105.<br \/>\n<a href=\"https:\/\/www.climatecoating.com\/pl\/kontakt\/\">Skorzystaj z nas!<\/a>[\/vc_column_text][\/vc_column][\/vc_row]<\/p>\n<\/div>","protected":false},"excerpt":{"rendered":"Serwis Beratung f\u00fcr PlanerPa\u0144stwa projekty to nasza codzienna praca. Wspieramy Pa\u0144stwa w powlekaniu zada\u0144 od planowania do realizacji.Farbenvielfalt f\u00fcr Ihr ProjektTo oni nadaj\u0105 ton. Spe\u0142niamy Pa\u0144stwa marzenia o kolorze - z ponad 100.000 odcieni kolor\u00f3w, ch\u0119tnie tak\u017ce wed\u0142ug RAL, NCS lub innych popularnych system\u00f3w kolorystycznych.Spezielle...","protected":false},"author":1,"featured_media":0,"parent":28199,"menu_order":685,"comment_status":"closed","ping_status":"closed","template":"","meta":{"footnotes":""},"class_list":["post-27732","page","type-page","status-publish","hentry"],"_links":{"self":[{"href":"https:\/\/www.climatecoating.com\/pl\/wp-json\/wp\/v2\/pages\/27732","targetHints":{"allow":["GET"]}}],"collection":[{"href":"https:\/\/www.climatecoating.com\/pl\/wp-json\/wp\/v2\/pages"}],"about":[{"href":"https:\/\/www.climatecoating.com\/pl\/wp-json\/wp\/v2\/types\/page"}],"author":[{"embeddable":true,"href":"https:\/\/www.climatecoating.com\/pl\/wp-json\/wp\/v2\/users\/1"}],"replies":[{"embeddable":true,"href":"https:\/\/www.climatecoating.com\/pl\/wp-json\/wp\/v2\/comments?post=27732"}],"version-history":[{"count":0,"href":"https:\/\/www.climatecoating.com\/pl\/wp-json\/wp\/v2\/pages\/27732\/revisions"}],"up":[{"embeddable":true,"href":"https:\/\/www.climatecoating.com\/pl\/wp-json\/wp\/v2\/pages\/28199"}],"wp:attachment":[{"href":"https:\/\/www.climatecoating.com\/pl\/wp-json\/wp\/v2\/media?parent=27732"}],"curies":[{"name":"wp","href":"https:\/\/api.w.org\/{rel}","templated":true}]}}