{"id":27796,"date":"2021-06-08T12:10:15","date_gmt":"2021-06-08T10:10:15","guid":{"rendered":"https:\/\/www.climatecoating.com\/slowniczek\/"},"modified":"2026-02-03T16:40:30","modified_gmt":"2026-02-03T15:40:30","slug":"slowniczek","status":"publish","type":"page","link":"https:\/\/www.climatecoating.com\/pl\/obszar-klienta\/slowniczek\/","title":{"rendered":"S\u0142owniczek"},"content":{"rendered":"<div class=\"wpb-content-wrapper\"><p>[vc_row row_type=&#8221;row&#8221; use_row_as_full_screen_section=&#8221;no&#8221; type=&#8221;full_width&#8221; text_align=&#8221;left&#8221; background_animation=&#8221;none&#8221; padding_bottom=&#8221;45&#8243; css_animation=&#8221;&#8221;][vc_column width=&#8221;1\/4&#8243;]<div class=\"ult_row_spacer\"><div class=\"ult-sticky-anchor\"><div class=\"ult-sticky-section ult-sticky \"  data-stick_behaviour= 'stick_with_scroll_row'  data-sticky_position= 'top' data-mobile='no' data-support='no'>[vc_raw_html css=&#8221;&#8221;]JTVCY213aXphcmQlMjB3aWRnZXQlM0QyJTJGJTVE[\/vc_raw_html]<\/div><div class=\"ult-space\"><\/div><\/div><\/div>[\/vc_column][vc_column width=&#8221;3\/4&#8243;][vc_column_text]<\/p>\n<h1>S\u0142owniczek<\/h1>\n<p>[\/vc_column_text][vc_separator type=&#8221;normal&#8221; border_style=&#8221;&#8221; down=&#8221;30&#8243;][vc_column_text css=&#8221;.vc_custom_1612193303298{padding-bottom: 30px !important;}&#8221;]<\/p>\n<h2>dioda higryczna<\/h2>\n<p>Poj\u0119cie diody w sensie konwencjonalnym: Dioda (greckie: di <em>,<\/em> &#8216;dwa&#8217;, &#8216;podw\u00f3jny&#8217;; <em>hodos<\/em> &#8216;droga&#8217;) jest elementem elektronicznym o dw\u00f3ch biegunach. Termin dioda jest u\u017cywany jako synonim terminu &#8220;prostownik niesterowany&#8221;. Dioda higryczna, na przyk\u0142ad, jest membran\u0105, kt\u00f3ra ma ograniczaj\u0105cy wp\u0142yw na transport wody. Transport wody jest rektyfikowany (jednokierunkowy), poniewa\u017c woda mo\u017ce przep\u0142ywa\u0107 przez diod\u0119 higryczn\u0105 tylko w jednym kierunku. Diod\u0119 higryczn\u0105 mo\u017cna zatem por\u00f3wna\u0107 do mechanicznego zaworu zwrotnego, poniewa\u017c ten ostatni umo\u017cliwia przep\u0142yw masy tylko w jednym kierunku.[\/vc_column_text][vc_separator type=&#8221;normal&#8221; border_style=&#8221;&#8221; down=&#8221;30&#8243;][vc_column_text css=&#8221;.vc_custom_1612193477827{padding-bottom: 30px !important;}&#8221;]<\/p>\n<h2>Entropia<\/h2>\n<p>Entropia musi by\u0107 postrzegana jako wielko\u015b\u0107 podobna do ilo\u015bci (zawarto\u015b\u0107 energii), kt\u00f3ra mo\u017ce przep\u0142ywa\u0107 lub by\u0107 zawarta w cia\u0142ach: Z dw\u00f3ch jednakowych cia\u0142, to, kt\u00f3rego temperatura jest wy\u017csza, zawiera wi\u0119cej entropii. Je\u015bli dwa cia\u0142a o r\u00f3\u017cnych temperaturach stykaj\u0105 si\u0119 ze sob\u0105, entropia przep\u0142ywa z cia\u0142a cieplejszego do zimniejszego; w rezultacie temperatury obu cia\u0142 r\u00f3wnie\u017c si\u0119 wyr\u00f3wnuj\u0105.<\/p>\n<p><em>(\u0179r\u00f3d\u0142o: Wikipedia)<\/em>[\/vc_column_text][vc_separator type=&#8221;normal&#8221; border_style=&#8221;&#8221; down=&#8221;30&#8243;][vc_column_text css=&#8221;.vc_custom_1612193484977{padding-bottom: 30px !important;}&#8221;]<\/p>\n<h2>zmienna dyfuzja<\/h2>\n<p>Ci\u015bnienie pary wodnej w powietrzu zale\u017cy od ilo\u015bci wody w powietrzu i od temperatury. Wraz ze wzrostem temperatury wzrasta ci\u015bnienie pary, znamy to z czajnika do herbaty, kt\u00f3ry gwi\u017cd\u017ce, gdy woda jest wystarczaj\u0105co gor\u0105ca. Ze wzgl\u0119du na wilgotno\u015b\u0107 i temperatur\u0119, ci\u015bnienie pary wewn\u0105trz i na zewn\u0105trz jest r\u00f3\u017cne. Para wodna przemieszcza si\u0119 od wysokiego do niskiego ci\u015bnienia, a tak\u017ce pod\u0105\u017ca za tym gradientem przez \u015bcian\u0119 zewn\u0119trzn\u0105 &#8211; dyfunduje. W lecie para wodna przemieszcza si\u0119 do wewn\u0105trz, w zimie na zewn\u0105trz. Dlatego \u015bciany zewn\u0119trzne staj\u0105 si\u0119 wilgotne w lecie i suche w zimie. Membrana refleksyjna utrudnia migracj\u0119 pary wodnej do wn\u0119trza budynku w lecie i u\u0142atwia ucieczk\u0119 pary wodnej na zewn\u0105trz w zimie. Ta w\u0142a\u015bciwo\u015b\u0107 (zmienna dyfuzja) sprawia, \u017ce \u015bciany s\u0105 bardziej suche.[\/vc_column_text][vc_separator type=&#8221;normal&#8221; border_style=&#8221;&#8221; down=&#8221;30&#8243;][vc_column_text css=&#8221;.vc_custom_1612193528279{padding-bottom: 30px !important;}&#8221;]<\/p>\n<h2>Odbicie w podczerwieni<\/h2>\n<p>Podczerwie\u0144 jest niewidzialn\u0105 cz\u0119\u015bci\u0105 d\u0142ugofalowego promieniowania cieplnego pomi\u0119dzy \u015bwiat\u0142em widzialnym a mikrofalami. D\u0142ugo\u015b\u0107 fali w podczerwieni wynosi od 780 nm do 1 000 \u00b5m. Zakres od 3 do 50 \u00b5m nazywany jest MIR (middle IR) jako cz\u0119\u015b\u0107 IR-C. Spo\u015br\u00f3d nich istotny jest zakres od 9,25 do 11,45 \u00b5m, co odpowiada temperaturom od +40 do -20\u00b0C. Promieniowanie cieplne jest poch\u0142aniane i odbijane przez elementy nieprzezroczyste (A + R = 1). W przeciwie\u0144stwie do konwencjonalnych farb, w membranie odbijaj\u0105cej dzi\u0119ki ceramicznym pustym kulkom zachodz\u0105 procesy fizyki optycznej (fizyki promieniowania), kt\u00f3re w uproszczeniu okre\u015bla si\u0119 jako IR reflection. W rezultacie uzyskuje si\u0119 wy\u017csz\u0105 i bardziej r\u00f3wnomiern\u0105 temperatur\u0119 powierzchni od wewn\u0105trz oraz mniejsze straty promieniowania od zewn\u0105trz &#8211; a tym samym wi\u0119kszy komfort cieplny i mniejsze zapotrzebowanie na energi\u0119 grzewcz\u0105.[\/vc_column_text][vc_separator type=&#8221;normal&#8221; border_style=&#8221;&#8221; down=&#8221;30&#8243;][vc_column_text css=&#8221;.vc_custom_1612193572760{padding-bottom: 30px !important;}&#8221;]<\/p>\n<h2>Pr\u0105dy konwekcyjne<\/h2>\n<p>Termin konwekcja pochodzi z p\u00f3\u017anej \u0142aciny <em>convectio<\/em>, co mo\u017cna przet\u0142umaczy\u0107 jako &#8220;przynosi\u0107&#8221;, &#8220;nie\u015b\u0107&#8221;. W tym odniesieniu termin ten oznacza fizyczny ruch przep\u0142ywu, kt\u00f3ry odbywa si\u0119 w o\u015brodku gazowym (p\u0142ynie), a z drugiej strony zjawisko polegaj\u0105ce na tym, \u017ce najmniejsze cz\u0105steczki przep\u0142ywu nios\u0105 ze sob\u0105 energi\u0119, np. energi\u0119 ciepln\u0105. Pr\u0105dy konwekcyjne mog\u0105 by\u0107 spowodowane tym, \u017ce powietrze w dolnej cz\u0119\u015bci pomieszczenia mieszkalnego jest ogrzewane przez grzejnik, tworz\u0105c r\u00f3\u017cnic\u0119 temperatur pomi\u0119dzy g\u00f3r\u0105 a do\u0142em.<\/p>\n<p>Ciep\u0142e cz\u0119\u015bci p\u0142yn\u0105ce ku g\u00f3rze och\u0142adzaj\u0105 si\u0119 tutaj i opadaj\u0105 ponownie w d\u00f3\u0142. W ten spos\u00f3b powstaje przep\u0142yw konwekcyjny. Proces ten odbywa si\u0119 zar\u00f3wno wewn\u0105trz, jak i na zewn\u0105trz \u015bcian. Ciep\u0142o jest przekazywane do wewn\u0105trz na powierzchni\u0119 \u015bciany, a na zewn\u0105trz do powietrza.[\/vc_column_text][vc_separator type=&#8221;normal&#8221; border_style=&#8221;&#8221; down=&#8221;30&#8243;][vc_column_text css=&#8221;.vc_custom_1612193635299{padding-bottom: 30px !important;}&#8221;]<\/p>\n<h2>Mostki termiczne<\/h2>\n<p>Mostek termiczny (cz\u0119sto potocznie nazywany zimnym mostkiem) to obszar w elementach budowlanych, przez kt\u00f3ry ciep\u0142o jest transportowane na zewn\u0105trz szybciej ni\u017c przez s\u0105siednie elementy. Rozr\u00f3\u017cnia si\u0119 konstrukcyjne i geometryczne mostki cieplne. Konstrukcyjne mostki cieplne powstaj\u0105 w wyniku zastosowania materia\u0142\u00f3w o r\u00f3\u017cnej przewodno\u015bci cieplnej. Przyk\u0142adem mog\u0105 by\u0107 po\u0142\u0105czenia p\u0142yt \u017celbetowych ze \u015bcianami zewn\u0119trznymi, belki wie\u0144cowe lub wn\u0119ki na kaloryfery.<\/p>\n<p>Geometryczne mostki cieplne wyst\u0119puj\u0105, gdy powierzchnia wewn\u0119trzna nie jest taka sama jak powierzchnia zewn\u0119trzna, na przyk\u0142ad z powodu wyst\u0119p\u00f3w lub naro\u017cnik\u00f3w w sk\u0105din\u0105d jednorodnym elemencie. Przyk\u0142adem tego jest zewn\u0119trzny naro\u017cnik domu, gdzie stosunek zimnej \u015bciany zewn\u0119trznej do ciep\u0142ej \u015bciany wewn\u0119trznej wzrasta.<\/p>\n<p><em>(\u0179r\u00f3d\u0142o: Wikipedia)<\/em>[\/vc_column_text][vc_separator type=&#8221;normal&#8221; border_style=&#8221;&#8221; down=&#8221;30&#8243;][vc_column_text css=&#8221;.vc_custom_1612193662536{padding-bottom: 30px !important;}&#8221;]<\/p>\n<h2>Zamg\u0142awianie<\/h2>\n<p>Osadzanie si\u0119 ciemnych cz\u0105stek (czarnego py\u0142u) na \u015bcianach wewn\u0119trznych. W ci\u0119\u017ckich przypadkach powstaje wra\u017cenie osadzania si\u0119 sadzy. Przyczyny tego zjawiska nie s\u0105 jeszcze jasne. Poniewa\u017c jednak efekt ten wyst\u0119puje cz\u0119\u015bciej w okresie grzewczym, przyjmuje si\u0119, \u017ce osady nisko lotnych zwi\u0105zk\u00f3w organicznych (tzw. plastyfikator\u00f3w) i innych emiter\u00f3w s\u0105 zawirowywane przez pr\u0105dy konwekcyjne (patrz: Pr\u0105dy konwekcyjne) i osadzaj\u0105 si\u0119 na \u015bcianach i sufitach.[\/vc_column_text][vc_separator type=&#8221;normal&#8221; border_style=&#8221;&#8221; down=&#8221;30&#8243;][vc_column_text css=&#8221;.vc_custom_1612193724677{padding-bottom: 30px !important;}&#8221;]<\/p>\n<h2>Transport ciep\u0142a przesy\u0142owego\/ straty ciep\u0142a przesy\u0142owego<\/h2>\n<p>Transport energii (cieplnej) pomi\u0119dzy obszarami o r\u00f3\u017cnej temperaturze dzi\u0119ki przewodzeniu ciep\u0142a w cia\u0142ach sta\u0142ych, takich jak \u015bciana (cz\u0105steczki zderzaj\u0105 si\u0119 ze sob\u0105). Strumie\u0144 ciep\u0142a przep\u0142ywa zawsze od obszar\u00f3w o wy\u017cszej energii do obszar\u00f3w o ni\u017cszej energii, czyli tutaj: od ciep\u0142a do zimna. Straty energii podczas tego transportu nazywane s\u0105 r\u00f3wnie\u017c stratami ciep\u0142a przesy\u0142u. S\u0105 one okre\u015blane przez wsp\u00f3\u0142czynnik przenikania ciep\u0142a. Inne formy przekazywania energii to konwekcja i promieniowanie. Transmisja mo\u017ce by\u0107 zredukowana poprzez zmniejszenie promieniowania na elewacji.[\/vc_column_text][vc_separator type=&#8221;normal&#8221; border_style=&#8221;&#8221; down=&#8221;30&#8243;][vc_column_text css=&#8221;.vc_custom_1612193752962{padding-bottom: 30px !important;}&#8221;]<\/p>\n<h2>Suszenie kapilarne<\/h2>\n<p>Kapilarno\u015b\u0107 to termin u\u017cywany do opisu zachowania si\u0119 cieczy w kapilarach, zwanych r\u00f3wnie\u017c rurkami w\u0142osowatymi. Je\u015bli si\u0142y przylegania mi\u0119dzy ciecz\u0105 a \u015bcian\u0105 kapilary s\u0105 wi\u0119ksze ni\u017c si\u0142y sp\u00f3jno\u015bci mi\u0119dzy cz\u0105steczkami cieczy, ciecz &#8220;wpe\u0142za&#8221; do kapilary, nawet wbrew grawitacji i tym bardziej kapilary s\u0105 \/ staj\u0105 si\u0119 w\u0105skie. Je\u017celi w tym procesie ciecz jest transportowana z materia\u0142u (np. muru) na powierzchni\u0119, gdzie nast\u0119pnie odparowuje, to jest to tzw. suszenie kapilarne. Tynk zewn\u0119trzny ma drobniejszy system kapilarny ni\u017c mur, a membrana refleksyjna ma drobniejszy system kapilarny ni\u017c tynk zewn\u0119trzny. W ten spos\u00f3b powstaje transport kierunkowy, a w efekcie bardziej suche \u015bciany.[\/vc_column_text][vc_separator type=&#8221;normal&#8221; border_style=&#8221;&#8221; down=&#8221;30&#8243;][vc_column_text css=&#8221;.vc_custom_1612193782235{padding-bottom: 30px !important;}&#8221;]<\/p>\n<h2>procesy endotermiczne<\/h2>\n<p>Synonim proces\u00f3w zachodz\u0105cych w <em>pow\u0142okach ClimateCoating<sup>\u00ae<\/sup><\/em>, kt\u00f3re zmieniaj\u0105 si\u0119 w zale\u017cno\u015bci od wp\u0142yw\u00f3w zewn\u0119trznych, takich jak temperatura i wilgotno\u015b\u0107. W chemii, endotermiczny oznacza, \u017ce energia jest poch\u0142aniana lub pozyskiwana.[\/vc_column_text][vc_separator type=&#8221;normal&#8221; border_style=&#8221;&#8221; down=&#8221;30&#8243;][vc_column_text css=&#8221;.vc_custom_1612193815973{padding-bottom: 30px !important;}&#8221;]<\/p>\n<h2>Granice odniesienia jasno\u015bci<\/h2>\n<p>Warto\u015b\u0107 jasno\u015bci to wsp\u00f3\u0142czynnik odbicia okre\u015blonego odcienia koloru pomi\u0119dzy czerni\u0105 = 0 a biel\u0105 = 100. Wskazuje, jak daleko dany odcie\u0144 znajduje si\u0119 od czarnego lub bia\u0142ego punktu w swojej jasno\u015bci. W przewodnikach kolor\u00f3w warto\u015b\u0107 jasno\u015bci jest podawana obok numeru koloru. O warto\u015bci jasno\u015bci nie decyduje ani stopie\u0144 po\u0142ysku, ani zastosowane spoiwo, lecz jedynie rodzaj i poziom barwnej pigmentacji.[\/vc_column_text][vc_separator type=&#8221;normal&#8221; border_style=&#8221;&#8221; down=&#8221;30&#8243;][vc_column_text css=&#8221;.vc_custom_1612193850797{padding-bottom: 30px !important;}&#8221;]<\/p>\n<h2>membrana odblaskowa<\/h2>\n<p>to skr\u00f3towe okre\u015blenie wysokiej jako\u015bci dyspersji, wzbogaconej ceramicznymi sferami i aktywatorami o wielko\u015bci zaledwie 20-120 mikrometr\u00f3w, kt\u00f3ra w po\u0142\u0105czeniu z monolitycznym murem uruchamia wzajemnie zale\u017cne, z\u0142o\u017cone procesy fizyki budowli. Maj\u0105 one pozytywny wp\u0142yw na transport wilgoci i ciep\u0142a, a tym samym na bilans energetyczny.[\/vc_column_text][\/vc_column][\/vc_row]<\/p>\n<\/div>","protected":false},"excerpt":{"rendered":"<p>[vc_row row_type=&#8221;row&#8221; use_row_as_full_screen_section=&#8221;no&#8221; type=&#8221;full_width&#8221; text_align=&#8221;left&#8221; background_animation=&#8221;none&#8221; padding_bottom=&#8221;45&#8243; css_animation=&#8221;&#8221;][vc_column width=&#8221;1\/4&#8243;][\/vc_column][vc_column width=&#8221;3\/4&#8243;][vc_column_text] S\u0142owniczek [\/vc_column_text][vc_separator type=&#8221;normal&#8221; border_style=&#8221;&#8221; down=&#8221;30&#8243;][vc_column_text css=&#8221;.vc_custom_1612193303298{padding-bottom: 30px !important;}&#8221;] dioda higryczna Poj\u0119cie diody w sensie konwencjonalnym: Dioda (greckie: di , &#8216;dwa&#8217;, &#8216;podw\u00f3jny&#8217;; hodos &#8216;droga&#8217;) jest elementem elektronicznym o dw\u00f3ch biegunach. Termin dioda jest u\u017cywany jako synonim&#8230;<\/p>\n","protected":false},"author":1,"featured_media":0,"parent":61495,"menu_order":690,"comment_status":"closed","ping_status":"closed","template":"","meta":{"footnotes":""},"class_list":["post-27796","page","type-page","status-publish","hentry"],"_links":{"self":[{"href":"https:\/\/www.climatecoating.com\/pl\/wp-json\/wp\/v2\/pages\/27796","targetHints":{"allow":["GET"]}}],"collection":[{"href":"https:\/\/www.climatecoating.com\/pl\/wp-json\/wp\/v2\/pages"}],"about":[{"href":"https:\/\/www.climatecoating.com\/pl\/wp-json\/wp\/v2\/types\/page"}],"author":[{"embeddable":true,"href":"https:\/\/www.climatecoating.com\/pl\/wp-json\/wp\/v2\/users\/1"}],"replies":[{"embeddable":true,"href":"https:\/\/www.climatecoating.com\/pl\/wp-json\/wp\/v2\/comments?post=27796"}],"version-history":[{"count":1,"href":"https:\/\/www.climatecoating.com\/pl\/wp-json\/wp\/v2\/pages\/27796\/revisions"}],"predecessor-version":[{"id":63047,"href":"https:\/\/www.climatecoating.com\/pl\/wp-json\/wp\/v2\/pages\/27796\/revisions\/63047"}],"up":[{"embeddable":true,"href":"https:\/\/www.climatecoating.com\/pl\/wp-json\/wp\/v2\/pages\/61495"}],"wp:attachment":[{"href":"https:\/\/www.climatecoating.com\/pl\/wp-json\/wp\/v2\/media?parent=27796"}],"curies":[{"name":"wp","href":"https:\/\/api.w.org\/{rel}","templated":true}]}}