{"id":27814,"date":"2021-06-08T12:10:33","date_gmt":"2021-06-08T10:10:33","guid":{"rendered":"https:\/\/www.climatecoating.com\/ogrod-i-wypoczynek\/"},"modified":"2021-06-28T18:46:56","modified_gmt":"2021-06-28T16:46:56","slug":"ogrod-i-wypoczynek","status":"publish","type":"page","link":"https:\/\/www.climatecoating.com\/pl\/obszary-zastosowania\/ogrod-i-wypoczynek\/","title":{"rendered":"Ogr\u00f3d i wypoczynek"},"content":{"rendered":"<div class=\"wpb-content-wrapper\"><p>[vc_row row_type=&#8221;row&#8221; use_row_as_full_screen_section=&#8221;no&#8221; type=&#8221;full_width&#8221; text_align=&#8221;left&#8221; background_animation=&#8221;none&#8221; padding_bottom=&#8221;45&#8243; css_animation=&#8221;&#8221;][vc_column][vc_single_image image=&#8221;30710&#8243; img_size=&#8221;full&#8221; qode_css_animation=&#8221;&#8221; css=&#8221;.vc_custom_1605018940325{padding-bottom: 30px !important;}&#8221;][vc_column_text]<\/p>\n<h1>Ogr\u00f3d i wypoczynek<\/h1>\n<p>[\/vc_column_text][vc_column_text css=&#8221;.vc_custom_1612435112611{padding-bottom: 30px !important;}&#8221;]Dzi\u0119ki zaawansowanemu technologicznie systemowi pow\u0142ok do zewn\u0119trznych element\u00f3w drewnianych ClimateCoating<sup>\u00ae<\/sup> odnosi sukces tam, gdzie inni zawodz\u0105: ponadprzeci\u0119tna d\u0142ugotrwa\u0142a ochrona, kt\u00f3ra si\u0119 nie \u0142uszczy. Doskona\u0142a metamorfoza dla pergoli, ogrodzenia i chaty z p\u0142etwami.<\/p>\n<p><strong>Najpi\u0119kniejszy materia\u0142 na \u015bwiecie  <\/strong><br \/>\n\u017baden inny materia\u0142 nie \u0142\u0105czy w sobie wi\u0119cej zalet w zakresie r\u00f3\u017cnorodno\u015bci, wzornictwa, funkcjonalno\u015bci, emocji, ekologii i jako\u015bci \u017cycia ni\u017c drewno. Drewno jest najstarszym i najbardziej naturalnym materia\u0142em budowlanym znanym cz\u0142owiekowi. Poniewa\u017c jednak drewno jest tak \u017cywe, reaguje ono wra\u017cliwie na wp\u0142ywy atmosferyczne, takie jak wilgo\u0107, promieniowanie UV, zanieczyszczenia powietrza, a tak\u017ce na grzyby, szkodniki i owady. Dlatego drewno wymaga regularnej piel\u0119gnacji, aby na d\u0142ugo zachowa\u0142o swoje pi\u0119kno i funkcjonalno\u015b\u0107.<\/p>\n<p><strong>Przyk\u0142ady zastosowania<br \/>\n<\/strong>Oferujemy Pa\u0144stwu pow\u0142oki kryj\u0105ce i lazuruj\u0105ce do wszystkich ograniczonych wymiarowo i niewymiarowo stabilnych element\u00f3w drewnianych na zewn\u0105trz. Chroni\u0107 i upi\u0119ksza\u0107, na przyk\u0142ad deski z pi\u00f3rem i wpustem, kratownice, okiennice, parapety balkonowe, gonty, pergole i p\u0142oty. Chcesz wiedzie\u0107 wi\u0119cej? Prosz\u0119 spojrze\u0107 na te <a href=\"https:\/\/www.climatecoating.com\/pl\/referencje\/dom-z-drewna\/\">projekty<\/a> lub wys\u0142a\u0107 nam <a href=\"https:\/\/www.climatecoating.com\/pl\/produkty\/history\/\">zapytanie dotycz\u0105ce ClimateCoating<sup>\u00ae<\/sup> &#8211; Nature <\/a>.[\/vc_column_text][vc_row_inner row_type=&#8221;row&#8221; type=&#8221;full_width&#8221; use_row_as_full_screen_section_slide=&#8221;no&#8221; text_align=&#8221;left&#8221; css_animation=&#8221;&#8221;][vc_column_inner width=&#8221;1\/4&#8243;][vc_column_text]KOLOROWA OCHRONA DREWNA[\/vc_column_text][vc_gallery interval=&#8221;3&#8243; images=&#8221;30744,30742,30746&#8243; img_size=&#8221;full&#8221; onclick=&#8221;&#8221; el_class=&#8221;flex-noarrows&#8221;][vc_separator type=&#8221;small&#8221; position=&#8221;left&#8221; border_style=&#8221;&#8221; up=&#8221;18&#8243; down=&#8221;20&#8243; color=&#8221;#d6202d&#8221;][\/vc_column_inner][vc_column_inner width=&#8221;3\/4&#8243;][\/vc_column_inner][\/vc_row_inner][vc_column_text]D\u0142ugotrwa\u0142a ochrona drewna przed wp\u0142ywem czynnik\u00f3w atmosferycznych[\/vc_column_text][\/vc_column][\/vc_row][vc_row row_type=&#8221;row&#8221; use_row_as_full_screen_section=&#8221;no&#8221; type=&#8221;full_width&#8221; text_align=&#8221;left&#8221; background_animation=&#8221;none&#8221; css_animation=&#8221;&#8221;][vc_column]<div class=\"templatera_shortcode\"><div     class=\"vc_row wpb_row section vc_row-fluid backlink\" style=' text-align:left;'><div class=\" full_section_inner clearfix\"><div class=\"wpb_column vc_column_container vc_col-sm-12\"><div class=\"vc_column-inner\"><div class=\"wpb_wrapper\">\n\t<div class=\"wpb_text_column wpb_content_element \">\n\t\t<div class=\"wpb_wrapper\">\n\t\t\t<p style=\"text-align: center;\"><strong><a href=\"https:\/\/www.climatecoating.com\/pl\/obszary-zastosowania\/\">&lt;&lt;  Powr\u00f3t do przegl\u0105du obszar\u00f3w zastosowa\u0144<\/a><\/strong><\/p>\n\n\t\t<\/div>\n\t<\/div><\/div><\/div><\/div><\/div><\/div><\/div>[\/vc_column][\/vc_row]<\/p>\n<\/div>","protected":false},"excerpt":{"rendered":"Ogr\u00f3d i wypoczynek Dzi\u0119ki zaawansowanemu technologicznie systemowi pow\u0142ok do zewn\u0119trznych element\u00f3w drewnianych ClimateCoating\u00ae odnosi sukces tam, gdzie inni zawodz\u0105: ponadprzeci\u0119tna d\u0142ugotrwa\u0142a ochrona, kt\u00f3ra si\u0119 nie \u0142uszczy. Doskona\u0142a metamorfoza dla pergoli, ogrodzenia i chaty z p\u0142etwami. Najpi\u0119kniejszy materia\u0142 na \u015bwiecie \u017baden inny materia\u0142 nie \u0142\u0105czy w...","protected":false},"author":1,"featured_media":0,"parent":28332,"menu_order":135,"comment_status":"closed","ping_status":"closed","template":"","meta":{"footnotes":""},"class_list":["post-27814","page","type-page","status-publish","hentry"],"_links":{"self":[{"href":"https:\/\/www.climatecoating.com\/pl\/wp-json\/wp\/v2\/pages\/27814","targetHints":{"allow":["GET"]}}],"collection":[{"href":"https:\/\/www.climatecoating.com\/pl\/wp-json\/wp\/v2\/pages"}],"about":[{"href":"https:\/\/www.climatecoating.com\/pl\/wp-json\/wp\/v2\/types\/page"}],"author":[{"embeddable":true,"href":"https:\/\/www.climatecoating.com\/pl\/wp-json\/wp\/v2\/users\/1"}],"replies":[{"embeddable":true,"href":"https:\/\/www.climatecoating.com\/pl\/wp-json\/wp\/v2\/comments?post=27814"}],"version-history":[{"count":0,"href":"https:\/\/www.climatecoating.com\/pl\/wp-json\/wp\/v2\/pages\/27814\/revisions"}],"up":[{"embeddable":true,"href":"https:\/\/www.climatecoating.com\/pl\/wp-json\/wp\/v2\/pages\/28332"}],"wp:attachment":[{"href":"https:\/\/www.climatecoating.com\/pl\/wp-json\/wp\/v2\/media?parent=27814"}],"curies":[{"name":"wp","href":"https:\/\/api.w.org\/{rel}","templated":true}]}}