{"id":27856,"date":"2021-06-08T12:11:18","date_gmt":"2021-06-08T10:11:18","guid":{"rendered":"https:\/\/www.climatecoating.com\/opieka-zdrowotna\/"},"modified":"2021-06-28T18:49:23","modified_gmt":"2021-06-28T16:49:23","slug":"opieka-zdrowotna","status":"publish","type":"page","link":"https:\/\/www.climatecoating.com\/pl\/obszary-zastosowania\/opieka-zdrowotna\/","title":{"rendered":"Opieka zdrowotna"},"content":{"rendered":"<div class=\"wpb-content-wrapper\"><p>[vc_row row_type=&#8221;row&#8221; use_row_as_full_screen_section=&#8221;no&#8221; type=&#8221;full_width&#8221; text_align=&#8221;left&#8221; background_animation=&#8221;none&#8221; padding_bottom=&#8221;45&#8243; css_animation=&#8221;&#8221;][vc_column][vc_single_image image=&#8221;30712&#8243; img_size=&#8221;full&#8221; qode_css_animation=&#8221;&#8221; css=&#8221;.vc_custom_1605019164845{padding-bottom: 30px !important;}&#8221;][vc_column_text]<\/p>\n<h1>Opieka zdrowotna<\/h1>\n<p>[\/vc_column_text][vc_column_text css=&#8221;.vc_custom_1612426909240{padding-bottom: 30px !important;}&#8221;]Je\u015bli chcesz po\u0142\u0105czy\u0107 d\u0142ugotrwale czyste \u015bciany i przyjemny klimat w pomieszczeniu z przyjazn\u0105 dla \u015brodowiska i nieszkodliw\u0105 dla zdrowia farb\u0105 \u015bcienn\u0105, potrzebujesz ClimateCoating<sup>\u00ae<\/sup>. Zapoznaj si\u0119 z widocznymi i zauwa\u017calnymi zaletami naszych farb do \u015bcian wewn\u0119trznych.[\/vc_column_text][vc_row_inner row_type=&#8221;row&#8221; type=&#8221;full_width&#8221; use_row_as_full_screen_section_slide=&#8221;no&#8221; text_align=&#8221;left&#8221; css_animation=&#8221;&#8221;][vc_column_inner width=&#8221;1\/4&#8243;][vc_column_text]APLIKACJE<br \/>\nSTRONA WEWN\u0118TRZNA[\/vc_column_text][vc_gallery interval=&#8221;3&#8243; images=&#8221;29253,30732,30534&#8243; img_size=&#8221;full&#8221; onclick=&#8221;&#8221; el_class=&#8221;flex-noarrows&#8221;][vc_separator type=&#8221;small&#8221; position=&#8221;left&#8221; border_style=&#8221;&#8221; up=&#8221;18&#8243; down=&#8221;20&#8243; color=&#8221;#d6202d&#8221;][vc_column_text]Higiena pomieszcze\u0144 i ochrona przed ple\u015bni\u0105<\/p>\n<p>Zapobieganie kondensacji i regulacja wilgotno\u015bci<\/p>\n<p>Poprawa klimatu wewn\u0119trznego i komfortu \u017cycia<\/p>\n<p>Odporno\u015b\u0107 na zabrudzenia i fotokataliza<\/p>\n<p>Oszcz\u0119dno\u015b\u0107 energii i efektywno\u015b\u0107 ekonomiczna<\/p>\n<p>Od\u015bwie\u017cenie p\u0142yt sufitowych<\/p>\n<p>Rozja\u015bnienie pomieszczenia poprzez odbicie \u015bwiat\u0142a<\/p>\n<p>Pow\u0142oka ochronna dla pianki PU[\/vc_column_text][\/vc_column_inner][vc_column_inner width=&#8221;1\/4&#8243;][vc_column_text]APLIKACJE<br \/>\nNA ZEWN\u0104TRZ[\/vc_column_text][vc_gallery interval=&#8221;3&#8243; images=&#8221;30522,30544,30546&#8243; img_size=&#8221;full&#8221; onclick=&#8221;&#8221; el_class=&#8221;flex-noarrows&#8221;][vc_separator type=&#8221;small&#8221; position=&#8221;left&#8221; border_style=&#8221;&#8221; up=&#8221;18&#8243; down=&#8221;20&#8243; color=&#8221;#d6202d&#8221;][vc_column_text]Poprawa bilansu energetycznego budynku<\/p>\n<p>Trwa\u0142o\u015b\u0107, brak p\u0119kni\u0119\u0107 i solidno\u015b\u0107<\/p>\n<p>Redukcja wzrostu alg, mchu i grzyb\u00f3w<\/p>\n<p>Zarz\u0105dzanie wilgotno\u015bci\u0105 i regulacja temperatury<\/p>\n<p>Zabytkowe fasady: Delikatne osuszanie i zachowanie warto\u015bci<\/p>\n<p>Trudnopalno\u015b\u0107<\/p>\n<p>Pow\u0142oka ochronna dla pianki PU[\/vc_column_text][\/vc_column_inner][vc_column_inner width=&#8221;1\/4&#8243;][vc_column_text]APLIKACJE<br \/>\nDACH[\/vc_column_text][vc_gallery interval=&#8221;3&#8243; images=&#8221;29208,28367,29303&#8243; img_size=&#8221;full&#8221; onclick=&#8221;&#8221; el_class=&#8221;flex-noarrows&#8221;][vc_separator type=&#8221;small&#8221; position=&#8221;left&#8221; border_style=&#8221;&#8221; up=&#8221;18&#8243; down=&#8221;20&#8243; color=&#8221;#d6202d&#8221;][vc_column_text]<a href=\"https:\/\/www.climatecoating.com\/pl\/obszary-zastosowania\/chlodzenie-i-redukcja-kosztow-chlodzenia\/\">Ch\u0142odzenie i redukcja mocy ch\u0142odniczej<\/a><\/p>\n<p>Ochrona przed warunkami atmosferycznymi i trwa\u0142o\u015b\u0107<\/p>\n<p>Szczelno\u015b\u0107<\/p>\n<p>relaksacja termiczna[\/vc_column_text][\/vc_column_inner][vc_column_inner width=&#8221;1\/4&#8243;][vc_column_text]APLIKACJE<br \/>\nWOOD[\/vc_column_text][vc_gallery interval=&#8221;3&#8243; images=&#8221;30744,30742,30746&#8243; img_size=&#8221;full&#8221; onclick=&#8221;&#8221; el_class=&#8221;flex-noarrows&#8221;][vc_separator type=&#8221;small&#8221; position=&#8221;left&#8221; border_style=&#8221;&#8221; up=&#8221;18&#8243; down=&#8221;20&#8243; color=&#8221;#d6202d&#8221;][vc_column_text]D\u0142ugotrwa\u0142a ochrona przed czynnikami atmosferycznymi[\/vc_column_text][\/vc_column_inner][\/vc_row_inner][\/vc_column][\/vc_row][vc_row row_type=&#8221;row&#8221; use_row_as_full_screen_section=&#8221;no&#8221; type=&#8221;full_width&#8221; text_align=&#8221;left&#8221; background_animation=&#8221;none&#8221; css_animation=&#8221;&#8221;][vc_column]<div class=\"templatera_shortcode\"><div     class=\"vc_row wpb_row section vc_row-fluid backlink\" style=' text-align:left;'><div class=\" full_section_inner clearfix\"><div class=\"wpb_column vc_column_container vc_col-sm-12\"><div class=\"vc_column-inner\"><div class=\"wpb_wrapper\">\n\t<div class=\"wpb_text_column wpb_content_element \">\n\t\t<div class=\"wpb_wrapper\">\n\t\t\t<p style=\"text-align: center;\"><strong><a href=\"https:\/\/www.climatecoating.com\/pl\/obszary-zastosowania\/\">&lt;&lt;  Powr\u00f3t do przegl\u0105du obszar\u00f3w zastosowa\u0144<\/a><\/strong><\/p>\n\n\t\t<\/div>\n\t<\/div><\/div><\/div><\/div><\/div><\/div><\/div>[\/vc_column][\/vc_row]<\/p>\n<\/div>","protected":false},"excerpt":{"rendered":"Opieka zdrowotna Je\u015bli chcesz po\u0142\u0105czy\u0107 d\u0142ugotrwale czyste \u015bciany i przyjemny klimat w pomieszczeniu z przyjazn\u0105 dla \u015brodowiska i nieszkodliw\u0105 dla zdrowia farb\u0105 \u015bcienn\u0105, potrzebujesz ClimateCoating\u00ae. Zapoznaj si\u0119 z widocznymi i zauwa\u017calnymi zaletami naszych farb do \u015bcian wewn\u0119trznych. APLIKACJE STRONA WEWN\u0118TRZNA Higiena pomieszcze\u0144 i ochrona przed...","protected":false},"author":1,"featured_media":0,"parent":28332,"menu_order":145,"comment_status":"closed","ping_status":"closed","template":"","meta":{"footnotes":""},"class_list":["post-27856","page","type-page","status-publish","hentry"],"_links":{"self":[{"href":"https:\/\/www.climatecoating.com\/pl\/wp-json\/wp\/v2\/pages\/27856","targetHints":{"allow":["GET"]}}],"collection":[{"href":"https:\/\/www.climatecoating.com\/pl\/wp-json\/wp\/v2\/pages"}],"about":[{"href":"https:\/\/www.climatecoating.com\/pl\/wp-json\/wp\/v2\/types\/page"}],"author":[{"embeddable":true,"href":"https:\/\/www.climatecoating.com\/pl\/wp-json\/wp\/v2\/users\/1"}],"replies":[{"embeddable":true,"href":"https:\/\/www.climatecoating.com\/pl\/wp-json\/wp\/v2\/comments?post=27856"}],"version-history":[{"count":0,"href":"https:\/\/www.climatecoating.com\/pl\/wp-json\/wp\/v2\/pages\/27856\/revisions"}],"up":[{"embeddable":true,"href":"https:\/\/www.climatecoating.com\/pl\/wp-json\/wp\/v2\/pages\/28332"}],"wp:attachment":[{"href":"https:\/\/www.climatecoating.com\/pl\/wp-json\/wp\/v2\/media?parent=27856"}],"curies":[{"name":"wp","href":"https:\/\/api.w.org\/{rel}","templated":true}]}}