{"id":28199,"date":"2021-06-08T12:12:31","date_gmt":"2021-06-08T10:12:31","guid":{"rendered":"https:\/\/www.climatecoating.com\/firma\/"},"modified":"2023-05-24T19:49:43","modified_gmt":"2023-05-24T17:49:43","slug":"firma","status":"publish","type":"page","link":"https:\/\/www.climatecoating.com\/pl\/firma\/","title":{"rendered":"Firma"},"content":{"rendered":"<div class=\"wpb-content-wrapper\"><p>[vc_row row_type=&#8221;row&#8221; use_row_as_full_screen_section=&#8221;no&#8221; type=&#8221;full_width&#8221; text_align=&#8221;left&#8221; background_animation=&#8221;none&#8221; padding_bottom=&#8221;45&#8243; css_animation=&#8221;&#8221;][vc_column][vc_single_image image=&#8221;28279&#8243; img_size=&#8221;full&#8221; qode_css_animation=&#8221;&#8221; css=&#8221;.vc_custom_1612614583248{padding-bottom: 30px !important;}&#8221;][vc_row_inner row_type=&#8221;row&#8221; type=&#8221;full_width&#8221; use_row_as_full_screen_section_slide=&#8221;no&#8221; text_align=&#8221;left&#8221; css_animation=&#8221;&#8221;][vc_column_inner width=&#8221;1\/4&#8243;]<div class=\"templatera_shortcode\"><div     class=\"vc_row wpb_row section vc_row-fluid backlink\" style=' text-align:left;'><div class=\" full_section_inner clearfix\"><div class=\"wpb_column vc_column_container vc_col-sm-12\"><div class=\"vc_column-inner\"><div class=\"wpb_wrapper\"><div class=\"ult_row_spacer\"><div class=\"ult-sticky-anchor\"><div class=\"ult-sticky-section ult-sticky \"  data-gutter= '100' data-stick_behaviour= 'stick_with_scroll_row'  data-sticky_position= 'top' data-mobile='no' data-support='no'><div  class=\"wpb_widgetised_column wpb_content_element\">\n\t\t<div class=\"wpb_wrapper\">\n\t\t\t\n\t\t\t\n\t\t<\/div>\n\t<\/div>\n<\/div><div class=\"ult-space\"><\/div><\/div><\/div><\/div><\/div><\/div><\/div><\/div><\/div>[\/vc_column_inner][vc_column_inner width=&#8221;3\/4&#8243;][vc_column_text]<\/p>\n<h1>Firma<\/h1>\n<p>Firma SICC Coatings GmbH z Berlina jest wiod\u0105cym specjalistycznym dostawc\u0105 pow\u0142ok aktywnych klimatycznie z najd\u0142u\u017cszym do\u015bwiadczeniem we wszystkich strefach klimatycznych i obszarach zastosowa\u0144. Pow\u0142oki funkcjonalne oparte s\u0105 na technologii membran refleksyjnych. Za energooszcz\u0119dny efekt technologii firma SICC Coatings otrzyma\u0142a m.in. nagrod\u0119 &#8220;German Innovation Award&#8221; w 2018 roku oraz &#8220;Energy Efficiency Award&#8221; w Singapurze.<\/p>\n<ul>\n<li>2003 Za\u0142o\u017cenie sp\u00f3\u0142ki pod nazw\u0105 SICC GmbH<\/li>\n<li>Rozw\u00f3j produkt\u00f3w i produkcja w Niemczech<\/li>\n<li>14 pracownik\u00f3w w siedzibie g\u0142\u00f3wnej w Berlinie<\/li>\n<li>reprezentacja firm partnerskich na ca\u0142ym \u015bwiecie<\/li>\n<li>Grupy docelowe: Architekci, plani\u015bci, budowniczowie komercyjni, przedsi\u0119biorstwa budownictwa mieszkaniowego, przedsi\u0119biorstwa przemys\u0142owe, przedsi\u0119biorstwa przetw\u00f3rcze, dealerzy specjalistyczni.<\/li>\n<li>2018 Zmiana nazwy na SICC Coatings GmbH<\/li>\n<\/ul>\n<p>[\/vc_column_text][\/vc_column_inner][\/vc_row_inner][\/vc_column][\/vc_row]<\/p>\n<\/div>","protected":false},"excerpt":{"rendered":"Firma Firma SICC Coatings GmbH z Berlina jest wiod\u0105cym specjalistycznym dostawc\u0105 pow\u0142ok aktywnych klimatycznie z najd\u0142u\u017cszym do\u015bwiadczeniem we wszystkich strefach klimatycznych i obszarach zastosowa\u0144. Pow\u0142oki funkcjonalne oparte s\u0105 na technologii membran refleksyjnych. Za energooszcz\u0119dny efekt technologii firma SICC Coatings otrzyma\u0142a m.in. nagrod\u0119 \"German Innovation Award\"...","protected":false},"author":1,"featured_media":0,"parent":0,"menu_order":600,"comment_status":"closed","ping_status":"closed","template":"","meta":{"footnotes":""},"class_list":["post-28199","page","type-page","status-publish","hentry"],"_links":{"self":[{"href":"https:\/\/www.climatecoating.com\/pl\/wp-json\/wp\/v2\/pages\/28199","targetHints":{"allow":["GET"]}}],"collection":[{"href":"https:\/\/www.climatecoating.com\/pl\/wp-json\/wp\/v2\/pages"}],"about":[{"href":"https:\/\/www.climatecoating.com\/pl\/wp-json\/wp\/v2\/types\/page"}],"author":[{"embeddable":true,"href":"https:\/\/www.climatecoating.com\/pl\/wp-json\/wp\/v2\/users\/1"}],"replies":[{"embeddable":true,"href":"https:\/\/www.climatecoating.com\/pl\/wp-json\/wp\/v2\/comments?post=28199"}],"version-history":[{"count":0,"href":"https:\/\/www.climatecoating.com\/pl\/wp-json\/wp\/v2\/pages\/28199\/revisions"}],"wp:attachment":[{"href":"https:\/\/www.climatecoating.com\/pl\/wp-json\/wp\/v2\/media?parent=28199"}],"curies":[{"name":"wp","href":"https:\/\/api.w.org\/{rel}","templated":true}]}}