{"id":28200,"date":"2021-06-08T12:12:31","date_gmt":"2021-06-08T10:12:31","guid":{"rendered":"https:\/\/www.climatecoating.com\/nadruk\/"},"modified":"2021-07-12T16:07:22","modified_gmt":"2021-07-12T14:07:22","slug":"nadruk","status":"publish","type":"page","link":"https:\/\/www.climatecoating.com\/pl\/prawna\/nadruk\/","title":{"rendered":"Nadruk"},"content":{"rendered":"<div class=\"wpb-content-wrapper\"><p>[vc_row row_type=&#8221;row&#8221; use_row_as_full_screen_section=&#8221;no&#8221; type=&#8221;full_width&#8221; text_align=&#8221;left&#8221; background_animation=&#8221;none&#8221; padding_bottom=&#8221;45&#8243; css_animation=&#8221;&#8221;][vc_column][vc_column_text]<\/p>\n<h1>Nadruk<\/h1>\n<p><strong>SICC Coatings GmbH<\/strong><br \/>\nWackenbergstrasse 78 &#8211; 82<br \/>\nDE-13156 Berlin<\/p>\n<p>Telefon: +49 (0) 30 \/ 50 01 96-0<br \/>\nFaks: +49 (0) 30 \/ 50 01 96-20<br \/>\nEmail: <span id=\"cloakd78a1e11def09a9b63740395e79511bf\"><br \/>\n  <a href=\"mailto:info@sicc.de\">info@sicc.de<\/a><br \/>\n<\/span><\/p>\n<p><strong>Dyrektor Zarz\u0105dzaj\u0105cy:<\/strong> Waldemar Walczok<br \/>\n<strong>S\u0105d rejestrowy:<\/strong> S\u0105d Krajowy Berlin-Charlottenburg<br \/>\n<strong>Numer rejestracyjny:<\/strong> HRB 88630<br \/>\nNumer<strong>identyfikacyjny podatku od sprzeda\u017cy:<\/strong> DE813670303<\/p>\n<p><strong>Kre\u015blenie zdj\u0119\u0107<\/strong><br \/>\n\u00a92010 Terry J Alcorn, Inc.[\/vc_column_text][vc_separator type=&#8221;transparent&#8221; border_style=&#8221;&#8221; up=&#8221;20&#8243; down=&#8221;0&#8243; icon_pack=&#8221;font_awesome&#8221;][vc_column_text]<\/p>\n<h2 class=\"\">WY\u0141\u0104CZENIE<\/h2>\n<h3 class=\"\">Odpowiedzialno\u015b\u0107 za zawarto\u015b\u0107<\/h3>\n<p class=\"hyp hyphenate\">Zawarto\u015b\u0107 naszych stron zosta\u0142a stworzona z najwi\u0119ksz\u0105 staranno\u015bci\u0105. Nie mo\u017cemy jednak przej\u0105\u0107 odpowiedzialno\u015bci za prawid\u0142owo\u015b\u0107, kompletno\u015b\u0107 i aktualno\u015b\u0107 tre\u015bci. Jako us\u0142ugodawca jeste\u015bmy odpowiedzialni za w\u0142asne tre\u015bci na tych stronach zgodnie z og\u00f3lnymi przepisami prawa. Jako us\u0142ugodawca nie jeste\u015bmy jednak zobowi\u0105zani do monitorowania przesy\u0142anych lub przechowywanych informacji os\u00f3b trzecich ani do badania okoliczno\u015bci wskazuj\u0105cych na nielegaln\u0105 dzia\u0142alno\u015b\u0107. Zobowi\u0105zania do usuni\u0119cia lub zablokowania korzystania z informacji zgodnie z og\u00f3lnymi przepisami prawa pozostaj\u0105 nienaruszone. Odpowiedzialno\u015b\u0107 w tym zakresie jest jednak mo\u017cliwa dopiero od momentu powzi\u0119cia wiadomo\u015bci o konkretnym naruszeniu. Je\u015bli dowiemy si\u0119 o takich naruszeniach, natychmiast usuniemy odpowiednie tre\u015bci.<\/p>\n<h3>Odpowiedzialno\u015b\u0107 za linki<\/h3>\n<p class=\"hyp hyphenate\">Nasza oferta zawiera linki do zewn\u0119trznych stron internetowych os\u00f3b trzecich, na kt\u00f3rych tre\u015b\u0107 nie mamy \u017cadnego wp\u0142ywu. Dlatego nie mo\u017cemy przej\u0105\u0107 gwarancji na te obce tre\u015bci. Za tre\u015b\u0107 stron, do kt\u00f3rych prowadz\u0105 linki, odpowiada zawsze ich oferent lub operator. Strony, do kt\u00f3rych odsy\u0142aj\u0105 linki, zosta\u0142y sprawdzone pod k\u0105tem ewentualnych narusze\u0144 prawa w momencie umieszczania link\u00f3w. Nielegalne tre\u015bci nie by\u0142y rozpoznawalne w momencie linkowania. Jednak\u017ce sta\u0142a kontrola zawarto\u015bci stron, do kt\u00f3rych prowadz\u0105 linki, nie jest uzasadniona bez konkretnych dowod\u00f3w na naruszenie prawa. Je\u015bli dowiemy si\u0119 o naruszeniu prawa, natychmiast usuniemy takie linki.<\/p>\n<h3>Copyright<\/h3>\n<p class=\"hyp hyphenate\">Tre\u015bci i dzie\u0142a stworzone przez administrator\u00f3w stron na tych stronach podlegaj\u0105 niemieckiemu prawu autorskiemu. Powielanie, przetwarzanie, rozpowszechnianie lub jakakolwiek forma komercjalizacji tych materia\u0142\u00f3w wykraczaj\u0105ca poza zakres prawa autorskiego wymaga uprzedniej pisemnej zgody ich autora lub tw\u00f3rcy. Pobieranie i kopiowanie tej strony jest dozwolone tylko do prywatnego, niekomercyjnego u\u017cytku. O ile tre\u015bci na tej stronie nie zosta\u0142y stworzone przez operatora, prawa autorskie os\u00f3b trzecich s\u0105 respektowane. W szczeg\u00f3lno\u015bci tre\u015bci os\u00f3b trzecich s\u0105 oznaczone jako takie. Je\u015bli mimo to dowiedz\u0105 si\u0119 Pa\u0144stwo o naruszeniu praw autorskich, prosimy o stosown\u0105 informacj\u0119. Je\u015bli dowiemy si\u0119 o jakichkolwiek naruszeniach, natychmiast usuniemy takie tre\u015bci.<\/p>\n<h3>Kredyty fotograficzne<\/h3>\n<p class=\"hyp hyphenate\">Zdj\u0119cia w\u0142asne, Photodune.net, iStockphoto.com, \u00a9Kadmy &#8211; Fotolia.de<\/p>\n<h3>Platforma internetowego systemu rozstrzygania spor\u00f3w (Platforma OS)<\/h3>\n<p class=\"hyp hyphenate\">Komisja Europejska utworzy\u0142a stron\u0119 internetow\u0105 s\u0142u\u017c\u0105c\u0105 do internetowego rozstrzygania spor\u00f3w mi\u0119dzy przedsi\u0119biorcami a konsumentami (platforma ODR), do kt\u00f3rej dost\u0119p mo\u017cna uzyska\u0107 pod adresem <a href=\"http:\/\/ec.europa.eu\/consumers\/odr\/\" target=\"_blank\" rel=\"noopener noreferrer\">http:\/\/ec.europa.eu\/consumers\/odr\/<\/a>.<\/p>\n<p>[\/vc_column_text][\/vc_column][\/vc_row]<\/p>\n<\/div>","protected":false},"excerpt":{"rendered":"<p>[vc_row row_type=&#8221;row&#8221; use_row_as_full_screen_section=&#8221;no&#8221; type=&#8221;full_width&#8221; text_align=&#8221;left&#8221; background_animation=&#8221;none&#8221; padding_bottom=&#8221;45&#8243; css_animation=&#8221;&#8221;][vc_column][vc_column_text] Nadruk SICC Coatings GmbH Wackenbergstrasse 78 &#8211; 82 DE-13156 Berlin Telefon: +49 (0) 30 \/ 50 01 96-0 Faks: +49 (0) 30 \/ 50 01 96-20 Email: info@sicc.de Dyrektor Zarz\u0105dzaj\u0105cy: Waldemar Walczok S\u0105d rejestrowy: S\u0105d Krajowy Berlin-Charlottenburg&#8230;<\/p>\n","protected":false},"author":1,"featured_media":0,"parent":29162,"menu_order":810,"comment_status":"closed","ping_status":"closed","template":"","meta":{"footnotes":""},"class_list":["post-28200","page","type-page","status-publish","hentry"],"_links":{"self":[{"href":"https:\/\/www.climatecoating.com\/pl\/wp-json\/wp\/v2\/pages\/28200","targetHints":{"allow":["GET"]}}],"collection":[{"href":"https:\/\/www.climatecoating.com\/pl\/wp-json\/wp\/v2\/pages"}],"about":[{"href":"https:\/\/www.climatecoating.com\/pl\/wp-json\/wp\/v2\/types\/page"}],"author":[{"embeddable":true,"href":"https:\/\/www.climatecoating.com\/pl\/wp-json\/wp\/v2\/users\/1"}],"replies":[{"embeddable":true,"href":"https:\/\/www.climatecoating.com\/pl\/wp-json\/wp\/v2\/comments?post=28200"}],"version-history":[{"count":0,"href":"https:\/\/www.climatecoating.com\/pl\/wp-json\/wp\/v2\/pages\/28200\/revisions"}],"up":[{"embeddable":true,"href":"https:\/\/www.climatecoating.com\/pl\/wp-json\/wp\/v2\/pages\/29162"}],"wp:attachment":[{"href":"https:\/\/www.climatecoating.com\/pl\/wp-json\/wp\/v2\/media?parent=28200"}],"curies":[{"name":"wp","href":"https:\/\/api.w.org\/{rel}","templated":true}]}}