{"id":28370,"date":"2021-06-08T12:13:03","date_gmt":"2021-06-08T10:13:03","guid":{"rendered":"https:\/\/www.climatecoating.com\/obszary-zastosowania\/budownictwo-i-zycie\/"},"modified":"2025-11-03T13:03:25","modified_gmt":"2025-11-03T12:03:25","slug":"budownictwo-i-zycie","status":"publish","type":"page","link":"https:\/\/www.climatecoating.com\/pl\/obszary-zastosowania\/budownictwo-i-zycie\/","title":{"rendered":"Budownictwo i \u017cycie"},"content":{"rendered":"<div class=\"wpb-content-wrapper\"><p>[vc_row row_type=&#8221;row&#8221; use_row_as_full_screen_section=&#8221;no&#8221; type=&#8221;full_width&#8221; text_align=&#8221;left&#8221; background_animation=&#8221;none&#8221; padding_bottom=&#8221;45&#8243; css_animation=&#8221;&#8221;][vc_column][vc_single_image image=&#8221;56251&#8243; img_size=&#8221;full&#8221; css=&#8221;.vc_custom_1762171383268{padding-bottom: 30px !important;}&#8221; qode_css_animation=&#8221;&#8221;][vc_column_text]<\/p>\n<h1>Budownictwo i \u017cycie<\/h1>\n<p>[\/vc_column_text][vc_column_text css=&#8221;.vc_custom_1605017559591{padding-bottom: 30px !important;}&#8221;]D\u0142ugotrwa\u0142e utrzymanie warto\u015bci, wsparcie zdrowia mieszka\u0144c\u00f3w i potencja\u0142 oszcz\u0119dno\u015bci energii to zalety pow\u0142ok ClimateCoating<sup>\u00ae<\/sup> w por\u00f3wnaniu z innymi farbami \u015bciennymi, pow\u0142okami dachowymi i fasadowymi. Odkryj r\u00f3\u017cnorodne mo\u017cliwo\u015bci rozwi\u0105zywania problem\u00f3w i zastosowa\u0144![\/vc_column_text][vc_row_inner row_type=&#8221;row&#8221; type=&#8221;full_width&#8221; use_row_as_full_screen_section_slide=&#8221;no&#8221; text_align=&#8221;left&#8221; css_animation=&#8221;&#8221;][vc_column_inner width=&#8221;1\/4&#8243;][vc_column_text]APLIKACJE<br \/>\nSTRONA WEWN\u0118TRZNA[\/vc_column_text][vc_gallery interval=&#8221;5&#8243; images=&#8221;30540,30534,29253,29199,29295&#8243; img_size=&#8221;full&#8221; onclick=&#8221;&#8221; el_class=&#8221;flex-noarrows&#8221;][vc_separator type=&#8221;small&#8221; position=&#8221;left&#8221; border_style=&#8221;&#8221; up=&#8221;18&#8243; down=&#8221;20&#8243; color=&#8221;#d6202d&#8221;][vc_column_text]<a href=\"https:\/\/www.climatecoating.com\/pl\/obszary-zastosowania\/ochrona-przed-plesnia\/\">Ochrona przed ple\u015bni\u0105<\/a><\/p>\n<p>Higiena pomieszcze\u0144<\/p>\n<p>Zapobieganie powstawaniu kondensatu<\/p>\n<p>Regulacja wilgotno\u015bci<\/p>\n<p>Poprawa klimatu w pomieszczeniach<\/p>\n<p>Komfort \u017cycia<\/p>\n<p>Neutralno\u015b\u0107 zapachowa<\/p>\n<p>Odporno\u015b\u0107 na zabrudzenia<\/p>\n<p>Oszcz\u0119dno\u015b\u0107 energii<\/p>\n<p>Stabilno\u015b\u0107 koloru<\/p>\n<p>Poprawa akustyki<\/p>\n<p>Usuwanie zanieczyszcze\u0144 metod\u0105 fotokatalizy<\/p>\n<p>Rozja\u015bnienie pomieszczenia poprzez odbicie \u015bwiat\u0142a<\/p>\n<p>Od\u015bwie\u017cenie p\u0142yt sufitowych<\/p>\n<p>Pow\u0142oka ochronna dla pianki PU[\/vc_column_text][\/vc_column_inner][vc_column_inner width=&#8221;1\/4&#8243;][vc_column_text]APLIKACJE<br \/>\nNA ZEWN\u0104TRZ[\/vc_column_text][vc_gallery interval=&#8221;5&#8243; images=&#8221;30522,29196,29206,30544,30538&#8243; img_size=&#8221;full&#8221; onclick=&#8221;&#8221; el_class=&#8221;flex-noarrows&#8221;][vc_separator type=&#8221;small&#8221; position=&#8221;left&#8221; border_style=&#8221;&#8221; up=&#8221;18&#8243; down=&#8221;20&#8243; color=&#8221;#d6202d&#8221;][vc_column_text]Oszcz\u0119dno\u015b\u0107 energii<\/p>\n<p>D\u0142ugowieczno\u015b\u0107<\/p>\n<p>Bez p\u0119kni\u0119\u0107<\/p>\n<p>Wytrzyma\u0142o\u015b\u0107<\/p>\n<p>Odporno\u015b\u0107 na zabrudzenia<\/p>\n<p>Zarz\u0105dzanie wilgoci\u0105<\/p>\n<p>Trudnopalno\u015b\u0107<\/p>\n<p>Delikatne osuszanie zabytkowych fasad<\/p>\n<p>Zachowanie warto\u015bci zabytkowych fasad<\/p>\n<p>Pow\u0142oka ochronna dla pianki PU[\/vc_column_text][\/vc_column_inner][vc_column_inner width=&#8221;1\/4&#8243;][vc_column_text]APLIKACJE<br \/>\nDACH[\/vc_column_text][vc_gallery interval=&#8221;3&#8243; images=&#8221;29208,28367,29303&#8243; img_size=&#8221;full&#8221; onclick=&#8221;&#8221; el_class=&#8221;flex-noarrows&#8221;][vc_separator type=&#8221;small&#8221; position=&#8221;left&#8221; border_style=&#8221;&#8221; up=&#8221;18&#8243; down=&#8221;20&#8243; color=&#8221;#d6202d&#8221;][vc_column_text]<a href=\"https:\/\/www.climatecoating.com\/pl\/obszary-zastosowania\/chlodzenie-i-redukcja-kosztow-chlodzenia\/\">Ch\u0142odzenie i redukcja koszt\u00f3w ch\u0142odzenia<\/a><\/p>\n<p>Ochrona przed czynnikami atmosferycznymi<\/p>\n<p>Szczelno\u015b\u0107<\/p>\n<p>Odpr\u0119\u017cenie termiczne[\/vc_column_text][\/vc_column_inner][vc_column_inner width=&#8221;1\/4&#8243;][vc_column_text]APLIKACJE<br \/>\nWOOD[\/vc_column_text][vc_gallery interval=&#8221;3&#8243; images=&#8221;30744,30742,30746&#8243; img_size=&#8221;full&#8221; onclick=&#8221;&#8221; el_class=&#8221;flex-noarrows&#8221;][vc_separator type=&#8221;small&#8221; position=&#8221;left&#8221; border_style=&#8221;&#8221; up=&#8221;18&#8243; down=&#8221;20&#8243; color=&#8221;#d6202d&#8221;][vc_column_text]D\u0142ugotrwa\u0142a ochrona drewna przed wp\u0142ywem czynnik\u00f3w atmosferycznych[\/vc_column_text][\/vc_column_inner][\/vc_row_inner][\/vc_column][\/vc_row][vc_row row_type=&#8221;row&#8221; use_row_as_full_screen_section=&#8221;no&#8221; type=&#8221;full_width&#8221; text_align=&#8221;left&#8221; background_animation=&#8221;none&#8221; css_animation=&#8221;&#8221;][vc_column]<div class=\"templatera_shortcode\"><div     class=\"vc_row wpb_row section vc_row-fluid backlink\" style=' text-align:left;'><div class=\" full_section_inner clearfix\"><div class=\"wpb_column vc_column_container vc_col-sm-12\"><div class=\"vc_column-inner\"><div class=\"wpb_wrapper\">\n\t<div class=\"wpb_text_column wpb_content_element \">\n\t\t<div class=\"wpb_wrapper\">\n\t\t\t<p style=\"text-align: center;\"><strong><a href=\"https:\/\/www.climatecoating.com\/pl\/obszary-zastosowania\/\">&lt;&lt;  Powr\u00f3t do przegl\u0105du obszar\u00f3w zastosowa\u0144<\/a><\/strong><\/p>\n\n\t\t<\/div>\n\t<\/div><\/div><\/div><\/div><\/div><\/div><\/div>[\/vc_column][\/vc_row]<\/p>\n<\/div>","protected":false},"excerpt":{"rendered":"Budownictwo i \u017cycie D\u0142ugotrwa\u0142e utrzymanie warto\u015bci, wsparcie zdrowia mieszka\u0144c\u00f3w i potencja\u0142 oszcz\u0119dno\u015bci energii to zalety pow\u0142ok ClimateCoating\u00ae w por\u00f3wnaniu z innymi farbami \u015bciennymi, pow\u0142okami dachowymi i fasadowymi. Odkryj r\u00f3\u017cnorodne mo\u017cliwo\u015bci rozwi\u0105zywania problem\u00f3w i zastosowa\u0144! APLIKACJE STRONA WEWN\u0118TRZNA Ochrona przed ple\u015bni\u0105 Higiena pomieszcze\u0144 Zapobieganie powstawaniu kondensatu...","protected":false},"author":1,"featured_media":0,"parent":28332,"menu_order":105,"comment_status":"closed","ping_status":"closed","template":"","meta":{"footnotes":""},"class_list":["post-28370","page","type-page","status-publish","hentry"],"_links":{"self":[{"href":"https:\/\/www.climatecoating.com\/pl\/wp-json\/wp\/v2\/pages\/28370","targetHints":{"allow":["GET"]}}],"collection":[{"href":"https:\/\/www.climatecoating.com\/pl\/wp-json\/wp\/v2\/pages"}],"about":[{"href":"https:\/\/www.climatecoating.com\/pl\/wp-json\/wp\/v2\/types\/page"}],"author":[{"embeddable":true,"href":"https:\/\/www.climatecoating.com\/pl\/wp-json\/wp\/v2\/users\/1"}],"replies":[{"embeddable":true,"href":"https:\/\/www.climatecoating.com\/pl\/wp-json\/wp\/v2\/comments?post=28370"}],"version-history":[{"count":1,"href":"https:\/\/www.climatecoating.com\/pl\/wp-json\/wp\/v2\/pages\/28370\/revisions"}],"predecessor-version":[{"id":59611,"href":"https:\/\/www.climatecoating.com\/pl\/wp-json\/wp\/v2\/pages\/28370\/revisions\/59611"}],"up":[{"embeddable":true,"href":"https:\/\/www.climatecoating.com\/pl\/wp-json\/wp\/v2\/pages\/28332"}],"wp:attachment":[{"href":"https:\/\/www.climatecoating.com\/pl\/wp-json\/wp\/v2\/media?parent=28370"}],"curies":[{"name":"wp","href":"https:\/\/api.w.org\/{rel}","templated":true}]}}