{"id":28388,"date":"2021-06-08T12:13:04","date_gmt":"2021-06-08T10:13:04","guid":{"rendered":"https:\/\/www.climatecoating.com\/obszary-zastosowania\/chlodzenie-i-redukcja-kosztow-chlodzenia\/"},"modified":"2021-07-12T16:07:55","modified_gmt":"2021-07-12T14:07:55","slug":"chlodzenie-i-redukcja-kosztow-chlodzenia","status":"publish","type":"page","link":"https:\/\/www.climatecoating.com\/pl\/obszary-zastosowania\/chlodzenie-i-redukcja-kosztow-chlodzenia\/","title":{"rendered":"Ch\u0142odzenie i redukcja koszt\u00f3w ch\u0142odzenia"},"content":{"rendered":"<div class=\"wpb-content-wrapper\"><p>[vc_row row_type=&#8221;row&#8221; use_row_as_full_screen_section=&#8221;no&#8221; type=&#8221;full_width&#8221; text_align=&#8221;left&#8221; background_animation=&#8221;none&#8221; padding_bottom=&#8221;45&#8243; css_animation=&#8221;&#8221;][vc_column][vc_column_text css=&#8221;.vc_custom_1605177899210{padding-bottom: 30px !important;}&#8221;]<\/p>\n<h1>Ch\u0142odzenie i redukcja koszt\u00f3w ch\u0142odzenia<\/h1>\n<p>[\/vc_column_text][vc_single_image image=&#8221;28400&#8243; img_size=&#8221;full&#8221; qode_css_animation=&#8221;&#8221; css=&#8221;.vc_custom_1603351461583{padding-bottom: 30px !important;}&#8221;][\/vc_column][\/vc_row][vc_row row_type=&#8221;row&#8221; use_row_as_full_screen_section=&#8221;no&#8221; type=&#8221;full_width&#8221; text_align=&#8221;left&#8221; background_animation=&#8221;none&#8221; padding_bottom=&#8221;45&#8243; css_animation=&#8221;&#8221; el_class=&#8221;reverse_order&#8221;][vc_column width=&#8221;1\/4&#8243;]<div class=\"ult_row_spacer\"><div class=\"ult-sticky-anchor\"><div class=\"ult-sticky-section ult-sticky \"  data-gutter= '100' data-stick_behaviour= 'stick_with_scroll_row'  data-sticky_position= 'top' data-mobile='no' data-support='no'><\/div><div class=\"ult-space\"><\/div><\/div><\/div>[\/vc_column][vc_column width=&#8221;3\/4&#8243;][vc_separator type=&#8221;normal&#8221; border_style=&#8221;&#8221; down=&#8221;30&#8243;][vc_column_text css=&#8221;.vc_custom_1603884116230{padding-bottom: 30px !important;}&#8221;]<\/p>\n<h2>Wysokie warto\u015bci odbicia &#8211; prawie jak \u015bnieg<\/h2>\n<p>Pow\u0142oka dachowa ThermoActive jest w stanie odbija\u0107 ponad 91% \u015bwiat\u0142a s\u0142onecznego. Jest to sprawdzony szczyt. Czysty \u015bnieg odbija 100% \u015bwiat\u0142a s\u0142onecznego.[\/vc_column_text][vc_separator type=&#8221;normal&#8221; border_style=&#8221;&#8221; down=&#8221;30&#8243;][vc_column_text css=&#8221;.vc_custom_1603884147764{padding-bottom: 30px !important;}&#8221;]<\/p>\n<h2>Redukcja koszt\u00f3w dzi\u0119ki pasywnej klimatyzacji<\/h2>\n<p>Odbijaj\u0105ca \u015bwiat\u0142o pow\u0142oka ThermoActive poch\u0142ania wilgo\u0107, kt\u00f3ra paruje pod wp\u0142ywem promieni s\u0142onecznych i ch\u0142odzi. Dach nie musi by\u0107 koniecznie pokryty bia\u0142ym lakierem. R\u00f3wnie\u017c w przypadku ciemniejszych odcieni uzyskuje si\u0119 stosunkowo wysok\u0105 wydajno\u015b\u0107 ch\u0142odzenia przez odparowanie. Zatem<br \/>\nZu\u017cycie energii na ch\u0142odzenie mo\u017ce by\u0107 w ka\u017cdym przypadku zredukowane i przyczyni\u0107 si\u0119 do redukcji CO2.[\/vc_column_text][vc_separator type=&#8221;normal&#8221; border_style=&#8221;&#8221; down=&#8221;30&#8243;][vc_column_text css=&#8221;.vc_custom_1603884182317{padding-bottom: 30px !important;}&#8221;]<\/p>\n<h2>Przed\u0142u\u017cona \u017cywotno\u015b\u0107 konstrukcji dachu<\/h2>\n<p>Doskona\u0142a elastyczno\u015b\u0107 ThermoActive umo\u017cliwia bezproblemowe mostkowanie przej\u015b\u0107 materia\u0142owych i to w temperaturach od -40\u00b0C do +150\u00b0C. Dach pozostaje wodoszczelny.<br \/>\nPow\u0142oka ta jest bardzo wytrzyma\u0142a i niewra\u017cliwa na wp\u0142ywy \u015brodowiska, takie jak kwasy, zasady, ozon, tlenki azotu i siarki. Ponadto pow\u0142oka ta jest wyj\u0105tkowo odporna na promieniowanie UV. Brak krucho\u015bci, brak \u0142uszczenia si\u0119 farby, brak starzenia si\u0119 i to na d\u0142u\u017csz\u0105 met\u0119.<\/p>\n<p>Wszystko to razem przed\u0142u\u017ca \u017cywotno\u015b\u0107 konstrukcji dachu i zmniejsza koszty konserwacji.<\/p>\n<p><strong>Chcesz wiedzie\u0107 wi\u0119cej?<\/strong><br \/>\n<a href=\"https:\/\/www.climatecoating.com\/pl\/kontakt\/\"><strong>Skontaktuj si\u0119 z nami!<\/strong><\/a>[\/vc_column_text][vc_video link=&#8221;https:\/\/www.youtube.com\/watch?v=Lilz-969SIo&#8221;][\/vc_column][\/vc_row][vc_row row_type=&#8221;row&#8221; use_row_as_full_screen_section=&#8221;no&#8221; type=&#8221;full_width&#8221; text_align=&#8221;left&#8221; background_animation=&#8221;none&#8221; css_animation=&#8221;&#8221;][vc_column][vc_column_text]<\/p>\n<h3>Produkty<\/h3>\n<p>[\/vc_column_text][vc_separator type=&#8221;small&#8221; position=&#8221;left&#8221; border_style=&#8221;&#8221; up=&#8221;18&#8243; down=&#8221;20&#8243; color=&#8221;#d6202d&#8221;]<div class=\"woocommerce columns-4 \"><ul class=\"products columns-4 clearfix default\">        <li class=\"product type-product post-29195 status-publish first instock product_cat-budownictwo-i-zycie product_cat-na-zewnatrz product_cat-obszary-zastosowania product_cat-przemysl-spozywczy product_cat-przemysl-wytworczy product_cat-budynki-uzytecznosci-publicznej product_cat-rolnictwo-i-hodowla-zwierzat has-post-thumbnail taxable shipping-taxable purchasable product-type-variable\">\n\n                        <div class=\"top-product-section\">\n\n                <a class=\"product_list_thumb_link\" href=\"https:\/\/www.climatecoating.com\/pl\/produkt\/thermoactive\/\">\n                    <span class=\"image-wrapper\">\n                    <img loading=\"lazy\" decoding=\"async\" width=\"300\" height=\"300\" src=\"https:\/\/www.climatecoating.com\/wp-content\/uploads\/2025\/10\/12L500ml_THERMOACTIVE_m_frei-2-4-300x300.png\" class=\"attachment-woocommerce_thumbnail size-woocommerce_thumbnail\" alt=\"ThermoActive 12,5l\" srcset=\"https:\/\/www.climatecoating.com\/wp-content\/uploads\/2025\/10\/12L500ml_THERMOACTIVE_m_frei-2-4-300x300.png 300w, https:\/\/www.climatecoating.com\/wp-content\/uploads\/2025\/10\/12L500ml_THERMOACTIVE_m_frei-2-4-100x100.png 100w, https:\/\/www.climatecoating.com\/wp-content\/uploads\/2025\/10\/12L500ml_THERMOACTIVE_m_frei-2-4-600x600.png 600w, https:\/\/www.climatecoating.com\/wp-content\/uploads\/2025\/10\/12L500ml_THERMOACTIVE_m_frei-2-4-1024x1024.png 1024w, https:\/\/www.climatecoating.com\/wp-content\/uploads\/2025\/10\/12L500ml_THERMOACTIVE_m_frei-2-4-150x150.png 150w, https:\/\/www.climatecoating.com\/wp-content\/uploads\/2025\/10\/12L500ml_THERMOACTIVE_m_frei-2-4-768x768.png 768w, https:\/\/www.climatecoating.com\/wp-content\/uploads\/2025\/10\/12L500ml_THERMOACTIVE_m_frei-2-4-1536x1536.png 1536w, https:\/\/www.climatecoating.com\/wp-content\/uploads\/2025\/10\/12L500ml_THERMOACTIVE_m_frei-2-4-550x550.png 550w, https:\/\/www.climatecoating.com\/wp-content\/uploads\/2025\/10\/12L500ml_THERMOACTIVE_m_frei-2-4-500x500.png 500w, https:\/\/www.climatecoating.com\/wp-content\/uploads\/2025\/10\/12L500ml_THERMOACTIVE_m_frei-2-4-1000x1000.png 1000w, https:\/\/www.climatecoating.com\/wp-content\/uploads\/2025\/10\/12L500ml_THERMOACTIVE_m_frei-2-4-700x700.png 700w, https:\/\/www.climatecoating.com\/wp-content\/uploads\/2025\/10\/12L500ml_THERMOACTIVE_m_frei-2-4-1100x1100.png 1100w, https:\/\/www.climatecoating.com\/wp-content\/uploads\/2025\/10\/12L500ml_THERMOACTIVE_m_frei-2-4.png 1920w\" sizes=\"auto, (max-width: 300px) 100vw, 300px\" \/>                    <\/span>\n                <\/a>\n\n                <div class=\"add-to-cart-button-outer\"><div class=\"add-to-cart-button-inner\"><div class=\"add-to-cart-button-inner2\"><a href=\"https:\/\/www.climatecoating.com\/pl\/produkt\/thermoactive\/\" aria-describedby=\"woocommerce_loop_add_to_cart_link_describedby_29195\" data-quantity=\"1\" class=\"qbutton add-to-cart-button button product_type_variable add_to_cart_button\" data-product_id=\"29195\" data-product_sku=\"\" aria-label=\"Wybierz opcje dla &bdquo;ThermoActive&rdquo;\" rel=\"nofollow\">Optionen w\u00e4hlen<\/a><\/div><\/div><\/div>\t<span id=\"woocommerce_loop_add_to_cart_link_describedby_29195\" class=\"screen-reader-text\">\n\t\tTen produkt ma wiele wariant\u00f3w. Opcje mo\u017cna wybra\u0107 na stronie produktu\t<\/span>\n\n            <\/div>\n\n            <div class=\"product_info_box\">\n\t            <span class=\"product-categories\"><a href=\"https:\/\/www.climatecoating.com\/pl\/obszary-zastosowania\/budownictwo-i-zycie\/\" rel=\"tag\">Budownictwo i \u017cycie<\/a>, <a href=\"https:\/\/www.climatecoating.com\/pl\/produkty\/na-zewnatrz\/\" rel=\"tag\">Na zewn\u0105trz<\/a>, <a href=\"https:\/\/www.climatecoating.com\/pl\/obszary-zastosowania\/\" rel=\"tag\">Obszary zastosowania<\/a>, <a href=\"https:\/\/www.climatecoating.com\/pl\/obszary-zastosowania\/przemysl-spozywczy\/\" rel=\"tag\">Przemys\u0142 spo\u017cywczy<\/a>, <a href=\"https:\/\/www.climatecoating.com\/pl\/obszary-zastosowania\/przemysl-wytworczy\/\" rel=\"tag\">Przemys\u0142 wytw\u00f3rczy<\/a>, <a href=\"https:\/\/www.climatecoating.com\/pl\/obszary-zastosowania\/budynki-uzytecznosci-publicznej\/\" rel=\"tag\">Budynki u\u017cyteczno\u015bci publicznej<\/a>, <a href=\"https:\/\/www.climatecoating.com\/pl\/obszary-zastosowania\/rolnictwo-i-hodowla-zwierzat\/\" rel=\"tag\">Rolnictwo i hodowla zwierz\u0105t<\/a><\/span>\n                <a href=\"https:\/\/www.climatecoating.com\/pl\/produkt\/thermoactive\/\" class=\"product-category\">\n                    <span class=\"product-title\">ThermoActive<\/span>\n\n                    \n\n\t<span class=\"price\">ab <span class=\"woocommerce-Price-amount amount\"><bdi>117,95&nbsp;<span class=\"woocommerce-Price-currencySymbol\">&euro;<\/span><\/bdi><\/span><\/span>\n\n\t<p class=\"price price-unit smaller wc-gzd-additional-info wc-gzd-additional-info-loop\"><span class=\"woocommerce-Price-amount amount\">23,59&nbsp;<span class=\"woocommerce-Price-currencySymbol\">&euro;<\/span><\/span> \/  <span class=\"unit\">l<\/span><\/p>\n\n                <\/a>\n            <\/div>\n\n            \n\t<p class=\"wc-gzd-additional-info wc-gzd-additional-info-loop tax-info\">incl. VAT<\/p>\n\n\t<p class=\"wc-gzd-additional-info wc-gzd-additional-info-loop shipping-costs-info\">zzgl. <a href=\"https:\/\/www.climatecoating.com\/shop\/versand\/\" target=\"_blank\">Versandkosten<\/a><\/p>\n\n\n\t<p class=\"wc-gzd-additional-info wc-gzd-additional-info-loop product-units-wrapper product-units\">Produkt enth\u00e4lt: 5 <span class=\"unit\">l<\/span> &ndash; 12,5 <span class=\"unit\">l<\/span> <\/p>\n<div class=\"add-to-cart-button-outer\"><div class=\"add-to-cart-button-inner\"><div class=\"add-to-cart-button-inner2\"><a href=\"https:\/\/www.climatecoating.com\/pl\/produkt\/thermoactive\/\" aria-describedby=\"woocommerce_loop_add_to_cart_link_describedby_29195\" data-quantity=\"1\" class=\"qbutton add-to-cart-button button product_type_variable add_to_cart_button\" data-product_id=\"29195\" data-product_sku=\"\" aria-label=\"Wybierz opcje dla &bdquo;ThermoActive&rdquo;\" rel=\"nofollow\">Optionen w\u00e4hlen<\/a><\/div><\/div><\/div>\t<span id=\"woocommerce_loop_add_to_cart_link_describedby_29195\" class=\"screen-reader-text\">\n\t\tTen produkt ma wiele wariant\u00f3w. Opcje mo\u017cna wybra\u0107 na stronie produktu\t<\/span>\n        <\/li>\n\n        <\/ul>\n<\/div>[\/vc_column][\/vc_row][vc_row row_type=&#8221;row&#8221; use_row_as_full_screen_section=&#8221;no&#8221; type=&#8221;full_width&#8221; text_align=&#8221;left&#8221; background_animation=&#8221;none&#8221; css_animation=&#8221;&#8221; css=&#8221;.vc_custom_1605014654715{padding-bottom: 30px !important;}&#8221;][vc_column][vc_column_text]<\/p>\n<h3>Referencje<\/h3>\n<p>[\/vc_column_text][vc_separator type=&#8221;small&#8221; position=&#8221;left&#8221; border_style=&#8221;&#8221; up=&#8221;18&#8243; down=&#8221;20&#8243; color=&#8221;#d6202d&#8221;]<div class='projects_holder_outer v4 portfolio_with_space portfolio_standard  qode-filter-position-top'>\n\t    \t<div class='projects_holder clearfix v4 standard portfolio_default_image '>\n\t\t<article class=\"mix portfolio_category_1052\">\n    <div class='image_holder default_hover'>\n        \n<span class='image'><img loading=\"lazy\" decoding=\"async\" width=\"550\" height=\"498\" src=\"https:\/\/www.climatecoating.com\/wp-content\/uploads\/2020\/07\/Mehrfamilienhaus-in-Kapfenberg_05-550x498.jpg\" class=\"attachment-portfolio-default size-portfolio-default wp-post-image\" alt=\"Dom z apartamentami w Kapfenberg 05\" srcset=\"https:\/\/www.climatecoating.com\/wp-content\/uploads\/2020\/07\/Mehrfamilienhaus-in-Kapfenberg_05-550x498.jpg 550w, https:\/\/www.climatecoating.com\/wp-content\/uploads\/2020\/07\/Mehrfamilienhaus-in-Kapfenberg_05-480x434.jpg 480w, https:\/\/www.climatecoating.com\/wp-content\/uploads\/2020\/07\/Mehrfamilienhaus-in-Kapfenberg_05-125x112.jpg 125w\" sizes=\"auto, (max-width: 550px) 100vw, 550px\" \/><\/span>\n                    <a class='portfolio_link_class' href='https:\/\/www.climatecoating.com\/pl\/referencje\/referencja\/dom-z-apartamentami-w-kapfenbergu\/' target='_self'><\/a>\n\t\t\n        <div class=\"portfolio_shader\"><\/div>\n\t\t<div class=\"icons_holder\">\n\t<div class=\"icons_holder_inner\">\n\t\t\t\t\t<a class='portfolio_lightbox' title='Ch\u0142odzenie i redukcja koszt\u00f3w ch\u0142odzenia' href='https:\/\/www.climatecoating.com\/wp-content\/uploads\/2020\/07\/Mehrfamilienhaus-in-Kapfenberg_05.jpg' data-rel='prettyPhoto[pretty_photo_gallery]'><\/a>\n\t\t\t\t\t<\/div>\n<\/div>\n    <\/div>\n\n    <div class='portfolio_description ' >\n            <h4 class=\"portfolio_title\" ><a href=\"https:\/\/www.climatecoating.com\/pl\/referencje\/referencja\/dom-z-apartamentami-w-kapfenbergu\/\" target=\"_self\"> Dom z apartamentami w Kapfenbergu<\/a><\/h4>\n<h6 class=\"portfolio_subtitle\"> <\/h6>    <\/div>\n<\/article>\n<article class=\"mix portfolio_category_1054\">\n    <div class='image_holder default_hover'>\n        \n<span class='image'><img loading=\"lazy\" decoding=\"async\" width=\"550\" height=\"498\" src=\"https:\/\/www.climatecoating.com\/wp-content\/uploads\/2021\/02\/Sankt-Petri-Kirche-in-Moenkebude_01-550x498.jpg\" class=\"attachment-portfolio-default size-portfolio-default wp-post-image\" alt=\"Ko\u015bci\u00f3\u0142 \u015bw. Piotra w M\u00f6nkebude 01\" srcset=\"https:\/\/www.climatecoating.com\/wp-content\/uploads\/2021\/02\/Sankt-Petri-Kirche-in-Moenkebude_01-550x498.jpg 550w, https:\/\/www.climatecoating.com\/wp-content\/uploads\/2021\/02\/Sankt-Petri-Kirche-in-Moenkebude_01-480x434.jpg 480w, https:\/\/www.climatecoating.com\/wp-content\/uploads\/2021\/02\/Sankt-Petri-Kirche-in-Moenkebude_01-125x112.jpg 125w\" sizes=\"auto, (max-width: 550px) 100vw, 550px\" \/><\/span>\n                    <a class='portfolio_link_class' href='https:\/\/www.climatecoating.com\/pl\/referencje\/referencja\/kosciol-sw-piotra-w-moenkebude\/' target='_self'><\/a>\n\t\t\n        <div class=\"portfolio_shader\"><\/div>\n\t\t<div class=\"icons_holder\">\n\t<div class=\"icons_holder_inner\">\n\t\t\t\t\t<a class='portfolio_lightbox' title='Igreja de S\u00e3o Petri em M\u00f6nkebude 01' href='https:\/\/www.climatecoating.com\/wp-content\/uploads\/2021\/02\/Sankt-Petri-Kirche-in-Moenkebude_01.jpg' data-rel='prettyPhoto[pretty_photo_gallery]'><\/a>\n\t\t\t\t\t<\/div>\n<\/div>\n    <\/div>\n\n    <div class='portfolio_description ' >\n            <h4 class=\"portfolio_title\" ><a href=\"https:\/\/www.climatecoating.com\/pl\/referencje\/referencja\/kosciol-sw-piotra-w-moenkebude\/\" target=\"_self\"> Ko\u015bci\u00f3\u0142 \u015bw. Piotra w M\u00f6nkebude<\/a><\/h4>\n<h6 class=\"portfolio_subtitle\"> <\/h6>    <\/div>\n<\/article>\n<article class=\"mix portfolio_category_1052\">\n    <div class='image_holder default_hover'>\n        \n<span class='image'><img loading=\"lazy\" decoding=\"async\" width=\"550\" height=\"498\" src=\"https:\/\/www.climatecoating.com\/wp-content\/uploads\/2020\/07\/Garagen-in-Forst-nach-7-Jahren_01-550x498.jpg\" class=\"attachment-portfolio-default size-portfolio-default wp-post-image\" alt=\"Gara\u017ce w Forst po 7 latach 01\" srcset=\"https:\/\/www.climatecoating.com\/wp-content\/uploads\/2020\/07\/Garagen-in-Forst-nach-7-Jahren_01-550x498.jpg 550w, https:\/\/www.climatecoating.com\/wp-content\/uploads\/2020\/07\/Garagen-in-Forst-nach-7-Jahren_01-480x434.jpg 480w, https:\/\/www.climatecoating.com\/wp-content\/uploads\/2020\/07\/Garagen-in-Forst-nach-7-Jahren_01-125x112.jpg 125w\" sizes=\"auto, (max-width: 550px) 100vw, 550px\" \/><\/span>\n                    <a class='portfolio_link_class' href='https:\/\/www.climatecoating.com\/pl\/referencje\/referencja\/garaze-w-forst-po-7-latach\/' target='_self'><\/a>\n\t\t\n        <div class=\"portfolio_shader\"><\/div>\n\t\t<div class=\"icons_holder\">\n\t<div class=\"icons_holder_inner\">\n\t\t\t\t\t<a class='portfolio_lightbox' title='Ch\u0142odzenie i redukcja koszt\u00f3w ch\u0142odzenia' href='https:\/\/www.climatecoating.com\/wp-content\/uploads\/2020\/07\/Garagen-in-Forst-nach-7-Jahren_01.jpg' data-rel='prettyPhoto[pretty_photo_gallery]'><\/a>\n\t\t\t\t\t<\/div>\n<\/div>\n    <\/div>\n\n    <div class='portfolio_description ' >\n            <h4 class=\"portfolio_title\" ><a href=\"https:\/\/www.climatecoating.com\/pl\/referencje\/referencja\/garaze-w-forst-po-7-latach\/\" target=\"_self\"> Gara\u017ce w Forst po 7 latach<\/a><\/h4>\n<h6 class=\"portfolio_subtitle\"> <\/h6>    <\/div>\n<\/article>\n<article class=\"mix portfolio_category_1052\">\n    <div class='image_holder default_hover'>\n        \n<span class='image'><img loading=\"lazy\" decoding=\"async\" width=\"550\" height=\"498\" src=\"https:\/\/www.climatecoating.com\/wp-content\/uploads\/2021\/02\/Wohnbloecke-in-Perleberg_01-550x498.jpg\" class=\"attachment-portfolio-default size-portfolio-default wp-post-image\" alt=\"Bloki mieszkalne w Perleberg 01\" srcset=\"https:\/\/www.climatecoating.com\/wp-content\/uploads\/2021\/02\/Wohnbloecke-in-Perleberg_01-550x498.jpg 550w, https:\/\/www.climatecoating.com\/wp-content\/uploads\/2021\/02\/Wohnbloecke-in-Perleberg_01-480x434.jpg 480w, https:\/\/www.climatecoating.com\/wp-content\/uploads\/2021\/02\/Wohnbloecke-in-Perleberg_01-125x112.jpg 125w\" sizes=\"auto, (max-width: 550px) 100vw, 550px\" \/><\/span>\n                    <a class='portfolio_link_class' href='https:\/\/www.climatecoating.com\/pl\/referencje\/referencja\/bloki-mieszkalne-w-perleberg\/' target='_self'><\/a>\n\t\t\n        <div class=\"portfolio_shader\"><\/div>\n\t\t<div class=\"icons_holder\">\n\t<div class=\"icons_holder_inner\">\n\t\t\t\t\t<a class='portfolio_lightbox' title='Blocos de apartamentos em Perleberg 01' href='https:\/\/www.climatecoating.com\/wp-content\/uploads\/2021\/02\/Wohnbloecke-in-Perleberg_01.jpg' data-rel='prettyPhoto[pretty_photo_gallery]'><\/a>\n\t\t\t\t\t<\/div>\n<\/div>\n    <\/div>\n\n    <div class='portfolio_description ' >\n            <h4 class=\"portfolio_title\" ><a href=\"https:\/\/www.climatecoating.com\/pl\/referencje\/referencja\/bloki-mieszkalne-w-perleberg\/\" target=\"_self\"> Bloki mieszkalne w Perleberg<\/a><\/h4>\n<h6 class=\"portfolio_subtitle\"> <\/h6>    <\/div>\n<\/article>\n\t\t\t\t\t<div class='filler'><\/div>\n\t\t\t\t\t\t\t\t\t<div class='filler'><\/div>\n\t\t\t\t\t\t\t\t\t<div class='filler'><\/div>\n\t\t\t\t\t\t\t\t\t<div class='filler'><\/div>\n\t\t\t\t\t<\/div>\n\n    \n\t\t\t<div class=\"portfolio_paging\"><span rel=\"10\" class=\"load_more\"><a href=\"https:\/\/www.climatecoating.com\/pl\/wp-json\/wp\/v2\/pages\/28388\/page\/2\/\" >Poka\u017c wi\u0119cej<\/a><\/span><\/div>\n\t\t<div class=\"portfolio_paging_loading\"><a href=\"javascript: void(0)\" class=\"qbutton\">Loading...<\/a><\/div>\n\t<\/div>\n[\/vc_column][\/vc_row][vc_row row_type=&#8221;row&#8221; use_row_as_full_screen_section=&#8221;no&#8221; type=&#8221;full_width&#8221; text_align=&#8221;left&#8221; background_animation=&#8221;none&#8221; css_animation=&#8221;&#8221;][vc_column][\/vc_column][\/vc_row]<\/p>\n<\/div>","protected":false},"excerpt":{"rendered":"Badania naukowe z lat 2001 i 2006 potwierdzaj\u0105 skuteczno\u015b\u0107 energetyczn\u0105 ClimateCoating\u00ae ThermoProtect i stanowi\u0105 podstaw\u0119 dla warto\u015bci obliczeniowych ClimateCoating\u00ae. Oba bloki mieszkalne w Karst\u00e4dt i Perleberg zosta\u0142y opisane w specjalistycznej ksi\u0105\u017cce \"Die neue Energieeinsparverordnung unter Ber\u00fccksichtichti- gung der Bestandsimmobilie\" wydanej przez Hammonia Verlag w 2002...","protected":false},"author":1,"featured_media":0,"parent":28332,"menu_order":9999,"comment_status":"closed","ping_status":"closed","template":"","meta":{"footnotes":""},"class_list":["post-28388","page","type-page","status-publish","hentry"],"_links":{"self":[{"href":"https:\/\/www.climatecoating.com\/pl\/wp-json\/wp\/v2\/pages\/28388","targetHints":{"allow":["GET"]}}],"collection":[{"href":"https:\/\/www.climatecoating.com\/pl\/wp-json\/wp\/v2\/pages"}],"about":[{"href":"https:\/\/www.climatecoating.com\/pl\/wp-json\/wp\/v2\/types\/page"}],"author":[{"embeddable":true,"href":"https:\/\/www.climatecoating.com\/pl\/wp-json\/wp\/v2\/users\/1"}],"replies":[{"embeddable":true,"href":"https:\/\/www.climatecoating.com\/pl\/wp-json\/wp\/v2\/comments?post=28388"}],"version-history":[{"count":0,"href":"https:\/\/www.climatecoating.com\/pl\/wp-json\/wp\/v2\/pages\/28388\/revisions"}],"up":[{"embeddable":true,"href":"https:\/\/www.climatecoating.com\/pl\/wp-json\/wp\/v2\/pages\/28332"}],"wp:attachment":[{"href":"https:\/\/www.climatecoating.com\/pl\/wp-json\/wp\/v2\/media?parent=28388"}],"curies":[{"name":"wp","href":"https:\/\/api.w.org\/{rel}","templated":true}]}}