{"id":28457,"date":"2021-06-08T12:13:09","date_gmt":"2021-06-08T10:13:09","guid":{"rendered":"https:\/\/www.climatecoating.com\/obszary-zastosowania\/ochrona-zabytkow\/"},"modified":"2021-06-28T18:45:20","modified_gmt":"2021-06-28T16:45:20","slug":"ochrona-zabytkow","status":"publish","type":"page","link":"https:\/\/www.climatecoating.com\/pl\/obszary-zastosowania\/ochrona-zabytkow\/","title":{"rendered":"Ochrona zabytk\u00f3w"},"content":{"rendered":"<div class=\"wpb-content-wrapper\"><p>[vc_row row_type=&#8221;row&#8221; use_row_as_full_screen_section=&#8221;no&#8221; type=&#8221;full_width&#8221; text_align=&#8221;left&#8221; background_animation=&#8221;none&#8221; padding_bottom=&#8221;45&#8243; css_animation=&#8221;&#8221;][vc_column][vc_single_image image=&#8221;30708&#8243; img_size=&#8221;full&#8221; qode_css_animation=&#8221;&#8221; css=&#8221;.vc_custom_1605017192328{padding-bottom: 30px !important;}&#8221;][vc_column_text]<\/p>\n<h1>Ochrona zabytk\u00f3w<\/h1>\n<p>[\/vc_column_text][vc_column_text css=&#8221;.vc_custom_1605017246528{padding-bottom: 30px !important;}&#8221;]Niemal ka\u017cde pod\u0142o\u017ce mineralne w starych budynkach jest zanieczyszczone wod\u0105 i sol\u0105 i wymaga szczeg\u00f3lnej piel\u0119gnacji podczas renowacji. Opr\u00f3cz delikatnego osuszania, osuszania mat i d\u0142ugotrwa\u0142ej trwa\u0142o\u015bci kolor\u00f3w, pow\u0142oka elewacyjna oferuje niezwyk\u0142e funkcje. [\/vc_column_text][vc_row_inner row_type=&#8221;row&#8221; type=&#8221;full_width&#8221; use_row_as_full_screen_section_slide=&#8221;no&#8221; text_align=&#8221;left&#8221; css_animation=&#8221;&#8221;][vc_column_inner width=&#8221;1\/3&#8243;][vc_column_text]ROZWI\u0104ZYWANIE PROBLEM\u00d3W<br \/>\nSTRONA WEWN\u0118TRZNA[\/vc_column_text][vc_gallery interval=&#8221;3&#8243; images=&#8221;28373,28876,29253&#8243; img_size=&#8221;full&#8221; onclick=&#8221;&#8221; el_class=&#8221;flex-noarrows&#8221;][vc_separator type=&#8221;small&#8221; position=&#8221;left&#8221; border_style=&#8221;&#8221; up=&#8221;18&#8243; down=&#8221;20&#8243; color=&#8221;#d6202d&#8221;][vc_column_text]Ochrona przed ple\u015bni\u0105<\/p>\n<p>Higiena pomieszcze\u0144<\/p>\n<p>Zapobieganie powstawaniu kondensatu<\/p>\n<p>Regulacja wilgotno\u015bci<\/p>\n<p>Poprawa klimatu w pomieszczeniach<\/p>\n<p>Komfort \u017cycia<\/p>\n<p>Neutralno\u015b\u0107 zapachowa<\/p>\n<p>Odporno\u015b\u0107 na zabrudzenia<\/p>\n<p>Oszcz\u0119dno\u015b\u0107 energii<\/p>\n<p>Stabilno\u015b\u0107 koloru<\/p>\n<p>Poprawa akustyki<\/p>\n<p>Rozja\u015bnienie pomieszczenia poprzez odbicie \u015bwiat\u0142a[\/vc_column_text][\/vc_column_inner][vc_column_inner width=&#8221;1\/3&#8243;][vc_column_text]OCHRONA<br \/>\nFASADY HISTORYCZNE[\/vc_column_text][vc_gallery interval=&#8221;3&#8243; images=&#8221;30542&#8243; img_size=&#8221;full&#8221; onclick=&#8221;&#8221; el_class=&#8221;flex-noarrows&#8221;][vc_separator type=&#8221;small&#8221; position=&#8221;left&#8221; border_style=&#8221;&#8221; up=&#8221;18&#8243; down=&#8221;20&#8243; color=&#8221;#d6202d&#8221;][vc_column_text]Oszcz\u0119dno\u015b\u0107 energii<\/p>\n<p>D\u0142ugowieczno\u015b\u0107<\/p>\n<p>Bez p\u0119kni\u0119\u0107<\/p>\n<p>Wytrzyma\u0142o\u015b\u0107<\/p>\n<p>Odporno\u015b\u0107 na zabrudzenia<\/p>\n<p>Zarz\u0105dzanie wilgoci\u0105<\/p>\n<p>Trudnopalno\u015b\u0107<\/p>\n<p>Delikatne osuszanie zabytkowych fasad<\/p>\n<p>Zachowanie warto\u015bci zabytkowych fasad[\/vc_column_text][\/vc_column_inner][vc_column_inner width=&#8221;1\/3&#8243;][vc_column_text]OCHRONA DREWNA W<br \/>\nNA ZEWN\u0104TRZ[\/vc_column_text][vc_gallery interval=&#8221;3&#8243; images=&#8221;30744,30742,30746&#8243; img_size=&#8221;full&#8221; onclick=&#8221;&#8221; el_class=&#8221;flex-noarrows&#8221;][vc_separator type=&#8221;small&#8221; position=&#8221;left&#8221; border_style=&#8221;&#8221; up=&#8221;18&#8243; down=&#8221;20&#8243; color=&#8221;#d6202d&#8221;][vc_column_text]D\u0142ugotrwa\u0142a ochrona drewna przed wp\u0142ywem czynnik\u00f3w atmosferycznych<\/p>\n<p>[\/vc_column_text][\/vc_column_inner][\/vc_row_inner][\/vc_column][\/vc_row][vc_row row_type=&#8221;row&#8221; use_row_as_full_screen_section=&#8221;no&#8221; type=&#8221;full_width&#8221; text_align=&#8221;left&#8221; background_animation=&#8221;none&#8221; css_animation=&#8221;&#8221;][vc_column]<div class=\"templatera_shortcode\"><div     class=\"vc_row wpb_row section vc_row-fluid backlink\" style=' text-align:left;'><div class=\" full_section_inner clearfix\"><div class=\"wpb_column vc_column_container vc_col-sm-12\"><div class=\"vc_column-inner\"><div class=\"wpb_wrapper\">\n\t<div class=\"wpb_text_column wpb_content_element \">\n\t\t<div class=\"wpb_wrapper\">\n\t\t\t<p style=\"text-align: center;\"><strong><a href=\"https:\/\/www.climatecoating.com\/pl\/obszary-zastosowania\/\">&lt;&lt;  Powr\u00f3t do przegl\u0105du obszar\u00f3w zastosowa\u0144<\/a><\/strong><\/p>\n\n\t\t<\/div>\n\t<\/div><\/div><\/div><\/div><\/div><\/div><\/div>[\/vc_column][\/vc_row]<\/p>\n<\/div>","protected":false},"excerpt":{"rendered":"Ochrona zabytk\u00f3w Niemal ka\u017cde pod\u0142o\u017ce mineralne w starych budynkach jest zanieczyszczone wod\u0105 i sol\u0105 i wymaga szczeg\u00f3lnej piel\u0119gnacji podczas renowacji. Opr\u00f3cz delikatnego osuszania, osuszania mat i d\u0142ugotrwa\u0142ej trwa\u0142o\u015bci kolor\u00f3w, pow\u0142oka elewacyjna oferuje niezwyk\u0142e funkcje. ROZWI\u0104ZYWANIE PROBLEM\u00d3W STRONA WEWN\u0118TRZNA Ochrona przed ple\u015bni\u0105 Higiena pomieszcze\u0144 Zapobieganie powstawaniu...","protected":false},"author":1,"featured_media":0,"parent":28332,"menu_order":110,"comment_status":"closed","ping_status":"closed","template":"","meta":{"footnotes":""},"class_list":["post-28457","page","type-page","status-publish","hentry"],"_links":{"self":[{"href":"https:\/\/www.climatecoating.com\/pl\/wp-json\/wp\/v2\/pages\/28457","targetHints":{"allow":["GET"]}}],"collection":[{"href":"https:\/\/www.climatecoating.com\/pl\/wp-json\/wp\/v2\/pages"}],"about":[{"href":"https:\/\/www.climatecoating.com\/pl\/wp-json\/wp\/v2\/types\/page"}],"author":[{"embeddable":true,"href":"https:\/\/www.climatecoating.com\/pl\/wp-json\/wp\/v2\/users\/1"}],"replies":[{"embeddable":true,"href":"https:\/\/www.climatecoating.com\/pl\/wp-json\/wp\/v2\/comments?post=28457"}],"version-history":[{"count":0,"href":"https:\/\/www.climatecoating.com\/pl\/wp-json\/wp\/v2\/pages\/28457\/revisions"}],"up":[{"embeddable":true,"href":"https:\/\/www.climatecoating.com\/pl\/wp-json\/wp\/v2\/pages\/28332"}],"wp:attachment":[{"href":"https:\/\/www.climatecoating.com\/pl\/wp-json\/wp\/v2\/media?parent=28457"}],"curies":[{"name":"wp","href":"https:\/\/api.w.org\/{rel}","templated":true}]}}