{"id":28459,"date":"2021-06-08T12:13:09","date_gmt":"2021-06-08T10:13:09","guid":{"rendered":"https:\/\/www.climatecoating.com\/firma\/zrownowazony-rozwoj-i-srodowisko\/"},"modified":"2025-11-28T14:32:55","modified_gmt":"2025-11-28T13:32:55","slug":"zrownowazony-rozwoj-i-srodowisko","status":"publish","type":"page","link":"https:\/\/www.climatecoating.com\/pl\/firma\/zrownowazony-rozwoj-i-srodowisko\/","title":{"rendered":"Zr\u00f3wnowa\u017cony rozw\u00f3j i \u015brodowisko"},"content":{"rendered":"<div class=\"wpb-content-wrapper\"><p>[vc_row row_type=&#8221;row&#8221; use_row_as_full_screen_section=&#8221;no&#8221; type=&#8221;full_width&#8221; text_align=&#8221;left&#8221; background_animation=&#8221;none&#8221; padding_bottom=&#8221;45&#8243; css_animation=&#8221;&#8221;][vc_column][vc_single_image image=&#8221;60339&#8243; img_size=&#8221;full&#8221; css=&#8221;.vc_custom_1764336758337{padding-bottom: 30px !important;}&#8221; qode_css_animation=&#8221;&#8221;][vc_row_inner row_type=&#8221;row&#8221; type=&#8221;full_width&#8221; use_row_as_full_screen_section_slide=&#8221;no&#8221; text_align=&#8221;left&#8221; css_animation=&#8221;&#8221;][vc_column_inner width=&#8221;1\/4&#8243;]<div class=\"ult_row_spacer\"><div class=\"ult-sticky-anchor\"><div class=\"ult-sticky-section ult-sticky \"  data-gutter= '100' data-stick_behaviour= 'stick_with_scroll_row'  data-sticky_position= 'top' data-mobile='no' data-support='no'>[vc_raw_html]W2Ntd2l6YXJkIHdpZGdldD0iMiIgL10=[\/vc_raw_html]<\/div><div class=\"ult-space\"><\/div><\/div><\/div>[\/vc_column_inner][vc_column_inner width=&#8221;3\/4&#8243;][vc_column_text]<\/p>\n<h1>Zr\u00f3wnowa\u017cony rozw\u00f3j i \u015brodowisko<\/h1>\n<p><strong>Wytyczne dla rozwoju naszych produkt\u00f3w: <em>mniej znaczy wi\u0119cej<\/em><\/strong><\/p>\n<p>Wytwarzamy produkty o warto\u015bci dodanej dla ludzi i \u015brodowiska. Mniejsze zu\u017cycie energii, mniejsze zu\u017cycie zasob\u00f3w. W zamian oszcz\u0119dza si\u0119 wi\u0119cej energii, a budynki zachowuj\u0105 swoj\u0105 warto\u015b\u0107 w d\u0142u\u017cszej perspektywie.<\/p>\n<p><strong>Drogowskaz jako\u015bci produktu: <em>najwy\u017cszy poziom<\/em><\/strong><\/p>\n<p>Upewniamy si\u0119, \u017ce ka\u017cdego dnia dok\u0142adnie analizujemy ka\u017cdy nasz ruch i ka\u017cde podej\u015bcie. Upewniamy si\u0119, \u017ce ka\u017cda partia, kt\u00f3ra opuszcza nasz\u0105 siedzib\u0119, jest najwy\u017cszej jako\u015bci.<\/p>\n<p><strong>Przewodnik zgodno\u015bci \u015brodowiskowej:<em> Odpowiedzialno\u015b\u0107 <\/em> <\/strong><\/p>\n<p>Szukali\u015bmy dostawc\u00f3w, kt\u00f3rzy sami przestrzegaj\u0105 zasad ekologicznego zarz\u0105dzania i bior\u0105 odpowiedzialno\u015b\u0107 za \u015brodowisko.[\/vc_column_text][\/vc_column_inner][\/vc_row_inner][\/vc_column][\/vc_row][vc_row row_type=&#8221;row&#8221; use_row_as_full_screen_section=&#8221;no&#8221; type=&#8221;full_width&#8221; text_align=&#8221;left&#8221; background_animation=&#8221;none&#8221; css_animation=&#8221;&#8221; css=&#8221;.vc_custom_1613667582104{padding-bottom: 30px !important;}&#8221;][vc_column][vc_separator type=&#8221;normal&#8221; border_style=&#8221;&#8221;][vc_row_inner row_type=&#8221;row&#8221; type=&#8221;full_width&#8221; use_row_as_full_screen_section_slide=&#8221;no&#8221; text_align=&#8221;left&#8221; css_animation=&#8221;&#8221;][vc_column_inner width=&#8221;2\/5&#8243;][vc_column_text]<\/p>\n<h3>Nasze zasady w polityce jako\u015bci i polityce \u015brodowiskowej<\/h3>\n<p>Polityka jako\u015bci i polityka \u015brodowiskowa s\u0105 elementami polityki naszej firmy i wyja\u015bniaj\u0105 roszczenia SICC Coatings GmbH w odniesieniu do wysokiej jako\u015bci produkt\u00f3w i us\u0142ug dla naszych klient\u00f3w, pracownik\u00f3w firmy i wszystkich grup interesu.<\/p>\n<p>Jednocze\u015bnie firma SICC Coatings GmbH jest zaanga\u017cowana w zmniejszanie wszystkich specyficznych dla firmy wp\u0142yw\u00f3w na \u015brodowisko, a tam, gdzie to mo\u017cliwe, nawet w ich unikanie. Opiera si\u0119 to na zidentyfikowanych aspektach \u015brodowiskowych specyficznych dla firmy, kt\u00f3re pokazuj\u0105, gdzie mo\u017cna znale\u017a\u0107 zanieczyszczenie \u015brodowiska.<\/p>\n<p>SICC Coatings GmbH zobowi\u0105zuje si\u0119 do ci\u0105g\u0142ego doskonalenia w celu unikni\u0119cia zanieczyszczenia \u015brodowiska i przestrzegania obowi\u0105zuj\u0105cych zobowi\u0105za\u0144 prawnych i przepis\u00f3w.<\/p>\n<p>Praca i wdra\u017canie naszej polityki jako\u015bci i ochrony \u015brodowiska maj\u0105 pozytywny wp\u0142yw na jako\u015b\u0107 naszych produkt\u00f3w, efektywno\u015b\u0107 naszych proces\u00f3w i zmniejszenie naszego wp\u0142ywu na \u015brodowisko. Zaufanie i zadowolenie naszych klient\u00f3w, pracownik\u00f3w i grup interesu, a tak\u017ce aktywny wp\u0142yw na wszystkie istotne dla \u015brodowiska procesy, kt\u00f3re maj\u0105 na nas wp\u0142yw, s\u0105 tre\u015bci\u0105 naszej polityki jako\u015bci i ochrony \u015brodowiska.<\/p>\n<p>Systemy zarz\u0105dzania jako\u015bci\u0105 i \u015brodowiskiem s\u0105 stale weryfikowane pod k\u0105tem adekwatno\u015bci i zgodno\u015bci z celem.[\/vc_column_text][vc_single_image image=&#8221;54032&#8243; img_size=&#8221;full&#8221; css=&#8221;&#8221; qode_css_animation=&#8221;&#8221;][\/vc_column_inner][vc_column_inner width=&#8221;3\/5&#8243;][vc_column_text]<strong><br \/>\nZasada 1 &#8211; Wp\u0142yw na \u015brodowisko naturalne &#8211; Wp\u0142yw na \u015brodowisko<\/strong>naturalne Ograniczanie, a jeszcze lepiej unikanie wp\u0142ywu na \u015brodowisko naturalne specyficznego dla firmy. Regularnie analizujemy charakter, zakres i wp\u0142yw na \u015brodowisko naszych dzia\u0142a\u0144, produkt\u00f3w i us\u0142ug oraz wywieramy na nie wp\u0142yw.<\/p>\n<p>Z<strong>asada 2 &#8211; Zgodno\u015b\u0107 z przepisami prawa<\/strong> Zobowi\u0105zanie do przestrzegania obowi\u0105zuj\u0105cych zobowi\u0105za\u0144 prawnych i przepis\u00f3w prawa.<\/p>\n<p>Z<strong>asada 3 &#8211; Cele<\/strong> Cele w zakresie jako\u015bci i ochrony \u015brodowiska s\u0105 oparte na naszej polityce jako\u015bci i ochrony \u015brodowiska.<\/p>\n<p>Z<strong>asada 4 &#8211; Zorientowanie<\/strong> na klienta Obiecujemy naszym klientom i partnerom oczekiwan\u0105 lub gwarantowan\u0105 jako\u015b\u0107 naszych produkt\u00f3w. Wykorzystujemy nasz\u0105 wiedz\u0119 i do\u015bwiadczenie, aby profesjonalnie obs\u0142ugiwa\u0107 naszych klient\u00f3w i odpowiada\u0107 na ich pytania i sugestie.<\/p>\n<p>Z<strong>asada 5 &#8211; Ci\u0105g\u0142e doskon<\/strong>alenie W ramach d\u0142ugoterminowego rozwoju naszej firmy, doskonalenie i modyfikacja produkt\u00f3w jest celem naszej pracy. W tym celu stale podnosimy nasz w\u0142asny poziom wyszkolenia. System zarz\u0105dzania jako\u015bci\u0105 i \u015brodowiskiem r\u00f3wnie\u017c podlega ci\u0105g\u0142ej pracy i doskonaleniu.<\/p>\n<p>Z<strong>asada 6 &#8211; \u015awiadomo\u015b\u0107<\/strong> jako\u015bci Utrzymujemy \u015bwiadomo\u015b\u0107 jako\u015bci w naszej firmie poprzez odpowiednie procesy, informacje, szkolenia i instrukcje oraz stale przekazujemy to nastawienie naszym partnerom handlowym.<\/p>\n<p>Z<strong>asada 7 &#8211; Komunikacja<\/strong> Komunikujemy polityk\u0119 jako\u015bci i ochrony \u015brodowiska oraz wynikaj\u0105ce z niej cele wewn\u0105trz naszej firmy oraz naszym klientom i interesariuszom. Wyniki tej komunikacji maj\u0105 decyduj\u0105ce znaczenie dla wniosk\u00f3w i dalszych dzia\u0142a\u0144.[\/vc_column_text][\/vc_column_inner][\/vc_row_inner][\/vc_column][\/vc_row]<\/p>\n<\/div>","protected":false},"excerpt":{"rendered":"<p>[vc_row row_type=&#8221;row&#8221; use_row_as_full_screen_section=&#8221;no&#8221; type=&#8221;full_width&#8221; text_align=&#8221;left&#8221; background_animation=&#8221;none&#8221; padding_bottom=&#8221;45&#8243; css_animation=&#8221;&#8221;][vc_column][vc_single_image image=&#8221;60339&#8243; img_size=&#8221;full&#8221; css=&#8221;.vc_custom_1764336758337{padding-bottom: 30px !important;}&#8221; qode_css_animation=&#8221;&#8221;][vc_row_inner row_type=&#8221;row&#8221; type=&#8221;full_width&#8221; use_row_as_full_screen_section_slide=&#8221;no&#8221; text_align=&#8221;left&#8221; css_animation=&#8221;&#8221;][vc_column_inner width=&#8221;1\/4&#8243;][\/vc_column_inner][vc_column_inner width=&#8221;3\/4&#8243;][vc_column_text] Zr\u00f3wnowa\u017cony rozw\u00f3j i \u015brodowisko Wytyczne dla rozwoju naszych produkt\u00f3w: mniej znaczy wi\u0119cej Wytwarzamy produkty o warto\u015bci dodanej dla ludzi i \u015brodowiska. Mniejsze zu\u017cycie energii,&#8230;<\/p>\n","protected":false},"author":1,"featured_media":0,"parent":28199,"menu_order":610,"comment_status":"closed","ping_status":"closed","template":"","meta":{"footnotes":""},"class_list":["post-28459","page","type-page","status-publish","hentry"],"_links":{"self":[{"href":"https:\/\/www.climatecoating.com\/pl\/wp-json\/wp\/v2\/pages\/28459","targetHints":{"allow":["GET"]}}],"collection":[{"href":"https:\/\/www.climatecoating.com\/pl\/wp-json\/wp\/v2\/pages"}],"about":[{"href":"https:\/\/www.climatecoating.com\/pl\/wp-json\/wp\/v2\/types\/page"}],"author":[{"embeddable":true,"href":"https:\/\/www.climatecoating.com\/pl\/wp-json\/wp\/v2\/users\/1"}],"replies":[{"embeddable":true,"href":"https:\/\/www.climatecoating.com\/pl\/wp-json\/wp\/v2\/comments?post=28459"}],"version-history":[{"count":1,"href":"https:\/\/www.climatecoating.com\/pl\/wp-json\/wp\/v2\/pages\/28459\/revisions"}],"predecessor-version":[{"id":60353,"href":"https:\/\/www.climatecoating.com\/pl\/wp-json\/wp\/v2\/pages\/28459\/revisions\/60353"}],"up":[{"embeddable":true,"href":"https:\/\/www.climatecoating.com\/pl\/wp-json\/wp\/v2\/pages\/28199"}],"wp:attachment":[{"href":"https:\/\/www.climatecoating.com\/pl\/wp-json\/wp\/v2\/media?parent=28459"}],"curies":[{"name":"wp","href":"https:\/\/api.w.org\/{rel}","templated":true}]}}