{"id":28467,"date":"2021-06-08T12:13:11","date_gmt":"2021-06-08T10:13:11","guid":{"rendered":"https:\/\/www.climatecoating.com\/obszary-zastosowania\/przemysl-spozywczy\/"},"modified":"2022-03-31T09:50:38","modified_gmt":"2022-03-31T07:50:38","slug":"przemysl-spozywczy","status":"publish","type":"page","link":"https:\/\/www.climatecoating.com\/pl\/obszary-zastosowania\/przemysl-spozywczy\/","title":{"rendered":"Przemys\u0142 spo\u017cywczy"},"content":{"rendered":"<div class=\"wpb-content-wrapper\"><p>[vc_row row_type=&#8221;row&#8221; use_row_as_full_screen_section=&#8221;no&#8221; type=&#8221;full_width&#8221; text_align=&#8221;left&#8221; background_animation=&#8221;none&#8221; padding_bottom=&#8221;45&#8243; css_animation=&#8221;&#8221;][vc_column][vc_single_image image=&#8221;30718&#8243; img_size=&#8221;full&#8221; qode_css_animation=&#8221;&#8221; css=&#8221;.vc_custom_1605018080810{padding-bottom: 30px !important;}&#8221;][vc_column_text]<\/p>\n<h1>Przemys\u0142 spo\u017cywczy<\/h1>\n<p>[\/vc_column_text][vc_column_text css=&#8221;.vc_custom_1605018105742{padding-bottom: 30px !important;}&#8221;]Higiena jest na pierwszym miejscu. Redukcja koszt\u00f3w ch\u0142odzenia na drugim miejscu. Pow\u0142oki funkcjonalne ClimateCoating<sup>\u00ae<\/sup> mog\u0105 wnie\u015b\u0107 d\u0142ugotrwa\u0142y i skuteczny wk\u0142ad w oba te wyzwania. Pozw\u00f3l, \u017ce Ci doradzimy![\/vc_column_text][vc_row_inner row_type=&#8221;row&#8221; type=&#8221;full_width&#8221; use_row_as_full_screen_section_slide=&#8221;no&#8221; text_align=&#8221;left&#8221; css_animation=&#8221;&#8221;][vc_column_inner width=&#8221;1\/2&#8243;][vc_column_text]HYGIENE[\/vc_column_text][vc_gallery interval=&#8221;3&#8243; images=&#8221;29253,30732,28373&#8243; img_size=&#8221;full&#8221; onclick=&#8221;&#8221; el_class=&#8221;flex-noarrows&#8221;][vc_separator type=&#8221;small&#8221; position=&#8221;left&#8221; border_style=&#8221;&#8221; up=&#8221;18&#8243; down=&#8221;20&#8243; color=&#8221;#d6202d&#8221;][vc_column_text]Ochrona przed ple\u015bni\u0105<\/p>\n<p>Higiena pomieszcze\u0144<\/p>\n<p>Zapobieganie powstawaniu kondensatu<\/p>\n<p>Regulacja wilgotno\u015bci<\/p>\n<p>Neutralno\u015b\u0107 zapachowa<\/p>\n<p>Odporno\u015b\u0107 na zabrudzenia<\/p>\n<p>Oszcz\u0119dno\u015b\u0107 energii<\/p>\n<p>Usuwanie zanieczyszcze\u0144 metod\u0105 fotokatalizy<\/p>\n<p>Rozja\u015bnienie pomieszczenia poprzez odbicie \u015bwiat\u0142a<\/p>\n<p>Od\u015bwie\u017cenie p\u0142yt sufitowych[\/vc_column_text][\/vc_column_inner][vc_column_inner width=&#8221;1\/2&#8243;][vc_column_text]CH\u0141ODZENIE BUDYNK\u00d3W[\/vc_column_text][vc_gallery interval=&#8221;3&#8243; images=&#8221;29208,30522,28593&#8243; img_size=&#8221;full&#8221; onclick=&#8221;&#8221; el_class=&#8221;flex-noarrows&#8221;][vc_separator type=&#8221;small&#8221; position=&#8221;left&#8221; border_style=&#8221;&#8221; up=&#8221;18&#8243; down=&#8221;20&#8243; color=&#8221;#d6202d&#8221;][vc_column_text]Oszcz\u0119dno\u015b\u0107 energii<\/p>\n<p>D\u0142ugowieczno\u015b\u0107<\/p>\n<p>Bez p\u0119kni\u0119\u0107<\/p>\n<p>Wytrzyma\u0142o\u015b\u0107<\/p>\n<p>Odporno\u015b\u0107 na zabrudzenia<\/p>\n<p>Zarz\u0105dzanie wilgoci\u0105<\/p>\n<p>Trudnopalno\u015b\u0107<\/p>\n<p>Ch\u0142odzenie i redukcja koszt\u00f3w ch\u0142odzenia<\/p>\n<p>Ochrona przed czynnikami atmosferycznymi<\/p>\n<p>Szczelno\u015b\u0107<\/p>\n<p>Odpr\u0119\u017cenie termiczne[\/vc_column_text][\/vc_column_inner][\/vc_row_inner][\/vc_column][\/vc_row][vc_row row_type=&#8221;row&#8221; use_row_as_full_screen_section=&#8221;no&#8221; type=&#8221;full_width&#8221; text_align=&#8221;left&#8221; background_animation=&#8221;none&#8221; css_animation=&#8221;&#8221;][vc_column][\/vc_column][\/vc_row]<\/p>\n<\/div>","protected":false},"excerpt":{"rendered":"Przemys\u0142 spo\u017cywczy Higiena jest na pierwszym miejscu. Redukcja koszt\u00f3w ch\u0142odzenia na drugim miejscu. Pow\u0142oki funkcjonalne ClimateCoating\u00ae mog\u0105 wnie\u015b\u0107 d\u0142ugotrwa\u0142y i skuteczny wk\u0142ad w oba te wyzwania. Pozw\u00f3l, \u017ce Ci doradzimy! HYGIENE Ochrona przed ple\u015bni\u0105 Higiena pomieszcze\u0144 Zapobieganie powstawaniu kondensatu Regulacja wilgotno\u015bci Neutralno\u015b\u0107 zapachowa Odporno\u015b\u0107 na...","protected":false},"author":1,"featured_media":0,"parent":28332,"menu_order":115,"comment_status":"closed","ping_status":"closed","template":"","meta":{"footnotes":""},"class_list":["post-28467","page","type-page","status-publish","hentry"],"_links":{"self":[{"href":"https:\/\/www.climatecoating.com\/pl\/wp-json\/wp\/v2\/pages\/28467","targetHints":{"allow":["GET"]}}],"collection":[{"href":"https:\/\/www.climatecoating.com\/pl\/wp-json\/wp\/v2\/pages"}],"about":[{"href":"https:\/\/www.climatecoating.com\/pl\/wp-json\/wp\/v2\/types\/page"}],"author":[{"embeddable":true,"href":"https:\/\/www.climatecoating.com\/pl\/wp-json\/wp\/v2\/users\/1"}],"replies":[{"embeddable":true,"href":"https:\/\/www.climatecoating.com\/pl\/wp-json\/wp\/v2\/comments?post=28467"}],"version-history":[{"count":0,"href":"https:\/\/www.climatecoating.com\/pl\/wp-json\/wp\/v2\/pages\/28467\/revisions"}],"up":[{"embeddable":true,"href":"https:\/\/www.climatecoating.com\/pl\/wp-json\/wp\/v2\/pages\/28332"}],"wp:attachment":[{"href":"https:\/\/www.climatecoating.com\/pl\/wp-json\/wp\/v2\/media?parent=28467"}],"curies":[{"name":"wp","href":"https:\/\/api.w.org\/{rel}","templated":true}]}}