{"id":28622,"date":"2021-06-08T12:13:34","date_gmt":"2021-06-08T10:13:34","guid":{"rendered":"https:\/\/www.climatecoating.com\/referencje\/budowa-firmy\/"},"modified":"2021-07-12T16:04:50","modified_gmt":"2021-07-12T14:04:50","slug":"budowa-firmy","status":"publish","type":"page","link":"https:\/\/www.climatecoating.com\/pl\/referencje\/budowa-firmy\/","title":{"rendered":"Budowa firmy"},"content":{"rendered":"<div class=\"wpb-content-wrapper\"><p>[vc_row row_type=&#8221;row&#8221; use_row_as_full_screen_section=&#8221;no&#8221; type=&#8221;full_width&#8221; text_align=&#8221;left&#8221; background_animation=&#8221;none&#8221; padding_top=&#8221;14&#8243; padding_bottom=&#8221;100&#8243; css_animation=&#8221;&#8221;][vc_column][vc_column_text]<\/p>\n<h1>Referencje &#8211; Budownictwo komercyjne<\/h1>\n<p>[\/vc_column_text]<div class='projects_holder_outer v3 portfolio_with_space portfolio_with_hover_text  qode-filter-position-left'>\n\t    \t<div class='projects_holder clearfix v3 hover_text portfolio_default_image '>\n\t\t<article class=\"mix portfolio_category_1316\">\n    <div class='image_holder elegant_hover'>\n        \n<span class='image'><img loading=\"lazy\" decoding=\"async\" width=\"550\" height=\"498\" src=\"https:\/\/www.climatecoating.com\/wp-content\/uploads\/2020\/07\/Apotheke-in-Witten_01-550x498.jpg\" class=\"attachment-portfolio-default size-portfolio-default wp-post-image\" alt=\"Apteka w Witten 01\" srcset=\"https:\/\/www.climatecoating.com\/wp-content\/uploads\/2020\/07\/Apotheke-in-Witten_01-550x498.jpg 550w, https:\/\/www.climatecoating.com\/wp-content\/uploads\/2020\/07\/Apotheke-in-Witten_01-480x434.jpg 480w, https:\/\/www.climatecoating.com\/wp-content\/uploads\/2020\/07\/Apotheke-in-Witten_01-125x112.jpg 125w\" sizes=\"auto, (max-width: 550px) 100vw, 550px\" \/><\/span>\n                    <a class='portfolio_link_class' href='https:\/\/www.climatecoating.com\/pl\/referencje\/referencja\/apteka-w-witten\/' target='_self'><\/a>\n\t\t\n        <div class=\"portfolio_shader\"><\/div>\n<div class=\"text_holder\">\n\t<div class=\"text_holder_inner\">\n\t\t<div class=\"text_holder_inner2\">\n\t\t\t<h4 class=\"portfolio_title\" > Apteka w Witten<\/h4><h6 class=\"portfolio_subtitle\"> <\/h6>\t\t<\/div>\n\t<\/div>\n<\/div>\n\n\n\t    \n    <\/div>\n<\/article>\n<article class=\"mix portfolio_category_1316\">\n    <div class='image_holder elegant_hover'>\n        \n<span class='image'><img loading=\"lazy\" decoding=\"async\" width=\"550\" height=\"498\" src=\"https:\/\/www.climatecoating.com\/wp-content\/uploads\/2020\/07\/Das-Schwarze-Haus-in-Madrid_01-550x498.jpg\" class=\"attachment-portfolio-default size-portfolio-default wp-post-image\" alt=\"Czarny Dom w Madrycie 01\" srcset=\"https:\/\/www.climatecoating.com\/wp-content\/uploads\/2020\/07\/Das-Schwarze-Haus-in-Madrid_01-550x498.jpg 550w, https:\/\/www.climatecoating.com\/wp-content\/uploads\/2020\/07\/Das-Schwarze-Haus-in-Madrid_01-480x434.jpg 480w, https:\/\/www.climatecoating.com\/wp-content\/uploads\/2020\/07\/Das-Schwarze-Haus-in-Madrid_01-125x112.jpg 125w\" sizes=\"auto, (max-width: 550px) 100vw, 550px\" \/><\/span>\n                    <a class='portfolio_link_class' href='https:\/\/www.climatecoating.com\/pl\/referencje\/referencja\/czarny-dom-w-madrycie\/' target='_self'><\/a>\n\t\t\n        <div class=\"portfolio_shader\"><\/div>\n<div class=\"text_holder\">\n\t<div class=\"text_holder_inner\">\n\t\t<div class=\"text_holder_inner2\">\n\t\t\t<h4 class=\"portfolio_title\" > Czarny Dom w Madrycie<\/h4><h6 class=\"portfolio_subtitle\"> <\/h6>\t\t<\/div>\n\t<\/div>\n<\/div>\n\n\n\t    \n    <\/div>\n<\/article>\n\t\t\t\t\t<div class='filler'><\/div>\n\t\t\t\t\t\t\t\t\t<div class='filler'><\/div>\n\t\t\t\t\t\t\t\t\t<div class='filler'><\/div>\n\t\t\t\t\t<\/div>\n\n    \n\t<\/div>\n[\/vc_column][\/vc_row][vc_row row_type=&#8221;row&#8221; use_row_as_full_screen_section=&#8221;no&#8221; type=&#8221;full_width&#8221; text_align=&#8221;left&#8221; background_animation=&#8221;none&#8221; css_animation=&#8221;&#8221;][vc_column][\/vc_column][\/vc_row]<\/p>\n<\/div>","protected":false},"excerpt":{"rendered":"Warto\u015b\u0107 referencyjna jasno\u015bci lub warto\u015b\u0107 TSR: ClimateCoating\u00ae dzia\u0142a r\u00f3wnie\u017c w kolorze czarnym. Czarny dom\" w Holandii sta\u0142 si\u0119 ju\u017c terminem domowym: maluje si\u0119 dom na czarno - i nie ma \u017cadnych p\u0119kni\u0119\u0107, p\u0119cherzyk\u00f3w ani innych uszkodze\u0144. I to od lat. Od wiosny 2014 roku w...","protected":false},"author":1,"featured_media":0,"parent":27857,"menu_order":430,"comment_status":"closed","ping_status":"closed","template":"","meta":{"footnotes":""},"class_list":["post-28622","page","type-page","status-publish","hentry"],"_links":{"self":[{"href":"https:\/\/www.climatecoating.com\/pl\/wp-json\/wp\/v2\/pages\/28622","targetHints":{"allow":["GET"]}}],"collection":[{"href":"https:\/\/www.climatecoating.com\/pl\/wp-json\/wp\/v2\/pages"}],"about":[{"href":"https:\/\/www.climatecoating.com\/pl\/wp-json\/wp\/v2\/types\/page"}],"author":[{"embeddable":true,"href":"https:\/\/www.climatecoating.com\/pl\/wp-json\/wp\/v2\/users\/1"}],"replies":[{"embeddable":true,"href":"https:\/\/www.climatecoating.com\/pl\/wp-json\/wp\/v2\/comments?post=28622"}],"version-history":[{"count":0,"href":"https:\/\/www.climatecoating.com\/pl\/wp-json\/wp\/v2\/pages\/28622\/revisions"}],"up":[{"embeddable":true,"href":"https:\/\/www.climatecoating.com\/pl\/wp-json\/wp\/v2\/pages\/27857"}],"wp:attachment":[{"href":"https:\/\/www.climatecoating.com\/pl\/wp-json\/wp\/v2\/media?parent=28622"}],"curies":[{"name":"wp","href":"https:\/\/api.w.org\/{rel}","templated":true}]}}