{"id":28645,"date":"2021-06-08T12:13:38","date_gmt":"2021-06-08T10:13:38","guid":{"rendered":"https:\/\/www.climatecoating.com\/obszary-zastosowania\/przemysl-i-rozwiazania-specjalne\/"},"modified":"2021-07-12T16:07:44","modified_gmt":"2021-07-12T14:07:44","slug":"przemysl-i-rozwiazania-specjalne","status":"publish","type":"page","link":"https:\/\/www.climatecoating.com\/pl\/obszary-zastosowania\/przemysl-i-rozwiazania-specjalne\/","title":{"rendered":"Przemys\u0142 i rozwi\u0105zania specjalne"},"content":{"rendered":"<div class=\"wpb-content-wrapper\"><p>[vc_row row_type=&#8221;row&#8221; use_row_as_full_screen_section=&#8221;no&#8221; type=&#8221;full_width&#8221; text_align=&#8221;left&#8221; background_animation=&#8221;none&#8221; padding_bottom=&#8221;45&#8243; css_animation=&#8221;&#8221;][vc_column][vc_single_image image=&#8221;30706&#8243; img_size=&#8221;full&#8221; qode_css_animation=&#8221;&#8221; css=&#8221;.vc_custom_1605019348238{padding-bottom: 30px !important;}&#8221;][vc_column_text]<\/p>\n<h1>Przemys\u0142 i rozwi\u0105zania specjalne<\/h1>\n<p>[\/vc_column_text][vc_column_text css=&#8221;.vc_custom_1612427797961{padding-bottom: 30px !important;}&#8221;]Istniej\u0105 wyzwania, kt\u00f3re nie mieszcz\u0105 si\u0119 w \u017cadnej kategorii, na przyk\u0142ad powlekanie tworzyw sztucznych lub tekstyli\u00f3w. Albo chodzi o specjalne parametry, w\u0142a\u015bciwo\u015bci lub efekty, takie jak akustyka, elastyczno\u015b\u0107 materia\u0142\u00f3w lub kataliza. Bez wzgl\u0119du na to, jakiego problemu szukaj\u0105 Pa\u0144stwo rozwi\u0105zania, prosimy o <a href=\"https:\/\/www.climatecoating.com\/pl\/kontakt\/\">kontakt z nami<\/a> w sprawie pow\u0142ok lub temat\u00f3w pokrewnych.[\/vc_column_text][\/vc_column][\/vc_row][vc_row row_type=&#8221;row&#8221; use_row_as_full_screen_section=&#8221;no&#8221; type=&#8221;full_width&#8221; text_align=&#8221;left&#8221; background_animation=&#8221;none&#8221; css_animation=&#8221;&#8221;][vc_column][\/vc_column][\/vc_row]<\/p>\n<\/div>","protected":false},"excerpt":{"rendered":"Przemys\u0142 i rozwi\u0105zania specjalne Istniej\u0105 wyzwania, kt\u00f3re nie mieszcz\u0105 si\u0119 w \u017cadnej kategorii, na przyk\u0142ad powlekanie tworzyw sztucznych lub tekstyli\u00f3w. Albo chodzi o specjalne parametry, w\u0142a\u015bciwo\u015bci lub efekty, takie jak akustyka, elastyczno\u015b\u0107 materia\u0142\u00f3w lub kataliza. Bez wzgl\u0119du na to, jakiego problemu szukaj\u0105 Pa\u0144stwo rozwi\u0105zania, prosimy...","protected":false},"author":1,"featured_media":0,"parent":28332,"menu_order":160,"comment_status":"closed","ping_status":"closed","template":"","meta":{"footnotes":""},"class_list":["post-28645","page","type-page","status-publish","hentry"],"_links":{"self":[{"href":"https:\/\/www.climatecoating.com\/pl\/wp-json\/wp\/v2\/pages\/28645","targetHints":{"allow":["GET"]}}],"collection":[{"href":"https:\/\/www.climatecoating.com\/pl\/wp-json\/wp\/v2\/pages"}],"about":[{"href":"https:\/\/www.climatecoating.com\/pl\/wp-json\/wp\/v2\/types\/page"}],"author":[{"embeddable":true,"href":"https:\/\/www.climatecoating.com\/pl\/wp-json\/wp\/v2\/users\/1"}],"replies":[{"embeddable":true,"href":"https:\/\/www.climatecoating.com\/pl\/wp-json\/wp\/v2\/comments?post=28645"}],"version-history":[{"count":0,"href":"https:\/\/www.climatecoating.com\/pl\/wp-json\/wp\/v2\/pages\/28645\/revisions"}],"up":[{"embeddable":true,"href":"https:\/\/www.climatecoating.com\/pl\/wp-json\/wp\/v2\/pages\/28332"}],"wp:attachment":[{"href":"https:\/\/www.climatecoating.com\/pl\/wp-json\/wp\/v2\/media?parent=28645"}],"curies":[{"name":"wp","href":"https:\/\/api.w.org\/{rel}","templated":true}]}}