{"id":29043,"date":"2021-06-08T12:16:02","date_gmt":"2021-06-08T10:16:02","guid":{"rendered":"https:\/\/www.climatecoating.com\/referencje\/gospodarstwo\/"},"modified":"2021-07-12T16:05:28","modified_gmt":"2021-07-12T14:05:28","slug":"gospodarstwo","status":"publish","type":"page","link":"https:\/\/www.climatecoating.com\/pl\/referencje\/gospodarstwo\/","title":{"rendered":"Gospodarstwo"},"content":{"rendered":"<div class=\"wpb-content-wrapper\"><p>[vc_row row_type=&#8221;row&#8221; use_row_as_full_screen_section=&#8221;no&#8221; type=&#8221;full_width&#8221; text_align=&#8221;left&#8221; background_animation=&#8221;none&#8221; padding_top=&#8221;14&#8243; padding_bottom=&#8221;100&#8243; css_animation=&#8221;&#8221;][vc_column][vc_column_text]<\/p>\n<h1>Referencje &#8211; Gospodarstwo rolne<\/h1>\n<p>[\/vc_column_text]<div class='projects_holder_outer v3 portfolio_with_space portfolio_with_hover_text  qode-filter-position-left'>\n\t    \t<div class='projects_holder clearfix v3 hover_text portfolio_default_image '>\n\t\t<article class=\"mix portfolio_category_1317\">\n    <div class='image_holder elegant_hover'>\n        \n<span class='image'><img loading=\"lazy\" decoding=\"async\" width=\"550\" height=\"498\" src=\"https:\/\/www.climatecoating.com\/wp-content\/uploads\/2020\/07\/Sanierung-Bauernhaus-in-den-Niederlanden_07-550x498.jpg\" class=\"attachment-portfolio-default size-portfolio-default wp-post-image\" alt=\"Renowacja domu w Holandii 07\" srcset=\"https:\/\/www.climatecoating.com\/wp-content\/uploads\/2020\/07\/Sanierung-Bauernhaus-in-den-Niederlanden_07-550x498.jpg 550w, https:\/\/www.climatecoating.com\/wp-content\/uploads\/2020\/07\/Sanierung-Bauernhaus-in-den-Niederlanden_07-480x434.jpg 480w, https:\/\/www.climatecoating.com\/wp-content\/uploads\/2020\/07\/Sanierung-Bauernhaus-in-den-Niederlanden_07-125x112.jpg 125w\" sizes=\"auto, (max-width: 550px) 100vw, 550px\" \/><\/span>\n                    <a class='portfolio_link_class' href='https:\/\/www.climatecoating.com\/pl\/referencje\/referencja\/renowacja-domu-w-holandii\/' target='_self'><\/a>\n\t\t\n        <div class=\"portfolio_shader\"><\/div>\n<div class=\"text_holder\">\n\t<div class=\"text_holder_inner\">\n\t\t<div class=\"text_holder_inner2\">\n\t\t\t<h4 class=\"portfolio_title\" > Renowacja domu w Holandii<\/h4><h6 class=\"portfolio_subtitle\"> <\/h6>\t\t<\/div>\n\t<\/div>\n<\/div>\n\n\n\t    \n    <\/div>\n<\/article>\n\t\t\t\t\t<div class='filler'><\/div>\n\t\t\t\t\t\t\t\t\t<div class='filler'><\/div>\n\t\t\t\t\t\t\t\t\t<div class='filler'><\/div>\n\t\t\t\t\t<\/div>\n\n    \n\t<\/div>\n[\/vc_column][\/vc_row][vc_row row_type=&#8221;row&#8221; use_row_as_full_screen_section=&#8221;no&#8221; type=&#8221;full_width&#8221; text_align=&#8221;left&#8221; background_animation=&#8221;none&#8221; css_animation=&#8221;&#8221;][vc_column][\/vc_column][\/vc_row]<\/p>\n<\/div>","protected":false},"excerpt":{"rendered":"Pomalowane \u015bciany z plamami Ten stary budynek w Holandii zosta\u0142 odnowiony w 2013 roku przy u\u017cyciu ClimateCoating\u00ae ThermoProtect. Problem polega\u0142 na tym, \u017ce ze wzgl\u0119du na wcze\u015bniejsze u\u017cytkowanie jako budynek stajni, \u015bciany zewn\u0119trzne wch\u0142on\u0119\u0142y pewne ciecze i uleg\u0142y przebarwieniu. Decyzja o zastosowaniu ClimateCoating\u00ae Exterior by\u0142a...","protected":false},"author":1,"featured_media":0,"parent":27857,"menu_order":420,"comment_status":"closed","ping_status":"closed","template":"","meta":{"footnotes":""},"class_list":["post-29043","page","type-page","status-publish","hentry"],"_links":{"self":[{"href":"https:\/\/www.climatecoating.com\/pl\/wp-json\/wp\/v2\/pages\/29043","targetHints":{"allow":["GET"]}}],"collection":[{"href":"https:\/\/www.climatecoating.com\/pl\/wp-json\/wp\/v2\/pages"}],"about":[{"href":"https:\/\/www.climatecoating.com\/pl\/wp-json\/wp\/v2\/types\/page"}],"author":[{"embeddable":true,"href":"https:\/\/www.climatecoating.com\/pl\/wp-json\/wp\/v2\/users\/1"}],"replies":[{"embeddable":true,"href":"https:\/\/www.climatecoating.com\/pl\/wp-json\/wp\/v2\/comments?post=29043"}],"version-history":[{"count":0,"href":"https:\/\/www.climatecoating.com\/pl\/wp-json\/wp\/v2\/pages\/29043\/revisions"}],"up":[{"embeddable":true,"href":"https:\/\/www.climatecoating.com\/pl\/wp-json\/wp\/v2\/pages\/27857"}],"wp:attachment":[{"href":"https:\/\/www.climatecoating.com\/pl\/wp-json\/wp\/v2\/media?parent=29043"}],"curies":[{"name":"wp","href":"https:\/\/api.w.org\/{rel}","templated":true}]}}