{"id":29137,"date":"2021-06-08T12:16:25","date_gmt":"2021-06-08T10:16:25","guid":{"rendered":"https:\/\/www.climatecoating.com\/polityka-prywatnosci-ue\/"},"modified":"2021-07-12T16:07:02","modified_gmt":"2021-07-12T14:07:02","slug":"polityka-prywatnosci-ue","status":"publish","type":"page","link":"https:\/\/www.climatecoating.com\/pl\/prawna\/polityka-prywatnosci-ue\/","title":{"rendered":"Polityka prywatno\u015bci (UE)"},"content":{"rendered":"<div class=\"wpb-content-wrapper\"><p>[vc_row row_type=&#8221;row&#8221; use_row_as_full_screen_section=&#8221;no&#8221; type=&#8221;full_width&#8221; text_align=&#8221;left&#8221; background_animation=&#8221;none&#8221; css_animation=&#8221;&#8221;][vc_column][vc_column_text]<\/p>\n<h1>Polityka prywatno\u015bci (UE)<\/h1>\n<p>\n<!-- Legal document generated by Complianz | GDPR\/CCPA Cookie Consent https:\/\/wordpress.org\/plugins\/complianz-gdpr -->\n<div id=\"cmplz-document\" class=\"cmplz-document privacy-statement cmplz-document-eu\"><p><i>Niniejsze o\u015bwiadczenie o ochronie prywatno\u015bci zosta\u0142o ostatnio zmienione 2026-01-13 i dotyczy obywateli oraz legalnych sta\u0142ych rezydent\u00f3w Europejskiego Obszaru Gospodarczego i Szwajcarii.<\/i><br \/><br \/><\/p><p><p>W tym o\u015bwiadczeniu o ochronie prywatno\u015bci wyja\u015bniamy, co robimy z danymi, kt\u00f3re uzyskujemy o tobie za po\u015brednictwem <a href=\"https:\/\/www.climatecoating.com\/pl\/\">https:\/\/www.climatecoating.com\/pl\/<\/a>. Zalecamy uwa\u017cne przeczytanie tego o\u015bwiadczenia. Przetwarzaj\u0105c dane, przestrzegamy przepis\u00f3w dotycz\u0105cych prywatno\u015bci. Oznacza to mi\u0119dzy innymi, \u017ce:<\/p><ul>\n                <li>jasno okre\u015blamy cele, dla kt\u00f3rych przetwarzamy dane osobowe. Robimy to za pomoc\u0105 niniejszego o\u015bwiadczenia o ochronie prywatno\u015bci;<\/li>\n                <li>d\u0105\u017cymy do ograniczenia gromadzenia przez nas danych osobowych tylko do tych danych, kt\u00f3re s\u0105 niezb\u0119dne do uzasadnionych cel\u00f3w;<\/li>\n                <li>w pierwszej kolejno\u015bci prosimy o wyra\u017an\u0105 zgod\u0119 na przetwarzanie twoich danych osobowych w przypadkach wymagaj\u0105cych twojej zgody;<\/li>\n                <li>podejmujemy odpowiednie \u015brodki bezpiecze\u0144stwa, aby chroni\u0107 twoje dane osobowe, a tak\u017ce wymagamy tego od stron, kt\u00f3re przetwarzaj\u0105 dane osobowe w naszym imieniu;<\/li>\n                <li>szanujemy twoje prawo dost\u0119pu do twoich danych osobowych, ich poprawiania lub usuwania na twoje \u017c\u0105danie.<\/li>\n            <\/ul><p>Je\u015bli masz jakie\u015b pytania lub chcesz dok\u0142adnie wiedzie\u0107, jakie dane na tw\u00f3j temat przechowujemy, skontaktuj si\u0119 z nami.<\/p><\/p><h2>1. Cel, dane i okres przechowywania<\/h2>Mo\u017cemy zbiera\u0107 lub otrzymywa\u0107 dane osobowe w wielu celach zwi\u0105zanych z nasz\u0105 dzia\u0142alno\u015bci\u0105 biznesow\u0105, kt\u00f3re mog\u0105 obejmowa\u0107: (kliknij, aby rozwin\u0105\u0107)<details class=\"cmplz-dropdown dropdown-privacy-statement\"><summary><div><h3>1.1 Kontakt - przez telefon, poczt\u0119, email i\/lub formularze<\/h3><\/div><\/summary><p class=\"cmplz-subtitle\">W tym celu wykorzystujemy nast\u0119puj\u0105ce dane:<\/p><p><ul><li>Imi\u0119 i nazwisko<\/li><li>Nazwa konta lub pseudonim<\/li><li>Domowy lub inny fizyczny adres, zawieraj\u0105cy nazw\u0119 ulicy oraz nazw\u0119 miasta<\/li><li>Adres email<\/li><li>Numer telefonu<\/li><li>adres IP<\/li><li>P\u0142e\u0107<\/li><\/ul><\/p><p class=\"cmplz-subtitle\">Podstaw\u0105, na kt\u00f3rej mo\u017cemy przetwarza\u0107 te dane, jest:<\/p><p><a target=\"_blank\" rel=\"noopener noreferrer nofollow\" href=\"https:\/\/cookiedatabase.org\/legal-bases\/#consent\">Za zgod\u0105.<\/a><\/p><p class=\"cmplz-subtitle\">Okres przechowywania<\/p><p>Przechowujemy te dane do zako\u0144czenia us\u0142ugi.<\/p><\/details><details class=\"cmplz-dropdown dropdown-privacy-statement\"><summary><div><h3>1.2 P\u0142atno\u015bci<\/h3><\/div><\/summary><p class=\"cmplz-subtitle\">W tym celu wykorzystujemy nast\u0119puj\u0105ce dane:<\/p><p><ul><li>Imi\u0119 i nazwisko<\/li><li>Domowy lub inny fizyczny adres, zawieraj\u0105cy nazw\u0119 ulicy oraz nazw\u0119 miasta<\/li><li>Adres email<\/li><li>Nazwa konta lub pseudonim<\/li><li>P\u0142e\u0107<\/li><li>adres IP<\/li><li>Numer telefonu<\/li><\/ul><\/p><p class=\"cmplz-subtitle\">Podstaw\u0105, na kt\u00f3rej mo\u017cemy przetwarza\u0107 te dane, jest:<\/p><p><a target=\"_blank\" rel=\"noopener noreferrer nofollow\" href=\"https:\/\/cookiedatabase.org\/legal-bases\/#consent\">Za zgod\u0105.<\/a><\/p><p class=\"cmplz-subtitle\">Okres przechowywania<\/p><p>Przechowujemy te dane do zako\u0144czenia us\u0142ugi.<\/p><\/details><details class=\"cmplz-dropdown dropdown-privacy-statement\"><summary><div><h3>1.3 Rejestracja konta<\/h3><\/div><\/summary><p class=\"cmplz-subtitle\">W tym celu wykorzystujemy nast\u0119puj\u0105ce dane:<\/p><p><ul><li>Imi\u0119 i nazwisko<\/li><li>Domowy lub inny fizyczny adres, zawieraj\u0105cy nazw\u0119 ulicy oraz nazw\u0119 miasta<\/li><li>Adres email<\/li><li>Nazwa konta lub pseudonim<\/li><li>P\u0142e\u0107<\/li><li>adres IP<\/li><li>Numer telefonu<\/li><\/ul><\/p><p class=\"cmplz-subtitle\">Podstaw\u0105, na kt\u00f3rej mo\u017cemy przetwarza\u0107 te dane, jest:<\/p><p><a target=\"_blank\" rel=\"noopener noreferrer nofollow\" href=\"https:\/\/cookiedatabase.org\/legal-bases\/#consent\">Za zgod\u0105.<\/a><\/p><p class=\"cmplz-subtitle\">Okres przechowywania<\/p><p>Przechowujemy te dane do zako\u0144czenia us\u0142ugi.<\/p><\/details><details class=\"cmplz-dropdown dropdown-privacy-statement\"><summary><div><h3>1.4 \u017beby wspiera\u0107 serwisy lub produkty, kt\u00f3re klient chce kupi\u0107 lub kupi\u0142<\/h3><\/div><\/summary><p class=\"cmplz-subtitle\">W tym celu wykorzystujemy nast\u0119puj\u0105ce dane:<\/p><p><ul><li>Imi\u0119 i nazwisko<\/li><li>Nazwa konta lub pseudonim<\/li><li>Domowy lub inny fizyczny adres, zawieraj\u0105cy nazw\u0119 ulicy oraz nazw\u0119 miasta<\/li><li>Adres email<\/li><li>Numer telefonu<\/li><li>adres IP<\/li><li>Data urodzenia<\/li><li>P\u0142e\u0107<\/li><\/ul><\/p><p class=\"cmplz-subtitle\">Podstaw\u0105, na kt\u00f3rej mo\u017cemy przetwarza\u0107 te dane, jest:<\/p><p><a target=\"_blank\" rel=\"noopener noreferrer nofollow\" href=\"https:\/\/cookiedatabase.org\/legal-bases\/#consent\">Za zgod\u0105.<\/a><\/p><p class=\"cmplz-subtitle\">Okres przechowywania<\/p><p>Przechowujemy te dane do zako\u0144czenia us\u0142ugi.<\/p><\/details><details class=\"cmplz-dropdown dropdown-privacy-statement\"><summary><div><h3>1.5 Aby m\u00f3c wype\u0142ni\u0107 zobowi\u0105zania prawne<\/h3><\/div><\/summary><p class=\"cmplz-subtitle\">W tym celu wykorzystujemy nast\u0119puj\u0105ce dane:<\/p><p><ul><li>Imi\u0119 i nazwisko<\/li><li>Domowy lub inny fizyczny adres, zawieraj\u0105cy nazw\u0119 ulicy oraz nazw\u0119 miasta<\/li><li>Adres email<\/li><li>Numer telefonu<\/li><\/ul><\/p><p class=\"cmplz-subtitle\">Podstaw\u0105, na kt\u00f3rej mo\u017cemy przetwarza\u0107 te dane, jest:<\/p><p><a target=\"_blank\" rel=\"noopener noreferrer nofollow\" href=\"https:\/\/cookiedatabase.org\/legal-bases\/#consent\">Za zgod\u0105.<\/a><\/p><p class=\"cmplz-subtitle\">Okres przechowywania<\/p><p>Przechowujemy te dane do zako\u0144czenia us\u0142ugi.<\/p><\/details><details class=\"cmplz-dropdown dropdown-privacy-statement\"><summary><div><h3>1.6 Dostawy<\/h3><\/div><\/summary><p class=\"cmplz-subtitle\">W tym celu wykorzystujemy nast\u0119puj\u0105ce dane:<\/p><p><ul><li>Imi\u0119 i nazwisko<\/li><li>Domowy lub inny fizyczny adres, zawieraj\u0105cy nazw\u0119 ulicy oraz nazw\u0119 miasta<\/li><li>Adres email<\/li><li>Nazwa konta lub pseudonim<\/li><li>P\u0142e\u0107<\/li><li>Numer telefonu<\/li><\/ul><\/p><p class=\"cmplz-subtitle\">Podstaw\u0105, na kt\u00f3rej mo\u017cemy przetwarza\u0107 te dane, jest:<\/p><p><a target=\"_blank\" rel=\"noopener noreferrer nofollow\" href=\"https:\/\/cookiedatabase.org\/legal-bases\/#consent\">Za zgod\u0105.<\/a><\/p><p class=\"cmplz-subtitle\">Okres przechowywania<\/p><p>Przechowujemy te dane do zako\u0144czenia us\u0142ugi.<\/p><\/details><h2>2. Udost\u0119pnianie innym stronom<\/h2><p>Udost\u0119pniamy lub ujawniamy te dane podmiotom przetwarzaj\u0105cym wy\u0142\u0105cznie w nast\u0119puj\u0105cych celach:<\/p><p class=\"cmplz-subtitle\">Podmioty przetwarzaj\u0105ce<\/p><p><b>Nazwa<\/b>&nbsp;<br \/>\n            <b>Kraj:<\/b>&nbsp;<br \/>\n            <b>Cele:<\/b>&nbsp;<br \/>\n            <\/p><h2>3. Pliki cookies<\/h2><p>Nasza witryna wykorzystuje pliki cookies. Aby uzyska\u0107 wi\u0119cej informacji na temat plik\u00f3w cookies, zapoznaj si\u0119 z nasz\u0105 <a href=\"https:\/\/www.climatecoating.com\/pl\/prawna\/dyrektywa-w-sprawie-plikow-cookie-ue\/\">Cookie Policy<\/a>.&nbsp;<\/p><h2>4. Praktyki ujawniania informacji<\/h2><p><p>Udost\u0119pniamy dane osobowe, je\u017celi jeste\u015bmy zobowi\u0105zani przepisami prawa lub na mocy postanowienia s\u0105du, w odpowiedzi na wezwanie organu \u015bcigania, w zakresie dozwolonym na podstawie innych przepis\u00f3w prawa, w celu udzielenia informacji lub w celu przeprowadzenia post\u0119powania wyja\u015bniaj\u0105cego w sprawie zwi\u0105zanej z bezpiecze\u0144stwem publicznym.<\/p><p>Je\u017celi nasza strona internetowa lub organizacja zostanie przej\u0119ta, sprzedana lub zaanga\u017cowana w fuzj\u0119 lub przej\u0119cie, Twoje dane mog\u0105 zosta\u0107 ujawnione naszym doradcom i potencjalnym nabywcom oraz zostan\u0105 przekazane nowym w\u0142a\u015bcicielom.<\/p><\/p><p>Zawarli\u015bmy z Google umow\u0119 o przetwarzaniu danych.<\/p><p>Google nie mo\u017ce wykorzystywa\u0107 danych do \u017cadnych innych us\u0142ug Google.<\/p><p>W\u0142\u0105czanie pe\u0142nych adres\u00f3w IP jest przez nas blokowane.<\/p><h2>5. Bezpiecze\u0144stwo<\/h2><p>Dbamy o bezpiecze\u0144stwo danych osobowych. Podejmujemy odpowiednie \u015brodki bezpiecze\u0144stwa, aby ograniczy\u0107 nadu\u017cycia i nieuprawniony dost\u0119p do danych osobowych. Gwarantuje to, \u017ce tylko niezb\u0119dne osoby maj\u0105 dost\u0119p do twoich danych, dost\u0119p do danych jest chroniony, a nasze \u015brodki bezpiecze\u0144stwa s\u0105 regularnie sprawdzane.<\/p><h2>6. Witryny podmiot\u00f3w zewn\u0119trznych<\/h2><p>Niniejsze o\u015bwiadczenie o ochronie prywatno\u015bci nie ma zastosowania do stron internetowych os\u00f3b trzecich po\u0142\u0105czonych linkami na naszej stronie internetowej. Nie mo\u017cemy zagwarantowa\u0107, \u017ce te strony trzecie przetwarzaj\u0105 twoje dane osobowe w spos\u00f3b niezawodny lub bezpieczny. Zalecamy zapoznanie si\u0119 z o\u015bwiadczeniami o ochronie prywatno\u015bci tych witryn przed rozpocz\u0119ciem korzystania z nich.<\/p><h2>7. Zmiany niniejszego o\u015bwiadczenia o ochronie prywatno\u015bci<\/h2><p>Zastrzegamy sobie prawo do wprowadzania zmian w niniejszym o\u015bwiadczeniu o ochronie prywatno\u015bci. Zaleca si\u0119 regularne sprawdzanie niniejszego o\u015bwiadczenia o ochronie prywatno\u015bci, aby by\u0107 \u015bwiadomym wszelkich zmian. Ponadto b\u0119dziemy Ci\u0119 aktywnie informowa\u0107, gdy tylko b\u0119dzie to mo\u017cliwe.<\/p><h2>8. Dost\u0119p i modyfikowanie danych<\/h2><p>Je\u015bli masz jakiekolwiek pytania lub chcesz wiedzie\u0107, jakie dane osobowe posiadamy na tw\u00f3j temat, skontaktuj si\u0119 z nami. Mo\u017cesz skontaktowa\u0107 si\u0119 z nami, korzystaj\u0105c z poni\u017cszych informacji. Przys\u0142uguj\u0105 Ci nast\u0119puj\u0105ce prawa:<\/p><ul>\n                <li>Masz prawo wiedzie\u0107, dlaczego potrzebne s\u0105 twoje dane osobowe, co si\u0119 z nimi stanie i jak d\u0142ugo b\u0119d\u0105 przechowywane.<\/li>\n                <li>Prawo dost\u0119pu: Masz prawo dost\u0119pu do swoich danych osobowych, kt\u00f3re s\u0105 nam znane.<\/li>\n                <li>Prawo do sprostowania: masz prawo do uzupe\u0142niania, poprawiania, usuwania lub blokowania swoich danych osobowych w dowolnym momencie.<\/li>\n                <li>Je\u015bli wyrazisz zgod\u0119 na przetwarzanie twoich danych, przys\u0142uguje ci prawo do cofni\u0119cia tej zgody i usuni\u0119cia twoich danych osobowych.<\/li>\n                <li>Prawo do przenoszenia danych: masz prawo za\u017c\u0105da\u0107 wszystkich swoich danych osobowych od administratora i przenie\u015b\u0107 je w ca\u0142o\u015bci do innego administratora.<\/li>\n                <li>Prawo do sprzeciwu: mo\u017cesz sprzeciwi\u0107 si\u0119 przetwarzaniu twoich danych. Przestrzegamy tego, chyba \u017ce istniej\u0105 uzasadnione podstawy do przetwarzania.<\/li>\n            <\/ul><p>Upewnij si\u0119, \u017ce zawsze jasno okre\u015blasz, kim jeste\u015b, aby\u015bmy mieli pewno\u015b\u0107, \u017ce nie modyfikujemy ani nie usuwamy \u017cadnych danych niew\u0142a\u015bciwej osoby.<\/p><h2>9. Z\u0142o\u017cy\u0107 skarg\u0119<\/h2><p>Je\u017celi nie jeste\u015b zadowolony ze sposobu, w jaki obs\u0142ugujemy przetwarzanie twoich danych osobowych (skarga dotycz\u0105ca), przys\u0142uguje ci prawo wniesienia skargi do Urz\u0119du Ochrony Danych.<\/p><h2>10. Inspektor ochrony danych<\/h2><p>Our Data Protection Officer has been registered with the data protection authority in an EU Member State. If you have any questions or requests with respect to this privacy statement or for the Data Protection Officer, you may contact STR Rechtssicher.Org UG (haftungsbeschr\u00e4nkt), via https:\/\/www.rechtssicher.org or extdsb@rechtssicher.org lub przez telefon +49 4537 701185<\/p><h2>11. Dane kontaktowe<\/h2><p>SICC Coatings GmbH<br \/>\n        Wackenbergstra\u00dfe 78 \u2013 82<br \/>\r\nDE-13156 Berlin<br \/>\n        Niemcy<br \/>\n        Witryna:  <a href=\"https:\/\/www.climatecoating.com\/pl\/\">https:\/\/www.climatecoating.com\/pl\/<\/a> <br \/>\n        Email: <span class=\"cmplz-obfuscate\">&#105;n&#102;o@<span class=\"cmplz-fmail-domain\">e&#120;.&#099;o&#109;<\/span>s&#105;&#099;c.&#100;e<\/span> <br \/>\n        Numer telefonu: +49 (0) 30 \/ 50 01 96-0<\/p><h2>Aneks<\/h2><p><h3>WPML<\/h3>\nWPML wykorzystuje pliki cookie do okre\u015blenia aktualnego j\u0119zyka odwiedzaj\u0105cego, ostatnio odwiedzanego j\u0119zyka i j\u0119zyka zalogowanych u\u017cytkownik\u00f3w.\n\nPodczas korzystania z wtyczki WPML b\u0119dzie udost\u0119pnia\u0107 dane zwi\u0105zane z witryn\u0105 za po\u015brednictwem instalatora. \u017badne dane nie s\u0105 udost\u0119pniane przez samego u\u017cytkownika.\n<h3>WooCommerce<\/h3>\n<div class=\"wp-sugerowany-tekst\">\n<p class=\"privacy-policy-tutorial\">Ten przyk\u0142ad pokazuje podstawowe informacje o tym, jakie dane osobowe mo\u017ce gromadzi\u0107, przechowywa\u0107 i udost\u0119pnia\u0107 Tw\u00f3j sklep oraz kto mo\u017ce mie\u0107 dost\u0119p do tych informacji. W zale\u017cno\u015bci od aktywowanych ustawie\u0144 i u\u017cytych dodatkowych wtyczek, konkretne informacje, z kt\u00f3rych korzysta Tw\u00f3j sklep, b\u0119d\u0105 si\u0119 r\u00f3\u017cni\u0107. Zalecamy porady prawne, aby wyja\u015bni\u0107, jakie informacje powinny znale\u017a\u0107 si\u0119 w Twojej polityce prywatno\u015bci.<\/p>\nZbieramy informacje o Tobie podczas procesu sk\u0142adania zam\u00f3wienia w naszym sklepie.\n<h2>Co zbieramy i przechowujemy<\/h2>\nPodczas odwiedzania naszej strony internetowej rejestrujemy:\n<ul>\n <li>Ogl\u0105dane produkty: Tutaj pokazujemy produkty, kt\u00f3re ostatnio ogl\u0105da\u0142e\u015b.<\/li>\n <li>Lokalizacja, adres IP i typ przegl\u0105darki: u\u017cywamy tego do cel\u00f3w, takich jak szacowanie podatk\u00f3w i koszt\u00f3w wysy\u0142ki<\/li>\n <li>Adres wysy\u0142ki: poprosimy Ci\u0119 o podanie go, aby\u015bmy mogli na przyk\u0142ad okre\u015bli\u0107 koszty wysy\u0142ki przed z\u0142o\u017ceniem zam\u00f3wienia i m\u00f3c wys\u0142a\u0107 zam\u00f3wienie do Ciebie.<\/li>\n<\/ul>\nU\u017cywamy r\u00f3wnie\u017c plik\u00f3w cookie do \u015bledzenia zawarto\u015bci koszyka podczas przegl\u0105dania naszej witryny.\n<p class=\"privacy-policy-tutorial\">Uwaga: powiniene\u015b zaktualizowa\u0107 swoj\u0105 polityk\u0119 dotycz\u0105c\u0105 plik\u00f3w cookie, dodaj\u0105c wi\u0119cej szczeg\u00f3\u0142\u00f3w i link do tej sekcji tutaj.<\/p>\nKiedy robisz u nas zakupy, poprosimy Ci\u0119 o podanie informacji, takich jak imi\u0119 i nazwisko, adres rozliczeniowy i wysy\u0142kowy, adres e-mail i numer telefonu, dane karty kredytowej\/p\u0142atno\u015bci oraz opcjonalne informacje o koncie, takie jak nazwa u\u017cytkownika i has\u0142o. U\u017cywamy tych informacji do nast\u0119puj\u0105cych cel\u00f3w:\n<ul>\n <li>Wysy\u0142anie informacji o Twoim koncie i zam\u00f3wieniu<\/li>\n <li>Odpowied\u017a na Twoje zapytania, w tym zwroty i reklamacje<\/li>\n <li>Przetwarzanie transakcji p\u0142atniczych i zapobieganie oszustwom<\/li>\n <li>Za\u0142\u00f3\u017c konto w naszym sklepie<\/li>\n <li>Zgodno\u015b\u0107 ze wszystkimi obowi\u0105zkami prawnymi, takimi jak obliczanie podatk\u00f3w<\/li>\n <li>Poprawianie naszych ofert sklepowych<\/li>\n <li>Wysy\u0142aj wiadomo\u015bci marketingowe, je\u015bli zdecydujesz si\u0119 je otrzymywa\u0107<\/li>\n<\/ul>\nKiedy tworzysz u nas konto, przechowujemy Twoje imi\u0119 i nazwisko, adres, adres e-mail i numer telefonu. Informacje te zostan\u0105 wykorzystane do wype\u0142nienia informacji o p\u0142atno\u015bci dla przysz\u0142ych zam\u00f3wie\u0144.\n\nZazwyczaj przechowujemy informacje o Tobie tak d\u0142ugo, jak potrzebujemy ich do cel\u00f3w gromadzenia i wykorzystywania oraz tak d\u0142ugo, jak jeste\u015bmy zobowi\u0105zani do ich przechowywania. Na przyk\u0142ad przechowujemy informacje o zam\u00f3wieniach przez XXX lat ze wzgl\u0119d\u00f3w podatkowych i rozliczeniowych. Obejmuje to Twoje imi\u0119 i nazwisko, adres e-mail oraz adres rozliczeniowy i wysy\u0142kowy.\n\nPrzechowujemy r\u00f3wnie\u017c komentarze lub oceny, je\u015bli zdecydujesz si\u0119 je zostawi\u0107.\n<h2>Kto w naszym zespole ma dost\u0119p<\/h2>\nCz\u0142onkowie naszego zespo\u0142u maj\u0105 dost\u0119p do informacji, kt\u00f3re nam przekazujesz. Na przyk\u0142ad zar\u00f3wno administratorzy, jak i kierownicy sklep\u00f3w mog\u0105 uzyska\u0107 dost\u0119p do:\n<ul>\n <li>Informacje o zam\u00f3wieniu, takie jak zakupione produkty, czas zakupu i adres wysy\u0142ki oraz<\/li>\n <li>Informacje o kliencie, takie jak imi\u0119 i nazwisko, adres e-mail oraz informacje rozliczeniowe i dotycz\u0105ce wysy\u0142ki.<\/li>\n<\/ul>\nCz\u0142onkowie naszego zespo\u0142u maj\u0105 dost\u0119p do tych informacji, aby przetwarza\u0107 zam\u00f3wienia, zwraca\u0107 pieni\u0105dze i zapewnia\u0107 wsparcie.\n<h2>Co udost\u0119pniamy innym<\/h2>\n<p class=\"privacy-policy-tutorial\">W tej sekcji nale\u017cy wymieni\u0107, komu udost\u0119pniasz informacje i w jakim celu. Mo\u017ce to obejmowa\u0107 mi\u0119dzy innymi analityk\u0119, marketing, bramki p\u0142atno\u015bci, dostawc\u00f3w us\u0142ug przewozowych i elementy stron trzecich.<\/p>\nUdost\u0119pniamy informacje stronom trzecim, kt\u00f3re pomagaj\u0105 nam dostarcza\u0107 Ci nasze zam\u00f3wienia i us\u0142ugi. Na przyk\u0142ad --\n<h3>P\u0142atno\u015bci<\/h3>\n<p class=\"privacy-policy-tutorial\">W tej podsekcji nale\u017cy wymieni\u0107, kt\u00f3re zewn\u0119trzne podmioty przetwarzaj\u0105ce p\u0142atno\u015bci przetwarzaj\u0105 p\u0142atno\u015bci w Twoim sklepie, poniewa\u017c mog\u0105 przetwarza\u0107 dane klient\u00f3w. U\u017cywamy PayPal jako przyk\u0142adu, ale je\u015bli nie korzystasz z PayPal, powiniene\u015b to usun\u0105\u0107.<\/p>\nAkceptujemy p\u0142atno\u015bci przez PayPal. Podczas przetwarzania p\u0142atno\u015bci niekt\u00f3re z Twoich danych zostan\u0105 przekazane do PayPal. Przekazywane s\u0105 tylko informacje wymagane do przetworzenia lub dokonania p\u0142atno\u015bci, takie jak ca\u0142kowita cena zakupu i informacje o p\u0142atno\u015bci.\n\nMo\u017cesz zapozna\u0107 si\u0119 z <a href=\"https:\/\/www.paypal.com\/us\/webapps\/mpp\/ua\/privacy-full\">Polityk\u0105 prywatno\u015bci PayPal<\/a> tutaj.\n\n<\/div>\n<h3>T\u0142umaczenie multimedi\u00f3w WPML<\/h3>\nWPML Media Translation wy\u015ble \u200b\u200badres e-mail i nazw\u0119 ka\u017cdego mened\u017cera, przypisanego t\u0142umacza, a tak\u017ce sam\u0105 tre\u015b\u0107 do zaawansowanego edytora t\u0142umacze\u0144 i zakontraktowanych us\u0142ug t\u0142umaczeniowych.\n<h3>WooCommerce wieloj\u0119zyczny<\/h3>\nWooCommerce Multilingual wykorzystuje pliki cookie, aby zrozumie\u0107 informacje w koszyku podczas u\u017cywania j\u0119zyk\u00f3w w domenach oraz do przesy\u0142ania danych mi\u0119dzy domenami.\n\nWooCommerce Multilingual wykorzystuje r\u00f3wnie\u017c pliki cookie do identyfikacji j\u0119zyka i waluty zam\u00f3wienia ka\u017cdego klienta, a tak\u017ce j\u0119zyka raport\u00f3w generowanych przez WooCommerce. WooCommerce Multilingual rozszerza te raporty o informacje o walutach.\n<h3>Zarz\u0105dzanie t\u0142umaczeniami WPML<\/h3>\nWPML Translation Management wy\u015ble \u200b\u200badres e-mail i nazw\u0119 ka\u017cdego mened\u017cera, a tak\u017ce przypisanego t\u0142umacza i sam\u0105 tre\u015b\u0107 do zaawansowanego edytora t\u0142umacze\u0144 i wdro\u017conych us\u0142ug t\u0142umaczeniowych.\n<h3>T\u0142umaczenie ci\u0105g\u00f3w WPML<\/h3>\nT\u0142umaczenie ci\u0105g\u00f3w WPML wy\u015ble \u200b\u200bwszystkie ci\u0105gi do zaawansowanego edytora t\u0142umacze\u0144 WPML i do wdro\u017conych us\u0142ug t\u0142umaczeniowych.\n<h3>Naprawd\u0119 prosty SSL<\/h3>\nReally Simple SSL i Really Simple SSL Add-ons nie przetwarzaj\u0105 \u017cadnych danych osobowych, wi\u0119c RODO nie ma zastosowania do tych wtyczek ani korzystania z tych wtyczek w Twojej witrynie. Nasze o\u015bwiadczenie o ochronie prywatno\u015bci mo\u017cna znale\u017a\u0107 <a href=\"https:\/\/really-simple-ssl.com\/privacy-statement\/\" target=\"_blank\" rel=\"noopener\">tutaj<\/a>.\n<h3>Wtyczki YITH<\/h3>\n<div class=\"wp-sugerowany-tekst\">\n<p class=\"privacy-policy-tutorial\">Ten przyk\u0142adowy j\u0119zyk zawiera podstawowe informacje o tym, jakie dane osobowe mo\u017ce gromadzi\u0107, przechowywa\u0107 i udost\u0119pnia\u0107 Tw\u00f3j sklep, a tak\u017ce kto mo\u017ce mie\u0107 dost\u0119p do tych danych. W zale\u017cno\u015bci od tego, jakie ustawienia s\u0105 w\u0142\u0105czone i jakie dodatkowe wtyczki s\u0105 u\u017cywane, szczeg\u00f3\u0142owe informacje udost\u0119pniane przez Tw\u00f3j sklep b\u0119d\u0105 si\u0119 r\u00f3\u017cni\u0107. Zalecamy konsultacj\u0119 z prawnikiem przy podejmowaniu decyzji, jakie informacje ujawni\u0107 w swojej polityce prywatno\u015bci.<\/p>\n\n<\/div><\/div>[\/vc_column_text][\/vc_column][\/vc_row]<\/p>\n<\/div>","protected":false},"excerpt":{"rendered":"<p>[vc_row row_type=&#8221;row&#8221; use_row_as_full_screen_section=&#8221;no&#8221; type=&#8221;full_width&#8221; text_align=&#8221;left&#8221; background_animation=&#8221;none&#8221; css_animation=&#8221;&#8221;][vc_column][vc_column_text] Polityka prywatno\u015bci (UE) [\/vc_column_text][\/vc_column][\/vc_row]<\/p>\n","protected":false},"author":1,"featured_media":0,"parent":29162,"menu_order":820,"comment_status":"closed","ping_status":"closed","template":"","meta":{"footnotes":""},"class_list":["post-29137","page","type-page","status-publish","hentry"],"_links":{"self":[{"href":"https:\/\/www.climatecoating.com\/pl\/wp-json\/wp\/v2\/pages\/29137","targetHints":{"allow":["GET"]}}],"collection":[{"href":"https:\/\/www.climatecoating.com\/pl\/wp-json\/wp\/v2\/pages"}],"about":[{"href":"https:\/\/www.climatecoating.com\/pl\/wp-json\/wp\/v2\/types\/page"}],"author":[{"embeddable":true,"href":"https:\/\/www.climatecoating.com\/pl\/wp-json\/wp\/v2\/users\/1"}],"replies":[{"embeddable":true,"href":"https:\/\/www.climatecoating.com\/pl\/wp-json\/wp\/v2\/comments?post=29137"}],"version-history":[{"count":0,"href":"https:\/\/www.climatecoating.com\/pl\/wp-json\/wp\/v2\/pages\/29137\/revisions"}],"up":[{"embeddable":true,"href":"https:\/\/www.climatecoating.com\/pl\/wp-json\/wp\/v2\/pages\/29162"}],"wp:attachment":[{"href":"https:\/\/www.climatecoating.com\/pl\/wp-json\/wp\/v2\/media?parent=29137"}],"curies":[{"name":"wp","href":"https:\/\/api.w.org\/{rel}","templated":true}]}}