{"id":29143,"date":"2021-06-08T12:16:26","date_gmt":"2021-06-08T10:16:26","guid":{"rendered":"https:\/\/www.climatecoating.com\/biblioteka-multimediow\/"},"modified":"2026-02-11T15:41:49","modified_gmt":"2026-02-11T14:41:49","slug":"biblioteka-multimediow","status":"publish","type":"page","link":"https:\/\/www.climatecoating.com\/pl\/biblioteka-multimediow\/","title":{"rendered":"Biblioteka multimedi\u00f3w"},"content":{"rendered":"<div class=\"wpb-content-wrapper\"><p>[vc_row row_type=&#8221;row&#8221; use_row_as_full_screen_section=&#8221;no&#8221; type=&#8221;full_width&#8221; text_align=&#8221;left&#8221; background_animation=&#8221;none&#8221; padding_bottom=&#8221;45&#8243; css_animation=&#8221;&#8221;][vc_column][vc_column_text css=&#8221;&#8221;]<\/p>\n<h1>Biblioteka multimedi\u00f3w<\/h1>\n<p>[\/vc_column_text]<div id=\"ultimate-video-415569e068b3422cd\" class=\"ult-video  ult-adjust-bottom-margin ultimate-video-415569e068b3422cd ultv-2238 \"><div class=\"ultv-video ultv-aspect-ratio-16_9 ultv-subscribe-responsive-none\" data-videotype=\"uv_iframe\">\n\t\t\t\t\t\t<div class=\"ultv-video__outer-wrap\" data-autoplay=\"0\" data-device=\"false\"  data-iconbg=\"#3A3A3A\" data-overcolor=\"\" data-defaultbg=\"#1f1f1e\" data-defaultplay=\"defaulticon\"><div class=\"ultv-video__play\" data-src=\"https:\/\/www.youtube.com\/embed\/TFH_u3m7IFA?rel=0&#038;start&#038;end&#038;controls=1&#038;mute=0&#038;modestbranding=0&#038;autoplay=1\">\n\t\t\t\t\t\t\t\t<img decoding=\"async\" class=\"ultv-video__thumb\" src=\"https:\/\/i.ytimg.com\/vi\/TFH_u3m7IFA\/maxresdefault.jpg\"\/>\n\t\t\t\t\t\t\t\t<div class=\"ultv-video__play-icon  ultv-animation-none\" style=\"width:75px\"><svg height=\"100%\" version=\"1.1\" viewBox=\"0 0 68 48\" width=\"100%\"><path class=\"ultv-youtube-icon-bg\" d=\"m .66,37.62 c 0,0 .66,4.70 2.70,6.77 2.58,2.71 5.98,2.63 7.49,2.91 5.43,.52 23.10,.68 23.12,.68 .00,-1.3e-5 14.29,-0.02 23.81,-0.71 1.32,-0.15 4.22,-0.17 6.81,-2.89 2.03,-2.07 2.70,-6.77 2.70,-6.77 0,0 .67,-5.52 .67,-11.04 l 0,-5.17 c 0,-5.52 -0.67,-11.04 -0.67,-11.04 0,0 -0.66,-4.70 -2.70,-6.77 C 62.03,.86 59.13,.84 57.80,.69 48.28,0 34.00,0 34.00,0 33.97,0 19.69,0 10.18,.69 8.85,.84 5.95,.86 3.36,3.58 1.32,5.65 .66,10.35 .66,10.35 c 0,0 -0.55,4.50 -0.66,9.45 l 0,8.36 c .10,4.94 .66,9.45 .66,9.45 z\" fill=\"#1f1f1e\" ><\/path><path d=\"m 26.96,13.67 18.37,9.62 -18.37,9.55 -0.00,-19.17 z\" fill=\"#fff\"><\/path><path d=\"M 45.02,23.46 45.32,23.28 26.96,13.67 43.32,22.34 45.02,23.46 z\" fill=\"#ccc\"><\/path><\/svg><\/div> <\/div> <\/div><\/div><\/div>[vc_column_text css=&#8221;&#8221;]<strong><span class=\"HwtZe\" lang=\"pl\"><span class=\"jCAhz ChMk0b\"><span class=\"ryNqvb\">Poznaj nasze produkty i ich zalety.<\/span><\/span> <span class=\"jCAhz ChMk0b\"><span class=\"ryNqvb\">Dowiedz si\u0119 wi\u0119cej o fizycznej zasadzie dzia\u0142ania \u201etechnologii membran odblaskowych\u201d.<\/span><\/span> <span class=\"jCAhz ChMk0b\"><span class=\"ryNqvb\">Przekonaj si\u0119 sam o zaletach naszych ekologicznych i trwa\u0142ych farb \u015bciennych i elewacyjnych, pow\u0142ok ochronnych do drewna i pow\u0142ok ch\u0142odz\u0105cych dachy.<\/span><\/span><\/span><\/strong><\/p>\n<p><span class=\"HwtZe\" lang=\"en\"><span class=\"jCAhz ChMk0b\"><span class=\"ryNqvb\"><span class=\"HwtZe\" lang=\"pl\">Obserwuj nas na<\/span><\/span><\/span><\/span><a href=\"https:\/\/www.linkedin.com\/company\/sicc-coatings-gmbh\/\" target=\"_blank\" rel=\"noopener\">\u00a0LinkedIn<\/a>, <a href=\"https:\/\/www.facebook.com\/climatecoating\/\" target=\"_blank\" rel=\"noopener\">Facebook<\/a> i\u00a0<a href=\"https:\/\/www.instagram.com\/climatecoating\/\" target=\"_blank\" rel=\"noopener\">Instagram<\/a>. <span class=\"HwtZe\" lang=\"en\"><span class=\"jCAhz ChMk0b\"><span class=\"ryNqvb\"><span class=\"HwtZe\" lang=\"pl\">Zapraszamy r\u00f3wnie\u017c do \u015bledzenia medi\u00f3w spo\u0142eczno\u015bciowych naszych<\/span><\/span><\/span><\/span>\u00a0<a href=\"https:\/\/www.climatecoating.com\/pl\/firma\/partner-handlowy\/\">partner\u00f3w dystrybucyjnych<\/a> <span class=\"HwtZe\" lang=\"pl\"><span class=\"jCAhz ChMk0b\"><span class=\"ryNqvb\">we Francji, Malezji, Holandii i innych krajach.<\/span><\/span><\/span><\/p>\n<p>&nbsp;<\/p>\n<p>[\/vc_column_text][vc_column_text css=&#8221;&#8221;]<link rel='stylesheet' id='ff-dynamic-css6' type='text\/css' href='https:\/\/www.climatecoating.com\/wp-content\/resources\/flow-flow\/css\/stream-id6.css?ver=1770820862'\/><!-- Flow-Flow \u2014 Social stream plugin for WordPress -->\n<div class=\"ff-stream\" data-plugin=\"flow_flow\" id=\"ff-stream-6\"><span class=\"ff-loader\"><span\n            class=\"ff-square\"><\/span><span class=\"ff-square\"><\/span><span class=\"ff-square ff-last\"><\/span><span\n            class=\"ff-square ff-clear\"><\/span><span class=\"ff-square\"><\/span><span\n            class=\"ff-square ff-last\"><\/span><span class=\"ff-square ff-clear\"><\/span><span\n            class=\"ff-square\"><\/span><span class=\"ff-square ff-last\"><\/span><\/span><\/div>\n<svg aria-hidden=\"true\" style=\"position: absolute; width: 0; height: 0; overflow: hidden;\" version=\"1.1\">\n    <defs>\n        <symbol id=\"ff-icon-heart\" viewBox=\"0 0 48 48\">\n            <path\n                d=\"M34.6 3.1c-4.5 0-7.9 1.8-10.6 5.6-2.7-3.7-6.1-5.5-10.6-5.5C6 3.1 0 9.6 0 17.6c0 7.3 5.4 12 10.6 16.5.6.5 1.3 1.1 1.9 1.7l2.3 2c4.4 3.9 6.6 5.9 7.6 6.5.5.3 1.1.5 1.6.5s1.1-.2 1.6-.5c1-.6 2.8-2.2 7.8-6.8l2-1.8c.7-.6 1.3-1.2 2-1.7C42.7 29.6 48 25 48 17.6c0-8-6-14.5-13.4-14.5z\">\n            <\/path>\n        <\/symbol>\n    <\/defs>\n<\/svg>\n\n\n<script>\n    window.flow_flow_streams = window.flow_flow_streams || [];\n    window.flow_flow_streams.push({\"id\":\"6\",\"hash\":\"1770820382.7b7d97944265850226c92bd578143e115b69baa37aa9c7cc65cd9f4c2df4adfa9c5c7690011a461f8c165345fa5430ac\",\"stream\":{\"name\":\"Poland Stream\",\"cloud\":\"nope\",\"mod\":\"nope\",\"order\":\"smartCompare\",\"posts\":\"30\",\"days\":\"\",\"page-posts\":\"16\",\"cache\":\"yep\",\"cache_lifetime\":\"10\",\"gallery\":\"yep\",\"gallery-type\":\"classic\",\"private\":\"nope\",\"hide-on-desktop\":\"nope\",\"hide-on-mobile\":\"nope\",\"max-res\":\"nope\",\"show-only-media-posts\":\"nope\",\"titles\":\"nope\",\"hidemeta\":\"nope\",\"hidetext\":\"nope\",\"heading\":\"\",\"headingcolor\":\"rgb(93, 93, 93)\",\"subheading\":\"\",\"subheadingcolor\":\"rgb(93, 93, 93)\",\"hhalign\":\"center\",\"bgcolor\":\"rgb(255, 255, 255)\",\"filter\":\"yep\",\"filtercolor\":\"rgb(93, 93, 93)\",\"mobileslider\":\"nope\",\"viewportin\":\"yep\",\"width\":\"260\",\"margin\":\"20\",\"layout\":\"grid\",\"theme\":\"classic\",\"gc-style\":\"style-1\",\"upic-pos\":\"timestamp\",\"upic-style\":\"square\",\"bradius\":\"15\",\"icon-style\":\"label2\",\"icon-col\":\"colored\",\"cardcolor\":\"rgb(255, 255, 255)\",\"namecolor\":\"rgb(93, 93, 93)\",\"textcolor\":\"rgb(93, 93, 93)\",\"linkscolor\":\"rgb(214, 32, 45)\",\"restcolor\":\"rgb(214, 32, 45)\",\"shadow\":\"rgba(0, 0, 0, 0.05)\",\"bcolor\":\"rgba(0, 0, 0, 0.75)\",\"talign\":\"left\",\"icons-style\":\"fill\",\"cards-num\":\"3\",\"scrolltop\":\"yep\",\"c-desktop\":\"5\",\"c-laptop\":\"4\",\"c-tablet-l\":\"3\",\"c-tablet-p\":\"2\",\"c-smart-l\":\"2\",\"c-smart-p\":\"1\",\"s-desktop\":\"15\",\"s-laptop\":\"15\",\"s-tablet-l\":\"10\",\"s-tablet-p\":\"10\",\"s-smart-l\":\"15\",\"s-smart-p\":\"15\",\"m-c-desktop\":\"5\",\"m-c-laptop\":\"4\",\"m-c-tablet-l\":\"3\",\"m-c-tablet-p\":\"2\",\"m-c-smart-l\":\"2\",\"m-c-smart-p\":\"1\",\"m-s-desktop\":\"15\",\"m-s-laptop\":\"15\",\"m-s-tablet-l\":\"10\",\"m-s-tablet-p\":\"10\",\"m-s-smart-l\":\"15\",\"m-s-smart-p\":\"15\",\"j-h-desktop\":\"260\",\"j-h-laptop\":\"240\",\"j-h-tablet-l\":\"220\",\"j-h-tablet-p\":\"200\",\"j-h-smart-l\":\"180\",\"j-h-smart-p\":\"160\",\"j-s-desktop\":\"0\",\"j-s-laptop\":\"0\",\"j-s-tablet-l\":\"0\",\"j-s-tablet-p\":\"0\",\"j-s-smart-l\":\"0\",\"j-s-smart-p\":\"0\",\"c-r-desktop\":\"2\",\"c-r-laptop\":\"2\",\"c-r-tablet-l\":\"2\",\"c-r-tablet-p\":\"2\",\"c-r-smart-l\":\"2\",\"c-r-smart-p\":\"2\",\"c-c-desktop\":\"5\",\"c-c-laptop\":\"4\",\"c-c-tablet-l\":\"3\",\"c-c-tablet-p\":\"3\",\"c-c-smart-l\":\"2\",\"c-c-smart-p\":\"2\",\"c-s-desktop\":\"0\",\"c-s-laptop\":\"0\",\"c-s-tablet-l\":\"0\",\"c-s-tablet-p\":\"0\",\"c-s-smart-l\":\"0\",\"c-s-smart-p\":\"0\",\"c-autoplay\":\"\",\"c-arrows-always\":\"yep\",\"c-arrows-mob\":\"nope\",\"c-dots\":\"yep\",\"c-dots-mob\":\"nope\",\"wallwidth\":\"\",\"wallvm\":\"20\",\"wallhm\":\"0\",\"wallcomments\":\"yep\",\"g-ratio-w\":\"1\",\"g-ratio-h\":\"2\",\"g-ratio-img\":\"1\\\/2\",\"g-overlay\":\"nope\",\"m-overlay\":\"nope\",\"css\":\"\",\"template\":[\"image\",\"header\",\"text\",\"meta\"],\"tv\":\"nope\",\"tv-int\":\"5\",\"tv-logo\":\"\",\"tv-bg\":\"\",\"big\":\"nope\",\"id\":\"6\",\"status\":\"1\",\"last_changes\":1770820862,\"feeds\":[{\"id\":\"uy71853\",\"errors\":[],\"status\":\"1\",\"enabled\":\"yep\",\"last_update\":\"kwi 16 05:35\",\"cache_lifetime\":\"120\",\"system_enabled\":\"1\",\"boosted\":\"nope\",\"timeline-type\":\"playlist\",\"content\":\"PLMKbySkBEO-JqA_9Q9eQiVgMdRGgojLqJ\",\"playlist-order\":\"nope\",\"posts\":\"10\",\"mod\":\"nope\",\"mod-approve\":\"nope\",\"type\":\"youtube\",\"include\":\"\",\"filter-by-words\":\"\"}],\"preview\":false},\"ads\":false,\"js_opts\":{\"streams\":{},\"open_in_new\":\"yep\",\"filter_all\":\"Wszystko\",\"filter_search\":\"Search\",\"expand_text\":\"Expand\",\"collapse_text\":\"Collapse\",\"posted_on\":\"Posted on\",\"followers\":\"Followers\",\"following\":\"Following\",\"posts\":\"Posts\",\"show_more\":\"Poka\\u017c wi\\u0119cej\",\"date_style\":\"wpStyleDate\",\"dates\":{\"Yesterday\":\"Yesterday\",\"s\":\"s\",\"m\":\"m\",\"h\":\"h\",\"ago\":\"ago\",\"months\":[\"Jan\",\"Feb\",\"March\",\"April\",\"May\",\"June\",\"July\",\"Aug\",\"Sept\",\"Oct\",\"Nov\",\"Dec\"]},\"lightbox_navigate\":\"Navigate with arrow keys\",\"view_on\":\"View on\",\"view_on_site\":\"View on site\",\"view_all\":\"View all\",\"comments\":\"comments\",\"scroll\":\"Scroll for more\",\"no_comments\":\"No comments yet.\",\"check_comments\":\"Check all comments\",\"be_first\":\"Be the first!\",\"loading\":\"Loading\",\"server_time\":1776321747,\"forceHTTPS\":\"yep\",\"isAdmin\":false,\"ajaxurl\":\"https:\\\/\\\/www.climatecoating.com\\\/wp-admin\\\/admin-ajax.php\",\"isLog\":false,\"plugin_base\":\"https:\\\/\\\/www.climatecoating.com\\\/wp-content\\\/plugins\\\/flow-flow\",\"plugin_ver\":\"4.9.86\",\"domain\":\"www.climatecoating.com\",\"refresh_nonce\":\"08b14aa258\",\"token\":\"\"},\"domain\":\"www.climatecoating.com\",\"plugin_directory\":\"https:\\\/\\\/www.climatecoating.com\\\/wp-content\\\/plugins\\\/flow-flow\",\"plugin_base\":\"https:\\\/\\\/www.climatecoating.com\\\/wp-content\\\/plugins\\\/flow-flow\",\"version\":\"4.9.86\",\"ajaxurl\":\"https:\\\/\\\/www.climatecoating.com\\\/wp-admin\\\/admin-ajax.php\",\"disableCache\":false,\"page\":\"0\",\"is_preview\":false,\"boosted\":false,\"moderation\":false,\"admin\":false,\"dependencies\":[]});\n<\/script>\n\n<script src=\"https:\/\/www.climatecoating.com\/wp-content\/plugins\/flow-flow\/js\/stream-loader.js?ver=4.9.86\"><\/script>\n<!-- Flow-Flow \u2014 Social streams plugin for Wordpress -->[\/vc_column_text][\/vc_column][\/vc_row]<\/p>\n<\/div>","protected":false},"excerpt":{"rendered":"<p>[vc_row row_type=&#8221;row&#8221; use_row_as_full_screen_section=&#8221;no&#8221; type=&#8221;full_width&#8221; text_align=&#8221;left&#8221; background_animation=&#8221;none&#8221; padding_bottom=&#8221;45&#8243; css_animation=&#8221;&#8221;][vc_column][vc_column_text css=&#8221;&#8221;] Biblioteka multimedi\u00f3w [\/vc_column_text][vc_column_text css=&#8221;&#8221;]Poznaj nasze produkty i ich zalety. Dowiedz si\u0119 wi\u0119cej o fizycznej zasadzie dzia\u0142ania \u201etechnologii membran odblaskowych\u201d. Przekonaj si\u0119 sam o zaletach naszych ekologicznych i trwa\u0142ych farb \u015bciennych i elewacyjnych, pow\u0142ok ochronnych do drewna&#8230;<\/p>\n","protected":false},"author":1,"featured_media":0,"parent":0,"menu_order":300,"comment_status":"closed","ping_status":"closed","template":"","meta":{"footnotes":""},"class_list":["post-29143","page","type-page","status-publish","hentry"],"_links":{"self":[{"href":"https:\/\/www.climatecoating.com\/pl\/wp-json\/wp\/v2\/pages\/29143","targetHints":{"allow":["GET"]}}],"collection":[{"href":"https:\/\/www.climatecoating.com\/pl\/wp-json\/wp\/v2\/pages"}],"about":[{"href":"https:\/\/www.climatecoating.com\/pl\/wp-json\/wp\/v2\/types\/page"}],"author":[{"embeddable":true,"href":"https:\/\/www.climatecoating.com\/pl\/wp-json\/wp\/v2\/users\/1"}],"replies":[{"embeddable":true,"href":"https:\/\/www.climatecoating.com\/pl\/wp-json\/wp\/v2\/comments?post=29143"}],"version-history":[{"count":3,"href":"https:\/\/www.climatecoating.com\/pl\/wp-json\/wp\/v2\/pages\/29143\/revisions"}],"predecessor-version":[{"id":63845,"href":"https:\/\/www.climatecoating.com\/pl\/wp-json\/wp\/v2\/pages\/29143\/revisions\/63845"}],"wp:attachment":[{"href":"https:\/\/www.climatecoating.com\/pl\/wp-json\/wp\/v2\/media?parent=29143"}],"curies":[{"name":"wp","href":"https:\/\/api.w.org\/{rel}","templated":true}]}}