{"id":29324,"date":"2021-06-08T12:17:20","date_gmt":"2021-06-08T10:17:20","guid":{"rendered":"https:\/\/www.climatecoating.com\/obszary-zastosowania\/przemysl-wytworczy\/"},"modified":"2021-06-28T18:46:40","modified_gmt":"2021-06-28T16:46:40","slug":"przemysl-wytworczy","status":"publish","type":"page","link":"https:\/\/www.climatecoating.com\/pl\/obszary-zastosowania\/przemysl-wytworczy\/","title":{"rendered":"Przemys\u0142 wytw\u00f3rczy"},"content":{"rendered":"<div class=\"wpb-content-wrapper\"><p>[vc_row row_type=&#8221;row&#8221; use_row_as_full_screen_section=&#8221;no&#8221; type=&#8221;full_width&#8221; text_align=&#8221;left&#8221; background_animation=&#8221;none&#8221; padding_bottom=&#8221;45&#8243; css_animation=&#8221;&#8221;][vc_column][vc_single_image image=&#8221;30722&#8243; img_size=&#8221;full&#8221; qode_css_animation=&#8221;&#8221; css=&#8221;.vc_custom_1605018310308{padding-bottom: 30px !important;}&#8221;][vc_column_text]<\/p>\n<h1>Przemys\u0142 wytw\u00f3rczy<\/h1>\n<p>[\/vc_column_text][vc_column_text css=&#8221;.vc_custom_1612437494024{padding-bottom: 30px !important;}&#8221;]Warsztaty, pomieszczenia produkcyjne, pracownie &#8211; wszystkie maj\u0105 \u015bciany, sufity, fasady i dachy. Od atrakcyjnych farb \u015bciennych po funkcjonalne pow\u0142oki dachowe, mo\u017cemy pom\u00f3c Ci w realizacji Twojego projektu z ClimateCoating<sup>\u00ae<\/sup>. Plusy ochrony \u015brodowiska i zasob\u00f3w s\u0105 zawsze w Twoim koszyku.[\/vc_column_text][vc_row_inner row_type=&#8221;row&#8221; type=&#8221;full_width&#8221; use_row_as_full_screen_section_slide=&#8221;no&#8221; text_align=&#8221;left&#8221; css_animation=&#8221;&#8221;][vc_column_inner width=&#8221;1\/3&#8243;][vc_column_text]ZASTOSOWANIA WEWN\u0104TRZ[\/vc_column_text][vc_gallery interval=&#8221;3&#8243; images=&#8221;30534,30540,29253&#8243; img_size=&#8221;full&#8221; onclick=&#8221;&#8221; el_class=&#8221;flex-noarrows&#8221;][vc_separator type=&#8221;small&#8221; position=&#8221;left&#8221; border_style=&#8221;&#8221; up=&#8221;18&#8243; down=&#8221;20&#8243; color=&#8221;#d6202d&#8221;][vc_column_text]Zapobieganie powstawaniu kondensatu<\/p>\n<p>Regulacja wilgotno\u015bci<\/p>\n<p>Neutralno\u015b\u0107 zapachowa<\/p>\n<p>Odporno\u015b\u0107 na zabrudzenia<\/p>\n<p>Oszcz\u0119dno\u015b\u0107 energii<\/p>\n<p>Poprawa akustyki<\/p>\n<p>Usuwanie zanieczyszcze\u0144 metod\u0105 fotokatalizy<\/p>\n<p>Rozja\u015bnienie pomieszczenia poprzez odbicie \u015bwiat\u0142a<\/p>\n<p>Od\u015bwie\u017cenie p\u0142yt sufitowych[\/vc_column_text][\/vc_column_inner][vc_column_inner width=&#8221;1\/3&#8243;][vc_column_text]BUDYNEK ZEWN\u0118TRZNY[\/vc_column_text][vc_gallery interval=&#8221;3&#8243; images=&#8221;30522,28593,30744&#8243; img_size=&#8221;full&#8221; onclick=&#8221;&#8221; el_class=&#8221;flex-noarrows&#8221;][vc_separator type=&#8221;small&#8221; position=&#8221;left&#8221; border_style=&#8221;&#8221; up=&#8221;18&#8243; down=&#8221;20&#8243; color=&#8221;#d6202d&#8221;][vc_column_text]Oszcz\u0119dno\u015b\u0107 energii<\/p>\n<p>D\u0142ugowieczno\u015b\u0107<\/p>\n<p>Bez p\u0119kni\u0119\u0107<\/p>\n<p>Wytrzyma\u0142o\u015b\u0107<\/p>\n<p>Odporno\u015b\u0107 na zabrudzenia<\/p>\n<p>Zarz\u0105dzanie wilgoci\u0105<\/p>\n<p>Trudnopalno\u015b\u0107<\/p>\n<p>D\u0142ugotrwa\u0142a ochrona drewna przed wp\u0142ywem czynnik\u00f3w atmosferycznych[\/vc_column_text][\/vc_column_inner][vc_column_inner width=&#8221;1\/3&#8243;][vc_column_text]KONSTRUKCJE DACHOWE[\/vc_column_text][vc_gallery interval=&#8221;3&#8243; images=&#8221;29208,29303,28367&#8243; img_size=&#8221;full&#8221; onclick=&#8221;&#8221; el_class=&#8221;flex-noarrows&#8221;][vc_separator type=&#8221;small&#8221; position=&#8221;left&#8221; border_style=&#8221;&#8221; up=&#8221;18&#8243; down=&#8221;20&#8243; color=&#8221;#d6202d&#8221;][vc_column_text]Ch\u0142odzenie i redukcja koszt\u00f3w ch\u0142odzenia<\/p>\n<p>Ochrona przed czynnikami atmosferycznymi<\/p>\n<p>Szczelno\u015b\u0107<\/p>\n<p>Odpr\u0119\u017cenie termiczne[\/vc_column_text][\/vc_column_inner][\/vc_row_inner][\/vc_column][\/vc_row][vc_row row_type=&#8221;row&#8221; use_row_as_full_screen_section=&#8221;no&#8221; type=&#8221;full_width&#8221; text_align=&#8221;left&#8221; background_animation=&#8221;none&#8221; css_animation=&#8221;&#8221;][vc_column]<div class=\"templatera_shortcode\"><div     class=\"vc_row wpb_row section vc_row-fluid backlink\" style=' text-align:left;'><div class=\" full_section_inner clearfix\"><div class=\"wpb_column vc_column_container vc_col-sm-12\"><div class=\"vc_column-inner\"><div class=\"wpb_wrapper\">\n\t<div class=\"wpb_text_column wpb_content_element \">\n\t\t<div class=\"wpb_wrapper\">\n\t\t\t<p style=\"text-align: center;\"><strong><a href=\"https:\/\/www.climatecoating.com\/pl\/obszary-zastosowania\/\">&lt;&lt;  Powr\u00f3t do przegl\u0105du obszar\u00f3w zastosowa\u0144<\/a><\/strong><\/p>\n\n\t\t<\/div>\n\t<\/div><\/div><\/div><\/div><\/div><\/div><\/div>[\/vc_column][\/vc_row]<\/p>\n<\/div>","protected":false},"excerpt":{"rendered":"Przemys\u0142 wytw\u00f3rczy Warsztaty, pomieszczenia produkcyjne, pracownie - wszystkie maj\u0105 \u015bciany, sufity, fasady i dachy. Od atrakcyjnych farb \u015bciennych po funkcjonalne pow\u0142oki dachowe, mo\u017cemy pom\u00f3c Ci w realizacji Twojego projektu z ClimateCoating\u00ae. Plusy ochrony \u015brodowiska i zasob\u00f3w s\u0105 zawsze w Twoim koszyku. ZASTOSOWANIA WEWN\u0104TRZ Zapobieganie powstawaniu...","protected":false},"author":1,"featured_media":0,"parent":28332,"menu_order":120,"comment_status":"closed","ping_status":"closed","template":"","meta":{"footnotes":""},"class_list":["post-29324","page","type-page","status-publish","hentry"],"_links":{"self":[{"href":"https:\/\/www.climatecoating.com\/pl\/wp-json\/wp\/v2\/pages\/29324","targetHints":{"allow":["GET"]}}],"collection":[{"href":"https:\/\/www.climatecoating.com\/pl\/wp-json\/wp\/v2\/pages"}],"about":[{"href":"https:\/\/www.climatecoating.com\/pl\/wp-json\/wp\/v2\/types\/page"}],"author":[{"embeddable":true,"href":"https:\/\/www.climatecoating.com\/pl\/wp-json\/wp\/v2\/users\/1"}],"replies":[{"embeddable":true,"href":"https:\/\/www.climatecoating.com\/pl\/wp-json\/wp\/v2\/comments?post=29324"}],"version-history":[{"count":0,"href":"https:\/\/www.climatecoating.com\/pl\/wp-json\/wp\/v2\/pages\/29324\/revisions"}],"up":[{"embeddable":true,"href":"https:\/\/www.climatecoating.com\/pl\/wp-json\/wp\/v2\/pages\/28332"}],"wp:attachment":[{"href":"https:\/\/www.climatecoating.com\/pl\/wp-json\/wp\/v2\/media?parent=29324"}],"curies":[{"name":"wp","href":"https:\/\/api.w.org\/{rel}","templated":true}]}}