{"id":29334,"date":"2021-06-08T12:17:23","date_gmt":"2021-06-08T10:17:23","guid":{"rendered":"https:\/\/www.climatecoating.com\/obszary-zastosowania\/transport-i-ruch-drogowy\/"},"modified":"2021-07-12T16:08:10","modified_gmt":"2021-07-12T14:08:10","slug":"transport-i-ruch-drogowy","status":"publish","type":"page","link":"https:\/\/www.climatecoating.com\/pl\/obszary-zastosowania\/transport-i-ruch-drogowy\/","title":{"rendered":"Transport i ruch drogowy"},"content":{"rendered":"<div class=\"wpb-content-wrapper\"><p>[vc_row row_type=&#8221;row&#8221; use_row_as_full_screen_section=&#8221;no&#8221; type=&#8221;full_width&#8221; text_align=&#8221;left&#8221; background_animation=&#8221;none&#8221; padding_bottom=&#8221;45&#8243; css_animation=&#8221;&#8221;][vc_column][vc_single_image image=&#8221;30726&#8243; img_size=&#8221;full&#8221; qode_css_animation=&#8221;&#8221; css=&#8221;.vc_custom_1605018699445{padding-bottom: 30px !important;}&#8221;][vc_column_text]<\/p>\n<h1>Transport i ruch drogowy<\/h1>\n<p>[\/vc_column_text][vc_column_text css=&#8221;.vc_custom_1612818648866{padding-bottom: 30px !important;}&#8221;]Istniej\u0105 wyzwania, kt\u00f3re nie s\u0105 widoczne na pierwszy rzut oka, na przyk\u0142ad zapobieganie kondensacji, stabilizacja temperatury, ochrona antyelektrostatyczna lub ochrona przed wysok\u0105 temperatur\u0105. Je\u015bli Pa\u0144stwa wymagania dotycz\u0105 zakresu temperatur od -40\u00b0C do +150\u00b0C, jeste\u015bmy zainteresowani Pa\u0144stwa wyzwaniem.[\/vc_column_text][vc_row_inner row_type=&#8221;row&#8221; type=&#8221;full_width&#8221; use_row_as_full_screen_section_slide=&#8221;no&#8221; text_align=&#8221;left&#8221; css_animation=&#8221;&#8221;][vc_column_inner width=&#8221;1\/3&#8243;][vc_column_text]BAHN[\/vc_column_text][vc_gallery interval=&#8221;3&#8243; images=&#8221;28593&#8243; img_size=&#8221;full&#8221; onclick=&#8221;&#8221; el_class=&#8221;flex-noarrows&#8221;][vc_separator type=&#8221;small&#8221; position=&#8221;left&#8221; border_style=&#8221;&#8221; up=&#8221;18&#8243; down=&#8221;20&#8243; color=&#8221;#d6202d&#8221;][vc_column_text]Odpr\u0119\u017cenie termiczne<\/p>\n<p>Ch\u0142odzenie<\/p>\n<p>Redukcja kondensatu[\/vc_column_text][\/vc_column_inner][vc_column_inner width=&#8221;1\/3&#8243;][vc_column_text]KOLEJ[\/vc_column_text][vc_gallery interval=&#8221;3&#8243; images=&#8221;28593&#8243; img_size=&#8221;full&#8221; onclick=&#8221;&#8221; el_class=&#8221;flex-noarrows&#8221;][vc_separator type=&#8221;small&#8221; position=&#8221;left&#8221; border_style=&#8221;&#8221; up=&#8221;18&#8243; down=&#8221;20&#8243; color=&#8221;#d6202d&#8221;][vc_column_text]Ch\u0142odzenie<\/p>\n<p>Zabezpieczenie przed wypaczeniem szyn[\/vc_column_text][\/vc_column_inner][vc_column_inner width=&#8221;1\/3&#8243;][vc_column_text]KONTENER[\/vc_column_text][vc_gallery interval=&#8221;3&#8243; images=&#8221;28593&#8243; img_size=&#8221;full&#8221; onclick=&#8221;&#8221; el_class=&#8221;flex-noarrows&#8221;][vc_separator type=&#8221;small&#8221; position=&#8221;left&#8221; border_style=&#8221;&#8221; up=&#8221;18&#8243; down=&#8221;20&#8243; color=&#8221;#d6202d&#8221;][vc_column_text]Ochrona przed promieniowaniem s\u0142onecznym<\/p>\n<p>Ch\u0142odzenie[\/vc_column_text][\/vc_column_inner][\/vc_row_inner][\/vc_column][\/vc_row][vc_row row_type=&#8221;row&#8221; use_row_as_full_screen_section=&#8221;no&#8221; type=&#8221;full_width&#8221; text_align=&#8221;left&#8221; background_animation=&#8221;none&#8221; css_animation=&#8221;&#8221;][vc_column][\/vc_column][\/vc_row]<\/p>\n<\/div>","protected":false},"excerpt":{"rendered":"Transport i ruch drogowy Istniej\u0105 wyzwania, kt\u00f3re nie s\u0105 widoczne na pierwszy rzut oka, na przyk\u0142ad zapobieganie kondensacji, stabilizacja temperatury, ochrona antyelektrostatyczna lub ochrona przed wysok\u0105 temperatur\u0105. Je\u015bli Pa\u0144stwa wymagania dotycz\u0105 zakresu temperatur od -40\u00b0C do +150\u00b0C, jeste\u015bmy zainteresowani Pa\u0144stwa wyzwaniem. BAHN Odpr\u0119\u017cenie termiczne Ch\u0142odzenie...","protected":false},"author":1,"featured_media":0,"parent":28332,"menu_order":130,"comment_status":"closed","ping_status":"closed","template":"","meta":{"footnotes":""},"class_list":["post-29334","page","type-page","status-publish","hentry"],"_links":{"self":[{"href":"https:\/\/www.climatecoating.com\/pl\/wp-json\/wp\/v2\/pages\/29334","targetHints":{"allow":["GET"]}}],"collection":[{"href":"https:\/\/www.climatecoating.com\/pl\/wp-json\/wp\/v2\/pages"}],"about":[{"href":"https:\/\/www.climatecoating.com\/pl\/wp-json\/wp\/v2\/types\/page"}],"author":[{"embeddable":true,"href":"https:\/\/www.climatecoating.com\/pl\/wp-json\/wp\/v2\/users\/1"}],"replies":[{"embeddable":true,"href":"https:\/\/www.climatecoating.com\/pl\/wp-json\/wp\/v2\/comments?post=29334"}],"version-history":[{"count":0,"href":"https:\/\/www.climatecoating.com\/pl\/wp-json\/wp\/v2\/pages\/29334\/revisions"}],"up":[{"embeddable":true,"href":"https:\/\/www.climatecoating.com\/pl\/wp-json\/wp\/v2\/pages\/28332"}],"wp:attachment":[{"href":"https:\/\/www.climatecoating.com\/pl\/wp-json\/wp\/v2\/media?parent=29334"}],"curies":[{"name":"wp","href":"https:\/\/api.w.org\/{rel}","templated":true}]}}