{"id":44901,"date":"2023-02-24T14:21:33","date_gmt":"2023-02-24T13:21:33","guid":{"rendered":"https:\/\/www.climatecoating.com\/calculus\/"},"modified":"2024-08-21T17:42:16","modified_gmt":"2024-08-21T15:42:16","slug":"calculus","status":"publish","type":"page","link":"https:\/\/www.climatecoating.com\/pl\/calculus\/","title":{"rendered":"Calculus"},"content":{"rendered":"<div class=\"wpb-content-wrapper\"><p>[vc_row row_type=&#8221;row&#8221; use_row_as_full_screen_section=&#8221;no&#8221; type=&#8221;full_width&#8221; text_align=&#8221;left&#8221; background_animation=&#8221;none&#8221; padding_bottom=&#8221;45&#8243; css_animation=&#8221;&#8221;][vc_column][vc_single_image image=&#8221;44817&#8243; img_size=&#8221;full&#8221; qode_css_animation=&#8221;&#8221;][vc_column_text css=&#8221;.vc_custom_1677228153488{margin-top: 20px !important;}&#8221;]<\/p>\n<h1>Kalkulator temperatury <sup>Calculus\u00ae<\/sup><\/h1>\n<p>[\/vc_column_text][\/vc_column][\/vc_row][vc_row row_type=&#8221;row&#8221; use_row_as_full_screen_section=&#8221;no&#8221; type=&#8221;full_width&#8221; text_align=&#8221;left&#8221; background_animation=&#8221;none&#8221; padding_bottom=&#8221;45&#8243; css_animation=&#8221;&#8221; css=&#8221;.vc_custom_1677187662616{margin-top: -40px !important;}&#8221;][vc_column width=&#8221;1\/2&#8243;][vc_column_text css=&#8221;.vc_custom_1724253671190{padding-bottom: 30px !important;}&#8221;]<sup>Calculus\u00ae<\/sup> to oparte na sztucznej inteligencji narz\u0119dzie internetowe do przewidywania r\u00f3\u017cnicy temperatur w pomieszczeniach i uzyskiwania potencjalnych oszcz\u0119dno\u015bci energii, gdy \u015bciany i\/lub dachy s\u0105 pokryte produktami <sup>ClimateCoating\u00ae<\/sup> ThermoProtect i ThermoActive.<br \/>\nSztuczna inteligencja (AI) by\u0142a i jest szkolona z wykorzystaniem du\u017cych ilo\u015bci danych z praktyki na ca\u0142ym \u015bwiecie, w tym z bardzo gor\u0105cych klimat\u00f3w.  Algorytm wykorzystuje dane z fizyki budowli: odbicie promieniowania s\u0142onecznego. <sup>Calculus\u00ae<\/sup> u\u0142atwia obliczanie koszt\u00f3w i efektywno\u015bci energetycznej budynk\u00f3w. U\u0142atwia to planowanie koncepcji energetycznej r\u00f3\u017cnych typ\u00f3w budynk\u00f3w w rozbie\u017cnych klimatycznie warunkach. Narz\u0119dzie internetowe jest stale rozwijane. Ch\u0119tnie przyjmiemy Pa\u0144stwa sugestie i pytania za po\u015brednictwem <a href=\"#feedback\">formularza<\/a>. &#8230;&#8230;&#8230;&#8230;&#8230;&#8230;&#8230;&#8230;&#8230;&#8230;&#8230;&#8230;&#8230;&#8230;&#8230;&#8230;&#8230;&#8230;&#8230;&#8230;&#8230; <strong>W dniu 15 maja 2024 r. <sup>Calculus\u00ae<\/sup> otrzyma\u0142 nagrod\u0119 &#8220;Ger<\/strong><strong>man Innovation Award Special&#8221;.<br \/>\nDo <a href=\"https:\/\/www.climatecoating.com\/verleihung-german-innovation-award-special\/\" target=\"_blank\" rel=\"noopener\">wiadomo\u015bci<\/a>. <\/strong><\/p>\n<p><img loading=\"lazy\" decoding=\"async\" class=\"alignleft size-full wp-image-52028\" title=\"Nagroda German-Innovation-Award-2024-Special\" src=\"https:\/\/www.climatecoating.com\/wp-content\/uploads\/2024\/08\/German-Innovation-Award-2024-Special-e1764768260224.jpg\" alt=\"niemiecki certyfikat innowacyjno\u015bci 2024\" width=\"254\" height=\"201\"><\/p>\n<p>&nbsp;<\/p>\n<p>&nbsp;<\/p>\n<p>&nbsp;<\/p>\n<p>&nbsp;<\/p>\n<p>&nbsp;  &#8230;&#8230;&#8230;&#8230;&#8230;&#8230;&#8230;&#8230;&#8230;&#8230;&#8230;&#8230;&#8230;&#8230;&#8230;&#8230;&#8230;&#8230;&#8230;&#8230;&#8230;[\/vc_column_text][\/vc_column][vc_column width=&#8221;1\/2&#8243; css=&#8221;.vc_custom_1677187654806{padding-top: 25px !important;}&#8221;][vc_single_image image=&#8221;44858&#8243; img_size=&#8221;full&#8221; onclick=&#8221;custom_link&#8221; img_link_target=&#8221;_blank&#8221; qode_css_animation=&#8221;&#8221; link=&#8221;https:\/\/ki.sicc-coatings.de\/index\/de?&#8221;][\/vc_column][\/vc_row][vc_row row_type=&#8221;row&#8221; use_row_as_full_screen_section=&#8221;no&#8221; type=&#8221;full_width&#8221; text_align=&#8221;left&#8221; background_animation=&#8221;none&#8221; padding_bottom=&#8221;45&#8243; css_animation=&#8221;&#8221;][vc_column width=&#8221;1\/2&#8243;][vc_column_text css=&#8221;.vc_custom_1694610465920{padding-bottom: 30px !important;}&#8221;]<\/p>\n<h2>Osi\u0105gni\u0119cie celu przy pomocy zaledwie kilku parametr\u00f3w<\/h2>\n<p>  Wprowad\u017a te dane:  <\/p>\n<ul>\n<li>Lokalizacja i rodzaj budynku (pola wyboru),<\/li>\n<li>Klimatyzowane lub nieklimatyzowane (pole nieobowi\u0105zkowe)<\/li>\n<li>Rodzaj elementu budynku, wymiary elementu budynku, orientacja geograficzna (kierunek kardynalny), istniej\u0105ca izolacja<\/li>\n<\/ul>\n<p>  Wynik w postaci wykresu pokazuje zmiany temperatury dla ka\u017cdego miesi\u0105ca w roku w budynku &#8211; z pow\u0142ok\u0105 i bez niej. Ponadto wymienia si\u0119 \u015bredni\u0105 temperatur\u0119 wewn\u0119trzn\u0105 (MKT = \u015brednia temperatura kinetyczna) budynku oraz spos\u00f3b jej ca\u0142kowitego zmniejszenia w ci\u0105gu roku za pomoc\u0105 pow\u0142oki. Wyniki dost\u0119pne s\u0105 w formie pliku PDF do pobrania. Przed lub w trakcie korzystania z narz\u0119dzia internetowego opartego na sztucznej inteligencji najlepiej jest przeczyta\u0107<strong> <a href=\"https:\/\/www.climatecoating.com\/wp-content\/uploads\/dlm_uploads\/2023\/09\/Gebrauchsanweisung-KI-Calculus.pdf\" target=\"_blank\" rel=\"noopener\">KI-Calculus instrukcje u\u017cytkowania<\/a><\/strong> przed lub w trakcie korzystania z narz\u0119dzia internetowego opartego na sztucznej inteligencji.[\/vc_column_text]<a href=\"https:\/\/ki.sicc-coatings.de\/index\/de?\" target=\"_blank\" data-hover-background-color='#d6202d' data-hover-border-color='#d6202d' data-hover-color='#ffffff' class=\"qbutton  qbutton_with_icon\" style=\"color: #ffffff; border-color: #d6202d; background-color: #d6202d;\">Do kalkulatora temperatury Calculus\u00ae<i class=\"qode_icon_font_awesome fa fa-arrow-right button_icon\" style=\"\" ><\/i><\/a>[\/vc_column][vc_column width=&#8221;1\/2&#8243;][vc_single_image image=&#8221;44837&#8243; img_size=&#8221;full&#8221; onclick=&#8221;custom_link&#8221; img_link_target=&#8221;_blank&#8221; qode_css_animation=&#8221;&#8221; link=&#8221;https:\/\/ki.sicc-coatings.de\/index\/de?&#8221;][vc_raw_html css=&#8221;.vc_custom_1677241592043{padding-bottom: 30px !important;}&#8221;]PGEgaWQ9ImZlZWRiYWNrIj48L2E+[\/vc_raw_html][\/vc_column][\/vc_row][vc_row row_type=&#8221;row&#8221; use_row_as_full_screen_section=&#8221;no&#8221; type=&#8221;full_width&#8221; text_align=&#8221;left&#8221; background_animation=&#8221;none&#8221; padding_bottom=&#8221;45&#8243; css_animation=&#8221;&#8221;][vc_column][vc_column_text css=&#8221;.vc_custom_1677241364765{padding-bottom: 30px !important;}&#8221; el_id=&#8221;feedback&#8221;]<\/p>\n<h2>Formularz informacji zwrotnej<\/h2>\n<p>[\/vc_column_text]\n<div class=\"wpcf7 no-js\" id=\"wpcf7-f44888-o1\" lang=\"pl-PL\" dir=\"ltr\" data-wpcf7-id=\"44888\">\n<div class=\"screen-reader-response\"><p role=\"status\" aria-live=\"polite\" aria-atomic=\"true\"><\/p> <ul><\/ul><\/div>\n<form action=\"\/pl\/wp-json\/wp\/v2\/pages\/44901#wpcf7-f44888-o1\" method=\"post\" class=\"wpcf7-form init default wpcf7-acceptance-as-validation\" aria-label=\"Formularz kontaktowy\" novalidate=\"novalidate\" data-status=\"init\">\n<fieldset class=\"hidden-fields-container\"><input type=\"hidden\" name=\"_wpcf7\" value=\"44888\" \/><input type=\"hidden\" name=\"_wpcf7_version\" value=\"6.1.5\" \/><input type=\"hidden\" name=\"_wpcf7_locale\" value=\"pl_PL\" \/><input type=\"hidden\" name=\"_wpcf7_unit_tag\" value=\"wpcf7-f44888-o1\" \/><input type=\"hidden\" name=\"_wpcf7_container_post\" value=\"0\" \/><input type=\"hidden\" name=\"_wpcf7_posted_data_hash\" value=\"\" \/><input type=\"hidden\" name=\"_wpcf7_recaptcha_response\" value=\"\" \/>\n<\/fieldset>\n<p><label>Twoje imi\u0119 i nazwisko (pole obowi\u0105zkowe)<br \/>\n<span class=\"wpcf7-form-control-wrap\" data-name=\"your-name\"><input size=\"40\" maxlength=\"400\" class=\"wpcf7-form-control wpcf7-text wpcf7-validates-as-required\" aria-required=\"true\" aria-invalid=\"false\" value=\"\" type=\"text\" name=\"your-name\" \/><\/span> <\/label>\n<\/p>\n<p><label>Tw\u00f3j adres e-mail (pole obowi\u0105zkowe)<br \/>\n<span class=\"wpcf7-form-control-wrap\" data-name=\"your-email\"><input size=\"40\" maxlength=\"400\" class=\"wpcf7-form-control wpcf7-email wpcf7-validates-as-required wpcf7-text wpcf7-validates-as-email\" aria-required=\"true\" aria-invalid=\"false\" value=\"\" type=\"email\" name=\"your-email\" \/><\/span> <\/label>\n<\/p>\n<p><label>Moje sugestie i pytania (pole obowi\u0105zkowe)<br \/>\n<span class=\"wpcf7-form-control-wrap\" data-name=\"your-message\"><textarea cols=\"40\" rows=\"10\" maxlength=\"2000\" class=\"wpcf7-form-control wpcf7-textarea\" aria-invalid=\"false\" name=\"your-message\"><\/textarea><\/span> <\/label>\n<\/p>\n<p><label>Prosz\u0119 o odpowied\u017a (pole obowi\u0105zkowe)<\/label><br \/>\n<span class=\"wpcf7-form-control-wrap\" data-name=\"Antwort\"><span class=\"wpcf7-form-control wpcf7-checkbox wpcf7-validates-as-required\"><span class=\"wpcf7-list-item first\"><label><input type=\"checkbox\" name=\"Antwort[]\" value=\"I\" \/><span class=\"wpcf7-list-item-label\">I<\/span><\/label><\/span><span class=\"wpcf7-list-item last\"><label><input type=\"checkbox\" name=\"Antwort[]\" value=\"NIE\" \/><span class=\"wpcf7-list-item-label\">NIE<\/span><\/label><\/span><\/span><\/span>\n<\/p>\n<p><span id=\"wpcf7-69ed205eb30a4-wrapper\" class=\"wpcf7-form-control-wrap Lieblingsfarbe-wrap\" style=\"display:none !important; visibility:hidden !important;\"><label for=\"lieblingsfarbe\" class=\"hp-message\">Please leave this field empty.<\/label><input id=\"lieblingsfarbe\"  class=\"wpcf7-form-control wpcf7-text\" type=\"text\" name=\"Lieblingsfarbe\" value=\"\" size=\"40\" tabindex=\"-1\" autocomplete=\"new-password\" \/><\/span><br \/>\n<span class=\"wpcf7-form-control-wrap\" data-name=\"cmplz-acceptance\"><span class=\"wpcf7-form-control wpcf7-acceptance\"><span class=\"wpcf7-list-item\"><label><input type=\"checkbox\" name=\"cmplz-acceptance\" value=\"1\" aria-invalid=\"false\" \/><span class=\"wpcf7-list-item-label\">Aby wys\u0142a\u0107 ten formularz, musisz zaakceptowa\u0107 nasz\u0105 <a href=\"#?cmplz_region_redirect=true\">polityk\u0119 prywatno\u015bci<\/a>.<\/span><\/label><\/span><\/span><\/span>\n<\/p>\n<p><input class=\"wpcf7-form-control wpcf7-submit has-spinner\" type=\"submit\" value=\"przesy\u0142ka\" \/>\n<\/p><div class=\"wpcf7-response-output\" aria-hidden=\"true\"><\/div>\n<\/form>\n<\/div>\n[\/vc_column][\/vc_row]<\/p>\n<\/div>","protected":false},"excerpt":{"rendered":"<p>[vc_row row_type=&#8221;row&#8221; use_row_as_full_screen_section=&#8221;no&#8221; type=&#8221;full_width&#8221; text_align=&#8221;left&#8221; background_animation=&#8221;none&#8221; padding_bottom=&#8221;45&#8243; css_animation=&#8221;&#8221;][vc_column][vc_single_image image=&#8221;44817&#8243; img_size=&#8221;full&#8221; qode_css_animation=&#8221;&#8221;][vc_column_text css=&#8221;.vc_custom_1677228153488{margin-top: 20px !important;}&#8221;] Kalkulator temperatury Calculus\u00ae [\/vc_column_text][\/vc_column][\/vc_row][vc_row row_type=&#8221;row&#8221; use_row_as_full_screen_section=&#8221;no&#8221; type=&#8221;full_width&#8221; text_align=&#8221;left&#8221; background_animation=&#8221;none&#8221; padding_bottom=&#8221;45&#8243; css_animation=&#8221;&#8221; css=&#8221;.vc_custom_1677187662616{margin-top: -40px !important;}&#8221;][vc_column width=&#8221;1\/2&#8243;][vc_column_text css=&#8221;.vc_custom_1724253671190{padding-bottom: 30px !important;}&#8221;]Calculus\u00ae to oparte na sztucznej inteligencji narz\u0119dzie internetowe do przewidywania r\u00f3\u017cnicy temperatur w pomieszczeniach&#8230;<\/p>\n","protected":false},"author":1,"featured_media":0,"parent":0,"menu_order":800,"comment_status":"closed","ping_status":"closed","template":"","meta":{"footnotes":""},"class_list":["post-44901","page","type-page","status-publish","hentry"],"_links":{"self":[{"href":"https:\/\/www.climatecoating.com\/pl\/wp-json\/wp\/v2\/pages\/44901","targetHints":{"allow":["GET"]}}],"collection":[{"href":"https:\/\/www.climatecoating.com\/pl\/wp-json\/wp\/v2\/pages"}],"about":[{"href":"https:\/\/www.climatecoating.com\/pl\/wp-json\/wp\/v2\/types\/page"}],"author":[{"embeddable":true,"href":"https:\/\/www.climatecoating.com\/pl\/wp-json\/wp\/v2\/users\/1"}],"replies":[{"embeddable":true,"href":"https:\/\/www.climatecoating.com\/pl\/wp-json\/wp\/v2\/comments?post=44901"}],"version-history":[{"count":0,"href":"https:\/\/www.climatecoating.com\/pl\/wp-json\/wp\/v2\/pages\/44901\/revisions"}],"wp:attachment":[{"href":"https:\/\/www.climatecoating.com\/pl\/wp-json\/wp\/v2\/media?parent=44901"}],"curies":[{"name":"wp","href":"https:\/\/api.w.org\/{rel}","templated":true}]}}