{"id":61495,"date":"2021-06-08T12:10:15","date_gmt":"2021-06-08T10:10:15","guid":{"rendered":"https:\/\/www.climatecoating.com\/firma\/slowniczek\/"},"modified":"2026-02-03T15:46:00","modified_gmt":"2026-02-03T14:46:00","slug":"obszar-klienta","status":"publish","type":"page","link":"https:\/\/www.climatecoating.com\/pl\/obszar-klienta\/","title":{"rendered":"Obszar klienta"},"content":{"rendered":"<div class=\"wpb-content-wrapper\"><p>[vc_row row_type=&#8221;row&#8221; use_row_as_full_screen_section=&#8221;no&#8221; type=&#8221;full_width&#8221; text_align=&#8221;left&#8221; background_animation=&#8221;none&#8221; css_animation=&#8221;&#8221;][vc_column][vc_single_image image=&#8221;62736&#8243; img_size=&#8221;full&#8221; css=&#8221;.vc_custom_1766060041546{padding-bottom: 30px !important;}&#8221; qode_css_animation=&#8221;&#8221;][\/vc_column][\/vc_row][vc_row row_type=&#8221;row&#8221; use_row_as_full_screen_section=&#8221;no&#8221; type=&#8221;full_width&#8221; text_align=&#8221;left&#8221; background_animation=&#8221;none&#8221; padding_bottom=&#8221;45&#8243; css_animation=&#8221;&#8221;][vc_column width=&#8221;1\/4&#8243;]<div class=\"ult_row_spacer\"><div class=\"ult-sticky-anchor\"><div class=\"ult-sticky-section ult-sticky \"  data-gutter= '100' data-stick_behaviour= 'stick_with_scroll_row'  data-sticky_position= 'top' data-mobile='no' data-support='no'>[vc_raw_html css=&#8221;&#8221;]JTVCY213aXphcmQlMjB3aWRnZXQlM0QyJTJGJTVE[\/vc_raw_html]<\/div><div class=\"ult-space\"><\/div><\/div><\/div>[\/vc_column][vc_column width=&#8221;3\/4&#8243;][vc_column_text css=&#8221;.vc_custom_1766480460093{padding-bottom: 30px !important;}&#8221;]<\/p>\n<h1>Obszar klienta<\/h1>\n<p>Strefa klienta <strong data-start=\"339\" data-end=\"356\">SICC Coatings<\/strong> to centralna platforma wiedzy, narz\u0119dzi cyfrowych i praktycznych rozwi\u0105za\u0144 zwi\u0105zanych z aktywnymi klimatycznie kolorami funkcjonalnymi. Pomaga w efektywnym planowaniu projekt\u00f3w, podejmowaniu \u015bwiadomych decyzji i wykorzystaniu pe\u0142nego potencja\u0142u naszej technologii.<\/p>\n<p data-start=\"646\" data-end=\"886\"><strong data-start=\"646\" data-end=\"664\">\ud83d\udd0d KI-Calculus<\/strong><br data-start=\"664\" data-end=\"667\" \/>Inteligentna pomoc w planowaniu do oceny efektywno\u015bci energetycznej, redukcji emisji CO\u2082 i potencja\u0142u oszcz\u0119dno\u015bci. Symuluj scenariusze i uzyskaj wiarygodn\u0105 podstaw\u0119 do podejmowania decyzji &#8211; szybko, przejrzy\u015bcie i w oparciu o dane.<\/p>\n<p data-start=\"888\" data-end=\"1066\">\ud83d\udcc1 <strong data-start=\"888\" data-end=\"904\">Centrum multimedialne<\/strong><br data-start=\"904\" data-end=\"907\" \/>Scentralizowany dost\u0119p do film\u00f3w o naszych produktach i ich zaletach, technologii produkt\u00f3w i wielu innych &#8211; przejrzystych, aktualnych i dost\u0119pnych w dowolnym momencie.<\/p>\n<p data-start=\"1068\" data-end=\"1309\"><strong data-start=\"1068\" data-end=\"1085\">Referencje<\/strong><br data-start=\"1085\" data-end=\"1088\" \/>Zainspiruj si\u0119 zrealizowanymi projektami na ca\u0142ym \u015bwiecie. Odkryj praktyczne przyk\u0142ady zastosowa\u0144 i dowiedz si\u0119, jak nasze rozwi\u0105zania sprawdzaj\u0105 si\u0119 w r\u00f3\u017cnych strefach klimatycznych i obszarach zastosowa\u0144.<\/p>\n<p data-start=\"1311\" data-end=\"1476\"><strong data-start=\"1311\" data-end=\"1320\">\u2753 FAQ<\/strong><br data-start=\"1320\" data-end=\"1323\" \/>Kompaktowe odpowiedzi na najcz\u0119\u015bciej zadawane pytania dotycz\u0105ce technologii, zastosowania, efektu i wdro\u017cenia &#8211; jasno przedstawione w celu planowania, konsultacji i podejmowania decyzji.<\/p>\n<p data-start=\"1478\" data-end=\"1664\"><strong data-start=\"1478\" data-end=\"1489\">Blog<\/strong><br data-start=\"1489\" data-end=\"1492\" \/>Aktualne artyku\u0142y na temat technologii, zr\u00f3wnowa\u017conego rozwoju, bada\u0144 i trend\u00f3w rynkowych. B\u0105d\u017a na bie\u017c\u0105co z innowacjami i rozwojem w dziedzinie powierzchni aktywnych klimatycznie.<\/p>\n<p data-start=\"1666\" data-end=\"1833\"><strong data-start=\"1666\" data-end=\"1680\">S\u0142owniczek<\/strong><br data-start=\"1680\" data-end=\"1683\" \/>Szybka orientacja w specjalistycznej terminologii. Jasno wyja\u015bnione terminy zapewniaj\u0105 pewno\u015b\u0107 siebie podczas pracy z tre\u015bciami technicznymi i naukowymi.<\/p>\n<p>[\/vc_column_text][\/vc_column][\/vc_row]<\/p>\n<\/div>","protected":false},"excerpt":{"rendered":"<p>[vc_row row_type=&#8221;row&#8221; use_row_as_full_screen_section=&#8221;no&#8221; type=&#8221;full_width&#8221; text_align=&#8221;left&#8221; background_animation=&#8221;none&#8221; css_animation=&#8221;&#8221;][vc_column][vc_single_image image=&#8221;62736&#8243; img_size=&#8221;full&#8221; css=&#8221;.vc_custom_1766060041546{padding-bottom: 30px !important;}&#8221; qode_css_animation=&#8221;&#8221;][\/vc_column][\/vc_row][vc_row row_type=&#8221;row&#8221; use_row_as_full_screen_section=&#8221;no&#8221; type=&#8221;full_width&#8221; text_align=&#8221;left&#8221; background_animation=&#8221;none&#8221; padding_bottom=&#8221;45&#8243; css_animation=&#8221;&#8221;][vc_column width=&#8221;1\/4&#8243;][\/vc_column][vc_column width=&#8221;3\/4&#8243;][vc_column_text css=&#8221;.vc_custom_1766480460093{padding-bottom: 30px !important;}&#8221;] Obszar klienta Strefa klienta SICC Coatings to centralna platforma wiedzy, narz\u0119dzi cyfrowych i praktycznych rozwi\u0105za\u0144 zwi\u0105zanych z aktywnymi klimatycznie kolorami&#8230;<\/p>\n","protected":false},"author":1,"featured_media":0,"parent":0,"menu_order":600,"comment_status":"closed","ping_status":"closed","template":"","meta":{"footnotes":""},"class_list":["post-61495","page","type-page","status-publish","hentry"],"_links":{"self":[{"href":"https:\/\/www.climatecoating.com\/pl\/wp-json\/wp\/v2\/pages\/61495","targetHints":{"allow":["GET"]}}],"collection":[{"href":"https:\/\/www.climatecoating.com\/pl\/wp-json\/wp\/v2\/pages"}],"about":[{"href":"https:\/\/www.climatecoating.com\/pl\/wp-json\/wp\/v2\/types\/page"}],"author":[{"embeddable":true,"href":"https:\/\/www.climatecoating.com\/pl\/wp-json\/wp\/v2\/users\/1"}],"replies":[{"embeddable":true,"href":"https:\/\/www.climatecoating.com\/pl\/wp-json\/wp\/v2\/comments?post=61495"}],"version-history":[{"count":9,"href":"https:\/\/www.climatecoating.com\/pl\/wp-json\/wp\/v2\/pages\/61495\/revisions"}],"predecessor-version":[{"id":63017,"href":"https:\/\/www.climatecoating.com\/pl\/wp-json\/wp\/v2\/pages\/61495\/revisions\/63017"}],"wp:attachment":[{"href":"https:\/\/www.climatecoating.com\/pl\/wp-json\/wp\/v2\/media?parent=61495"}],"curies":[{"name":"wp","href":"https:\/\/api.w.org\/{rel}","templated":true}]}}