{"id":64972,"date":"2026-03-24T10:13:36","date_gmt":"2026-03-24T09:13:36","guid":{"rendered":"https:\/\/www.climatecoating.com\/?page_id=64972"},"modified":"2026-03-24T10:13:36","modified_gmt":"2026-03-24T09:13:36","slug":"tynki-zewnetrzne-wewnetrzne","status":"publish","type":"page","link":"https:\/\/www.climatecoating.com\/pl\/produkty\/tynki-zewnetrzne-wewnetrzne\/","title":{"rendered":"Tynki zewn\u0119trzne \/ wewn\u0119trzne"},"content":{"rendered":"<div class=\"wpb-content-wrapper\"><p>[vc_row row_type=&#8221;row&#8221; use_row_as_full_screen_section=&#8221;no&#8221; type=&#8221;full_width&#8221; text_align=&#8221;left&#8221; background_animation=&#8221;none&#8221; padding_top=&#8221;50&#8243; css_animation=&#8221;&#8221;][vc_column][vc_column_text css=&#8221;&#8221;]<\/p>\n<h1>Produkty &#8211; Tynki zewn\u0119trzne \/ wewn\u0119trzne<\/h1>\n<p>[\/vc_column_text]<div class=\"woocommerce columns-4 \"><ul class=\"products columns-4 clearfix default\">        <li class=\"product type-product post-28026 status-publish first instock product_cat-tynki-zewnetrzne-wewnetrzne product_cat-obszary-zastosowania product_cat-budownictwo-i-zycie product_cat-na-zewnatrz product_cat-wewnatrz product_cat-budynki-uzytecznosci-publicznej has-post-thumbnail taxable shipping-taxable purchasable product-type-variable\">\n\n                        <div class=\"top-product-section\">\n\n                <a class=\"product_list_thumb_link\" href=\"https:\/\/www.climatecoating.com\/pl\/produkt\/stuccotex-80\/\">\n                    <span class=\"image-wrapper\">\n                    <img loading=\"lazy\" decoding=\"async\" width=\"300\" height=\"300\" src=\"https:\/\/www.climatecoating.com\/wp-content\/uploads\/2020\/08\/15KG_STUCCO-TEX80-m_frei-300x300.png\" class=\"attachment-woocommerce_thumbnail size-woocommerce_thumbnail\" alt=\"15KG StuccoTex 80\" srcset=\"https:\/\/www.climatecoating.com\/wp-content\/uploads\/2020\/08\/15KG_STUCCO-TEX80-m_frei-300x300.png 300w, https:\/\/www.climatecoating.com\/wp-content\/uploads\/2020\/08\/15KG_STUCCO-TEX80-m_frei-100x100.png 100w, https:\/\/www.climatecoating.com\/wp-content\/uploads\/2020\/08\/15KG_STUCCO-TEX80-m_frei-600x600.png 600w, https:\/\/www.climatecoating.com\/wp-content\/uploads\/2020\/08\/15KG_STUCCO-TEX80-m_frei-1024x1024.png 1024w, https:\/\/www.climatecoating.com\/wp-content\/uploads\/2020\/08\/15KG_STUCCO-TEX80-m_frei-150x150.png 150w, https:\/\/www.climatecoating.com\/wp-content\/uploads\/2020\/08\/15KG_STUCCO-TEX80-m_frei-768x768.png 768w, https:\/\/www.climatecoating.com\/wp-content\/uploads\/2020\/08\/15KG_STUCCO-TEX80-m_frei-1536x1536.png 1536w, https:\/\/www.climatecoating.com\/wp-content\/uploads\/2020\/08\/15KG_STUCCO-TEX80-m_frei-550x550.png 550w, https:\/\/www.climatecoating.com\/wp-content\/uploads\/2020\/08\/15KG_STUCCO-TEX80-m_frei-500x500.png 500w, https:\/\/www.climatecoating.com\/wp-content\/uploads\/2020\/08\/15KG_STUCCO-TEX80-m_frei-1000x1000.png 1000w, https:\/\/www.climatecoating.com\/wp-content\/uploads\/2020\/08\/15KG_STUCCO-TEX80-m_frei-700x700.png 700w, https:\/\/www.climatecoating.com\/wp-content\/uploads\/2020\/08\/15KG_STUCCO-TEX80-m_frei-1100x1100.png 1100w, https:\/\/www.climatecoating.com\/wp-content\/uploads\/2020\/08\/15KG_STUCCO-TEX80-m_frei.png 1920w\" sizes=\"auto, (max-width: 300px) 100vw, 300px\" \/>                    <\/span>\n                <\/a>\n\n                <div class=\"add-to-cart-button-outer\"><div class=\"add-to-cart-button-inner\"><div class=\"add-to-cart-button-inner2\"><a href=\"https:\/\/www.climatecoating.com\/pl\/produkt\/stuccotex-80\/\" aria-describedby=\"woocommerce_loop_add_to_cart_link_describedby_28026\" data-quantity=\"1\" class=\"qbutton add-to-cart-button button product_type_variable add_to_cart_button\" data-product_id=\"28026\" data-product_sku=\"\" aria-label=\"Wybierz opcje dla &bdquo;StuccoTex 80&rdquo;\" rel=\"nofollow\">Optionen w\u00e4hlen<\/a><\/div><\/div><\/div>\t<span id=\"woocommerce_loop_add_to_cart_link_describedby_28026\" class=\"screen-reader-text\">\n\t\tTen produkt ma wiele wariant\u00f3w. Opcje mo\u017cna wybra\u0107 na stronie produktu\t<\/span>\n\n            <\/div>\n\n            <div class=\"product_info_box\">\n\t            <span class=\"product-categories\"><a href=\"https:\/\/www.climatecoating.com\/pl\/produkty\/tynki-zewnetrzne-wewnetrzne\/\" rel=\"tag\">Tynki zewn\u0119trzne \/ wewn\u0119trzne<\/a>, <a href=\"https:\/\/www.climatecoating.com\/pl\/obszary-zastosowania\/\" rel=\"tag\">Obszary zastosowania<\/a>, <a href=\"https:\/\/www.climatecoating.com\/pl\/obszary-zastosowania\/budownictwo-i-zycie\/\" rel=\"tag\">Budownictwo i \u017cycie<\/a>, <a href=\"https:\/\/www.climatecoating.com\/pl\/produkty\/na-zewnatrz\/\" rel=\"tag\">Na zewn\u0105trz<\/a>, <a href=\"https:\/\/www.climatecoating.com\/pl\/produkty\/wewnatrz\/\" rel=\"tag\">Wewn\u0105trz<\/a>, <a href=\"https:\/\/www.climatecoating.com\/pl\/obszary-zastosowania\/budynki-uzytecznosci-publicznej\/\" rel=\"tag\">Budynki u\u017cyteczno\u015bci publicznej<\/a><\/span>\n                <a href=\"https:\/\/www.climatecoating.com\/pl\/produkt\/stuccotex-80\/\" class=\"product-category\">\n                    <span class=\"product-title\">StuccoTex 80<\/span>\n\n                    \n\n\t<span class=\"price\">ab <span class=\"woocommerce-Price-amount amount\"><bdi>249,95&nbsp;<span class=\"woocommerce-Price-currencySymbol\">&euro;<\/span><\/bdi><\/span><\/span>\n\n\t<p class=\"price price-unit smaller wc-gzd-additional-info wc-gzd-additional-info-loop\"><span class=\"woocommerce-Price-amount amount\">16,66&nbsp;<span class=\"woocommerce-Price-currencySymbol\">&euro;<\/span><\/span> \/  <span class=\"unit\">kg<\/span><\/p>\n\n                <\/a>\n            <\/div>\n\n            \n\t<p class=\"wc-gzd-additional-info wc-gzd-additional-info-loop tax-info\">incl. VAT<\/p>\n\n\t<p class=\"wc-gzd-additional-info wc-gzd-additional-info-loop shipping-costs-info\">zzgl. <a href=\"https:\/\/www.climatecoating.com\/shop\/versand\/\" target=\"_blank\">Versandkosten<\/a><\/p>\n\n\n\t<p class=\"wc-gzd-additional-info wc-gzd-additional-info-loop product-units-wrapper product-units\">Produkt enth\u00e4lt: 15 <span class=\"unit\">kg<\/span><\/p>\n<div class=\"add-to-cart-button-outer\"><div class=\"add-to-cart-button-inner\"><div class=\"add-to-cart-button-inner2\"><a href=\"https:\/\/www.climatecoating.com\/pl\/produkt\/stuccotex-80\/\" aria-describedby=\"woocommerce_loop_add_to_cart_link_describedby_28026\" data-quantity=\"1\" class=\"qbutton add-to-cart-button button product_type_variable add_to_cart_button\" data-product_id=\"28026\" data-product_sku=\"\" aria-label=\"Wybierz opcje dla &bdquo;StuccoTex 80&rdquo;\" rel=\"nofollow\">Optionen w\u00e4hlen<\/a><\/div><\/div><\/div>\t<span id=\"woocommerce_loop_add_to_cart_link_describedby_28026\" class=\"screen-reader-text\">\n\t\tTen produkt ma wiele wariant\u00f3w. Opcje mo\u017cna wybra\u0107 na stronie produktu\t<\/span>\n        <\/li>\n\n                <li class=\"product type-product post-28783 status-publish instock product_cat-tynki-zewnetrzne-wewnetrzne product_cat-obszary-zastosowania product_cat-budownictwo-i-zycie product_cat-na-zewnatrz product_cat-wewnatrz product_cat-budynki-uzytecznosci-publicznej has-post-thumbnail taxable shipping-taxable purchasable product-type-variable\">\n\n                        <div class=\"top-product-section\">\n\n                <a class=\"product_list_thumb_link\" href=\"https:\/\/www.climatecoating.com\/pl\/produkt\/stuccotex-280\/\">\n                    <span class=\"image-wrapper\">\n                    <img loading=\"lazy\" decoding=\"async\" width=\"300\" height=\"300\" src=\"https:\/\/www.climatecoating.com\/wp-content\/uploads\/2020\/08\/15KG_STUCCO-TEX280-m_frei-300x300.png\" class=\"attachment-woocommerce_thumbnail size-woocommerce_thumbnail\" alt=\"15kg StuccoTex 280\" srcset=\"https:\/\/www.climatecoating.com\/wp-content\/uploads\/2020\/08\/15KG_STUCCO-TEX280-m_frei-300x300.png 300w, https:\/\/www.climatecoating.com\/wp-content\/uploads\/2020\/08\/15KG_STUCCO-TEX280-m_frei-100x100.png 100w, https:\/\/www.climatecoating.com\/wp-content\/uploads\/2020\/08\/15KG_STUCCO-TEX280-m_frei-600x600.png 600w, https:\/\/www.climatecoating.com\/wp-content\/uploads\/2020\/08\/15KG_STUCCO-TEX280-m_frei-1024x1024.png 1024w, https:\/\/www.climatecoating.com\/wp-content\/uploads\/2020\/08\/15KG_STUCCO-TEX280-m_frei-150x150.png 150w, https:\/\/www.climatecoating.com\/wp-content\/uploads\/2020\/08\/15KG_STUCCO-TEX280-m_frei-768x768.png 768w, https:\/\/www.climatecoating.com\/wp-content\/uploads\/2020\/08\/15KG_STUCCO-TEX280-m_frei-1536x1536.png 1536w, https:\/\/www.climatecoating.com\/wp-content\/uploads\/2020\/08\/15KG_STUCCO-TEX280-m_frei-550x550.png 550w, https:\/\/www.climatecoating.com\/wp-content\/uploads\/2020\/08\/15KG_STUCCO-TEX280-m_frei-500x500.png 500w, https:\/\/www.climatecoating.com\/wp-content\/uploads\/2020\/08\/15KG_STUCCO-TEX280-m_frei-1000x1000.png 1000w, https:\/\/www.climatecoating.com\/wp-content\/uploads\/2020\/08\/15KG_STUCCO-TEX280-m_frei-700x700.png 700w, https:\/\/www.climatecoating.com\/wp-content\/uploads\/2020\/08\/15KG_STUCCO-TEX280-m_frei-1100x1100.png 1100w, https:\/\/www.climatecoating.com\/wp-content\/uploads\/2020\/08\/15KG_STUCCO-TEX280-m_frei.png 1920w\" sizes=\"auto, (max-width: 300px) 100vw, 300px\" \/>                    <\/span>\n                <\/a>\n\n                <div class=\"add-to-cart-button-outer\"><div class=\"add-to-cart-button-inner\"><div class=\"add-to-cart-button-inner2\"><a href=\"https:\/\/www.climatecoating.com\/pl\/produkt\/stuccotex-280\/\" aria-describedby=\"woocommerce_loop_add_to_cart_link_describedby_28783\" data-quantity=\"1\" class=\"qbutton add-to-cart-button button product_type_variable add_to_cart_button\" data-product_id=\"28783\" data-product_sku=\"\" aria-label=\"Wybierz opcje dla &bdquo;StuccoTex 280&rdquo;\" rel=\"nofollow\">Optionen w\u00e4hlen<\/a><\/div><\/div><\/div>\t<span id=\"woocommerce_loop_add_to_cart_link_describedby_28783\" class=\"screen-reader-text\">\n\t\tTen produkt ma wiele wariant\u00f3w. Opcje mo\u017cna wybra\u0107 na stronie produktu\t<\/span>\n\n            <\/div>\n\n            <div class=\"product_info_box\">\n\t            <span class=\"product-categories\"><a href=\"https:\/\/www.climatecoating.com\/pl\/produkty\/tynki-zewnetrzne-wewnetrzne\/\" rel=\"tag\">Tynki zewn\u0119trzne \/ wewn\u0119trzne<\/a>, <a href=\"https:\/\/www.climatecoating.com\/pl\/obszary-zastosowania\/\" rel=\"tag\">Obszary zastosowania<\/a>, <a href=\"https:\/\/www.climatecoating.com\/pl\/obszary-zastosowania\/budownictwo-i-zycie\/\" rel=\"tag\">Budownictwo i \u017cycie<\/a>, <a href=\"https:\/\/www.climatecoating.com\/pl\/produkty\/na-zewnatrz\/\" rel=\"tag\">Na zewn\u0105trz<\/a>, <a href=\"https:\/\/www.climatecoating.com\/pl\/produkty\/wewnatrz\/\" rel=\"tag\">Wewn\u0105trz<\/a>, <a href=\"https:\/\/www.climatecoating.com\/pl\/obszary-zastosowania\/budynki-uzytecznosci-publicznej\/\" rel=\"tag\">Budynki u\u017cyteczno\u015bci publicznej<\/a><\/span>\n                <a href=\"https:\/\/www.climatecoating.com\/pl\/produkt\/stuccotex-280\/\" class=\"product-category\">\n                    <span class=\"product-title\">StuccoTex 280<\/span>\n\n                    \n\n\t<span class=\"price\">ab <span class=\"woocommerce-Price-amount amount\"><bdi>249,95&nbsp;<span class=\"woocommerce-Price-currencySymbol\">&euro;<\/span><\/bdi><\/span><\/span>\n\n\t<p class=\"price price-unit smaller wc-gzd-additional-info wc-gzd-additional-info-loop\"><span class=\"woocommerce-Price-amount amount\">16,66&nbsp;<span class=\"woocommerce-Price-currencySymbol\">&euro;<\/span><\/span> \/  <span class=\"unit\">kg<\/span><\/p>\n\n                <\/a>\n            <\/div>\n\n            \n\t<p class=\"wc-gzd-additional-info wc-gzd-additional-info-loop tax-info\">incl. VAT<\/p>\n\n\t<p class=\"wc-gzd-additional-info wc-gzd-additional-info-loop shipping-costs-info\">zzgl. <a href=\"https:\/\/www.climatecoating.com\/shop\/versand\/\" target=\"_blank\">Versandkosten<\/a><\/p>\n\n\n\t<p class=\"wc-gzd-additional-info wc-gzd-additional-info-loop product-units-wrapper product-units\">Produkt enth\u00e4lt: 15 <span class=\"unit\">kg<\/span><\/p>\n<div class=\"add-to-cart-button-outer\"><div class=\"add-to-cart-button-inner\"><div class=\"add-to-cart-button-inner2\"><a href=\"https:\/\/www.climatecoating.com\/pl\/produkt\/stuccotex-280\/\" aria-describedby=\"woocommerce_loop_add_to_cart_link_describedby_28783\" data-quantity=\"1\" class=\"qbutton add-to-cart-button button product_type_variable add_to_cart_button\" data-product_id=\"28783\" data-product_sku=\"\" aria-label=\"Wybierz opcje dla &bdquo;StuccoTex 280&rdquo;\" rel=\"nofollow\">Optionen w\u00e4hlen<\/a><\/div><\/div><\/div>\t<span id=\"woocommerce_loop_add_to_cart_link_describedby_28783\" class=\"screen-reader-text\">\n\t\tTen produkt ma wiele wariant\u00f3w. Opcje mo\u017cna wybra\u0107 na stronie produktu\t<\/span>\n        <\/li>\n\n                <li class=\"product type-product post-28782 status-publish instock product_cat-tynki-zewnetrzne-wewnetrzne product_cat-obszary-zastosowania product_cat-budownictwo-i-zycie product_cat-na-zewnatrz product_cat-wewnatrz product_cat-budynki-uzytecznosci-publicznej has-post-thumbnail taxable shipping-taxable purchasable product-type-variable\">\n\n                        <div class=\"top-product-section\">\n\n                <a class=\"product_list_thumb_link\" href=\"https:\/\/www.climatecoating.com\/pl\/produkt\/stuccoprimer\/\">\n                    <span class=\"image-wrapper\">\n                    <img loading=\"lazy\" decoding=\"async\" width=\"300\" height=\"300\" src=\"https:\/\/www.climatecoating.com\/wp-content\/uploads\/2020\/08\/12500ml_STUCCO-PRIMER-m_frei-300x300.png\" class=\"attachment-woocommerce_thumbnail size-woocommerce_thumbnail\" alt=\"12500ml StuccoPrimer\" srcset=\"https:\/\/www.climatecoating.com\/wp-content\/uploads\/2020\/08\/12500ml_STUCCO-PRIMER-m_frei-300x300.png 300w, https:\/\/www.climatecoating.com\/wp-content\/uploads\/2020\/08\/12500ml_STUCCO-PRIMER-m_frei-100x100.png 100w, https:\/\/www.climatecoating.com\/wp-content\/uploads\/2020\/08\/12500ml_STUCCO-PRIMER-m_frei-600x600.png 600w, https:\/\/www.climatecoating.com\/wp-content\/uploads\/2020\/08\/12500ml_STUCCO-PRIMER-m_frei-1024x1024.png 1024w, https:\/\/www.climatecoating.com\/wp-content\/uploads\/2020\/08\/12500ml_STUCCO-PRIMER-m_frei-150x150.png 150w, https:\/\/www.climatecoating.com\/wp-content\/uploads\/2020\/08\/12500ml_STUCCO-PRIMER-m_frei-768x768.png 768w, https:\/\/www.climatecoating.com\/wp-content\/uploads\/2020\/08\/12500ml_STUCCO-PRIMER-m_frei-1536x1536.png 1536w, https:\/\/www.climatecoating.com\/wp-content\/uploads\/2020\/08\/12500ml_STUCCO-PRIMER-m_frei-550x550.png 550w, https:\/\/www.climatecoating.com\/wp-content\/uploads\/2020\/08\/12500ml_STUCCO-PRIMER-m_frei-500x500.png 500w, https:\/\/www.climatecoating.com\/wp-content\/uploads\/2020\/08\/12500ml_STUCCO-PRIMER-m_frei-1000x1000.png 1000w, https:\/\/www.climatecoating.com\/wp-content\/uploads\/2020\/08\/12500ml_STUCCO-PRIMER-m_frei-700x700.png 700w, https:\/\/www.climatecoating.com\/wp-content\/uploads\/2020\/08\/12500ml_STUCCO-PRIMER-m_frei-1100x1100.png 1100w, https:\/\/www.climatecoating.com\/wp-content\/uploads\/2020\/08\/12500ml_STUCCO-PRIMER-m_frei.png 1920w\" sizes=\"auto, (max-width: 300px) 100vw, 300px\" \/>                    <\/span>\n                <\/a>\n\n                <div class=\"add-to-cart-button-outer\"><div class=\"add-to-cart-button-inner\"><div class=\"add-to-cart-button-inner2\"><a href=\"https:\/\/www.climatecoating.com\/pl\/produkt\/stuccoprimer\/\" aria-describedby=\"woocommerce_loop_add_to_cart_link_describedby_28782\" data-quantity=\"1\" class=\"qbutton add-to-cart-button button product_type_variable add_to_cart_button\" data-product_id=\"28782\" data-product_sku=\"\" aria-label=\"Wybierz opcje dla &bdquo;StuccoPrimer&rdquo;\" rel=\"nofollow\">Optionen w\u00e4hlen<\/a><\/div><\/div><\/div>\t<span id=\"woocommerce_loop_add_to_cart_link_describedby_28782\" class=\"screen-reader-text\">\n\t\tTen produkt ma wiele wariant\u00f3w. Opcje mo\u017cna wybra\u0107 na stronie produktu\t<\/span>\n\n            <\/div>\n\n            <div class=\"product_info_box\">\n\t            <span class=\"product-categories\"><a href=\"https:\/\/www.climatecoating.com\/pl\/produkty\/tynki-zewnetrzne-wewnetrzne\/\" rel=\"tag\">Tynki zewn\u0119trzne \/ wewn\u0119trzne<\/a>, <a href=\"https:\/\/www.climatecoating.com\/pl\/obszary-zastosowania\/\" rel=\"tag\">Obszary zastosowania<\/a>, <a href=\"https:\/\/www.climatecoating.com\/pl\/obszary-zastosowania\/budownictwo-i-zycie\/\" rel=\"tag\">Budownictwo i \u017cycie<\/a>, <a href=\"https:\/\/www.climatecoating.com\/pl\/produkty\/na-zewnatrz\/\" rel=\"tag\">Na zewn\u0105trz<\/a>, <a href=\"https:\/\/www.climatecoating.com\/pl\/produkty\/wewnatrz\/\" rel=\"tag\">Wewn\u0105trz<\/a>, <a href=\"https:\/\/www.climatecoating.com\/pl\/obszary-zastosowania\/budynki-uzytecznosci-publicznej\/\" rel=\"tag\">Budynki u\u017cyteczno\u015bci publicznej<\/a><\/span>\n                <a href=\"https:\/\/www.climatecoating.com\/pl\/produkt\/stuccoprimer\/\" class=\"product-category\">\n                    <span class=\"product-title\">StuccoPrimer<\/span>\n\n                    \n\n\t<span class=\"price\">ab <span class=\"woocommerce-Price-amount amount\"><bdi>79,95&nbsp;<span class=\"woocommerce-Price-currencySymbol\">&euro;<\/span><\/bdi><\/span><\/span>\n\n\t<p class=\"price price-unit smaller wc-gzd-additional-info wc-gzd-additional-info-loop\"><span class=\"woocommerce-Price-amount amount\">15,99&nbsp;<span class=\"woocommerce-Price-currencySymbol\">&euro;<\/span><\/span> \/  <span class=\"unit\">l<\/span><\/p>\n\n                <\/a>\n            <\/div>\n\n            \n\t<p class=\"wc-gzd-additional-info wc-gzd-additional-info-loop tax-info\">incl. VAT<\/p>\n\n\t<p class=\"wc-gzd-additional-info wc-gzd-additional-info-loop shipping-costs-info\">zzgl. <a href=\"https:\/\/www.climatecoating.com\/shop\/versand\/\" target=\"_blank\">Versandkosten<\/a><\/p>\n\n\n\t<p class=\"wc-gzd-additional-info wc-gzd-additional-info-loop product-units-wrapper product-units\">Produkt enth\u00e4lt: 5 <span class=\"unit\">l<\/span> &ndash; 19 <span class=\"unit\">l<\/span> <\/p>\n<div class=\"add-to-cart-button-outer\"><div class=\"add-to-cart-button-inner\"><div class=\"add-to-cart-button-inner2\"><a href=\"https:\/\/www.climatecoating.com\/pl\/produkt\/stuccoprimer\/\" aria-describedby=\"woocommerce_loop_add_to_cart_link_describedby_28782\" data-quantity=\"1\" class=\"qbutton add-to-cart-button button product_type_variable add_to_cart_button\" data-product_id=\"28782\" data-product_sku=\"\" aria-label=\"Wybierz opcje dla &bdquo;StuccoPrimer&rdquo;\" rel=\"nofollow\">Optionen w\u00e4hlen<\/a><\/div><\/div><\/div>\t<span id=\"woocommerce_loop_add_to_cart_link_describedby_28782\" class=\"screen-reader-text\">\n\t\tTen produkt ma wiele wariant\u00f3w. Opcje mo\u017cna wybra\u0107 na stronie produktu\t<\/span>\n        <\/li>\n\n                <li class=\"product type-product post-54202 status-publish last instock product_cat-tynki-zewnetrzne-wewnetrzne product_cat-obszary-zastosowania product_cat-budownictwo-i-zycie product_cat-na-zewnatrz product_cat-aplikacje-na-zewnatrz-pl product_cat-budynek-na-zewnatrz product_cat-wewnatrz product_cat-budynki-uzytecznosci-publicznej product_cat-hotelarstwo-i-gastronomia has-post-thumbnail taxable shipping-taxable purchasable product-type-variable\">\n\n                        <div class=\"top-product-section\">\n\n                <a class=\"product_list_thumb_link\" href=\"https:\/\/www.climatecoating.com\/pl\/produkt\/isotex-r70\/\">\n                    <span class=\"image-wrapper\">\n                    <img loading=\"lazy\" decoding=\"async\" width=\"300\" height=\"300\" src=\"https:\/\/www.climatecoating.com\/wp-content\/uploads\/2026\/03\/IsoTex-R70_Gebinde_frei_600px-4-300x300.png\" class=\"attachment-woocommerce_thumbnail size-woocommerce_thumbnail\" alt=\"IsoTex R70 Gebinde freigestellt\" srcset=\"https:\/\/www.climatecoating.com\/wp-content\/uploads\/2026\/03\/IsoTex-R70_Gebinde_frei_600px-4-300x300.png 300w, https:\/\/www.climatecoating.com\/wp-content\/uploads\/2026\/03\/IsoTex-R70_Gebinde_frei_600px-4-150x150.png 150w, https:\/\/www.climatecoating.com\/wp-content\/uploads\/2026\/03\/IsoTex-R70_Gebinde_frei_600px-4-550x550.png 550w, https:\/\/www.climatecoating.com\/wp-content\/uploads\/2026\/03\/IsoTex-R70_Gebinde_frei_600px-4-500x500.png 500w, https:\/\/www.climatecoating.com\/wp-content\/uploads\/2026\/03\/IsoTex-R70_Gebinde_frei_600px-4-100x100.png 100w, https:\/\/www.climatecoating.com\/wp-content\/uploads\/2026\/03\/IsoTex-R70_Gebinde_frei_600px-4.png 600w\" sizes=\"auto, (max-width: 300px) 100vw, 300px\" \/>                    <\/span>\n                <\/a>\n\n                <div class=\"add-to-cart-button-outer\"><div class=\"add-to-cart-button-inner\"><div class=\"add-to-cart-button-inner2\"><a href=\"https:\/\/www.climatecoating.com\/pl\/produkt\/isotex-r70\/\" aria-describedby=\"woocommerce_loop_add_to_cart_link_describedby_54202\" data-quantity=\"1\" class=\"qbutton add-to-cart-button button product_type_variable add_to_cart_button\" data-product_id=\"54202\" data-product_sku=\"\" aria-label=\"Wybierz opcje dla &bdquo;IsoTex R70&rdquo;\" rel=\"nofollow\">Optionen w\u00e4hlen<\/a><\/div><\/div><\/div>\t<span id=\"woocommerce_loop_add_to_cart_link_describedby_54202\" class=\"screen-reader-text\">\n\t\tTen produkt ma wiele wariant\u00f3w. Opcje mo\u017cna wybra\u0107 na stronie produktu\t<\/span>\n\n            <\/div>\n\n            <div class=\"product_info_box\">\n\t            <span class=\"product-categories\"><a href=\"https:\/\/www.climatecoating.com\/pl\/produkty\/tynki-zewnetrzne-wewnetrzne\/\" rel=\"tag\">Tynki zewn\u0119trzne \/ wewn\u0119trzne<\/a>, <a href=\"https:\/\/www.climatecoating.com\/pl\/obszary-zastosowania\/\" rel=\"tag\">Obszary zastosowania<\/a>, <a href=\"https:\/\/www.climatecoating.com\/pl\/obszary-zastosowania\/budownictwo-i-zycie\/\" rel=\"tag\">Budownictwo i \u017cycie<\/a>, <a href=\"https:\/\/www.climatecoating.com\/pl\/produkty\/na-zewnatrz\/\" rel=\"tag\">Na zewn\u0105trz<\/a>, <a href=\"https:\/\/www.climatecoating.com\/pl\/obszary-zastosowania\/rolnictwo-i-hodowla-zwierzat\/aplikacje-na-zewnatrz-pl\/\" rel=\"tag\">Aplikacje na zewn\u0105trz<\/a>, <a href=\"https:\/\/www.climatecoating.com\/pl\/obszary-zastosowania\/przemysl-wytworczy\/budynek-na-zewnatrz\/\" rel=\"tag\">Budynek na zewn\u0105trz<\/a>, <a href=\"https:\/\/www.climatecoating.com\/pl\/produkty\/wewnatrz\/\" rel=\"tag\">Wewn\u0105trz<\/a>, <a href=\"https:\/\/www.climatecoating.com\/pl\/obszary-zastosowania\/budynki-uzytecznosci-publicznej\/\" rel=\"tag\">Budynki u\u017cyteczno\u015bci publicznej<\/a>, <a href=\"https:\/\/www.climatecoating.com\/pl\/obszary-zastosowania\/hotelarstwo-i-gastronomia\/\" rel=\"tag\">Hotelarstwo i gastronomia<\/a><\/span>\n                <a href=\"https:\/\/www.climatecoating.com\/pl\/produkt\/isotex-r70\/\" class=\"product-category\">\n                    <span class=\"product-title\">IsoTex R70<\/span>\n\n                    \n\n\t<span class=\"price\">ab <span class=\"woocommerce-Price-amount amount\"><bdi>31,25&nbsp;<span class=\"woocommerce-Price-currencySymbol\">&euro;<\/span><\/bdi><\/span><\/span>\n\n\t<p class=\"price price-unit smaller wc-gzd-additional-info wc-gzd-additional-info-loop\"><span class=\"woocommerce-Price-amount amount\">3,12&nbsp;<span class=\"woocommerce-Price-currencySymbol\">&euro;<\/span><\/span> \/  <span class=\"unit\">kg<\/span><\/p>\n\n                <\/a>\n            <\/div>\n\n            \n\t<p class=\"wc-gzd-additional-info wc-gzd-additional-info-loop tax-info\">incl. VAT<\/p>\n\n\t<p class=\"wc-gzd-additional-info wc-gzd-additional-info-loop shipping-costs-info\">zzgl. <a href=\"https:\/\/www.climatecoating.com\/shop\/versand\/\" target=\"_blank\">Versandkosten<\/a><\/p>\n\n\n\t<p class=\"wc-gzd-additional-info wc-gzd-additional-info-loop product-units-wrapper product-units\">Produkt enth\u00e4lt: 1 <span class=\"unit\">kg<\/span> &ndash; 10 <span class=\"unit\">kg<\/span> <\/p>\n<div class=\"add-to-cart-button-outer\"><div class=\"add-to-cart-button-inner\"><div class=\"add-to-cart-button-inner2\"><a href=\"https:\/\/www.climatecoating.com\/pl\/produkt\/isotex-r70\/\" aria-describedby=\"woocommerce_loop_add_to_cart_link_describedby_54202\" data-quantity=\"1\" class=\"qbutton add-to-cart-button button product_type_variable add_to_cart_button\" data-product_id=\"54202\" data-product_sku=\"\" aria-label=\"Wybierz opcje dla &bdquo;IsoTex R70&rdquo;\" rel=\"nofollow\">Optionen w\u00e4hlen<\/a><\/div><\/div><\/div>\t<span id=\"woocommerce_loop_add_to_cart_link_describedby_54202\" class=\"screen-reader-text\">\n\t\tTen produkt ma wiele wariant\u00f3w. Opcje mo\u017cna wybra\u0107 na stronie produktu\t<\/span>\n        <\/li>\n\n        <\/ul>\n<\/div>[\/vc_column][\/vc_row]<\/p>\n<\/div>","protected":false},"excerpt":{"rendered":"<p>[vc_row row_type=&#8221;row&#8221; use_row_as_full_screen_section=&#8221;no&#8221; type=&#8221;full_width&#8221; text_align=&#8221;left&#8221; background_animation=&#8221;none&#8221; padding_top=&#8221;50&#8243; css_animation=&#8221;&#8221;][vc_column][vc_column_text css=&#8221;&#8221;] Produkty &#8211; Tynki zewn\u0119trzne \/ wewn\u0119trzne [\/vc_column_text][\/vc_column][\/vc_row]<\/p>\n","protected":false},"author":107,"featured_media":0,"parent":28791,"menu_order":220,"comment_status":"closed","ping_status":"closed","template":"","meta":{"footnotes":""},"class_list":["post-64972","page","type-page","status-publish","hentry"],"_links":{"self":[{"href":"https:\/\/www.climatecoating.com\/pl\/wp-json\/wp\/v2\/pages\/64972","targetHints":{"allow":["GET"]}}],"collection":[{"href":"https:\/\/www.climatecoating.com\/pl\/wp-json\/wp\/v2\/pages"}],"about":[{"href":"https:\/\/www.climatecoating.com\/pl\/wp-json\/wp\/v2\/types\/page"}],"author":[{"embeddable":true,"href":"https:\/\/www.climatecoating.com\/pl\/wp-json\/wp\/v2\/users\/107"}],"replies":[{"embeddable":true,"href":"https:\/\/www.climatecoating.com\/pl\/wp-json\/wp\/v2\/comments?post=64972"}],"version-history":[{"count":1,"href":"https:\/\/www.climatecoating.com\/pl\/wp-json\/wp\/v2\/pages\/64972\/revisions"}],"predecessor-version":[{"id":64973,"href":"https:\/\/www.climatecoating.com\/pl\/wp-json\/wp\/v2\/pages\/64972\/revisions\/64973"}],"up":[{"embeddable":true,"href":"https:\/\/www.climatecoating.com\/pl\/wp-json\/wp\/v2\/pages\/28791"}],"wp:attachment":[{"href":"https:\/\/www.climatecoating.com\/pl\/wp-json\/wp\/v2\/media?parent=64972"}],"curies":[{"name":"wp","href":"https:\/\/api.w.org\/{rel}","templated":true}]}}