{"id":27625,"date":"2020-05-26T19:37:20","date_gmt":"2020-05-26T17:37:20","guid":{"rendered":"https:\/\/www.climatecoating.com\/produkte\/thermoprotect-2\/"},"modified":"2025-10-29T13:15:27","modified_gmt":"2025-10-29T12:15:27","slug":"termoprotect","status":"publish","type":"product","link":"https:\/\/www.climatecoating.com\/pl\/produkt\/termoprotect\/","title":{"rendered":"ThermoProtect"},"content":{"rendered":"<p>Gotowa do u\u017cycia pow\u0142oka elewacyjna ThermoProtect posiada w\u0142a\u015bciwo\u015bci reguluj\u0105ce wilgotno\u015b\u0107 i temperatur\u0119. Ogranicza powstawanie glon\u00f3w i obni\u017ca zu\u017cycie energii. Unikalna synteza dyspersji poliakrylowej z ceramicznymi pustymi sferami i aktywatorami tworzy po aplikacji membran\u0119 odbijaj\u0105c\u0105 \u015bwiat\u0142o, kt\u00f3ra zapewnia ponadprzeci\u0119tnie d\u0142ug\u0105 nienaruszon\u0105, such\u0105 i woln\u0105 od czynnik\u00f3w atmosferycznych elewacj\u0119.<\/p>\n<p><strong>Osuszanie<\/strong><br \/>\nMembrana ta dzia\u0142a jak bariera chroni\u0105ca mur przed wnikaniem opad\u00f3w atmosferycznych i kondensacj\u0105 pary wodnej. Jednocze\u015bnie efekt kapilarny powoduje osuszanie muru. Suchy mur izoluje znacznie lepiej ni\u017c wilgotny! Zmniejszaj\u0105 si\u0119 straty ciep\u0142a przesy\u0142owego. Suchy mur w zimie lepiej absorbuje energi\u0119 s\u0142oneczn\u0105 z niskiego s\u0142o\u0144ca i w ten spos\u00f3b poprawia bilans energetyczny budynku.<a href=\"https:\/\/www.climatecoating.com\/pl\/referencje\/referencja\/bloki-mieszkalne-w-botkyrka\/\"> Przyk\u0142ad ze Szwecji z 12% oszcz\u0119dno\u015bci\u0105 energii.<\/a><\/p>\n<p><strong>Regulacja temperatury<\/strong><br \/>\nW lecie \u015bciany zewn\u0119trzne s\u0105 ch\u0142odzone przez odbicie kr\u00f3tkofalowych promieni s\u0142onecznych oraz przez kierunkowe procesy parowania. Zmniejsza to obci\u0105\u017cenia ch\u0142odnicze, a tym samym koszty energii. Jednocze\u015bnie \u015bciany zewn\u0119trzne s\u0105 utrzymywane w stanie suchym, co przeciwdzia\u0142a rozwojowi glon\u00f3w, szczeg\u00f3lnie na elewacjach izolowanych.<br \/>\nPrzy zastosowaniu w gor\u0105cym klimacie, transport ciep\u0142a z zewn\u0105trz do wewn\u0105trz jest zredukowany.<\/p>\n","protected":false},"excerpt":{"rendered":"<p><strong>D\u0142ugotrwa\u0142a ochrona fasady z efektem oszcz\u0119dno\u015bci energii<\/strong><\/p>\n<p>Gotowa do u\u017cycia pow\u0142oka elewacyjna chroni przed dzia\u0142aniem czynnik\u00f3w atmosferycznych, porastaniem algami, mchem i grzybami oraz poprawia ca\u0142oroczny bilans energetyczny budynku. ThermoProtect to farba fasadowa i wysokiej jako\u015bci dyspersja, kt\u00f3ra utrzymuje fasad\u0119 such\u0105, reguluje wilgotno\u015b\u0107 i temperatur\u0119 oraz jest wyj\u0105tkowo wytrzyma\u0142a i trwa\u0142a.<\/p>\n<p>Wszystkie pow\u0142oki ClimateCoating<sup>\u00ae<\/sup> opieraj\u0105 si\u0119 na technologii membran refleksyjnych i maj\u0105 czysto fizyczny efekt. Przyjazne dla \u015brodowiska i wysokowydajne pow\u0142oki przekonuj\u0105 u\u017cytkownik\u00f3w na ca\u0142ym \u015bwiecie od 2003 roku swoimi szczeg\u00f3lnymi w\u0142a\u015bciwo\u015bciami i wysok\u0105 ekonomiczno\u015bci\u0105.<\/p>\n","protected":false},"featured_media":30522,"template":"","meta":[],"product_brand":[],"product_cat":[1146,1155,1156,1157,1267],"product_tag":[],"class_list":{"0":"post-27625","1":"product","2":"type-product","3":"status-publish","4":"has-post-thumbnail","6":"product_cat-obszary-zastosowania","7":"product_cat-budownictwo-i-zycie","8":"product_cat-na-zewnatrz","9":"product_cat-budynki-uzytecznosci-publicznej","10":"product_cat-hotelarstwo-i-gastronomia","12":"first","13":"instock","14":"taxable","15":"shipping-taxable","16":"purchasable","17":"product-type-variable"},"_links":{"self":[{"href":"https:\/\/www.climatecoating.com\/pl\/wp-json\/wp\/v2\/product\/27625","targetHints":{"allow":["GET"]}}],"collection":[{"href":"https:\/\/www.climatecoating.com\/pl\/wp-json\/wp\/v2\/product"}],"about":[{"href":"https:\/\/www.climatecoating.com\/pl\/wp-json\/wp\/v2\/types\/product"}],"wp:featuredmedia":[{"embeddable":true,"href":"https:\/\/www.climatecoating.com\/pl\/wp-json\/wp\/v2\/media\/30522"}],"wp:attachment":[{"href":"https:\/\/www.climatecoating.com\/pl\/wp-json\/wp\/v2\/media?parent=27625"}],"wp:term":[{"taxonomy":"product_brand","embeddable":true,"href":"https:\/\/www.climatecoating.com\/pl\/wp-json\/wp\/v2\/product_brand?post=27625"},{"taxonomy":"product_cat","embeddable":true,"href":"https:\/\/www.climatecoating.com\/pl\/wp-json\/wp\/v2\/product_cat?post=27625"},{"taxonomy":"product_tag","embeddable":true,"href":"https:\/\/www.climatecoating.com\/pl\/wp-json\/wp\/v2\/product_tag?post=27625"}],"curies":[{"name":"wp","href":"https:\/\/api.w.org\/{rel}","templated":true}]}}