{"id":27800,"date":"2020-08-26T10:14:18","date_gmt":"2020-08-26T08:14:18","guid":{"rendered":"https:\/\/www.climatecoating.com\/produkte\/sanosil-s010-2\/"},"modified":"2024-12-10T16:59:58","modified_gmt":"2024-12-10T15:59:58","slug":"sanosil-s010","status":"publish","type":"product","link":"https:\/\/www.climatecoating.com\/pl\/produkt\/sanosil-s010\/","title":{"rendered":"Sanosil S010"},"content":{"rendered":"<p>Sanosil S010 jest rozpylany na miejsca z widocznymi przebarwieniami.<br \/>\nCzas na\u015bwietlania wynosi tylko 25 do 30 minut.<\/p>\n<p><strong>Skuteczny duet<\/strong><br \/>\nSanosil S003 &amp; S010 dezaktywuje toksyny ple\u015bni i ich alergeny zar\u00f3wno na \u015bcianie, jak i w powietrzu. Jak dot\u0105d nie s\u0105 znane \u017cadne mikroorganizmy, kt\u00f3rych Sanosil S003 &amp; S010 nie inaktywuje. Ze wzgl\u0119du na dobr\u0105 kompatybilno\u015b\u0107 materia\u0142ow\u0105 chroniona jest tkanka budowlana.<\/p>\n<p>Sanosil S003 &amp; S010 s\u0105 przyjazne dla \u015brodowiska i ca\u0142kowicie nieszkodliwe dla organizmu ludzkiego po zastosowaniu. Dlatego produkty te mo\u017cna bez obaw stosowa\u0107 we wszystkich pomieszczeniach mieszkalnych, nawet w kuchni czy pokoju dzieci\u0119cym. Po zabiegu pomieszczenia nadaj\u0105 si\u0119 natychmiast do ponownego zamieszkania.<\/p>\n<p>Sanosil S003 &amp; S010 posiadaj\u0105 wysoki potencja\u0142 dezynfekcyjny i s\u0105 nietoksyczne, po przetworzeniu ulegaj\u0105 rozk\u0142adowi do pierwotnych sk\u0142adnik\u00f3w zawartych w wodzie. Oderwane tapety i inne materia\u0142y po przetworzeniu s\u0105 po prostu wyrzucane razem z odpadami domowymi.<\/p>\n<p>\u015arodki ochrony osobistej, takie jak kombinezon ochronny i maska oddechowa s\u0105 niezb\u0119dne do ochrony przed zwi\u0119kszonym nara\u017ceniem na zarodniki podczas stosowania Sanosil S003 &amp; S010.<\/p>\n","protected":false},"excerpt":{"rendered":"<p><strong>\u015arodek przeciwple\u015bniowy<\/strong><\/p>\n<p>Sanosil S010 jest \u015brodkiem niszcz\u0105cym ple\u015b\u0144, kt\u00f3ry jest stosowany do zwalczania widocznych kultur ple\u015bni.<\/p>\n","protected":false},"featured_media":27801,"template":"","meta":[],"product_brand":[],"product_cat":[1405,1261],"product_tag":[],"class_list":{"0":"post-27800","1":"product","2":"type-product","3":"status-publish","4":"has-post-thumbnail","6":"product_cat-produkty","7":"product_cat-produkty-dodatkowe","9":"first","10":"instock","11":"taxable","12":"shipping-taxable","13":"purchasable","14":"product-type-simple"},"_links":{"self":[{"href":"https:\/\/www.climatecoating.com\/pl\/wp-json\/wp\/v2\/product\/27800","targetHints":{"allow":["GET"]}}],"collection":[{"href":"https:\/\/www.climatecoating.com\/pl\/wp-json\/wp\/v2\/product"}],"about":[{"href":"https:\/\/www.climatecoating.com\/pl\/wp-json\/wp\/v2\/types\/product"}],"wp:featuredmedia":[{"embeddable":true,"href":"https:\/\/www.climatecoating.com\/pl\/wp-json\/wp\/v2\/media\/27801"}],"wp:attachment":[{"href":"https:\/\/www.climatecoating.com\/pl\/wp-json\/wp\/v2\/media?parent=27800"}],"wp:term":[{"taxonomy":"product_brand","embeddable":true,"href":"https:\/\/www.climatecoating.com\/pl\/wp-json\/wp\/v2\/product_brand?post=27800"},{"taxonomy":"product_cat","embeddable":true,"href":"https:\/\/www.climatecoating.com\/pl\/wp-json\/wp\/v2\/product_cat?post=27800"},{"taxonomy":"product_tag","embeddable":true,"href":"https:\/\/www.climatecoating.com\/pl\/wp-json\/wp\/v2\/product_tag?post=27800"}],"curies":[{"name":"wp","href":"https:\/\/api.w.org\/{rel}","templated":true}]}}