{"id":28025,"date":"2020-07-22T22:26:08","date_gmt":"2020-07-22T20:26:08","guid":{"rendered":"https:\/\/www.climatecoating.com\/produkte\/historia\/"},"modified":"2024-12-10T17:00:33","modified_gmt":"2024-12-10T16:00:33","slug":"history","status":"publish","type":"product","link":"https:\/\/www.climatecoating.com\/pl\/produkt\/history\/","title":{"rendered":"History"},"content":{"rendered":"<p>Prawie ka\u017cde pod\u0142o\u017ce mineralne w starych budynkach jest zanieczyszczone wod\u0105 i sol\u0105. Wyja\u015bnia to wym\u00f3g ochrony zabytk\u00f3w dla optymalnej, otwartej kapilarnie i dyfuzyjnie pow\u0142oki, kt\u00f3ra powinna bezwzgl\u0119dnie zapobiega\u0107 gromadzeniu si\u0119 soli i wilgoci, a tak\u017ce wytrzymywa\u0107 wszystkie nowoczesne obci\u0105\u017cenia \u015brodowiskowe.<\/p>\n<p><strong>Delikatniejsze suszenie kapilarne<\/strong><br \/>\nNajbardziej efektywnym mechanizmem osuszania jest osuszanie kapilarne, w kt\u00f3rym woda i s\u00f3l s\u0105 transportowane z wn\u0119trza na zewn\u0105trz powierzchni \u015bciany. History umo\u017cliwia \u0142agodniejsze osuszanie do poziomu wilgotno\u015bci r\u00f3wnowagi budynku i jako dioda higroskopijna zapobiega przedostawaniu si\u0119 nowej wilgoci, np. z deszczu. Glony, mchy i grzyby nie znajduj\u0105 ju\u017c po\u017cywki dla siebie, a elewacje zachowuj\u0105 sw\u00f3j warto\u015bciowy wygl\u0105d przez wiele lat &#8211; dzi\u0119ki w\u0142a\u015bciwo\u015bciom fizycznym i wysokiej jako\u015bci recepturze History.<\/p>\n","protected":false},"excerpt":{"rendered":"<p><strong>Utrzymuj\u0105ca warto\u015b\u0107 ochrona fasady z delikatnym osuszaniem<\/strong><\/p>\n<p>\u0141agodne wysychanie kapilarne i zr\u00f3wnowa\u017cone zarz\u0105dzanie wilgoci\u0105 charakteryzuj\u0105 pow\u0142ok\u0119 fasadow\u0105 History dla zabytkowych fasad budynk\u00f3w. Ponadto History skutecznie zapobiega ponownemu przedostawaniu si\u0119 wilgoci &#8211; w ca\u0142kowicie naturalny, fizyczny spos\u00f3b.<\/p>\n<p>Wszystkie pow\u0142oki i farby ClimateCoating<sup>\u00ae<\/sup> opieraj\u0105 si\u0119 na technologii membran refleksyjnych i maj\u0105 czysto fizyczny efekt. Przyjazne dla \u015brodowiska i wysokowydajne pow\u0142oki przekonuj\u0105 u\u017cytkownik\u00f3w na ca\u0142ym \u015bwiecie od 2003 roku swoimi szczeg\u00f3lnymi w\u0142a\u015bciwo\u015bciami i wysok\u0105 ekonomiczno\u015bci\u0105.<\/p>\n","protected":false},"featured_media":28041,"template":"","meta":[],"product_brand":[],"product_cat":[1146,1154,1156,1151],"product_tag":[],"class_list":{"0":"post-28025","1":"product","2":"type-product","3":"status-publish","4":"has-post-thumbnail","6":"product_cat-obszary-zastosowania","7":"product_cat-ochrona-historycznych-fasad","8":"product_cat-na-zewnatrz","9":"product_cat-ochrona-zabytkow","11":"first","12":"instock","13":"taxable","14":"shipping-taxable","15":"purchasable","16":"product-type-variable"},"_links":{"self":[{"href":"https:\/\/www.climatecoating.com\/pl\/wp-json\/wp\/v2\/product\/28025","targetHints":{"allow":["GET"]}}],"collection":[{"href":"https:\/\/www.climatecoating.com\/pl\/wp-json\/wp\/v2\/product"}],"about":[{"href":"https:\/\/www.climatecoating.com\/pl\/wp-json\/wp\/v2\/types\/product"}],"wp:featuredmedia":[{"embeddable":true,"href":"https:\/\/www.climatecoating.com\/pl\/wp-json\/wp\/v2\/media\/28041"}],"wp:attachment":[{"href":"https:\/\/www.climatecoating.com\/pl\/wp-json\/wp\/v2\/media?parent=28025"}],"wp:term":[{"taxonomy":"product_brand","embeddable":true,"href":"https:\/\/www.climatecoating.com\/pl\/wp-json\/wp\/v2\/product_brand?post=28025"},{"taxonomy":"product_cat","embeddable":true,"href":"https:\/\/www.climatecoating.com\/pl\/wp-json\/wp\/v2\/product_cat?post=28025"},{"taxonomy":"product_tag","embeddable":true,"href":"https:\/\/www.climatecoating.com\/pl\/wp-json\/wp\/v2\/product_tag?post=28025"}],"curies":[{"name":"wp","href":"https:\/\/api.w.org\/{rel}","templated":true}]}}