{"id":28104,"date":"2020-07-22T23:05:45","date_gmt":"2020-07-22T21:05:45","guid":{"rendered":"https:\/\/www.climatecoating.com\/produkte\/natura\/"},"modified":"2024-12-10T17:00:25","modified_gmt":"2024-12-10T16:00:25","slug":"nature","status":"publish","type":"product","link":"https:\/\/www.climatecoating.com\/pl\/produkt\/nature\/","title":{"rendered":"Nature"},"content":{"rendered":"<p><strong>Zaawansowana technologicznie pow\u0142oka, kt\u00f3ra spe\u0142nia swoj\u0105 obietnic\u0119<\/strong><br \/>\nDzi\u0119ki ClimateCoating<sup>\u00ae<\/sup>-Nature elementy drewniane s\u0105 chronione i pozostaj\u0105 pi\u0119kne przez wyj\u0105tkowo d\u0142ugi czas. Wsp\u00f3\u0142dzia\u0142anie przyczepno\u015bci, elastyczno\u015bci i ekstremalnej odporno\u015bci, w po\u0142\u0105czeniu z redukcj\u0105 p\u0119cznienia i kurczenia si\u0119, w idealny spos\u00f3b op\u00f3\u017ania proces starzenia si\u0119 drewna. Nie \u0142uszczy si\u0119 farba, nie blaknie. Obiecuj\u0119.<\/p>\n<p>Technologia membrany odbijaj\u0105cej \u015bwiat\u0142o sprawia, \u017ce nawet ciemne kolory utrzymuj\u0105 powierzchni\u0119 stosunkowo ch\u0142odn\u0105 w \u015bwietle s\u0142onecznym. <strong>Nawet w domku z drewna pomalowanego na ciemno, dzi\u0119ki wysokiej refleksyjno\u015bci pow\u0142oki, latem pozostaje przyjemnie ch\u0142odny.<\/strong> Umo\u017cliwiaj\u0105 to szklano-ceramiczne wydr\u0105\u017cone kule.<\/p>\n<p><strong>Obszary zastosowania<\/strong><br \/>\nNature jest przeznaczony do element\u00f3w drewnianych o ograniczonych wymiarach (deski pi\u00f3ro-wpust, kratownice, okiennice i bramy) oraz do element\u00f3w drewnianych o niestandardowych wymiarach (parapety balkonowe, gonty, pergole i p\u0142oty).<\/p>\n<p>Podczas gdy Nature jest dost\u0119pna jako pow\u0142oka kryj\u0105ca w wielu odcieniach kolorystycznych, w przypadku grubowarstwowej NatureGlaze dost\u0119pne jest ograniczone spektrum kolor\u00f3w. Gotowy do u\u017cycia podk\u0142ad NaturePrimer uzupe\u0142nia zestaw produkt\u00f3w.<\/p>\n","protected":false},"excerpt":{"rendered":"<p><strong>Barwny i odporny na warunki atmosferyczne impregnat do drewna &#8211; kryj\u0105cy<\/strong><\/p>\n<p>Nature to nieprzezroczysta pow\u0142oka high-tech dla wszystkich ograniczonych wymiarowo i dok\u0142adnych<br \/>\nnie stabilne wymiarowo elementy drewniane w obszarze zewn\u0119trznym. Wysoka odporno\u015b\u0107 na warunki atmosferyczne i trwa\u0142a elastyczno\u015b\u0107 sprawiaj\u0105, \u017ce Nature to doskona\u0142a ochrona drewna na lata!<\/p>\n","protected":false},"featured_media":29036,"template":"","meta":[],"product_brand":[],"product_cat":[1146,1201],"product_tag":[],"class_list":{"0":"post-28104","1":"product","2":"type-product","3":"status-publish","4":"has-post-thumbnail","6":"product_cat-obszary-zastosowania","7":"product_cat-konserwacja-drewna","9":"first","10":"instock","11":"taxable","12":"shipping-taxable","13":"purchasable","14":"product-type-variable"},"_links":{"self":[{"href":"https:\/\/www.climatecoating.com\/pl\/wp-json\/wp\/v2\/product\/28104","targetHints":{"allow":["GET"]}}],"collection":[{"href":"https:\/\/www.climatecoating.com\/pl\/wp-json\/wp\/v2\/product"}],"about":[{"href":"https:\/\/www.climatecoating.com\/pl\/wp-json\/wp\/v2\/types\/product"}],"wp:featuredmedia":[{"embeddable":true,"href":"https:\/\/www.climatecoating.com\/pl\/wp-json\/wp\/v2\/media\/29036"}],"wp:attachment":[{"href":"https:\/\/www.climatecoating.com\/pl\/wp-json\/wp\/v2\/media?parent=28104"}],"wp:term":[{"taxonomy":"product_brand","embeddable":true,"href":"https:\/\/www.climatecoating.com\/pl\/wp-json\/wp\/v2\/product_brand?post=28104"},{"taxonomy":"product_cat","embeddable":true,"href":"https:\/\/www.climatecoating.com\/pl\/wp-json\/wp\/v2\/product_cat?post=28104"},{"taxonomy":"product_tag","embeddable":true,"href":"https:\/\/www.climatecoating.com\/pl\/wp-json\/wp\/v2\/product_tag?post=28104"}],"curies":[{"name":"wp","href":"https:\/\/api.w.org\/{rel}","templated":true}]}}