{"id":28108,"date":"2020-07-22T23:18:11","date_gmt":"2020-07-22T21:18:11","guid":{"rendered":"https:\/\/www.climatecoating.com\/produkte\/natureprimer\/"},"modified":"2024-12-10T17:00:21","modified_gmt":"2024-12-10T16:00:21","slug":"natureprimer","status":"publish","type":"product","link":"https:\/\/www.climatecoating.com\/pl\/produkt\/natureprimer\/","title":{"rendered":"NaturePrimer"},"content":{"rendered":"<p>ClimateCoating<sup>\u00ae<\/sup>-NaturePrimer i -Nature to doskona\u0142y duet do kryj\u0105cej ochrony zewn\u0119trznych element\u00f3w drewnianych. Wsp\u00f3\u0142dzia\u0142anie przyczepno\u015bci, elastyczno\u015bci i ekstremalnej odporno\u015bci, w po\u0142\u0105czeniu z redukcj\u0105 p\u0119cznienia i kurczenia si\u0119, w idealny spos\u00f3b op\u00f3\u017ania proces starzenia si\u0119 drewna.<\/p>\n","protected":false},"excerpt":{"rendered":"<p><strong>Gotowy do u\u017cycia \u015brodek zwi\u0119kszaj\u0105cy przyczepno\u015b\u0107 do element\u00f3w drewnianych na zewn\u0105trz budynk\u00f3w<\/strong><\/p>\n<p>NaturePrimer jest gotowym do u\u017cycia \u015brodkiem gruntuj\u0105cym dla ograniczonych wymiarowo stabilnych i nie wymiarowo stabilnych zewn\u0119trznych element\u00f3w drewnianych. Opiera si\u0119 na technologii membran refleksyjnych, jest zmiennie otwarta dyfuzyjnie i dopasowana do w\u0142a\u015bciwo\u015bci natury.<\/p>\n","protected":false},"featured_media":28165,"template":"","meta":[],"product_brand":[],"product_cat":[1146,1201],"product_tag":[],"class_list":{"0":"post-28108","1":"product","2":"type-product","3":"status-publish","4":"has-post-thumbnail","6":"product_cat-obszary-zastosowania","7":"product_cat-konserwacja-drewna","9":"first","10":"instock","11":"taxable","12":"shipping-taxable","13":"purchasable","14":"product-type-variable"},"_links":{"self":[{"href":"https:\/\/www.climatecoating.com\/pl\/wp-json\/wp\/v2\/product\/28108","targetHints":{"allow":["GET"]}}],"collection":[{"href":"https:\/\/www.climatecoating.com\/pl\/wp-json\/wp\/v2\/product"}],"about":[{"href":"https:\/\/www.climatecoating.com\/pl\/wp-json\/wp\/v2\/types\/product"}],"wp:featuredmedia":[{"embeddable":true,"href":"https:\/\/www.climatecoating.com\/pl\/wp-json\/wp\/v2\/media\/28165"}],"wp:attachment":[{"href":"https:\/\/www.climatecoating.com\/pl\/wp-json\/wp\/v2\/media?parent=28108"}],"wp:term":[{"taxonomy":"product_brand","embeddable":true,"href":"https:\/\/www.climatecoating.com\/pl\/wp-json\/wp\/v2\/product_brand?post=28108"},{"taxonomy":"product_cat","embeddable":true,"href":"https:\/\/www.climatecoating.com\/pl\/wp-json\/wp\/v2\/product_cat?post=28108"},{"taxonomy":"product_tag","embeddable":true,"href":"https:\/\/www.climatecoating.com\/pl\/wp-json\/wp\/v2\/product_tag?post=28108"}],"curies":[{"name":"wp","href":"https:\/\/api.w.org\/{rel}","templated":true}]}}