{"id":28336,"date":"2020-08-26T09:45:36","date_gmt":"2020-08-26T07:45:36","guid":{"rendered":"https:\/\/www.climatecoating.com\/produkte\/thermoplus\/"},"modified":"2025-11-29T23:16:08","modified_gmt":"2025-11-29T22:16:08","slug":"thermoplus","status":"publish","type":"product","link":"https:\/\/www.climatecoating.com\/pl\/produkt\/thermoplus\/","title":{"rendered":"ThermoPlus"},"content":{"rendered":"<p><strong>Najlepszy klimat w pomieszczeniach dla komfortu \u017cycia o ka\u017cdej porze roku<\/strong><br \/>\n<em>W lecie<\/em> pow\u0142oka poch\u0142ania nadmiar wilgoci z powietrza w pomieszczeniu i r\u00f3wnowa\u017cy j\u0105 z suchszym powietrzem w pomieszczeniu (zasada entropii1). Powstaje ch\u0142odzenie wyparne, kt\u00f3re zar\u00f3wno ch\u0142odzi powierzchnie \u015bcian, jak i obni\u017ca wysok\u0105 temperatur\u0119 w pomieszczeniu.<\/p>\n<p><em>W zimie<\/em>, gdy wilgotno\u015b\u0107 powietrza jest niska, pow\u0142oka absorbuje ciep\u0142o z pomieszczenia, r\u00f3wnomiernie je przewodzi i wypromieniowuje &#8211; jak piec kaflowy &#8211; do pomieszczenia. Dzi\u0119ki temu minimalizowane s\u0105 <a href=\"https:\/\/www.climatecoating.com\/pl\/firma\/slowniczek\/#konvektionsstroeme\" target=\"_blank\" rel=\"noopener\">pr\u0105dy konwekcyjne<\/a> i <a href=\"https:\/\/www.climatecoating.com\/pl\/firma\/slowniczek\/#waermebruecken\" target=\"_blank\" rel=\"noopener\">mostki termiczne<\/a>, a r\u00f3\u017cnica temperatur pomi\u0119dzy dnem a g\u00f3r\u0105 jest zredukowana. Komfort cieplny w pomieszczeniu wyra\u017anie wzrasta.<\/p>\n<p><strong> Optymalna wilgotno\u015b\u0107 powietrza w pomieszczeniu<\/strong><br \/>\nJe\u015bli powietrze w pomieszczeniu jest wilgotne, ThermoPlus gromadzi cz\u0105steczki wody na swojej cienkiej powierzchni. W zamian powierzchnia oddaje wilgo\u0107 do powietrza w pomieszczeniu, je\u015bli jest ono zbyt suche. ThermoPlus jest ustawiony tak, aby wilgotno\u015b\u0107 powietrza w pomieszczeniu utrzymywa\u0142a si\u0119 w idealnym zakresie oko\u0142o 55%.<\/p>\n<p><strong> Interwa\u0142y remontowe: wi\u0119cej znaczy mniej<\/strong><br \/>\nThermoPlus daje ponadprzeci\u0119tn\u0105 przyjemno\u015b\u0107, poniewa\u017c antyelektrostatyczne dzia\u0142anie farby \u015bciennej ogranicza osadzanie si\u0119 kurzu i nikotyny na pokrytych ni\u0105 powierzchniach \u015bcian. Cz\u0105steczki brudu nie tworz\u0105 wi\u0105za\u0144 chemicznych z powierzchni\u0105. Wysokiej jako\u015bci surowce i pigmenty zapewniaj\u0105 doskona\u0142\u0105 \u015bwiat\u0142oodporno\u015b\u0107 oraz przeciwdzia\u0142aj\u0105 blakni\u0119ciu, \u017c\u00f3\u0142kni\u0119ciu i kredowaniu. \u015aciany w przedpokoju i salonie, w biurze lub w restauracji na d\u0142ugo pozostaj\u0105 promiennie pi\u0119kne. Dzi\u0119ki technologii membran refleksyjnych kolejna inwestycja remontowa wybiega w przysz\u0142o\u015b\u0107 bardziej ni\u017c w przypadku tradycyjnych farb \u015bciennych.<\/p>\n<p><strong> R\u00f3\u017cnorodno\u015b\u0107 kolor\u00f3w dla os\u00f3b kreatywnych<\/strong><br \/>\nFarba do \u015bcian wewn\u0119trznych ThermoPlus nie pozostawia nic do \u017cyczenia, je\u015bli chodzi o kreatywne kszta\u0142towanie kolor\u00f3w, a ponadto jest przyjazna dla \u015brodowiska i zdrowia. Zwykle \u0142atwa aplikacja na prawie wszystkich pod\u0142o\u017cach udaje si\u0119 za pomoc\u0105 p\u0119dzla, wa\u0142ka lub opryskiwacza.<\/p>\n","protected":false},"excerpt":{"rendered":"<p><strong>Idealny klimat pomieszczenia i szeroka gama kolorystyczna<\/strong><br \/>\nOpr\u00f3cz szerokiej gamy kolor\u00f3w, ThermoPlus oferuje w\u0142a\u015bciwo\u015bci, kt\u00f3re reguluj\u0105 klimat wewn\u0105trz pomieszcze\u0144 i poprawiaj\u0105 komfort \u017cycia. Ma to pozytywny wp\u0142yw na temperatur\u0119, wilgotno\u015b\u0107, a nawet akustyk\u0119.<\/p>\n<p>Wszystkie pow\u0142oki i farby ClimateCoating<sup>\u00ae<\/sup> opieraj\u0105 si\u0119 na technologii membran refleksyjnych i maj\u0105 czysto fizyczny efekt. Przyjazne dla \u015brodowiska i wysokowydajne pow\u0142oki przekonuj\u0105 u\u017cytkownik\u00f3w na ca\u0142ym \u015bwiecie od 2003 roku swoimi szczeg\u00f3lnymi w\u0142a\u015bciwo\u015bciami i wysok\u0105 ekonomiczno\u015bci\u0105.<\/p>\n","protected":false},"featured_media":60386,"template":"","meta":[],"product_brand":[],"product_cat":[1155,1146,1273,1157,1267],"product_tag":[],"class_list":{"0":"post-28336","1":"product","2":"type-product","3":"status-publish","4":"has-post-thumbnail","6":"product_cat-budownictwo-i-zycie","7":"product_cat-obszary-zastosowania","8":"product_cat-wewnatrz","9":"product_cat-budynki-uzytecznosci-publicznej","10":"product_cat-hotelarstwo-i-gastronomia","12":"first","13":"instock","14":"taxable","15":"shipping-taxable","16":"purchasable","17":"product-type-variable"},"_links":{"self":[{"href":"https:\/\/www.climatecoating.com\/pl\/wp-json\/wp\/v2\/product\/28336","targetHints":{"allow":["GET"]}}],"collection":[{"href":"https:\/\/www.climatecoating.com\/pl\/wp-json\/wp\/v2\/product"}],"about":[{"href":"https:\/\/www.climatecoating.com\/pl\/wp-json\/wp\/v2\/types\/product"}],"wp:featuredmedia":[{"embeddable":true,"href":"https:\/\/www.climatecoating.com\/pl\/wp-json\/wp\/v2\/media\/60386"}],"wp:attachment":[{"href":"https:\/\/www.climatecoating.com\/pl\/wp-json\/wp\/v2\/media?parent=28336"}],"wp:term":[{"taxonomy":"product_brand","embeddable":true,"href":"https:\/\/www.climatecoating.com\/pl\/wp-json\/wp\/v2\/product_brand?post=28336"},{"taxonomy":"product_cat","embeddable":true,"href":"https:\/\/www.climatecoating.com\/pl\/wp-json\/wp\/v2\/product_cat?post=28336"},{"taxonomy":"product_tag","embeddable":true,"href":"https:\/\/www.climatecoating.com\/pl\/wp-json\/wp\/v2\/product_tag?post=28336"}],"curies":[{"name":"wp","href":"https:\/\/api.w.org\/{rel}","templated":true}]}}