{"id":28344,"date":"2020-08-26T10:09:51","date_gmt":"2020-08-26T08:09:51","guid":{"rendered":"https:\/\/www.climatecoating.com\/produkte\/zincprimer\/"},"modified":"2025-01-30T00:01:12","modified_gmt":"2025-01-29T23:01:12","slug":"zincprimer","status":"publish","type":"product","link":"https:\/\/www.climatecoating.com\/pl\/produkt\/zincprimer\/","title":{"rendered":"ZincPrimer"},"content":{"rendered":"<p>ZincPrimer jest wodnym, bezrozpuszczalnikowym, bezo\u0142owiowym i bezchromianowym promotorem przyczepno\u015bci na bazie \u017cywicy akrylowej do stosowania wewn\u0105trz i na zewn\u0105trz. ZincPrimer jest stosowany jako \u015brodek zwi\u0119kszaj\u0105cy przyczepno\u015b\u0107 do metali nie\u017celaznych, takich jak cynk, stal ocynkowana, stal nierdzewna, stal aluminiowa, aluminium i mied\u017a. Mo\u017ce by\u0107 r\u00f3wnie\u017c stosowany jako podk\u0142ad do lekkiej ochrony antykorozyjnej na powierzchniach \u017celaznych i stalowych.<\/p>\n","protected":false},"excerpt":{"rendered":"<p><strong>Gotowy do u\u017cycia promotor przyczepno\u015bci dla metali nie\u017celaznych<\/strong><\/p>\n<p>Dobre przyleganie wymaga silnego partnera. ZincPrimer jest idealnym uzupe\u0142nieniem dla wszystkich pow\u0142ok ClimateCoating<sup>\u00ae<\/sup> na metalach nie\u017celaznych.<\/p>\n","protected":false},"featured_media":28367,"template":"","meta":[],"product_brand":[],"product_cat":[1146,1155,1261],"product_tag":[],"class_list":{"0":"post-28344","1":"product","2":"type-product","3":"status-publish","4":"has-post-thumbnail","6":"product_cat-obszary-zastosowania","7":"product_cat-budownictwo-i-zycie","8":"product_cat-produkty-dodatkowe","10":"first","11":"instock","12":"taxable","13":"shipping-taxable","14":"purchasable","15":"product-type-variable"},"_links":{"self":[{"href":"https:\/\/www.climatecoating.com\/pl\/wp-json\/wp\/v2\/product\/28344","targetHints":{"allow":["GET"]}}],"collection":[{"href":"https:\/\/www.climatecoating.com\/pl\/wp-json\/wp\/v2\/product"}],"about":[{"href":"https:\/\/www.climatecoating.com\/pl\/wp-json\/wp\/v2\/types\/product"}],"wp:featuredmedia":[{"embeddable":true,"href":"https:\/\/www.climatecoating.com\/pl\/wp-json\/wp\/v2\/media\/28367"}],"wp:attachment":[{"href":"https:\/\/www.climatecoating.com\/pl\/wp-json\/wp\/v2\/media?parent=28344"}],"wp:term":[{"taxonomy":"product_brand","embeddable":true,"href":"https:\/\/www.climatecoating.com\/pl\/wp-json\/wp\/v2\/product_brand?post=28344"},{"taxonomy":"product_cat","embeddable":true,"href":"https:\/\/www.climatecoating.com\/pl\/wp-json\/wp\/v2\/product_cat?post=28344"},{"taxonomy":"product_tag","embeddable":true,"href":"https:\/\/www.climatecoating.com\/pl\/wp-json\/wp\/v2\/product_tag?post=28344"}],"curies":[{"name":"wp","href":"https:\/\/api.w.org\/{rel}","templated":true}]}}