{"id":28552,"date":"2020-08-09T15:35:45","date_gmt":"2020-08-09T13:35:45","guid":{"rendered":"https:\/\/www.climatecoating.com\/produkte\/przemyslspecjalne\/"},"modified":"2024-12-10T17:00:15","modified_gmt":"2024-12-10T16:00:15","slug":"industryspecial","status":"publish","type":"product","link":"https:\/\/www.climatecoating.com\/pl\/produkt\/industryspecial\/","title":{"rendered":"IndustrySpecial"},"content":{"rendered":"<p><strong>Wszechstronny zawodnik<\/strong><br \/>\nSzeroki zakres zastosowa\u0144 IndustrySpecial zaczyna si\u0119 od prostego pokrycia zbiornika silosu w celu stabilizacji temperatury, a ko\u0144czy na ochronie przed wilgoci\u0105 i kondensacj\u0105, antyelektrostatyce i ekranowaniu, izolacji cieplnej i d\u017awi\u0119kowej, powi\u0119kszaniu powierzchni i odbijaniu \u015bwiat\u0142a. IndustrySpecial to prawdziwy multitalent!<\/p>\n<p><strong>Wyj\u0105tkowo rozci\u0105gliwy<\/strong><br \/>\nPow\u0142oka IndustrySpecial jest odporna na du\u017ce obci\u0105\u017cenia mechaniczne. Metalowa perforowana ta\u015bma o szeroko\u015bci 17 mm na jednym ze zdj\u0119\u0107 po lewej stronie mo\u017ce by\u0107 wielokrotnie zginana, a nawet skr\u0119cana. Pow\u0142oka nie wykazuje p\u0119kni\u0119\u0107. IndustrySpecial jest wyj\u0105tkowo plastyczny, mo\u017ce \u0142\u0105czy\u0107 r\u00f3\u017cne materia\u0142y i trwale ukrywa\u0107 najdrobniejsze p\u0119kni\u0119cia.<\/p>\n<p><strong>Typowy zakres zastosowa\u0144 od -40\u00b0C do +150\u00b0C<\/strong><\/p>\n<p>Odporno\u015b\u0107 IndustrySpecial na wysokie temperatury oraz jego odporno\u015b\u0107 na agresywne wp\u0142ywy \u015brodowiska s\u0105 doceniane przez naszych klient\u00f3w na ca\u0142ym \u015bwiecie. Do tej pory pokryte:<\/p>\n<ul>\n<li>Zbiorniki, silosy, du\u017ce pojemniki<\/li>\n<li>Rury, pr\u0119ty<\/li>\n<li>Pojemniki, skrzynki metalowe<\/li>\n<li>Ok\u0142adziny hal<\/li>\n<li>Marquee<\/li>\n<li>elastyczne powierzchnie z tworzyw sztucznych<\/li>\n<\/ul>\n<p>Chcesz rozwi\u0105za\u0107 bardzo konkretny problem za pomoc\u0105 pow\u0142oki?<br \/>\nZ przyjemno\u015bci\u0105 znajdziemy razem z Pa\u0144stwem <a href=\"https:\/\/www.climatecoating.com\/pl\/obszary-zastosowania\/przemysl-i-rozwiazania-specjalne\/\">SpecialSolution<\/a>.<\/p>\n","protected":false},"excerpt":{"rendered":"<p><strong>Wszechstronna pow\u0142oka w przemy\u015ble<\/strong><\/p>\n<p>IndustrySpecial jest odporn\u0105 pow\u0142ok\u0105 ochronn\u0105 o odporno\u015bci na temperatury od -40\u00b0C do +150\u00b0C.<\/p>\n<p>Wszystkie pow\u0142oki i kolory ClimateCoating\u00a9 oparte s\u0105 na technologii membran refleksyjnych i maj\u0105 czysto fizyczny efekt. Przyjazne dla \u015brodowiska i wysokowydajne pow\u0142oki przekonuj\u0105 u\u017cytkownik\u00f3w na ca\u0142ym \u015bwiecie od 2003 roku swoimi szczeg\u00f3lnymi w\u0142a\u015bciwo\u015bciami i wysok\u0105 ekonomiczno\u015bci\u0105.<\/p>\n","protected":false},"featured_media":28593,"template":"","meta":[],"product_brand":[],"product_cat":[1146,1155,1297,1298,1302,1299,1300,1301],"product_tag":[],"class_list":{"0":"post-28552","1":"product","2":"type-product","3":"status-publish","4":"has-post-thumbnail","6":"product_cat-obszary-zastosowania","7":"product_cat-budownictwo-i-zycie","8":"product_cat-przemysl-spozywczy","9":"product_cat-przemysl-wytworczy","10":"product_cat-zastosowania-przemyslowe","11":"product_cat-transport-i-ruch-drogowy","12":"product_cat-rolnictwo-i-hodowla-zwierzat","13":"product_cat-konstrukcje-techniczne","15":"first","16":"instock","17":"taxable","18":"shipping-taxable","19":"product-type-variable"},"_links":{"self":[{"href":"https:\/\/www.climatecoating.com\/pl\/wp-json\/wp\/v2\/product\/28552","targetHints":{"allow":["GET"]}}],"collection":[{"href":"https:\/\/www.climatecoating.com\/pl\/wp-json\/wp\/v2\/product"}],"about":[{"href":"https:\/\/www.climatecoating.com\/pl\/wp-json\/wp\/v2\/types\/product"}],"wp:featuredmedia":[{"embeddable":true,"href":"https:\/\/www.climatecoating.com\/pl\/wp-json\/wp\/v2\/media\/28593"}],"wp:attachment":[{"href":"https:\/\/www.climatecoating.com\/pl\/wp-json\/wp\/v2\/media?parent=28552"}],"wp:term":[{"taxonomy":"product_brand","embeddable":true,"href":"https:\/\/www.climatecoating.com\/pl\/wp-json\/wp\/v2\/product_brand?post=28552"},{"taxonomy":"product_cat","embeddable":true,"href":"https:\/\/www.climatecoating.com\/pl\/wp-json\/wp\/v2\/product_cat?post=28552"},{"taxonomy":"product_tag","embeddable":true,"href":"https:\/\/www.climatecoating.com\/pl\/wp-json\/wp\/v2\/product_tag?post=28552"}],"curies":[{"name":"wp","href":"https:\/\/api.w.org\/{rel}","templated":true}]}}