{"id":28782,"date":"2020-07-22T22:57:30","date_gmt":"2020-07-22T20:57:30","guid":{"rendered":"https:\/\/www.climatecoating.com\/produkte\/stuccoprimer\/"},"modified":"2026-03-24T10:34:00","modified_gmt":"2026-03-24T09:34:00","slug":"stuccoprimer","status":"publish","type":"product","link":"https:\/\/www.climatecoating.com\/pl\/produkt\/stuccoprimer\/","title":{"rendered":"StuccoPrimer"},"content":{"rendered":"<p><strong>Nadaje si\u0119 do metra!<\/strong><br \/>\nStuccoPrimer zmniejsza ch\u0142onno\u015b\u0107 pod\u0142o\u017ca i umo\u017cliwia przyleganie StuccoTex do prawie wszystkich pod\u0142o\u017cy. Aplikacja jest bardzo prosta: nak\u0142ada si\u0119 j\u0105 zwyk\u0142ym p\u0119dzlem, szczotk\u0105 malarsk\u0105 lub wa\u0142kiem malarskim. Gruntuj\u0105cy promotor przyczepno\u015bci jest gotowy do u\u017cycia.<\/p>\n","protected":false},"excerpt":{"rendered":"<p><strong>Gotowy do u\u017cycia promotor przyczepno\u015bci dla StuccoTex<\/strong><\/p>\n<p>StuccoPrimer przygotowuje pod\u0142o\u017ce do aplikacji StuccoTex. \u015arodek zwi\u0119kszaj\u0105cy przyczepno\u015b\u0107 jest \u015brodkiem gruntuj\u0105cym dla prawie wszystkich pod\u0142o\u017cy, takich jak stare i nowe tynki. Bazuje ona na technologii membrany refleksyjnej, jest zmiennie otwarta dyfuzyjnie i tym samym stanowi idealnego &#8220;gracza&#8221; w systemie tynk\u00f3w StuccoTex.<\/p>\n","protected":false},"featured_media":28785,"template":"","meta":[],"product_brand":[],"product_cat":[4335,1156,1146,1155,1273,1157],"product_tag":[],"class_list":{"0":"post-28782","1":"product","2":"type-product","3":"status-publish","4":"has-post-thumbnail","6":"product_cat-tynki-zewnetrzne-wewnetrzne","7":"product_cat-na-zewnatrz","8":"product_cat-obszary-zastosowania","9":"product_cat-budownictwo-i-zycie","10":"product_cat-wewnatrz","11":"product_cat-budynki-uzytecznosci-publicznej","13":"first","14":"instock","15":"taxable","16":"shipping-taxable","17":"purchasable","18":"product-type-variable"},"_links":{"self":[{"href":"https:\/\/www.climatecoating.com\/pl\/wp-json\/wp\/v2\/product\/28782","targetHints":{"allow":["GET"]}}],"collection":[{"href":"https:\/\/www.climatecoating.com\/pl\/wp-json\/wp\/v2\/product"}],"about":[{"href":"https:\/\/www.climatecoating.com\/pl\/wp-json\/wp\/v2\/types\/product"}],"wp:featuredmedia":[{"embeddable":true,"href":"https:\/\/www.climatecoating.com\/pl\/wp-json\/wp\/v2\/media\/28785"}],"wp:attachment":[{"href":"https:\/\/www.climatecoating.com\/pl\/wp-json\/wp\/v2\/media?parent=28782"}],"wp:term":[{"taxonomy":"product_brand","embeddable":true,"href":"https:\/\/www.climatecoating.com\/pl\/wp-json\/wp\/v2\/product_brand?post=28782"},{"taxonomy":"product_cat","embeddable":true,"href":"https:\/\/www.climatecoating.com\/pl\/wp-json\/wp\/v2\/product_cat?post=28782"},{"taxonomy":"product_tag","embeddable":true,"href":"https:\/\/www.climatecoating.com\/pl\/wp-json\/wp\/v2\/product_tag?post=28782"}],"curies":[{"name":"wp","href":"https:\/\/api.w.org\/{rel}","templated":true}]}}