{"id":28783,"date":"2020-07-22T22:51:20","date_gmt":"2020-07-22T20:51:20","guid":{"rendered":"https:\/\/www.climatecoating.com\/produkte\/stuccotex-280\/"},"modified":"2026-03-24T10:20:50","modified_gmt":"2026-03-24T09:20:50","slug":"stuccotex-280","status":"publish","type":"product","link":"https:\/\/www.climatecoating.com\/pl\/produkt\/stuccotex-280\/","title":{"rendered":"StuccoTex 280"},"content":{"rendered":"<p>Lekki, szybki w nak\u0142adaniu i wyj\u0105tkowo odporny na warunki atmosferyczne &#8211; taki w\u0142a\u015bnie powinien by\u0107 tynk pod wzgl\u0119dem obr\u00f3bki i w\u0142a\u015bciwo\u015bci. StuccoTex 280 potrafi jeszcze wi\u0119cej, poniewa\u017c jest wysoce elastyczny i redukuje napr\u0119\u017cenia termiczne, dzi\u0119ki czemu mo\u017ce by\u0107 stosowany r\u00f3wnie\u017c na wymagaj\u0105cych pod\u0142o\u017cach, takich jak drewno. Jest to mo\u017cliwe dzi\u0119ki innowacyjnej technologii produktu.<\/p>\n<ul>\n<li>0,85 kg\/dm\u00b3 lekki<\/li>\n<li>wysoce elastyczny<\/li>\n<li>ok. 2,0 do 2,8 mm grubo\u015bci ziarna<\/li>\n<\/ul>\n<p><strong>Struktura i kolor<\/strong><br \/>\nTynk jest gruboziarnisty i tworzy dekoracyjn\u0105 powierzchni\u0119 o jednorodnej strukturze.<br \/>\nMasz pomi\u0119dzy klasyczn\u0105 biel\u0105 a bardzo pi\u0119knymi, nowoczesnymi pastelowymi odcieniami. Dzi\u0119ki pow\u0142oce elewacyjnej ThermoProtect mo\u017cna w prosty spos\u00f3b wprowadzi\u0107 mocne akcenty kolorystyczne. Ta farba fasadowa zachowuje wszystkie w\u0142a\u015bciwo\u015bci StuccoTex 280. Warto\u015bci referencyjne jasno\u015bci nie musz\u0105 by\u0107 przestrzegane.<\/p>\n<p><strong>\u0141atwy w u\u017cyciu<\/strong><br \/>\nTo grube ziarno jest natryskiwane pod ci\u015bnieniem 3,5 bara i nie wymaga p\u00f3\u017aniejszego wyg\u0142adzania. Alternatywnie mo\u017cna j\u0105 nak\u0142ada\u0107 pac\u0105 ze stali nierdzewnej, wyg\u0142adzi\u0107 do grubo\u015bci ziarna i wyg\u0142adzi\u0107. StuccoTex 280 nie jest pocierany!<br \/>\nStuccoTex jest gotowy do u\u017cycia i mo\u017ce by\u0107 dostosowany za pomoc\u0105 wody do po\u017c\u0105danej lepko\u015bci obr\u00f3bki.<\/p>\n","protected":false},"excerpt":{"rendered":"<p><strong> Najwy\u017cszej jako\u015bci lekki tynk strukturalny, redukuj\u0105cy napr\u0119\u017cenia termiczne <\/strong><\/p>\n<p>Przy 0,85 kg\/dm\u00b3 suchej masy tynk strukturalny StuccoTex 280 jest tak lekki, \u017ce nie wp\u0142ywa na warunki statyczne elewacji. Napr\u0119\u017cenia termiczne s\u0105 zredukowane, poniewa\u017c StuccoTex 280 jest bardzo elastyczny. Oznacza to, \u017ce mo\u017ce by\u0107 stosowany r\u00f3wnie\u017c na wymagaj\u0105cych pod\u0142o\u017cach, takich jak drewno. Ten lekki tynk mo\u017cna praktycznie wygi\u0105\u0107!<\/p>\n<p>Wszystkie pow\u0142oki i farby ClimateCoating<sup>\u00ae<\/sup> opieraj\u0105 si\u0119 na technologii membran refleksyjnych i maj\u0105 czysto fizyczny efekt. Przyjazne dla \u015brodowiska i wysokowydajne pow\u0142oki przekonuj\u0105 u\u017cytkownik\u00f3w na ca\u0142ym \u015bwiecie od 2003 roku swoimi szczeg\u00f3lnymi w\u0142a\u015bciwo\u015bciami i wysok\u0105 ekonomiczno\u015bci\u0105.<\/p>\n","protected":false},"featured_media":28794,"template":"","meta":[],"product_brand":[],"product_cat":[4335,1146,1155,1156,1273,1157],"product_tag":[],"class_list":{"0":"post-28783","1":"product","2":"type-product","3":"status-publish","4":"has-post-thumbnail","6":"product_cat-tynki-zewnetrzne-wewnetrzne","7":"product_cat-obszary-zastosowania","8":"product_cat-budownictwo-i-zycie","9":"product_cat-na-zewnatrz","10":"product_cat-wewnatrz","11":"product_cat-budynki-uzytecznosci-publicznej","13":"first","14":"instock","15":"taxable","16":"shipping-taxable","17":"purchasable","18":"product-type-variable"},"_links":{"self":[{"href":"https:\/\/www.climatecoating.com\/pl\/wp-json\/wp\/v2\/product\/28783","targetHints":{"allow":["GET"]}}],"collection":[{"href":"https:\/\/www.climatecoating.com\/pl\/wp-json\/wp\/v2\/product"}],"about":[{"href":"https:\/\/www.climatecoating.com\/pl\/wp-json\/wp\/v2\/types\/product"}],"wp:featuredmedia":[{"embeddable":true,"href":"https:\/\/www.climatecoating.com\/pl\/wp-json\/wp\/v2\/media\/28794"}],"wp:attachment":[{"href":"https:\/\/www.climatecoating.com\/pl\/wp-json\/wp\/v2\/media?parent=28783"}],"wp:term":[{"taxonomy":"product_brand","embeddable":true,"href":"https:\/\/www.climatecoating.com\/pl\/wp-json\/wp\/v2\/product_brand?post=28783"},{"taxonomy":"product_cat","embeddable":true,"href":"https:\/\/www.climatecoating.com\/pl\/wp-json\/wp\/v2\/product_cat?post=28783"},{"taxonomy":"product_tag","embeddable":true,"href":"https:\/\/www.climatecoating.com\/pl\/wp-json\/wp\/v2\/product_tag?post=28783"}],"curies":[{"name":"wp","href":"https:\/\/api.w.org\/{rel}","templated":true}]}}