{"id":28871,"date":"2020-08-26T09:46:31","date_gmt":"2020-08-26T07:46:31","guid":{"rendered":"https:\/\/www.climatecoating.com\/produkte\/lumen-2\/"},"modified":"2025-10-29T20:40:42","modified_gmt":"2025-10-29T19:40:42","slug":"lumen","status":"publish","type":"product","link":"https:\/\/www.climatecoating.com\/pl\/produkt\/lumen\/","title":{"rendered":"Lumen"},"content":{"rendered":"<p><strong>Wzmacniacz \u015bwiat\u0142a do wn\u0119trz<\/strong><br \/>\nNiezale\u017cne badania wykaza\u0142y, \u017ce rzeczywista zmierzona warto\u015b\u0107 wsp\u00f3\u0142czynnika odbicia rozproszonego w lumenach dla ka\u017cdego klosza jest znacznie wy\u017csza ni\u017c standardowe warto\u015bci stosowane w profesjonalnych programach do obliczania o\u015bwietlenia, takich jak Dialux. Miliony male\u0144kich szklano-ceramicznych pustych w \u015brodku kuleczek poprawiaj\u0105 warto\u015b\u0107 odbicia rozproszonego, np. o 6 % dla koloru bia\u0142ego i a\u017c do 420 % dla koloru czarnego.<br \/>\nArchitekci i projektanci mog\u0105 teraz tak\u017ce bardziej kreatywnie wykorzystywa\u0107 ciemne odcienie i niuanse. Lumen dos\u0142ownie dodaje \u015bwiat\u0142o i kolor do wsp\u00f3\u0142czesnych wn\u0119trz.<\/p>\n<p>Farba \u015bcienna \u0142\u0105czy w sobie maksymaln\u0105 funkcjonalno\u015b\u0107, innowacyjno\u015b\u0107 oraz r\u00f3\u017cnorodno\u015b\u0107 kolor\u00f3w i znajduje zastosowanie wsz\u0119dzie tam, gdzie<strong> wymagana jest szczeg\u00f3lnie dobra wydajno\u015b\u0107 \u015bwietlna:<\/strong> w biurach, szko\u0142ach, o\u015brodkach opieki, studiach, a tak\u017ce w warsztatach i muzeach. Oczywi\u015bcie r\u00f3wnie\u017c w domu.<\/p>\n","protected":false},"excerpt":{"rendered":"<p><strong>Doskona\u0142e odbicie \u015bwiat\u0142a<\/strong><br \/>\nLumen to wzmacniacz \u015bwiat\u0142a do zastosowa\u0144 wewn\u0119trznych. Wysoce efektywna pow\u0142oka zapewnia lepszy balans jasno\u015bci i silniejszy strumie\u0144 \u015bwiat\u0142a w pomieszczeniach, nawet w ciemnych odcieniach. Lumen pozytywnie wp\u0142ywa na akustyk\u0119.<\/p>\n<p>Wszystkie pow\u0142oki i farby ClimateCoating<sup>\u00ae<\/sup> opieraj\u0105 si\u0119 na technologii membran refleksyjnych i maj\u0105 czysto fizyczny efekt. Przyjazne dla \u015brodowiska i wysokowydajne pow\u0142oki przekonuj\u0105 u\u017cytkownik\u00f3w na ca\u0142ym \u015bwiecie od 2003 roku swoimi szczeg\u00f3lnymi w\u0142a\u015bciwo\u015bciami i wysok\u0105 ekonomiczno\u015bci\u0105.<\/p>\n","protected":false},"featured_media":28876,"template":"","meta":[],"product_brand":[],"product_cat":[1146,1155,1273,1157,1267],"product_tag":[],"class_list":{"0":"post-28871","1":"product","2":"type-product","3":"status-publish","4":"has-post-thumbnail","6":"product_cat-obszary-zastosowania","7":"product_cat-budownictwo-i-zycie","8":"product_cat-wewnatrz","9":"product_cat-budynki-uzytecznosci-publicznej","10":"product_cat-hotelarstwo-i-gastronomia","12":"first","13":"instock","14":"taxable","15":"shipping-taxable","16":"purchasable","17":"product-type-variable"},"_links":{"self":[{"href":"https:\/\/www.climatecoating.com\/pl\/wp-json\/wp\/v2\/product\/28871","targetHints":{"allow":["GET"]}}],"collection":[{"href":"https:\/\/www.climatecoating.com\/pl\/wp-json\/wp\/v2\/product"}],"about":[{"href":"https:\/\/www.climatecoating.com\/pl\/wp-json\/wp\/v2\/types\/product"}],"wp:featuredmedia":[{"embeddable":true,"href":"https:\/\/www.climatecoating.com\/pl\/wp-json\/wp\/v2\/media\/28876"}],"wp:attachment":[{"href":"https:\/\/www.climatecoating.com\/pl\/wp-json\/wp\/v2\/media?parent=28871"}],"wp:term":[{"taxonomy":"product_brand","embeddable":true,"href":"https:\/\/www.climatecoating.com\/pl\/wp-json\/wp\/v2\/product_brand?post=28871"},{"taxonomy":"product_cat","embeddable":true,"href":"https:\/\/www.climatecoating.com\/pl\/wp-json\/wp\/v2\/product_cat?post=28871"},{"taxonomy":"product_tag","embeddable":true,"href":"https:\/\/www.climatecoating.com\/pl\/wp-json\/wp\/v2\/product_tag?post=28871"}],"curies":[{"name":"wp","href":"https:\/\/api.w.org\/{rel}","templated":true}]}}