{"id":29040,"date":"2020-07-22T23:13:11","date_gmt":"2020-07-22T21:13:11","guid":{"rendered":"https:\/\/www.climatecoating.com\/produkte\/natureglaze\/"},"modified":"2024-12-10T17:00:23","modified_gmt":"2024-12-10T16:00:23","slug":"natureglaze","status":"publish","type":"product","link":"https:\/\/www.climatecoating.com\/pl\/produkt\/natureglaze\/","title":{"rendered":"NatureGlaze"},"content":{"rendered":"<p><strong>Zaawansowana technologicznie pow\u0142oka, kt\u00f3ra spe\u0142nia swoj\u0105 obietnic\u0119<\/strong><br \/>\nDzi\u0119ki ClimateCoating<sup>\u00ae<\/sup> NatureGlaze elementy drewniane s\u0105 chronione i pozostaj\u0105 pi\u0119kne przez wyj\u0105tkowo d\u0142ugi czas. Wsp\u00f3\u0142dzia\u0142anie przyczepno\u015bci, elastyczno\u015bci i ekstremalnej odporno\u015bci, w po\u0142\u0105czeniu z redukcj\u0105 p\u0119cznienia i kurczenia si\u0119, w idealny spos\u00f3b op\u00f3\u017ania proces starzenia si\u0119 drewna. Nie \u0142uszczy si\u0119 farba, nie blaknie. Obiecuj\u0119.<\/p>\n<p><strong>Obszary zastosowania<\/strong><br \/>\nNatureGlaze jest przeznaczony do element\u00f3w drewnianych o ograniczonej stabilno\u015bci wymiarowej (deski pi\u00f3ro-wpust, kratownice, okiennice i bramy) oraz do element\u00f3w drewnianych o innej stabilno\u015bci wymiarowej (parapety balkonowe, gonty, pergole i p\u0142oty).<\/p>\n<p>Podczas gdy gruba pow\u0142oka NatureGlaze oferuje \u0142atwe do opanowania spektrum kolor\u00f3w, kryj\u0105ca pow\u0142oka Nature jest dost\u0119pna w wielu odcieniach kolorystycznych. Gotowy do u\u017cycia podk\u0142ad NaturePrimer uzupe\u0142nia zestaw produkt\u00f3w.<\/p>\n","protected":false},"excerpt":{"rendered":"<p><strong>Impregnat do drewna barwiony i odporny na warunki atmosferyczne &#8211; glazura<\/strong><\/p>\n<p>NatureGlaze jest glazurnicz\u0105 pow\u0142ok\u0105 high-tech dla wszystkich ograniczonych wymiarowo, stabilnych i<br \/>\nniewymiarowo stabilne elementy drewniane w obszarach zewn\u0119trznych, na przyk\u0142ad deski z pi\u00f3rem i wpustem, p\u00f3\u0142drewno, okiennice, bramy i niewymiarowo stabilne elementy drewniane, takie jak parapety balkonowe, pergole i ogrodzenia. Wysoka odporno\u015b\u0107 na warunki atmosferyczne<\/p>\n","protected":false},"featured_media":29035,"template":"","meta":[],"product_brand":[],"product_cat":[1146,1201],"product_tag":[],"class_list":{"0":"post-29040","1":"product","2":"type-product","3":"status-publish","4":"has-post-thumbnail","6":"product_cat-obszary-zastosowania","7":"product_cat-konserwacja-drewna","9":"first","10":"instock","11":"taxable","12":"shipping-taxable","13":"product-type-variable"},"_links":{"self":[{"href":"https:\/\/www.climatecoating.com\/pl\/wp-json\/wp\/v2\/product\/29040","targetHints":{"allow":["GET"]}}],"collection":[{"href":"https:\/\/www.climatecoating.com\/pl\/wp-json\/wp\/v2\/product"}],"about":[{"href":"https:\/\/www.climatecoating.com\/pl\/wp-json\/wp\/v2\/types\/product"}],"wp:featuredmedia":[{"embeddable":true,"href":"https:\/\/www.climatecoating.com\/pl\/wp-json\/wp\/v2\/media\/29035"}],"wp:attachment":[{"href":"https:\/\/www.climatecoating.com\/pl\/wp-json\/wp\/v2\/media?parent=29040"}],"wp:term":[{"taxonomy":"product_brand","embeddable":true,"href":"https:\/\/www.climatecoating.com\/pl\/wp-json\/wp\/v2\/product_brand?post=29040"},{"taxonomy":"product_cat","embeddable":true,"href":"https:\/\/www.climatecoating.com\/pl\/wp-json\/wp\/v2\/product_cat?post=29040"},{"taxonomy":"product_tag","embeddable":true,"href":"https:\/\/www.climatecoating.com\/pl\/wp-json\/wp\/v2\/product_tag?post=29040"}],"curies":[{"name":"wp","href":"https:\/\/api.w.org\/{rel}","templated":true}]}}