{"id":29185,"date":"2020-08-09T14:37:27","date_gmt":"2020-08-09T12:37:27","guid":{"rendered":"https:\/\/www.climatecoating.com\/produkte\/bezpieczna-powloka-pu\/"},"modified":"2024-12-10T17:00:19","modified_gmt":"2024-12-10T16:00:19","slug":"pu-safe-coating","status":"publish","type":"product","link":"https:\/\/www.climatecoating.com\/pl\/produkt\/pu-safe-coating\/","title":{"rendered":"PU Safe Coating"},"content":{"rendered":"<p>Ta metoda uszczelniania okien i drzwi podczas monta\u017cu jest prostsza i bardziej ekonomiczna ni\u017c konwencjonalne metody z u\u017cyciem ta\u015bmy Compriband, ta\u015bmy uszczelniaj\u0105cej czy folii. Dzi\u0119ki nowej metodzie okno pozostaje szczelne na ca\u0142ym obwodzie, zar\u00f3wno przy zimnej, jak i ciep\u0142ej pogodzie, w ulewnym deszczu, jak i przy d\u0142ugich okresach suszy.<\/p>\n<p>Zmienna otwarto\u015b\u0107 dyfuzyjna pow\u0142oki PU Safe Coating umo\u017cliwia stosowanie jej zar\u00f3wno wewn\u0105trz, jak i na zewn\u0105trz budynk\u00f3w. Pow\u0142oka PU Safe Coating tworzy elastyczn\u0105 membran\u0119. Dobr\u0105 stron\u0105 tego rozwi\u0105zania jest to, \u017ce paroszczelno\u015b\u0107 membranotw\u00f3rczej pow\u0142oki uszczelniaj\u0105cej jest zmienna. Dostosowuje si\u0119 do warunk\u00f3w otoczenia w taki spos\u00f3b, \u017ce blokuje lub przepuszcza powietrze &#8211; w zale\u017cno\u015bci od gradientu ci\u015bnienia pary.<\/p>\n<p>Pow\u0142oka PU Safe Coating dobrze przylega do wszystkich konwencjonalnych materia\u0142\u00f3w i wystarczy j\u0105 nanie\u015b\u0107 p\u0119dzlem &#8211; najlepiej dwukrotnie, aby w\u0142a\u015bciwo\u015bci produktu mog\u0142y by\u0107 optymalnie wykorzystane. Dyspersja powinna obejmowa\u0107 zar\u00f3wno warstw\u0119 izolacji termicznej (pianka monta\u017cowa PU), jak i wszystkie po\u0142\u0105czenia oraz minimalnie powierzchnie styku wok\u00f3\u0142 ramy okna lub drzwi.<\/p>\n<p>Pow\u0142oka PU Safe stosowana w po\u0142\u0105czeniu z farb\u0105 do \u015bcian wewn\u0119trznych ThermoPlus lub farb\u0105 elewacyjn\u0105 ThermoProtect minimalizuje lub zapobiega powstawaniu mostk\u00f3w termicznych! Aby uzyska\u0107 wi\u0119cej informacji, prosimy o kontakt z naszymi do\u015bwiadczonymi konsultantami ds. aplikacji.<\/p>\n","protected":false},"excerpt":{"rendered":"<p><strong>Skuteczna pow\u0142oka ochronna dla pianki PU<\/strong><\/p>\n<p>PU Safe Coating jest pow\u0142ok\u0105 uszczelniaj\u0105c\u0105 do stosowania na piance poliuretanowej jako pow\u0142oka ochronna przy monta\u017cu okien i drzwi. W prosty i szybki spos\u00f3b tworzy wodoszczeln\u0105, elastyczn\u0105 i ochronn\u0105 membran\u0119 dok\u0142adnie tam, gdzie stykaj\u0105 si\u0119 r\u00f3\u017cne materia\u0142y.<\/p>\n<p>PU Safe Coating jest innowacyjny, przyjazny dla \u015brodowiska, skuteczny i wydajny.<\/p>\n","protected":false},"featured_media":29196,"template":"","meta":[],"product_brand":[],"product_cat":[1146,1155,1400,1157,1401,1267],"product_tag":[],"class_list":{"0":"post-29185","1":"product","2":"type-product","3":"status-publish","4":"has-post-thumbnail","6":"product_cat-obszary-zastosowania","7":"product_cat-budownictwo-i-zycie","8":"product_cat-zastosowania-zewnetrzne","9":"product_cat-budynki-uzytecznosci-publicznej","10":"product_cat-uszczelnianie-okien","11":"product_cat-hotelarstwo-i-gastronomia","13":"first","14":"instock","15":"taxable","16":"shipping-taxable","17":"purchasable","18":"product-type-variable"},"_links":{"self":[{"href":"https:\/\/www.climatecoating.com\/pl\/wp-json\/wp\/v2\/product\/29185","targetHints":{"allow":["GET"]}}],"collection":[{"href":"https:\/\/www.climatecoating.com\/pl\/wp-json\/wp\/v2\/product"}],"about":[{"href":"https:\/\/www.climatecoating.com\/pl\/wp-json\/wp\/v2\/types\/product"}],"wp:featuredmedia":[{"embeddable":true,"href":"https:\/\/www.climatecoating.com\/pl\/wp-json\/wp\/v2\/media\/29196"}],"wp:attachment":[{"href":"https:\/\/www.climatecoating.com\/pl\/wp-json\/wp\/v2\/media?parent=29185"}],"wp:term":[{"taxonomy":"product_brand","embeddable":true,"href":"https:\/\/www.climatecoating.com\/pl\/wp-json\/wp\/v2\/product_brand?post=29185"},{"taxonomy":"product_cat","embeddable":true,"href":"https:\/\/www.climatecoating.com\/pl\/wp-json\/wp\/v2\/product_cat?post=29185"},{"taxonomy":"product_tag","embeddable":true,"href":"https:\/\/www.climatecoating.com\/pl\/wp-json\/wp\/v2\/product_tag?post=29185"}],"curies":[{"name":"wp","href":"https:\/\/api.w.org\/{rel}","templated":true}]}}