{"id":29192,"date":"2020-08-09T15:05:04","date_gmt":"2020-08-09T13:05:04","guid":{"rendered":"https:\/\/www.climatecoating.com\/produkte\/bezpieczny-wypelniacz-pu\/"},"modified":"2024-12-10T17:00:17","modified_gmt":"2024-12-10T16:00:17","slug":"pu-safe-filler","status":"publish","type":"product","link":"https:\/\/www.climatecoating.com\/pl\/produkt\/pu-safe-filler\/","title":{"rendered":"PU Safe Filler"},"content":{"rendered":"<p>Zmienna otwarto\u015b\u0107 dyfuzyjna PU Safe Filler umo\u017cliwia jego zastosowanie zar\u00f3wno wewn\u0105trz, jak i na zewn\u0105trz budynk\u00f3w. PU Safe Filler wysycha jako plasto-elastyczny, wodoodporny, chemicznie neutralny i bezwonny. Wysoka elastyczno\u015b\u0107 wype\u0142niacza jest szczeg\u00f3lnie wa\u017cna w przypadku ruch\u00f3w termicznych i strukturalnych element\u00f3w, poniewa\u017c zapewnia nieprzerwan\u0105 powierzchni\u0119 uszczelniaj\u0105c\u0105. PU Safe Filler dobrze przylega do wszystkich konwencjonalnych materia\u0142\u00f3w budowlanych, takich jak PCV i aluminium pokryte farb\u0105 lub kolorow\u0105 foli\u0105 z tworzywa sztucznego. Klasycznie uszczelniacz stosowany jest przy monta\u017cu drzwi i okien przy pracy z piank\u0105 poliuretanow\u0105.<\/p>\n","protected":false},"excerpt":{"rendered":"<p><strong>Masa uszczelniaj\u0105ca do pianki PU<\/strong><\/p>\n<p>PU Safe Filler jest uszczelniaczem lub wype\u0142niaczem do stosowania na piance poliuretanowej. Wype\u0142niacz zamyka pory w piance PU i tworzy jednorodn\u0105 powierzchni\u0119 do dalszej obr\u00f3bki za pomoc\u0105 PU Safe Coating.<\/p>\n","protected":false},"featured_media":29206,"template":"","meta":[],"product_brand":[],"product_cat":[1146,1400,1155,1405,1157,1401,1267],"product_tag":[],"class_list":{"0":"post-29192","1":"product","2":"type-product","3":"status-publish","4":"has-post-thumbnail","6":"product_cat-obszary-zastosowania","7":"product_cat-zastosowania-zewnetrzne","8":"product_cat-budownictwo-i-zycie","9":"product_cat-produkty","10":"product_cat-budynki-uzytecznosci-publicznej","11":"product_cat-uszczelnianie-okien","12":"product_cat-hotelarstwo-i-gastronomia","14":"first","15":"instock","16":"taxable","17":"shipping-taxable","18":"purchasable","19":"product-type-simple"},"_links":{"self":[{"href":"https:\/\/www.climatecoating.com\/pl\/wp-json\/wp\/v2\/product\/29192","targetHints":{"allow":["GET"]}}],"collection":[{"href":"https:\/\/www.climatecoating.com\/pl\/wp-json\/wp\/v2\/product"}],"about":[{"href":"https:\/\/www.climatecoating.com\/pl\/wp-json\/wp\/v2\/types\/product"}],"wp:featuredmedia":[{"embeddable":true,"href":"https:\/\/www.climatecoating.com\/pl\/wp-json\/wp\/v2\/media\/29206"}],"wp:attachment":[{"href":"https:\/\/www.climatecoating.com\/pl\/wp-json\/wp\/v2\/media?parent=29192"}],"wp:term":[{"taxonomy":"product_brand","embeddable":true,"href":"https:\/\/www.climatecoating.com\/pl\/wp-json\/wp\/v2\/product_brand?post=29192"},{"taxonomy":"product_cat","embeddable":true,"href":"https:\/\/www.climatecoating.com\/pl\/wp-json\/wp\/v2\/product_cat?post=29192"},{"taxonomy":"product_tag","embeddable":true,"href":"https:\/\/www.climatecoating.com\/pl\/wp-json\/wp\/v2\/product_tag?post=29192"}],"curies":[{"name":"wp","href":"https:\/\/api.w.org\/{rel}","templated":true}]}}