{"id":29195,"date":"2020-08-09T15:35:45","date_gmt":"2020-08-09T13:35:45","guid":{"rendered":"https:\/\/www.climatecoating.com\/produkte\/thermoactive\/"},"modified":"2025-10-29T19:31:22","modified_gmt":"2025-10-29T18:31:22","slug":"thermoactive","status":"publish","type":"product","link":"https:\/\/www.climatecoating.com\/pl\/produkt\/thermoactive\/","title":{"rendered":"ThermoActive"},"content":{"rendered":"<p>Innowacyjna receptura i wysokiej jako\u015bci surowce sprawiaj\u0105, \u017ce po na\u0142o\u017ceniu pow\u0142oki powstaje elastyczna i refleksyjna membrana o doskona\u0142ych w\u0142a\u015bciwo\u015bciach:<\/p>\n<ul>\n<li>bardzo wysoki wsp\u00f3\u0142czynnik odbicia \u015bwiat\u0142a s\u0142onecznego<\/li>\n<li>d\u0142ugotrwa\u0142a odporno\u015b\u0107 materia\u0142u<\/li>\n<li>ponadprzeci\u0119tna elastyczno\u015b\u0107 i wytrzyma\u0142o\u015b\u0107<\/li>\n<li>Wodoszczelno\u015b\u0107\/odporno\u015b\u0107 na deszcz<\/li>\n<li>Odporno\u015b\u0107 na temperatur\u0119 od -40 do + 150\u00b0C<\/li>\n<\/ul>\n<p><strong>Wysokie warto\u015bci odbicia &#8211; prawie jak \u015bnieg<\/strong><br \/>\nPow\u0142oka dachowa ThermoActive jest w stanie odbija\u0107 ponad 91% \u015bwiat\u0142a s\u0142onecznego. Jest to sprawdzony szczyt. Czysty \u015bnieg odbija 100% \u015bwiat\u0142a s\u0142onecznego.<\/p>\n<p><strong>Redukcja koszt\u00f3w dzi\u0119ki pasywnej klimatyzacji<\/strong><br \/>\nRefleksyjna pow\u0142oka ThermoActive poch\u0142ania wilgo\u0107, kt\u00f3ra paruje pod wp\u0142ywem promieni s\u0142onecznych i ch\u0142odzi. Dach nie musi by\u0107 koniecznie pokryty bia\u0142ym lakierem. W przypadku ciemniejszych odcieni uzyskuje si\u0119 r\u00f3wnie\u017c wysok\u0105 wydajno\u015b\u0107 ch\u0142odzenia przez odparowanie. W ten spos\u00f3b mo\u017cna w ka\u017cdym przypadku zmniejszy\u0107 zu\u017cycie energii na ch\u0142odzenie i przyczyni\u0107 si\u0119 do redukcji emisji<sub>CO2<\/sub>.<\/p>\n<p><strong>Przed\u0142u\u017cona \u017cywotno\u015b\u0107 konstrukcji dachu<\/strong><br \/>\nDoskona\u0142a elastyczno\u015b\u0107 ThermoActive umo\u017cliwia bezproblemowe mostkowanie przej\u015b\u0107 materia\u0142owych i to w temperaturach od -40\u00b0C do +150\u00b0C. Dach pozostaje wodoszczelny. Pow\u0142oka ta jest bardzo wytrzyma\u0142a i niewra\u017cliwa na wp\u0142ywy \u015brodowiska, takie jak kwasy, zasady, ozon, tlenki azotu i siarki. Ponadto pow\u0142oka ta jest wyj\u0105tkowo odporna na promieniowanie UV. Brak krucho\u015bci, brak \u0142uszczenia si\u0119 farby, brak starzenia si\u0119 i to na d\u0142u\u017csz\u0105 met\u0119. Wszystko to razem przed\u0142u\u017ca \u017cywotno\u015b\u0107 konstrukcji dachu i zmniejsza koszty konserwacji.<\/p>\n","protected":false},"excerpt":{"rendered":"<p><strong>Refleksyjna pow\u0142oka dachowa o doskona\u0142ych w\u0142a\u015bciwo\u015bciach ch\u0142odz\u0105cych<\/strong><\/p>\n<p>ThermoActive to klimatyczna pow\u0142oka dachowa. To sprawia, \u017ce w gor\u0105cym s\u0142o\u0144cu pomieszczenia s\u0105 ch\u0142odne. ThermoActive wyd\u0142u\u017ca \u017cywotno\u015b\u0107 konstrukcji dachu i obni\u017ca temperatur\u0119 wewn\u0105trz budynku. Oszcz\u0119dza to \u015brodki na konserwacj\u0119 dachu i zmniejsza zu\u017cycie energii przez systemy klimatyzacyjne.<\/p>\n<p>Wszystkie pow\u0142oki i farby ClimateCoating<sup>\u00ae<\/sup> opieraj\u0105 si\u0119 na technologii membran refleksyjnych i maj\u0105 czysto fizyczny efekt. Przyjazne dla \u015brodowiska i wysokowydajne pow\u0142oki przekonuj\u0105 u\u017cytkownik\u00f3w na ca\u0142ym \u015bwiecie od 2003 roku swoimi szczeg\u00f3lnymi w\u0142a\u015bciwo\u015bciami i wysok\u0105 ekonomiczno\u015bci\u0105.<\/p>\n","protected":false},"featured_media":29208,"template":"","meta":[],"product_brand":[],"product_cat":[1146,1155,1156,1297,1298,1157,1300],"product_tag":[],"class_list":{"0":"post-29195","1":"product","2":"type-product","3":"status-publish","4":"has-post-thumbnail","6":"product_cat-obszary-zastosowania","7":"product_cat-budownictwo-i-zycie","8":"product_cat-na-zewnatrz","9":"product_cat-przemysl-spozywczy","10":"product_cat-przemysl-wytworczy","11":"product_cat-budynki-uzytecznosci-publicznej","12":"product_cat-rolnictwo-i-hodowla-zwierzat","14":"first","15":"instock","16":"taxable","17":"shipping-taxable","18":"purchasable","19":"product-type-variable"},"_links":{"self":[{"href":"https:\/\/www.climatecoating.com\/pl\/wp-json\/wp\/v2\/product\/29195","targetHints":{"allow":["GET"]}}],"collection":[{"href":"https:\/\/www.climatecoating.com\/pl\/wp-json\/wp\/v2\/product"}],"about":[{"href":"https:\/\/www.climatecoating.com\/pl\/wp-json\/wp\/v2\/types\/product"}],"wp:featuredmedia":[{"embeddable":true,"href":"https:\/\/www.climatecoating.com\/pl\/wp-json\/wp\/v2\/media\/29208"}],"wp:attachment":[{"href":"https:\/\/www.climatecoating.com\/pl\/wp-json\/wp\/v2\/media?parent=29195"}],"wp:term":[{"taxonomy":"product_brand","embeddable":true,"href":"https:\/\/www.climatecoating.com\/pl\/wp-json\/wp\/v2\/product_brand?post=29195"},{"taxonomy":"product_cat","embeddable":true,"href":"https:\/\/www.climatecoating.com\/pl\/wp-json\/wp\/v2\/product_cat?post=29195"},{"taxonomy":"product_tag","embeddable":true,"href":"https:\/\/www.climatecoating.com\/pl\/wp-json\/wp\/v2\/product_tag?post=29195"}],"curies":[{"name":"wp","href":"https:\/\/api.w.org\/{rel}","templated":true}]}}