{"id":29248,"date":"2020-08-09T15:39:52","date_gmt":"2020-08-09T13:39:52","guid":{"rendered":"https:\/\/www.climatecoating.com\/produkte\/thermovital\/"},"modified":"2025-10-29T15:27:03","modified_gmt":"2025-10-29T14:27:03","slug":"thermovital","status":"publish","type":"product","link":"https:\/\/www.climatecoating.com\/pl\/produkt\/thermovital\/","title":{"rendered":"ThermoVital"},"content":{"rendered":"<p><strong>Nara\u017cenie na dzia\u0142anie ple\u015bni &#8211; dlaczego ple\u015b\u0144 jest tak niebezpieczna<\/strong><br \/>\nPlamy ple\u015bni na \u015bcianach nie tylko wygl\u0105daj\u0105 nieestetycznie, ale przede wszystkim stanowi\u0105 zagro\u017cenie dla zdrowia. Nawet niewielkie ilo\u015bci zarodnik\u00f3w ple\u015bni mog\u0105 wywo\u0142a\u0107 reakcje alergiczne, wi\u0119ksze ilo\u015bci mog\u0105 uszkodzi\u0107 organizm.<\/p>\n<p>Ple\u015bnie potrzebuj\u0105 do wzrostu sk\u0142adnik\u00f3w od\u017cywczych i wilgoci. Poniewa\u017c sk\u0142adniki od\u017cywcze wyst\u0119puj\u0105 w budynkach w mniej lub bardziej \u0142atwo dost\u0119pnej formie, kluczowe znaczenie ma wilgotno\u015b\u0107. Temperatura i warto\u015b\u0107 pH odgrywaj\u0105 raczej podrz\u0119dn\u0105 rol\u0119, poniewa\u017c grzyby ple\u015bniowe mog\u0105 rosn\u0105\u0107 w szerokim zakresie temperatur i pH. Je\u015bli czarne plamy ple\u015bni lub bia\u0142y puch ple\u015bniowy s\u0105 ju\u017c widoczne, nale\u017cy podj\u0105\u0107 dzia\u0142ania.<\/p>\n<p><strong> 1,2,3 &#8230;bez ple\u015bni &#8211; Systematyczne usuwanie ple\u015bni<\/strong><\/p>\n<ol>\n<li>Leczenie widocznych kultur ple\u015bniowych preparatem <a href=\"https:\/\/www.climatecoating.com\/pl\/?attachment_id=27801\" target=\"_blank\" rel=\"noopener\">Sanosil S010<\/a><\/li>\n<li>Oczyszczanie powietrza w pomieszczeniu i usuwanie wt\u00f3rnych zanieczyszcze\u0144 za pomoc\u0105 <a href=\"https:\/\/www.climatecoating.com\/pl\/?attachment_id=23263\" target=\"_blank\" rel=\"noopener\">Sanosil S003<\/a><\/li>\n<li>Pow\u0142oka wewn\u0119trzna z ThermoVital dla d\u0142ugotrwa\u0142ej i czysto fizycznej ochrony przed ponownym rozwojem ple\u015bni.<\/li>\n<\/ol>\n<p><strong>Efekt fizyczny &#8211; du\u017ca korzy\u015b\u0107<\/strong><br \/>\nThermoVital to ochrona przed ple\u015bni\u0105, kt\u00f3ra zapewnia higien\u0119 pomieszcze\u0144 i zdrowe \u017cycie. Unikalna dyspersja fizycznie wspomaga osuszanie \u015bcian do wilgotno\u015bci r\u00f3wnowagi budynku i reguluje wilgotno\u015b\u0107 w pomieszczeniu. Odpowiedzialne s\u0105 za to miliony mikroskopijnych ceramicznych pustych kulek, wysokiej jako\u015bci polimery akrylowe, pigmenty i aktywatory synchronizuj\u0105ce. Po na\u0142o\u017ceniu pow\u0142oka jest w r\u00f3\u017cnym stopniu otwarta na dyfuzj\u0119. Wspomaga kapilarny transport wilgoci z muru i w ten spos\u00f3b usuwa pod\u0142o\u017ce dla rozwoju ple\u015bni. Kolejny pozytywny efekt: redukcja mostk\u00f3w termicznych i zwi\u0119kszenie komfortu cieplnego w pomieszczeniu.<\/p>\n<p><strong>Lepiej zapobiega\u0107 ni\u017c leczy\u0107 &#8211; Inteligentna profilaktyka w ka\u017cdym kolorze<\/strong><br \/>\nKto chce zapobiec, mo\u017ce natychmiast pokry\u0107 ThermoVitalem pomieszczenia o podwy\u017cszonym obci\u0105\u017ceniu wilgoci\u0105: kuchni\u0119, \u0142azienk\u0119 i piwnic\u0119 lub ca\u0142e mieszkanie czy hal\u0119 magazynow\u0105. Poniewa\u017c ThermoVital stanowi rozwini\u0119cie <a href=\"https:\/\/www.climatecoating.com\/produkte\/thermoplus\/\" target=\"_blank\" rel=\"noopener\">ThermoPlus<\/a>, nie ma \u017cadnych ogranicze\u0144 w zakresie doboru kolor\u00f3w. Dyspersja mo\u017ce by\u0107 r\u00f3wnie\u017c mieszana zgodnie z odcieniami kolor\u00f3w RAL. Przetworzona specjalna farba jest wolna od \u015brodk\u00f3w grzybob\u00f3jczych i prawie bezzapachowa.<\/p>\n","protected":false},"excerpt":{"rendered":"<p><strong>Innowacyjna ochrona przed ple\u015bni\u0105<\/strong><\/p>\n<p>Nie ma szans na ple\u015b\u0144! ThermoVital to fizycznie skuteczna, d\u0142ugotrwa\u0142a ochrona, kt\u00f3ra zapewnia higien\u0119 pomieszcze\u0144 i zdrowe \u017cycie. Zar\u00f3wno w pomieszczeniach o podwy\u017cszonej wilgotno\u015bci, takich jak \u0142azienki, kuchnie i piwnice, jak i w halach produkcyjnych i magazynowych, np. w przemy\u015ble spo\u017cywczym, ThermoVital zapewnia d\u0142ugotrwa\u0142\u0105 ochron\u0119 przed powstawaniem ple\u015bni na \u015bcianach. Specjalna farba reguluje wilgotno\u015b\u0107 i redukuje negatywne skutki mostk\u00f3w termicznych.<\/p>\n","protected":false},"featured_media":29253,"template":"","meta":[],"product_brand":[],"product_cat":[1146,1155,1297,1273,1298,1157,1300,1436,1267],"product_tag":[],"class_list":{"0":"post-29248","1":"product","2":"type-product","3":"status-publish","4":"has-post-thumbnail","6":"product_cat-obszary-zastosowania","7":"product_cat-budownictwo-i-zycie","8":"product_cat-przemysl-spozywczy","9":"product_cat-wewnatrz","10":"product_cat-przemysl-wytworczy","11":"product_cat-budynki-uzytecznosci-publicznej","12":"product_cat-rolnictwo-i-hodowla-zwierzat","13":"product_cat-opieka-zdrowotna","14":"product_cat-hotelarstwo-i-gastronomia","16":"first","17":"instock","18":"taxable","19":"shipping-taxable","20":"purchasable","21":"product-type-variable"},"_links":{"self":[{"href":"https:\/\/www.climatecoating.com\/pl\/wp-json\/wp\/v2\/product\/29248","targetHints":{"allow":["GET"]}}],"collection":[{"href":"https:\/\/www.climatecoating.com\/pl\/wp-json\/wp\/v2\/product"}],"about":[{"href":"https:\/\/www.climatecoating.com\/pl\/wp-json\/wp\/v2\/types\/product"}],"wp:featuredmedia":[{"embeddable":true,"href":"https:\/\/www.climatecoating.com\/pl\/wp-json\/wp\/v2\/media\/29253"}],"wp:attachment":[{"href":"https:\/\/www.climatecoating.com\/pl\/wp-json\/wp\/v2\/media?parent=29248"}],"wp:term":[{"taxonomy":"product_brand","embeddable":true,"href":"https:\/\/www.climatecoating.com\/pl\/wp-json\/wp\/v2\/product_brand?post=29248"},{"taxonomy":"product_cat","embeddable":true,"href":"https:\/\/www.climatecoating.com\/pl\/wp-json\/wp\/v2\/product_cat?post=29248"},{"taxonomy":"product_tag","embeddable":true,"href":"https:\/\/www.climatecoating.com\/pl\/wp-json\/wp\/v2\/product_tag?post=29248"}],"curies":[{"name":"wp","href":"https:\/\/api.w.org\/{rel}","templated":true}]}}