{"id":29291,"date":"2020-08-26T09:54:18","date_gmt":"2020-08-26T07:54:18","guid":{"rendered":"https:\/\/www.climatecoating.com\/produkte\/fixplus\/"},"modified":"2024-12-10T17:00:06","modified_gmt":"2024-12-10T16:00:06","slug":"fixplus","status":"publish","type":"product","link":"https:\/\/www.climatecoating.com\/pl\/produkt\/fixplus\/","title":{"rendered":"FixPlus"},"content":{"rendered":"<p>FixPlus wzmacnia wszystkie pod\u0142o\u017ca gipsowe zgodnie z DIN 18500, je\u015bli ich no\u015bno\u015b\u0107 jest niewystarczaj\u0105ca i reguluje ich ch\u0142onno\u015b\u0107. FixPlus charakteryzuje si\u0119 bardzo dobr\u0105 penetracj\u0105 pod\u0142o\u017ca, szybko schnie, jest otwarty na dyfuzj\u0119, nie zawiera rozpuszczalnik\u00f3w i ma wysok\u0105 wytrzyma\u0142o\u015b\u0107 ko\u0144cow\u0105.<\/p>\n","protected":false},"excerpt":{"rendered":"<p><strong>Koncentrat gruntuj\u0105cy do wyr\u00f3wnywania ch\u0142onno\u015bci pod\u0142o\u017cy mineralnych<\/strong><\/p>\n<p>Dobre przygotowanie to po\u0142owa sukcesu.<\/p>\n","protected":false},"featured_media":29295,"template":"","meta":[],"product_brand":[],"product_cat":[1146,1155,1261],"product_tag":[],"class_list":{"0":"post-29291","1":"product","2":"type-product","3":"status-publish","4":"has-post-thumbnail","6":"product_cat-obszary-zastosowania","7":"product_cat-budownictwo-i-zycie","8":"product_cat-produkty-dodatkowe","10":"first","11":"instock","12":"taxable","13":"shipping-taxable","14":"purchasable","15":"product-type-variable"},"_links":{"self":[{"href":"https:\/\/www.climatecoating.com\/pl\/wp-json\/wp\/v2\/product\/29291","targetHints":{"allow":["GET"]}}],"collection":[{"href":"https:\/\/www.climatecoating.com\/pl\/wp-json\/wp\/v2\/product"}],"about":[{"href":"https:\/\/www.climatecoating.com\/pl\/wp-json\/wp\/v2\/types\/product"}],"wp:featuredmedia":[{"embeddable":true,"href":"https:\/\/www.climatecoating.com\/pl\/wp-json\/wp\/v2\/media\/29295"}],"wp:attachment":[{"href":"https:\/\/www.climatecoating.com\/pl\/wp-json\/wp\/v2\/media?parent=29291"}],"wp:term":[{"taxonomy":"product_brand","embeddable":true,"href":"https:\/\/www.climatecoating.com\/pl\/wp-json\/wp\/v2\/product_brand?post=29291"},{"taxonomy":"product_cat","embeddable":true,"href":"https:\/\/www.climatecoating.com\/pl\/wp-json\/wp\/v2\/product_cat?post=29291"},{"taxonomy":"product_tag","embeddable":true,"href":"https:\/\/www.climatecoating.com\/pl\/wp-json\/wp\/v2\/product_tag?post=29291"}],"curies":[{"name":"wp","href":"https:\/\/api.w.org\/{rel}","templated":true}]}}