{"id":29293,"date":"2020-08-26T10:00:22","date_gmt":"2020-08-26T08:00:22","guid":{"rendered":"https:\/\/www.climatecoating.com\/produkte\/glossplus\/"},"modified":"2024-12-10T17:00:04","modified_gmt":"2024-12-10T16:00:04","slug":"glossplus","status":"publish","type":"product","link":"https:\/\/www.climatecoating.com\/pl\/produkt\/glossplus\/","title":{"rendered":"GlossPlus"},"content":{"rendered":"<p>GlossPlus to bezbarwna, wodorozcie\u0144czalna pow\u0142oka ochronna z blokerem UV do stosowania na zewn\u0105trz. GlossPlus poprawia mo\u017cliwo\u015b\u0107 czyszczenia pow\u0142ok ClimateCoating<sup>\u00ae<\/sup> i zwi\u0119ksza ich odporno\u015b\u0107 mechaniczn\u0105.<br \/>\nW przypadku stosowania na pow\u0142okach ClimateCoating<sup>\u00ae<\/sup><\/p>\n","protected":false},"excerpt":{"rendered":"<p><strong>Bezbarwna i b\u0142yszcz\u0105ca pow\u0142oka ochronna z blokerem UV<\/strong><\/p>\n<p>B\u0142yszcz\u0105cy wygl\u0105d budynku.<\/p>\n","protected":false},"featured_media":29296,"template":"","meta":[],"product_brand":[],"product_cat":[1146,1155,1261],"product_tag":[],"class_list":{"0":"post-29293","1":"product","2":"type-product","3":"status-publish","4":"has-post-thumbnail","6":"product_cat-obszary-zastosowania","7":"product_cat-budownictwo-i-zycie","8":"product_cat-produkty-dodatkowe","10":"first","11":"instock","12":"taxable","13":"shipping-taxable","14":"purchasable","15":"product-type-variable"},"_links":{"self":[{"href":"https:\/\/www.climatecoating.com\/pl\/wp-json\/wp\/v2\/product\/29293","targetHints":{"allow":["GET"]}}],"collection":[{"href":"https:\/\/www.climatecoating.com\/pl\/wp-json\/wp\/v2\/product"}],"about":[{"href":"https:\/\/www.climatecoating.com\/pl\/wp-json\/wp\/v2\/types\/product"}],"wp:featuredmedia":[{"embeddable":true,"href":"https:\/\/www.climatecoating.com\/pl\/wp-json\/wp\/v2\/media\/29296"}],"wp:attachment":[{"href":"https:\/\/www.climatecoating.com\/pl\/wp-json\/wp\/v2\/media?parent=29293"}],"wp:term":[{"taxonomy":"product_brand","embeddable":true,"href":"https:\/\/www.climatecoating.com\/pl\/wp-json\/wp\/v2\/product_brand?post=29293"},{"taxonomy":"product_cat","embeddable":true,"href":"https:\/\/www.climatecoating.com\/pl\/wp-json\/wp\/v2\/product_cat?post=29293"},{"taxonomy":"product_tag","embeddable":true,"href":"https:\/\/www.climatecoating.com\/pl\/wp-json\/wp\/v2\/product_tag?post=29293"}],"curies":[{"name":"wp","href":"https:\/\/api.w.org\/{rel}","templated":true}]}}