{"id":29298,"date":"2020-08-26T10:09:34","date_gmt":"2020-08-26T08:09:34","guid":{"rendered":"https:\/\/www.climatecoating.com\/produkte\/rustprimer\/"},"modified":"2024-12-10T17:00:03","modified_gmt":"2024-12-10T16:00:03","slug":"odrdzewiacz","status":"publish","type":"product","link":"https:\/\/www.climatecoating.com\/pl\/produkt\/odrdzewiacz\/","title":{"rendered":"RustPrimer"},"content":{"rendered":"<p>RustPrimer jest wodorozcie\u0144czalnym, bezrozpuszczalnikowym, bezo\u0142owiowym i bezchromianowym podk\u0142adem antykorozyjnym na bazie \u017cywicy akrylowej do stosowania wewn\u0105trz i na zewn\u0105trz. RustPrimer jest stosowany jako podk\u0142ad do \u015bredniej ochrony antykorozyjnej na powierzchniach \u017celaznych i stalowych.<\/p>\n","protected":false},"excerpt":{"rendered":"<p><strong>Gotowa do u\u017cycia ochrona antykorozyjna dla metali \u017celaznych<\/strong><\/p>\n<p>Kiedy rzeczy s\u0105 bardzo zardzewia\u0142e, RustPrimer mo\u017ce zdzia\u0142a\u0107 cuda i zapewni\u0107 w\u0142a\u015bciw\u0105 przyczepno\u015b\u0107.<\/p>\n","protected":false},"featured_media":29303,"template":"","meta":[],"product_brand":[],"product_cat":[1146,1155,1261],"product_tag":[],"class_list":{"0":"post-29298","1":"product","2":"type-product","3":"status-publish","4":"has-post-thumbnail","6":"product_cat-obszary-zastosowania","7":"product_cat-budownictwo-i-zycie","8":"product_cat-produkty-dodatkowe","10":"first","11":"instock","12":"taxable","13":"shipping-taxable","14":"purchasable","15":"product-type-variable"},"_links":{"self":[{"href":"https:\/\/www.climatecoating.com\/pl\/wp-json\/wp\/v2\/product\/29298","targetHints":{"allow":["GET"]}}],"collection":[{"href":"https:\/\/www.climatecoating.com\/pl\/wp-json\/wp\/v2\/product"}],"about":[{"href":"https:\/\/www.climatecoating.com\/pl\/wp-json\/wp\/v2\/types\/product"}],"wp:featuredmedia":[{"embeddable":true,"href":"https:\/\/www.climatecoating.com\/pl\/wp-json\/wp\/v2\/media\/29303"}],"wp:attachment":[{"href":"https:\/\/www.climatecoating.com\/pl\/wp-json\/wp\/v2\/media?parent=29298"}],"wp:term":[{"taxonomy":"product_brand","embeddable":true,"href":"https:\/\/www.climatecoating.com\/pl\/wp-json\/wp\/v2\/product_brand?post=29298"},{"taxonomy":"product_cat","embeddable":true,"href":"https:\/\/www.climatecoating.com\/pl\/wp-json\/wp\/v2\/product_cat?post=29298"},{"taxonomy":"product_tag","embeddable":true,"href":"https:\/\/www.climatecoating.com\/pl\/wp-json\/wp\/v2\/product_tag?post=29298"}],"curies":[{"name":"wp","href":"https:\/\/api.w.org\/{rel}","templated":true}]}}