{"id":29302,"date":"2020-08-26T10:11:15","date_gmt":"2020-08-26T08:11:15","guid":{"rendered":"https:\/\/www.climatecoating.com\/produkte\/sanosil-s003\/"},"modified":"2024-12-10T16:59:59","modified_gmt":"2024-12-10T15:59:59","slug":"sanosil-s003","status":"publish","type":"product","link":"https:\/\/www.climatecoating.com\/pl\/produkt\/sanosil-s003\/","title":{"rendered":"Sanosil S003"},"content":{"rendered":"<p>Sanosil S003 jest zamg\u0142awiany w pomieszczeniu, kt\u00f3re ma by\u0107 poddane dzia\u0142aniu preparatu, za pomoc\u0105 urz\u0105dzenia do zamg\u0142awiania na zimno. Aby dezaktywowa\u0107 wszystkie zarodniki, ca\u0142y inwentarz pozostaje w pomieszczeniu.<br \/>\nCzas na\u015bwietlania wynosi oko\u0142o 120 minut.<\/p>\n<p><strong>Skuteczny duet<br \/>\n<\/strong>Sanosil S003 &amp; S010 dezaktywuje toksyny ple\u015bni i ich alergeny zar\u00f3wno na \u015bcianie, jak i w powietrzu. Jak dot\u0105d nie s\u0105 znane \u017cadne mikroorganizmy, kt\u00f3rych Sanosil 003 &amp; 010 nie inaktywuje. Ze wzgl\u0119du na dobr\u0105 kompatybilno\u015b\u0107 materia\u0142ow\u0105 chroniona jest tkanka budowlana.<\/p>\n<p>Sanosil S003 &amp; S010 s\u0105 przyjazne dla \u015brodowiska i ca\u0142kowicie nieszkodliwe dla organizmu ludzkiego po zastosowaniu. Dlatego produkty te mo\u017cna bez obaw stosowa\u0107 we wszystkich pomieszczeniach mieszkalnych, nawet w kuchni czy pokoju dzieci\u0119cym. Po zabiegu pomieszczenia nadaj\u0105 si\u0119 natychmiast do ponownego zamieszkania.<\/p>\n<p>Sanosil S003 &amp; S010 posiadaj\u0105 wysoki potencja\u0142 dezynfekcyjny i s\u0105 nietoksyczne, po przetworzeniu ulegaj\u0105 rozk\u0142adowi do pierwotnych sk\u0142adnik\u00f3w zawartych w wodzie. Oderwane tapety i inne materia\u0142y po przetworzeniu s\u0105 po prostu wyrzucane razem z odpadami domowymi.<\/p>\n<p>\u015arodki ochrony osobistej, takie jak kombinezon ochronny i maska oddechowa s\u0105 niezb\u0119dne do ochrony przed zwi\u0119kszonym nara\u017ceniem na zarodniki podczas stosowania Sanosil S003 &amp; S010.<\/p>\n","protected":false},"excerpt":{"rendered":"<p><strong>Dezynfekcja powierzchni i aerozoli<\/strong><\/p>\n<p>Sanosil S003 jest eliminatorem zarodnik\u00f3w ple\u015bni stosowanym do oczyszczania powietrza w pomieszczeniach i wt\u00f3rnych zanieczyszcze\u0144.<\/p>\n","protected":false},"featured_media":29311,"template":"","meta":[],"product_brand":[],"product_cat":[1405,1261],"product_tag":[],"class_list":{"0":"post-29302","1":"product","2":"type-product","3":"status-publish","4":"has-post-thumbnail","6":"product_cat-produkty","7":"product_cat-produkty-dodatkowe","9":"first","10":"instock","11":"taxable","12":"shipping-taxable","13":"purchasable","14":"product-type-simple"},"_links":{"self":[{"href":"https:\/\/www.climatecoating.com\/pl\/wp-json\/wp\/v2\/product\/29302","targetHints":{"allow":["GET"]}}],"collection":[{"href":"https:\/\/www.climatecoating.com\/pl\/wp-json\/wp\/v2\/product"}],"about":[{"href":"https:\/\/www.climatecoating.com\/pl\/wp-json\/wp\/v2\/types\/product"}],"wp:featuredmedia":[{"embeddable":true,"href":"https:\/\/www.climatecoating.com\/pl\/wp-json\/wp\/v2\/media\/29311"}],"wp:attachment":[{"href":"https:\/\/www.climatecoating.com\/pl\/wp-json\/wp\/v2\/media?parent=29302"}],"wp:term":[{"taxonomy":"product_brand","embeddable":true,"href":"https:\/\/www.climatecoating.com\/pl\/wp-json\/wp\/v2\/product_brand?post=29302"},{"taxonomy":"product_cat","embeddable":true,"href":"https:\/\/www.climatecoating.com\/pl\/wp-json\/wp\/v2\/product_cat?post=29302"},{"taxonomy":"product_tag","embeddable":true,"href":"https:\/\/www.climatecoating.com\/pl\/wp-json\/wp\/v2\/product_tag?post=29302"}],"curies":[{"name":"wp","href":"https:\/\/api.w.org\/{rel}","templated":true}]}}