{"id":54202,"date":"2020-05-27T11:58:52","date_gmt":"2020-05-27T09:58:52","guid":{"rendered":"https:\/\/www.climatecoating.com\/?post_type=product&#038;p=54202"},"modified":"2026-03-24T10:34:10","modified_gmt":"2026-03-24T09:34:10","slug":"isotex-r70","status":"publish","type":"product","link":"https:\/\/www.climatecoating.com\/pl\/produkt\/isotex-r70\/","title":{"rendered":"IsoTex R70"},"content":{"rendered":"<p>IsoTex R70 to bardzo lekki, mineralny tynk termoizolacyjny do zastosowa\u0144 zewn\u0119trznych (i wewn\u0119trznych). Charakteryzuje si\u0119 wysok\u0105 strukturaln\u0105 odporno\u015bci\u0105 termiczn\u0105 i pomaga ograniczy\u0107 wyciek ciep\u0142a z budynku. Jednocze\u015bnie tynk &#8211; zw\u0142aszcza w po\u0142\u0105czeniu z pow\u0142ok\u0105 elewacyjn\u0105 <a href=\"https:\/\/www.climatecoating.com\/pl\/produkt\/termoprotect\/\" target=\"_blank\" rel=\"noopener\">ThermoProtect<\/a> &#8211; wspomaga proces osuszania muru po deszczu. Przewodno\u015b\u0107 cieplna T1 Isotex R70 wynosi 0,077 &lt; 0,10 W\/mK.<\/p>\n<p>Ze wzgl\u0119du na wielko\u015b\u0107 ziarna jest to stosunkowo mi\u0119kki tynk. Przy masie 4,0-4,5 kg\/m\u00b2 jest lekki na elewacji i nie wymaga \u017cadnych \u015brodk\u00f3w kotwi\u0105cych. Tynk termoizolacyjny jest nak\u0142adany mechanicznie lub r\u0119cznie i jest \u0142atwy w obr\u00f3bce. IsoTex R70 mo\u017cna \u0142atwo nak\u0142ada\u0107 pac\u0105 lub natryskiem.<\/p>\n<p>&nbsp;<\/p>\n<p><strong>System ClimateCoating\u00ae IsoTex &#8211; energooszcz\u0119dny duet dla elewacji<\/strong><\/p>\n<p><strong>Problem:<\/strong> \u015bciany zewn\u0119trzne &#8211; z warstw\u0105 farby lub bez &#8211; wch\u0142aniaj\u0105 wod\u0119, tym bardziej, im d\u0142u\u017cej pada deszcz. Woda musi ponownie wydosta\u0107 si\u0119 ze \u015bciany. Odbywa si\u0119 to poprzez parowanie. Ch\u0142odzenie przez odparowanie poch\u0142ania du\u017ce ilo\u015bci energii, kt\u00f3re musz\u0105 by\u0107 kompensowane przez ogrzewanie.<\/p>\n<p><strong>Rozwi\u0105zanie:<\/strong> system izolacji termicznej plus technologia membrany refleksyjnej<br \/>\nPow\u0142oka ClimateCoating\u00ae, kt\u00f3ra dzia\u0142a jak membrana, wch\u0142ania cz\u0119\u015b\u0107 wody podczas deszczu, nie przenosz\u0105c jej na \u015bcian\u0119 z ty\u0142u. Nast\u0119pnie membrana blokuje si\u0119 i bez wzgl\u0119du na to, jak d\u0142ugo pada deszcz, woda nie jest ju\u017c wch\u0142aniana. Minimalizuje to parowanie. Pow\u0142ok\u0119 mo\u017cna zatem okre\u015bli\u0107 jako &#8220;hydrofobow\u0105&#8221;, analogicznie do tynk\u00f3w zewn\u0119trznych zgodnie z norm\u0105 EN 998-1.<br \/>\nPow\u0142oka (ThermoProtect) jest r\u00f3wnie\u017c bardzo odporna na wp\u0142ywy \u015brodowiska, takie jak promieniowanie UV lub kwas zawarty w wodzie deszczowej. Efekt antystatyczny znacznie zmniejsza przyczepno\u015b\u0107 kurzu. Udokumentowano fasady, na kt\u00f3rych pow\u0142oka przypominaj\u0105ca membran\u0119 jest nadal nienaruszona i wolna od p\u0119kni\u0119\u0107 nawet po ponad 20 latach, co gwarantuje oszcz\u0119dno\u015b\u0107 energii.<\/p>\n<p>Te pozytywne w\u0142a\u015bciwo\u015bci pow\u0142oki elewacyjnej (ThermoProtect w po\u0142\u0105czeniu z tynkiem termoizolacyjnym Isotex R70) jasno pokazuj\u0105, jakie s\u0105 zalety rewolucyjnego systemu izolacji termicznej IsoTex: d\u0142uga \u017cywotno\u015b\u0107, pe\u0142na ochrona przed wszelkimi wp\u0142ywami atmosferycznymi oraz znaczna redukcja koszt\u00f3w ogrzewania i klimatyzacji.<\/p>\n<p><strong>PS: Zmniejszaj\u0105c wilgotno\u015b\u0107 muru o jeden procent, mo\u017cna zaoszcz\u0119dzi\u0107 do 10% na kosztach ogrzewania!<\/strong><\/p>\n","protected":false},"excerpt":{"rendered":"<p><strong>Lekki tynk termoizolacyjny na bazie mineralnej<\/strong><\/p>\n<p>IsoTex R70 to bardzo lekki, mineralny tynk termoizolacyjny do zastosowa\u0144 zewn\u0119trznych (i wewn\u0119trznych). Charakteryzuje si\u0119 wysok\u0105 strukturaln\u0105 odporno\u015bci\u0105 termiczn\u0105 i pomaga ograniczy\u0107 wyciek ciep\u0142a z budynku. Jednocze\u015bnie tynk &#8211; zw\u0142aszcza w po\u0142\u0105czeniu z pow\u0142ok\u0105 elewacyjn\u0105 <a href=\"https:\/\/www.climatecoating.com\/pl\/produkt\/termoprotect\/\" target=\"_blank\" rel=\"noopener\">ThermoProtect<\/a> &#8211; wspomaga proces osuszania muru po deszczu. Przewodno\u015b\u0107 cieplna T1 Isotex R70 wynosi 0,077 &lt; 0,10 W\/mK.<\/p>\n","protected":false},"featured_media":54311,"template":"","meta":[],"product_brand":[],"product_cat":[4335,1155,1156,1146,1523,1529,1273,1157,1267],"product_tag":[],"class_list":{"0":"post-54202","1":"product","2":"type-product","3":"status-publish","4":"has-post-thumbnail","6":"product_cat-tynki-zewnetrzne-wewnetrzne","7":"product_cat-budownictwo-i-zycie","8":"product_cat-na-zewnatrz","9":"product_cat-obszary-zastosowania","10":"product_cat-aplikacje-na-zewnatrz-pl","11":"product_cat-budynek-na-zewnatrz","12":"product_cat-wewnatrz","13":"product_cat-budynki-uzytecznosci-publicznej","14":"product_cat-hotelarstwo-i-gastronomia","16":"first","17":"instock","18":"taxable","19":"shipping-taxable","20":"purchasable","21":"product-type-variable"},"_links":{"self":[{"href":"https:\/\/www.climatecoating.com\/pl\/wp-json\/wp\/v2\/product\/54202","targetHints":{"allow":["GET"]}}],"collection":[{"href":"https:\/\/www.climatecoating.com\/pl\/wp-json\/wp\/v2\/product"}],"about":[{"href":"https:\/\/www.climatecoating.com\/pl\/wp-json\/wp\/v2\/types\/product"}],"wp:featuredmedia":[{"embeddable":true,"href":"https:\/\/www.climatecoating.com\/pl\/wp-json\/wp\/v2\/media\/54311"}],"wp:attachment":[{"href":"https:\/\/www.climatecoating.com\/pl\/wp-json\/wp\/v2\/media?parent=54202"}],"wp:term":[{"taxonomy":"product_brand","embeddable":true,"href":"https:\/\/www.climatecoating.com\/pl\/wp-json\/wp\/v2\/product_brand?post=54202"},{"taxonomy":"product_cat","embeddable":true,"href":"https:\/\/www.climatecoating.com\/pl\/wp-json\/wp\/v2\/product_cat?post=54202"},{"taxonomy":"product_tag","embeddable":true,"href":"https:\/\/www.climatecoating.com\/pl\/wp-json\/wp\/v2\/product_tag?post=54202"}],"curies":[{"name":"wp","href":"https:\/\/api.w.org\/{rel}","templated":true}]}}